{"id":430,"date":"2013-06-02T08:39:27","date_gmt":"2013-06-02T08:39:27","guid":{"rendered":"http:\/\/localhost\/pruebaweb\/?p=430"},"modified":"2023-04-28T08:38:25","modified_gmt":"2023-04-28T07:38:25","slug":"castillo-de-osunillas","status":"publish","type":"page","link":"https:\/\/www.mijas.es\/portal\/patrimonio-historico\/castillo-de-osunillas\/","title":{"rendered":"Castillo de Osunillas"},"content":{"rendered":"\n<figure class=\"wp-block-image is-resized\"><img decoding=\"async\" src=\"https:\/\/www.mijas.es\/wp-content\/uploads\/2012\/05\/CastillodeOsunilla1.jpg\" alt=\"\" width=\"100%\" height=\"100%\"\/><\/figure>\n\n\n\n<p>Los antiguos recintos fortificados de Osunilla y Mijas ten\u00edan como finalidad la protecci\u00f3n de ambas poblaciones frente al ataque de enemigos, no trat\u00e1ndose de lugares espec\u00edficamente dedicados a un asentamiento militar.<\/p>\n\n\n\n<p>No es mucho lo que conocemos sobre la fortaleza de Osunilla. Hay evidencias de que en ese lugar exist\u00eda una alquer\u00eda en la segunda mitad del siglo XII que m\u00e1s tarde se fortificar\u00eda y que seg\u00fan algunos autores recib\u00eda el nombre de Munxar, mientras que en los primeros textos castellanos sobre la conquista se la denomina Oznar, siendo poco despu\u00e9s llamada Osuna, aproximaci\u00f3n fon\u00e9tica al nombre de Oznar, y m\u00e1s tarde Osunilla, diminutivo que tras la conquista se dio a distintos lugares cuyo nombre coincid\u00eda con otro ya conocido, en este caso la ciudad sevillana de Osuna.<\/p>\n\n\n\n<p>Tras la conquista de los Reyes Cat\u00f3licos la fortaleza de Osunilla se abandon\u00f3 y el lugar qued\u00f3 despoblado, pues los reyes se centraron solo en la repoblaci\u00f3n de la villa de Mijas.<\/p>\n\n\n\n<div class=\"wp-block-image\"><figure class=\"aligncenter is-resized\"><img decoding=\"async\" src=\"https:\/\/www.mijas.es\/wp-content\/uploads\/2012\/05\/CastillodeOsunilla2.jpg\" alt=\"\" width=\"100%\" height=\"100%\"\/><\/figure><\/div>\n\n\n\n<p>El emplazamiento de Osunilla, como el de Mijas, situada sobre una plataforma rocosa rodeada por sus lados norte, este y sur de fuertes desniveles, permit\u00eda la defensa natural del mismo, por lo que la zona m\u00e1s fortificada se correspond\u00eda con su lado oeste, lugar donde a\u00fan podemos apreciar los restos de dicha fortificaci\u00f3n, con algunos muros y los restos de una torre que probablemente formase parte del acceso al recinto amurallado, el cual era de peque\u00f1o tama\u00f1o pues apenas superaba los 5.000 metros cuadrados de superficie, frente a los m\u00e1s de 20.000 de Mijas.<\/p>\n\n\n\n<p>Junto a los restos de sus murallas se construy\u00f3 a finales de la Edad Moderna la Ermita de San Ant\u00f3n.<\/p>\n\n\n\n<iframe src=\"https:\/\/www.google.com\/maps\/embed?pb=!1m18!1m12!1m3!1d3203.0994899026355!2d-4.629316317102736!3d36.599912821846445!2m3!1f0!2f0!3f0!3m2!1i1024!2i768!4f13.1!3m3!1m2!1s0xd72e38f5863a395%3A0x499b47a97c023a14!2scastillo+de+osunillas!5e0!3m2!1ses!2ses!4v1547457365275\" style=\"border:0; margin-bottom: 20px\" allowfullscreen=\"\" width=\"100%\" height=\"450\" frameborder=\"0\"><\/iframe>\n","protected":false},"excerpt":{"rendered":"<p>Los antiguos recintos fortificados de Osunilla y Mijas ten\u00edan como finalidad la protecci\u00f3n de ambas poblaciones frente al ataque de enemigos, no trat\u00e1ndose de lugares espec\u00edficamente dedicados a un asentamiento militar. No es mucho lo que conocemos sobre la fortaleza de Osunilla. Hay evidencias de que en ese lugar exist\u00eda una alquer\u00eda en la segunda [&hellip;]<\/p>\n","protected":false},"author":1,"featured_media":14654,"parent":172,"menu_order":0,"comment_status":"closed","ping_status":"open","template":"page-departamental.php","meta":[],"_links":{"self":[{"href":"https:\/\/www.mijas.es\/portal\/wp-json\/wp\/v2\/pages\/430"}],"collection":[{"href":"https:\/\/www.mijas.es\/portal\/wp-json\/wp\/v2\/pages"}],"about":[{"href":"https:\/\/www.mijas.es\/portal\/wp-json\/wp\/v2\/types\/page"}],"author":[{"embeddable":true,"href":"https:\/\/www.mijas.es\/portal\/wp-json\/wp\/v2\/users\/1"}],"replies":[{"embeddable":true,"href":"https:\/\/www.mijas.es\/portal\/wp-json\/wp\/v2\/comments?post=430"}],"version-history":[{"count":5,"href":"https:\/\/www.mijas.es\/portal\/wp-json\/wp\/v2\/pages\/430\/revisions"}],"predecessor-version":[{"id":50210,"href":"https:\/\/www.mijas.es\/portal\/wp-json\/wp\/v2\/pages\/430\/revisions\/50210"}],"up":[{"embeddable":true,"href":"https:\/\/www.mijas.es\/portal\/wp-json\/wp\/v2\/pages\/172"}],"wp:featuredmedia":[{"embeddable":true,"href":"https:\/\/www.mijas.es\/portal\/wp-json\/wp\/v2\/media\/14654"}],"wp:attachment":[{"href":"https:\/\/www.mijas.es\/portal\/wp-json\/wp\/v2\/media?parent=430"}],"curies":[{"name":"wp","href":"https:\/\/api.w.org\/{rel}","templated":true}]}}