{"id":429,"date":"2013-06-02T08:39:14","date_gmt":"2013-06-02T08:39:14","guid":{"rendered":"http:\/\/localhost\/pruebaweb\/?p=429"},"modified":"2023-04-28T08:37:34","modified_gmt":"2023-04-28T07:37:34","slug":"castillo-de-mijas","status":"publish","type":"page","link":"https:\/\/www.mijas.es\/portal\/patrimonio-historico\/castillo-de-mijas\/","title":{"rendered":"Castillo de Mijas"},"content":{"rendered":"\n<figure class=\"wp-block-image is-resized\"><img decoding=\"async\" src=\"https:\/\/www.mijas.es\/wp-content\/uploads\/2012\/05\/CastillodeMijas1.jpg\" alt=\"\" width=\"100%\" height=\"100%\"\/><\/figure>\n\n\n\n<p>Al igual que la fortaleza de Osunilla, la de Mijas ten\u00eda como finalidad la protecci\u00f3n de la poblaci\u00f3n frente al ataque de enemigos, no trat\u00e1ndose de un lugar espec\u00edficamente dedicado a un asentamiento militar y, de igual forma, tampoco sabemos mucho sobre su estructura original, pues tras la conquista de la poblaci\u00f3n por los Reyes Cat\u00f3licos en 1487 fue sufriendo un irreversible proceso de abandono.<\/p>\n\n\n\n<p>En la actualidad solo quedan algunos restos de una torre (reconstruida hace pocos a\u00f1os) y muros que marcaban su per\u00edmetro, pero la mayor\u00eda de ellos son reconstrucciones de \u00e9poca moderna y su finalidad, m\u00e1s que defensiva, era de protecci\u00f3n para evitar posibles ca\u00eddas de los vecinos por los tajos que rodeaban la poblaci\u00f3n, ya que Mijas se sit\u00faa sobre una plataforma rocosa rodeada por sus lados este, sur y oeste de fuertes desniveles, lo que permit\u00eda la defensa natural del mismo, por lo que la zona m\u00e1s fortificada se correspond\u00eda con su lado norte, lugar donde a\u00fan podemos apreciar algunos restos de dicha fortificaci\u00f3n.<\/p>\n\n\n\n<p>No obstante, disponemos de un documento que nos puede dar una idea sobre su estructura y que reproduciremos de forma \u00edntegra por su elevado inter\u00e9s hist\u00f3rico; se trata de un fragmento de la \u201cCr\u00f3nica de los Reyes Cat\u00f3licos\u201d escrita por Diego de Valera, que nos informa que en septiembre de 1485 los Reyes Cat\u00f3licos, tras la conquista de Marbella, del castillo de Fuengirola y de Benalm\u00e1dena, enviaron a un famoso escalador, Juan Ortega de Prado, para estudiar la situaci\u00f3n del castillo de Mijas y planificar un asalto al mismo.<\/p>\n\n\n\n<figure class=\"wp-block-image is-resized\"><img decoding=\"async\" src=\"https:\/\/www.mijas.es\/wp-content\/uploads\/2012\/05\/CastillodeMijas2.jpg\" alt=\"\" width=\"100%\" height=\"100%\"\/><\/figure>\n\n\n\n<p>Una vez planificado, desde Marbella partieron para Mijas el Conde de Ribadeo junto a Ortega de Prado y un contingente de 80 hombres a caballo y 300 peones, a los que se unir\u00edan 100 hombres m\u00e1s que hab\u00edan desembarcado junto con Alonso P\u00e9rez de Saavedra en el fondeadero del castillo de Fuengirola. Llegados cerca de Mijas, Ortega se adelant\u00f3 para escalar la fortaleza con 30 hombres, mientras que el conde permanec\u00eda a los pies de la misma con 60 m\u00e1s; el resto qued\u00f3 con Alonso P\u00e9rez algo m\u00e1s rezagado para ocupar la poblaci\u00f3n tras ser tomada. El documento nos cuenta as\u00ed el asalto:<\/p>\n\n\n<p>Ortega de Prado puso sus escalas, en que hab\u00eda trece trozos y luego \u00e9l salt\u00f3 en la torre y algunos que lo siguieron y por su mano mat\u00f3 al alcaide y a su mujer. Y fueron subiendo los treinta que con \u00e9l ven\u00edan y los que con \u00e9l subieron descendieron por la fortaleza y mataron a otros dos veladores y tomaron otras tres torres. Y subidos todos los treinta y apoderados de la fortaleza, aunque a la parte de la villa era muy flaca [los muros internos eran poco consistentes], todos los moros vinieron a pelear con los cristianos y quebraron la puerta y aunque fue bien defendida entraron por otra parte.<br>Y Ortega de Prado volvi\u00f3 sobre las escalas y dio grandes voces al conde diciendo que mandase subir a la gente, que \u00e9l y los que con \u00e9l hab\u00edan subido ten\u00edan la fortaleza. Y el conde respondi\u00f3 que no pod\u00eda hacer subir a ninguna persona por mucho que lo porfiaba. Y Ortega de Prado volvi\u00f3 al patio donde los cristianos peleaban y trabaj\u00f3 tanto, \u00e9l como los que con \u00e9l hab\u00edan entrado, que echaron fuera a los moros. Y all\u00ed quedaron los cristianos muchos heridos y seis muertos. Y Ortega de Prado volvi\u00f3 otra vez a dar voces al conde, pero fall\u00f3 la gente muy arredrada [asustada] de la escala y el conde muerto, y cansado de dar voces a la gente que subiesen y jam\u00e1s quiso ninguno subir; y ya la fortaleza estaba llena de moros y los cristianos los unos muertos y los otros heridos.<br>Y Alonso P\u00e9rez de Saavedra lleg\u00f3 para subir en la escala y Ortega de Prado le dijo que no subiese, que m\u00e1s aprovechar\u00eda en mandar subir a la gente. Y as\u00ed ninguno subi\u00f3, salvo tres criados de Alonso P\u00e9rez y Ortega de Prado, y algunos que con \u00e9l estaban defendieron las escalas y quedaron diez cristianos atajados en una torre, donde los moros les pusieron fuego. Y todos los otros eran muertos y heridos, salvo trece o catorce que salieron los m\u00e1s de ellos heridos, siete tumbando [tir\u00e1ndose] por las escalas y los otros siete por el muro, donde algunos se quebraron las piernas y otros los brazos. Y entre estos fue muy herido Ortega de Prado y as\u00ed \u00e9l y los otros que escaparon llegaron donde la gente cobarde estaba, por la poquedad [falta de esp\u00edritu] de los cuales se perdieron all\u00ed hombres muy buenos y esforzados y quedaron los moros [mije\u00f1os] con su fortaleza.<\/p>\n\n\n<p>Podemos comprobar que la fortaleza de Mijas constaba de 4 torres que posiblemente formaban un pol\u00edgono, en cuyo interior exist\u00eda un patio y a la que se acced\u00eda por una puerta de entrada desde la poblaci\u00f3n que era la zona menos fortificada.<\/p>\n\n\n\n<p>Hoy en d\u00eda solo podemos vislumbrar ciertas lugares donde se adivinan los basamentos de alguna torre y muros, sobre los que solo la arqueolog\u00eda nos podr\u00e1 desvelar su origen y configuraci\u00f3n.<\/p>\n\n\n\n<iframe src=\"https:\/\/www.google.com\/maps\/embed?pb=!1m18!1m12!1m3!1d3203.400158273385!2d-4.640864284960293!3d36.592670379991716!2m3!1f0!2f0!3f0!3m2!1i1024!2i768!4f13.1!3m3!1m2!1s0xd72e3e48ce95b2f%3A0x31385d866ad08add!2sCastillo+de+Mijas!5e0!3m2!1ses!2ses!4v1547456242732\" style=\"border:0; margin-bottom: 20px\" allowfullscreen=\"\" width=\"100%\" height=\"450\" frameborder=\"0\"><\/iframe>\n","protected":false},"excerpt":{"rendered":"<p>Al igual que la fortaleza de Osunilla, la de Mijas ten\u00eda como finalidad la protecci\u00f3n de la poblaci\u00f3n frente al ataque de enemigos, no trat\u00e1ndose de un lugar espec\u00edficamente dedicado a un asentamiento militar y, de igual forma, tampoco sabemos mucho sobre su estructura original, pues tras la conquista de la poblaci\u00f3n por los Reyes [&hellip;]<\/p>\n","protected":false},"author":1,"featured_media":14654,"parent":172,"menu_order":0,"comment_status":"closed","ping_status":"open","template":"page-departamental.php","meta":[],"_links":{"self":[{"href":"https:\/\/www.mijas.es\/portal\/wp-json\/wp\/v2\/pages\/429"}],"collection":[{"href":"https:\/\/www.mijas.es\/portal\/wp-json\/wp\/v2\/pages"}],"about":[{"href":"https:\/\/www.mijas.es\/portal\/wp-json\/wp\/v2\/types\/page"}],"author":[{"embeddable":true,"href":"https:\/\/www.mijas.es\/portal\/wp-json\/wp\/v2\/users\/1"}],"replies":[{"embeddable":true,"href":"https:\/\/www.mijas.es\/portal\/wp-json\/wp\/v2\/comments?post=429"}],"version-history":[{"count":8,"href":"https:\/\/www.mijas.es\/portal\/wp-json\/wp\/v2\/pages\/429\/revisions"}],"predecessor-version":[{"id":50209,"href":"https:\/\/www.mijas.es\/portal\/wp-json\/wp\/v2\/pages\/429\/revisions\/50209"}],"up":[{"embeddable":true,"href":"https:\/\/www.mijas.es\/portal\/wp-json\/wp\/v2\/pages\/172"}],"wp:featuredmedia":[{"embeddable":true,"href":"https:\/\/www.mijas.es\/portal\/wp-json\/wp\/v2\/media\/14654"}],"wp:attachment":[{"href":"https:\/\/www.mijas.es\/portal\/wp-json\/wp\/v2\/media?parent=429"}],"curies":[{"name":"wp","href":"https:\/\/api.w.org\/{rel}","templated":true}]}}