{"id":41880,"date":"2021-08-02T12:30:47","date_gmt":"2021-08-02T11:30:47","guid":{"rendered":"https:\/\/www.mijas.es\/portal\/?page_id=41880"},"modified":"2021-09-21T10:40:20","modified_gmt":"2021-09-21T09:40:20","slug":"itinerario-tecnico-en-gestion-y-logistica-de-almacenes-fomento-del-empleo","status":"publish","type":"page","link":"https:\/\/www.mijas.es\/portal\/fomento-empleo\/itinerario-tecnico-en-gestion-y-logistica-de-almacenes-fomento-del-empleo\/","title":{"rendered":"Menu Itinerario T\u00e9cnico en Gesti\u00f3n y Log\u00edstica de Almacenes &#8211; Fomento del empleo"},"content":{"rendered":"\n<div class=\"py-5 text-center text-white h-90 align-items-center d-flex\">\n<img decoding=\"async\" class=\"img-fluid d-block\" src=\"https:\/\/www.mijas.es\/wp-content\/uploads\/2021\/05\/cabecera-mijas-impulsa.png\">\n<div class=\"container py-5\">\n      <div class=\"row\">\n        <div class=\"mx-auto col-md-12\">  \n          <h1 class=\"display-3 mb-4\">&nbsp;&nbsp;&nbsp;&nbsp;&nbsp;&nbsp;&nbsp;&nbsp;&nbsp;<\/h1>\n          <p class=\"mb-5\">&nbsp;&nbsp;&nbsp;&nbsp;&nbsp;&nbsp;&nbsp;&nbsp;&nbsp;&nbsp;&nbsp;&nbsp;&nbsp;&nbsp;<\/p>\n\t\t \n\t   <\/div>\t    \n        <\/div>\n      <\/div>\n    <\/div>\n\n\n\n<div class=\"row justify-content-center text-center\">\n<div class=\"col-md-12 text-center\">\n\t\t<i class=\"far fa-star fa-lg fa-3x\" style=\"color: #f7a744;\"><\/i>\n<p><\/p>\n<h2 class=\"text-center\">COMERCIO Y MARKETING<\/h2>\n<h2 style=\"color: #3e8e96;\">MIJAS IMPULSA &#8211; POEFE <\/h2>\n<div style=\" border-bottom:2px solid #f7a744;; text-align:left\"><\/div>\n  \n        <\/div>\n      <\/div>\n\n\n<style>\n.course-details h2:before {\n  content: '';\n  position: absolute;\n  display: block;\n  width: 100%;\n  height: 1px;\n  background: #eef0ef;\n  bottom: 0;\n  left: 0;\n}\n.course-details h2:after {\n  content: '';\n  position: absolute;\n  display: block;\n  width: 60px;\n  height: 1px;\n  background: #3e8e96;\n  bottom: 0;\n  left: 0;\n}\n.course-details .course-info {\n  background: #f6f7f6;\n  padding: 10px 15px;\n  margin-bottom: 15px;\n}\n.course-details .course-info h5 {\n  font-weight: 400;\n  font-size: 16px;\n  margin: 0;\n  font-family: \"Poppins\", sans-serif;\n}\n\n.course-details .course-info p {\n  margin: 0;\n  font-weight: 600;\n}\n.course-details .course-info a {\n  color: #657a6d;\n}\n\t\n\n<\/style>\n\n\n         \n<style>\n  .events .card {\n  border: 0;\n  padding: 0 12px;\n  margin-bottom: 60px;\n  position: relative;\n}\n\n.events .card-img {\n  width: calc(100% + 60px);\n  margin-left: -30px;\n  overflow: hidden;\n  z-index: 9;\n  border-radius: 0;\n}\n\n.events .card-img img {\n  max-width: 100%;\n  transition: all 0.3s ease-in-out;\n}\n\n.events .card-body {\n  z-index: 10;\n  background: #fff;\n  border-top: 4px solid #fff;\n  padding: 30px;\n  box-shadow: 0px 2px 15px rgba(0, 0, 0, 0.1);\n  margin-top: -60px;\n  transition: 0.3s;\n}\n\n.events .card-title {\n  font-weight: 700;\n  text-align: center;\n  margin-bottom: 20px;\n}\n\n.events .card-title a {\n  color: #37423b;\n  transition: 0.3s;\n}\n\n.events .card-text {\n  color: #5e5e5e;\n}\n\n.events .read-more a {\n  color: #777777;\n  text-transform: uppercase;\n  font-weight: 600;\n  font-size: 12px;\n  transition: 0.3s;\n}\n\n.events .read-more a:hover {\n  color: #5fcf80;\n}\n\n.events .card:hover img {\n  transform: scale(1.1);\n}\n\n.events .card:hover .card-body {\n  border-color: #F7A744;\n}\n\n.events .card:hover .card-body .card-title a {\n  color:  #F7A744;\n}\n<\/style>\n\n\n\n<div style=\"height:53px\" aria-hidden=\"true\" class=\"wp-block-spacer\"><\/div>\n\n<br>\n<h2><span style=\"color: #f7a744;\">ITINERARIO:<\/SPAN> T\u00c9CNICO EN GESTI\u00d3N Y LOG\u00cdSTICA DE ALMACENES<\/h2>\n        <p><\/p>\n      <\/div>\n    <div class=\"course-details\">\n      <div class=\"container\" data-aos=\"fade-up\">\n\n        <div class=\"row\">\n          <div class=\"col-lg-8\">\n            <img decoding=\"async\" class=img-fluid d-block\" src=\"https:\/\/www.mijas.es\/wp-content\/uploads\/2021\/08\/almacen-scaled.jpg\" alt=\"t\u00e9cnico en gesti\u00f3n y log\u00edstica de almacenes mijas impulsa poefe\">\n            <h2 style=\" font-size: 20px;\n  margin: 30px 0 15px 0;\n  font-weight: 700;\n  position: relative;\n  padding-bottom: 10px;\">\nCERTIFICADO DE PROFESIONALIDAD:<\/h2>\n                     <\/div>\n\t\t           <div class=\"col-lg-4\">\n\n            <div class=\"course-info d-flex justify-content-between align-items-center\">\n              <h5><strong>Duraci\u00f3n:<\/strong><\/h5>\n              <p>510 horas<\/p>\n            <\/div>\n\n            <div class=\"course-info d-flex justify-content-between align-items-center\">\n              <h5><strong>Modalidad:<\/strong><\/h5>\n              <p>Presencial<\/p>\n            <\/div>\n\n            <div class=\"course-info d-flex justify-content-between align-items-center\">\n              <h5><strong>N\u00ba plazas:<\/strong><\/h5>\n              <p>15<\/p>\n            <\/div>\n\n            <div class=\"course-info d-flex justify-content-between align-items-center\">\n              <h5><strong>Horario:<\/strong><\/h5>\n              <p>9.00 pm &#8211; 14.00 pm<\/p>\n            <\/div>\n\n<\/div><\/div><\/div>\n\n\n\n<div class=\"container\">\n  <div class=\"row\">\n  <div class=\"col-lg-8\" >\n  <h4 class=\"grve-slogan-title grve-align-left grve-title-line\">\n  <span><strong>(COML0309) ORGANIZACI\u00d3N Y GESTI\u00d3N DE ALMACENES<\/span><\/strong><\/h4>  \n<p class=\"has-text-align-justify\">Organizar y controlar las operaciones y flujos de mercanc\u00edas del almac\u00e9n, de acuerdo con los procedimientos establecidos y normativa vigente, y asegurando la calidad y optimizaci\u00f3n de la red de almacenes y\/o cadena log\u00edstica.\n<\/p>\n<\/div>\n<div class=\"grve-row grve-bookmark \">\n<div class=\"wpb_column grve-column grve-bookmark grve-column-1-2\">\n<div class=\"grve-element grve-text\">\n<p><strong>&nbsp;&nbsp;&nbsp;Estado:<\/strong><span style=\"color: #f7a744;\"><a href=\"https:\/\/www.mijas.es\/portal\/fomento\/itinerario-tecnico-en-gestion-y-logistica-de-almacenes\/\" >\nVER INFORMACI\u00d3N <\/a><\/span><\/p><\/div><\/div><\/div>\n<div class=\"grve-row grve-bookmark \">\n<div class=\"wpb_column grve-column grve-bookmark grve-column-1-2\">\n<div class=\"grve-element grve-text\"><\/div><\/div><\/div><\/div>\n<P><\/P>\n <a href=\"https:\/\/www.mijas.es\/wp-content\/uploads\/2021\/06\/Ficha-Curso-Tecnico-en-Gestion-y-Logistica.pdf\" class=\"btn btn-outline-info btn-sm m-2\">Ficha Itinerario\n          <\/a><a href=\"https:\/\/www.mijas.es\/wp-content\/uploads\/2021\/08\/COML0309_Organizacion-y-gestion-de-almacenes.pdf\" class=\"btn btn-outline-secondary btn-sm \">Ficha Sepe<\/a>\n\n\n\n<div style=\"height:100px\" aria-hidden=\"true\" class=\"wp-block-spacer\"><\/div>\n\n\n\n<section id=\"events\" class=\"events\">       \n <div class=\"container\" data-aos=\"fade-up\">\n        <div class=\"row\">\n          <div class=\"col-md-7 d-flex align-items-stretch\">\n            <div class=\"card\">\n              <div class=\"card-img\">\n                <img decoding=\"async\" class=\"img-fluid mx-auto d-block\" src=\"https:\/\/www.mijas.es\/wp-content\/uploads\/2021\/06\/Cartel-Almacen-scaled.jpg\" width=\"400px\" height=\"333px\" alt=\"T\u00e9cnico en Gesti\u00f3n y Losg\u00edstica de Almacenes mijas impulsa poefe\">\n              <\/div>\n<div class=\"card-body\">\n\t\t\t   <div class=\"course-content\">\n                <div class=\"d-flex justify-content-between align-items-center mb-3\">\n                  <h4 style=\"  font-size: 14px;background: #f7a744;padding: 7px 14px;color: #fff;margin: 0;\">PLAZO:VER INFORMACI\u00d3N<\/h4>\n                <p class=\"font-italic text-center\" style=\"padding: 7px 14px; margin: 0;\"><strong>A\u00d1O:<\/strong>2021<\/p>\n                <\/div>\n\t\t\t  <h4 class=\"card-title\" style=\"color:#f7a744;\">Itinerario T\u00e9cnico en Gesti\u00f3n y Log\u00edstica<br> de Almacenes (1\u00ba Edici\u00f3n)<\/h4>\n<div style=\" border-bottom:2px solid #f7a744; text-align:left;\"><\/div>\n<br>\n   <ul class=\"fa-ul\">\n<li><i class=\"fa-li fa fa-check-square\" style=\"color: #f7a744;\"><\/i>Solicitud del Itinerario <a href=\"https:\/\/www.mijas.es\/wp-content\/uploads\/2021\/06\/Solicitud-Tecnico-gestion-y-logistica.pdf\" target=\"_blank\" rel=\"noopener noreferrer\"><span style=\"color:#f4883d;\"><i class=\"fas fa-download\" style=\"color:#009EA9;\"><\/i><\/span><\/a><\/li>\n<li><i class=\"fa-li fa fa-check-square\" style=\"color: #f7a744;\"><\/i>Listado de alumnos <a href=\"\" target=\"_blank\" rel=\"noopener noreferrer\"><span style=\"color:#f4883d;\">\n<i class=\"fas fa-download\" style=\"color:#009EA9;\"><\/i><\/span><\/a><\/li>\n<\/ul>\n<div class=\"d-flex justify-content-between align-items-center\">\n<small class=\"text-muted\">\n <a href=\"https:\/\/www.mijas.es\/portal\/fomento-empleo\/itinerario-tecnico-en-gestion-y-logistica-de-almacenes\/\" class=\"btn btn-outline-info btn-sm\">Informaci\u00f3n<\/a>&nbsp;\n <a href=\"https:\/\/www.mijas.es\/wp-content\/uploads\/2021\/06\/Curso-Tecnico-en-Gestion-y-logistica-de-almacenes.pdf\" class=\"btn btn-outline-info btn-sm\">Cartel<\/a>\n<\/small>\n          <\/div>\t\t   <\/div>           <\/div>\n\t\t   <\/div> \n     \n      <\/div>\n\t   <\/div> <\/div>\n<\/section>\n\n\n\n<div style=\"height:98px\" aria-hidden=\"true\" class=\"wp-block-spacer\"><\/div>\n\n<h3 class=\"text-center\" style=\"font-size: 24px;\">MEN\u00da <span style=\"color: #3e8e96;\">MIJAS IMPULSA POEFE<\/span><\/h3>\n<div style=\"border-bottom: 1px solid #f7a744; text-align-center: left; font-size: 18px; padding: 10px 0px;\"><\/div>\n\n<div class=\"row justify-content-center\">\n<div class=\"col-md-4 col-4 p-4 text-center\">\n<img decoding=\"async\" class=\"img-fluid mx-auto d-block\" src=\"https:\/\/www.mijas.es\/wp-content\/uploads\/2021\/05\/icono-raton-e1620224070955.png\" width=\"70px\" height=\"70px\"><p><\/p>\n<p><strong><span style=\"color: #f7a744;\">DOCENTES<\/span><\/strong><\/p>\n<p>Selecci\u00f3n de Docentes<\/p>\n<p><a class=\"btn btn-info\" href=\"https:\/\/www.mijas.es\/portal\/fomento\/listado-de-docentes-mijas-impulsa-fomento-del-empleo\/\">Ir a la p\u00e1gina<\/a><\/p>\n<\/div>\n<div class=\"col-md-4 col-4 p-4 text-center\">\n<img decoding=\"async\" class=\"img-fluid mx-auto d-block\" src=\"https:\/\/www.mijas.es\/wp-content\/uploads\/2021\/05\/bombilla3-e1620224045130.png\" width=\"70px\" height=\"70px\"><p><\/p>\n<p><strong><span style=\"color: #f7a744;\">ALUMNOS<\/span><\/strong><\/p>\n<p>Selecci\u00f3n de Alumnos<\/p>\n<p><a class=\"btn btn-info\" href=\"https:\/\/www.mijas.es\/portal\/fomento\/listado-de-alumnos-mijas-impulsa-fomento-del-empleo\/\">Ir a la p\u00e1gina<\/a><\/p>\n<\/div>\n<div class=\"col-md-4 col-4 p-4 text-center\">\n<img decoding=\"async\" class=\"img-fluid mx-auto d-block\" src=\"https:\/\/www.mijas.es\/wp-content\/uploads\/2021\/05\/icono-usu-e1620224233756.png\" width=\"70px\" height=\"70px\"><p><\/p>\n<p><strong>\n<span style=\"color:  #f7a744;\">ITINERARIOS<\/span><\/strong><\/p>\n<p>Finalizados\/En ejecuci\u00f3n<\/p>\n<p><a class=\"btn btn-info\" href=https:\/\/www.mijas.es\/portal\/fomento-empleo\/itinerario-tecnico-en-gestion-y-logistica-de-almacenes\/\">Ir a la p\u00e1gina<\/a><\/p>\n<\/div>\n<\/div>\n\n\n\n<div class=\"py-5\">\n    <div class=\"container\">\n      <div class=\"row\">\n        <div class=\"col-lg-8\">\n<h3><strong>\u00c1REA DE FOMENTO DEL EMPLEO AYUNTAMIENTO DE MIJAS<\/strong><\/h3>\n<p>Avd. Andaluc\u00eda n\u00ba 3 \u2013 Las Lagunas -Mijas 29651 (M\u00e1laga)<br>\n<i class=\"fas fa-phone-volume\"><\/i> <strong>Tel\u00e9fono: <\/strong>951 26 02 83\n<br><i class=\"fas fa-envelope\"><\/i> <strong>E-mail: <\/strong><a href=\"mailto:promo.desa@mijas.es\">promo.desa@mijas.es<\/a>\n<br>\n<a href=\"https:\/\/www.facebook.com\/ImpulsaMijas\/\" target=\"_blank\" rel=\"noopener noreferrer\">\n<img decoding=\"async\" class=\"ico\" style=\"width: 27px;\" src=\"https:\/\/www.mijas.es\/wp-content\/themes\/mijas-theme\/assets\/images\/facebook-icon2.png\" alt=\"Facebook:\"> Mijas Impulsa <\/a>\n<\/p>\n<p><\/p>\n<\/div>\n<div class=\"col-lg-8\">\n<img decoding=\"async\" class=\"img-fluid d-block\" src=\"https:\/\/www.mijas.es\/wp-content\/uploads\/2021\/05\/logo-ministerio-1.png\" widht=\"500px\" height=\"\" alt=\"\">\n<\/div>\n<div class=\"col-lg-7\">\n<p class=\"has-text-align-justify  has-normal-font-size\" style=\"font-size:14px;\">\nEl proyecto MIJAS IMPULSA est\u00e1 cofinanciado con el Fondo Social Europeo, dentro de las                                              ayudas previstas en el Programa Operativo de Empleo, Formaci\u00f3n y Educaci\u00f3n (Ayudas AP                                     POEFE), destinadas a Entidades Locales para la inserci\u00f3n de las personas m\u00e1s vulnerables,                                           recogida en la Orden PRA \/37\/2018 de 16 de Enero de 2018 BOE n\u00ba 21 de 24 Enero 2018<\/p>\n<\/div>\n<\/div><\/div><\/div>\n","protected":false},"excerpt":{"rendered":"<p>&nbsp;&nbsp;&nbsp;&nbsp;&nbsp;&nbsp;&nbsp;&nbsp;&nbsp; &nbsp;&nbsp;&nbsp;&nbsp;&nbsp;&nbsp;&nbsp;&nbsp;&nbsp;&nbsp;&nbsp;&nbsp;&nbsp;&nbsp; COMERCIO Y MARKETING MIJAS IMPULSA &#8211; POEFE ITINERARIO: T\u00c9CNICO EN GESTI\u00d3N Y LOG\u00cdSTICA DE ALMACENES Ir a la p\u00e1gina \u00c1REA DE FOMENTO DEL EMPLEO AYUNTAMIENTO DE MIJAS Avd. Andaluc\u00eda n\u00ba 3 \u2013 Las Lagunas -Mijas 29651 (M\u00e1laga) Tel\u00e9fono: 951 26 02 83 E-mail: promo.desa@mijas.es Mijas Impulsa El proyecto MIJAS IMPULSA est\u00e1 cofinanciado con [&hellip;]<\/p>\n","protected":false},"author":17,"featured_media":0,"parent":40132,"menu_order":0,"comment_status":"closed","ping_status":"closed","template":"page-departamental.php","meta":[],"_links":{"self":[{"href":"https:\/\/www.mijas.es\/portal\/wp-json\/wp\/v2\/pages\/41880"}],"collection":[{"href":"https:\/\/www.mijas.es\/portal\/wp-json\/wp\/v2\/pages"}],"about":[{"href":"https:\/\/www.mijas.es\/portal\/wp-json\/wp\/v2\/types\/page"}],"author":[{"embeddable":true,"href":"https:\/\/www.mijas.es\/portal\/wp-json\/wp\/v2\/users\/17"}],"replies":[{"embeddable":true,"href":"https:\/\/www.mijas.es\/portal\/wp-json\/wp\/v2\/comments?post=41880"}],"version-history":[{"count":24,"href":"https:\/\/www.mijas.es\/portal\/wp-json\/wp\/v2\/pages\/41880\/revisions"}],"predecessor-version":[{"id":43597,"href":"https:\/\/www.mijas.es\/portal\/wp-json\/wp\/v2\/pages\/41880\/revisions\/43597"}],"up":[{"embeddable":true,"href":"https:\/\/www.mijas.es\/portal\/wp-json\/wp\/v2\/pages\/40132"}],"wp:attachment":[{"href":"https:\/\/www.mijas.es\/portal\/wp-json\/wp\/v2\/media?parent=41880"}],"curies":[{"name":"wp","href":"https:\/\/api.w.org\/{rel}","templated":true}]}}