{"id":41189,"date":"2021-09-16T00:01:00","date_gmt":"2021-09-15T23:01:00","guid":{"rendered":"https:\/\/www.mijas.es\/portal\/?page_id=41189"},"modified":"2022-01-03T16:53:14","modified_gmt":"2022-01-03T15:53:14","slug":"plan-cometha","status":"publish","type":"page","link":"https:\/\/www.mijas.es\/portal\/plan-cometha\/","title":{"rendered":"Plan Cometha"},"content":{"rendered":"\n<p><a rel=\"noreferrer noopener\" href=\"https:\/\/cometha.mijas.es\/info\/\" target=\"_blank\">Acceso Web Cometha<\/a><\/p>\n\n\n\n<p><a href=\"https:\/\/www.mijas.es\/wp-content\/uploads\/2021\/11\/DECLARACION%20RESPONSABLE.pdf\" target=\"_blank\" rel=\"noreferrer noopener\">Declaraci\u00f3n Responsable<\/a><\/p>\n\n\n\n<p>Listados provisionales del Plan Cometha para subsanaci\u00f3n:<\/p>\n\n\n\n<ul><li>Listados Beneficiarios &#8211; <a rel=\"noreferrer noopener\" href=\"https:\/\/www.mijas.es\/wp-content\/uploads\/2021\/11\/Listados%20beneficiarios.pdf\" target=\"_blank\">Ver<\/a><\/li><li>Listados Excluidos Cometha &#8211; <a rel=\"noreferrer noopener\" href=\"https:\/\/www.mijas.es\/wp-content\/uploads\/2021\/11\/Listados%20Excluidos%20cometha.pdf\" target=\"_blank\">Ver<\/a><\/li><li>Listados Incompletos Cometha &#8211; <a rel=\"noreferrer noopener\" href=\"https:\/\/www.mijas.es\/wp-content\/uploads\/2021\/11\/Listados%20incompletos%20cometha%202.pdf\" target=\"_blank\">Ver<\/a><\/li><li>Listados Definitivos Cometha &#8211; <a href=\"https:\/\/www.mijas.es\/wp-content\/uploads\/2022\/01\/NOTIFICACION%20EDICTO%20TURISMO_fIRMADO_REGIS.pdf\" target=\"_blank\" rel=\"noreferrer noopener\">Turismo<\/a> &#8211; <a href=\"https:\/\/www.mijas.es\/wp-content\/uploads\/2022\/01\/NOTIFICACION%20EDICTO%20EMPLEO_FIRMADO_REGGISTRADO.pdf\" target=\"_blank\" rel=\"noreferrer noopener\">Empleo<\/a><\/li><\/ul>\n\n\n\n<p>A continuaci\u00f3n&nbsp; podr\u00e1 consultar las bases y el resumen con toda la informaci\u00f3n sobre estas nuevas l\u00edneas de ayudas destinadas a comercio minorista, empresas tur\u00edsticas y hosteler\u00eda, y auton\u00f3mos\/as de Mijas por un importe total ascendente a 10,3 millones de euros.<\/p>\n\n\n\n<p>Resumen del Plan Cometha &#8211; <a href=\"https:\/\/www.mijas.es\/wp-content\/uploads\/2021\/10\/DOSSIER%20PDF%20COMETHA1%20.pdf\" target=\"_blank\" rel=\"noreferrer noopener\">Ver<\/a><\/p>\n\n\n\n<figure class=\"wp-block-image size-large\"><a href=\"https:\/\/www.mijas.es\/wp-content\/uploads\/2021\/10\/DOSSIER%20PDF%20COMETHA1%20.pdf\"><img decoding=\"async\" width=\"724\" height=\"1024\" src=\"https:\/\/www.mijas.es\/wp-content\/uploads\/2021\/10\/COMETHA-A3-A4-724x1024.jpg\" alt=\"\" class=\"wp-image-44036\" srcset=\"https:\/\/www.mijas.es\/wp-content\/uploads\/2021\/10\/COMETHA-A3-A4-724x1024.jpg 724w, https:\/\/www.mijas.es\/wp-content\/uploads\/2021\/10\/COMETHA-A3-A4-212x300.jpg 212w, https:\/\/www.mijas.es\/wp-content\/uploads\/2021\/10\/COMETHA-A3-A4-768x1086.jpg 768w, https:\/\/www.mijas.es\/wp-content\/uploads\/2021\/10\/COMETHA-A3-A4-1086x1536.jpg 1086w, https:\/\/www.mijas.es\/wp-content\/uploads\/2021\/10\/COMETHA-A3-A4-1448x2048.jpg 1448w, https:\/\/www.mijas.es\/wp-content\/uploads\/2021\/10\/COMETHA-A3-A4-scaled.jpg 1810w\" sizes=\"(max-width: 724px) 100vw, 724px\" \/><\/a><\/figure>\n\n\n\n<p>Aprobaci\u00f3n definitiva de las Bases reguladoras y convocatoria Plan Cometha 2021 \u2013&nbsp;<a rel=\"noreferrer noopener\" href=\"https:\/\/www.mijas.es\/wp-content\/uploads\/2021\/09\/Bases%20Ayudas%20Plan%20Cometha%20Mijas%20definitiva%20para%20web.pdf\" target=\"_blank\">Ver<\/a><\/p>\n\n\n\n<p>Tel\u00e9fonos consultas de lunes a viernes en horario de 9 a 14 horas:<\/p>\n\n\n\n<p>619 82 55 87<\/p>\n\n\n\n<p>616 88 60 31<\/p>\n\n\n\n<p>628 83 62 93<\/p>\n\n\n\n<p>648 96 67 22<\/p>\n\n\n\n<p><\/p>\n","protected":false},"excerpt":{"rendered":"<p>Acceso Web Cometha Declaraci\u00f3n Responsable Listados provisionales del Plan Cometha para subsanaci\u00f3n: Listados Beneficiarios &#8211; Ver Listados Excluidos Cometha &#8211; Ver Listados Incompletos Cometha &#8211; Ver Listados Definitivos Cometha &#8211; Turismo &#8211; Empleo A continuaci\u00f3n&nbsp; podr\u00e1 consultar las bases y el resumen con toda la informaci\u00f3n sobre estas nuevas l\u00edneas de ayudas destinadas a comercio [&hellip;]<\/p>\n","protected":false},"author":1,"featured_media":0,"parent":0,"menu_order":0,"comment_status":"closed","ping_status":"closed","template":"page-departamental.php","meta":[],"_links":{"self":[{"href":"https:\/\/www.mijas.es\/portal\/wp-json\/wp\/v2\/pages\/41189"}],"collection":[{"href":"https:\/\/www.mijas.es\/portal\/wp-json\/wp\/v2\/pages"}],"about":[{"href":"https:\/\/www.mijas.es\/portal\/wp-json\/wp\/v2\/types\/page"}],"author":[{"embeddable":true,"href":"https:\/\/www.mijas.es\/portal\/wp-json\/wp\/v2\/users\/1"}],"replies":[{"embeddable":true,"href":"https:\/\/www.mijas.es\/portal\/wp-json\/wp\/v2\/comments?post=41189"}],"version-history":[{"count":37,"href":"https:\/\/www.mijas.es\/portal\/wp-json\/wp\/v2\/pages\/41189\/revisions"}],"predecessor-version":[{"id":44804,"href":"https:\/\/www.mijas.es\/portal\/wp-json\/wp\/v2\/pages\/41189\/revisions\/44804"}],"wp:attachment":[{"href":"https:\/\/www.mijas.es\/portal\/wp-json\/wp\/v2\/media?parent=41189"}],"curies":[{"name":"wp","href":"https:\/\/api.w.org\/{rel}","templated":true}]}}