{"id":40756,"date":"2021-07-02T12:38:57","date_gmt":"2021-07-02T11:38:57","guid":{"rendered":"https:\/\/www.mijas.es\/portal\/?page_id=40756"},"modified":"2022-03-11T16:56:18","modified_gmt":"2022-03-11T15:56:18","slug":"poblacion","status":"publish","type":"page","link":"https:\/\/www.mijas.es\/portal\/estadisticas\/poblacion\/","title":{"rendered":"Poblaci\u00f3n"},"content":{"rendered":"\n<h2 class=\"wp-block-heading\"><strong>DATOS ESTAD\u00cdSTICOS<\/strong> 2021<\/h2>\n\n\n\n<p>Plano de secciones censales: <a href=\"https:\/\/www.mijas.es\/wp-content\/uploads\/2022\/03\/Plano%20General%20por%20secciones.pdf\" target=\"_blank\" rel=\"noreferrer noopener\">ver documento<\/a><\/p>\n\n\n\n<p>Estad\u00edstica por secciones: <a href=\"https:\/\/www.mijas.es\/wp-content\/uploads\/2022\/03\/Estad%C3%ADstica%20por%20secciones.pdf\" target=\"_blank\" rel=\"noreferrer noopener\">ver documento<\/a><\/p>\n\n\n\n<p>Estad\u00edstica por nacionalidad: <a href=\"https:\/\/www.mijas.es\/wp-content\/uploads\/2021\/06\/Estad%C3%ADstica%20de%20Habitantes%20por%20nacionalidad%2004-06-2021.pdf\" target=\"_blank\" rel=\"noreferrer noopener\">ver documento<\/a><\/p>\n\n\n\n<p>Estad\u00edstica por edad: <a rel=\"noreferrer noopener\" href=\"https:\/\/www.mijas.es\/wp-content\/uploads\/2021\/06\/PIRAMIDE%20TOTAL%20HABITANTES%2004-06-2021.pdf\" target=\"_blank\">ver <\/a><a href=\"https:\/\/www.mijas.es\/wp-content\/uploads\/2022\/03\/Estad%C3%ADstica%20por%20edad.pdf\" target=\"_blank\" rel=\"noreferrer noopener\">documento<\/a><\/p>\n\n\n\n<p>Estad\u00edstica por sexo: <a href=\"https:\/\/www.mijas.es\/wp-content\/uploads\/2022\/03\/Estad%C3%ADstica%20por%20sexo.pdf\" target=\"_blank\" rel=\"noreferrer noopener\">ver documento<\/a><\/p>\n\n\n\n<ul><li><strong>Pir\u00e1mide de edad<\/strong><\/li><\/ul>\n\n\n\n<figure class=\"wp-block-table\"><table><tbody><tr><td><strong>Edad<\/strong><\/td><td><strong>Hombres<\/strong><\/td><td><strong>Mujeres<\/strong><\/td><td><strong>Total<\/strong><\/td><\/tr><tr><td>de 0 a 5 <\/td><td>2.664<\/td><td>2.393<\/td><td>5.057<\/td><\/tr><tr><td>de 6 a 15<\/td><td>5.723<\/td><td>5.373<\/td><td>11.096<\/td><\/tr><tr><td>de 16 a 30<\/td><td>6.817<\/td><td>6.702<\/td><td>13.519<\/td><\/tr><tr><td>de 31 a 64 <\/td><td>22.482<\/td><td>23.546<\/td><td>46.028<\/td><\/tr><tr><td>de 65 a 74<\/td><td>3.975<\/td><td>3.926<\/td><td>7.901<\/td><\/tr><tr><td>de 75 a 90<\/td><td>2.439<\/td><td>2.483<\/td><td>4.922<\/td><\/tr><tr><td>m\u00e1s de 90<\/td><td>87<\/td><td>141<\/td><td>228<\/td><\/tr><tr><td>TOTALES<\/td><td> 44.187<\/td><td> 44.564<\/td><td>  88.751<\/td><\/tr><\/tbody><\/table><\/figure>\n\n\n\n<ul><li><strong>Poblaci\u00f3n por sexo<\/strong><\/li><\/ul>\n\n\n\n<figure class=\"wp-block-table\"><table><tbody><tr><td><strong>Var\u00f3n<\/strong><\/td><td><strong>Mujer<\/strong><\/td><td><strong>TOTAL<\/strong><\/td><\/tr><tr><td>44.819<\/td><td> 45.283<\/td><td> 90.102<\/td><\/tr><\/tbody><\/table><\/figure>\n\n\n\n<ul><li><strong>Nacionalidades de los residentes:<\/strong><\/li><\/ul>\n\n\n\n<figure class=\"wp-block-table is-style-regular\"><table class=\"has-background\" style=\"background-color:#e7f5fe\"><tbody><tr><td>\n  &nbsp;\n  <\/td><td class=\"has-text-align-left\" data-align=\"left\">\n  <strong>Espa\u00f1a<\/strong>\n  <\/td><td>\n  <strong>Extranjeros<\/strong>\n  <\/td><td><\/td><\/tr><tr><td>\n  <strong>Hombres<\/strong>\n  <\/td><td class=\"has-text-align-left\" data-align=\"left\">30.468<\/td><td>   14.503  <\/td><td><\/td><\/tr><tr><td>\n  <strong>Mujeres<\/strong>\n  <\/td><td class=\"has-text-align-left\" data-align=\"left\">   30.437 <\/td><td>   15.162   <\/td><td><strong>TOTAL<\/strong><\/td><\/tr><tr><td>\n  <strong>Total por\n  nacionalidad<\/strong>\n  <\/td><td class=\"has-text-align-left\" data-align=\"left\">   60.905   <\/td><td>   29.665   <\/td><td>90.507<\/td><\/tr><\/tbody><\/table><\/figure>\n\n\n\n<ul><li><strong>Altas y bajas por nacimiento y defunciones:<\/strong><\/li><\/ul>\n\n\n\n<figure class=\"wp-block-table\"><table><tbody><tr><td>\n  &nbsp;\n  <\/td><td>\n  <strong>2012<\/strong>\n  <\/td><td>\n  <strong>2013<\/strong>\n  <\/td><td>\n  <strong>2014<\/strong>\n  <\/td><td>\n  <strong>2015<\/strong>\n  <\/td><td>\n  <strong>2016<\/strong>\n  <\/td><td>\n  <strong>2017<\/strong>\n  <\/td><td>\n  <strong>2018<\/strong>\n  <\/td><td>\n  <strong>2019<\/strong>\n  <\/td><td><strong>2020<\/strong><\/td><td><strong>2021<\/strong><\/td><td><strong>2022<\/strong><\/td><\/tr><tr><td>\n  <strong>Nacimientos<\/strong>\n  <\/td><td>\n  926\n  <\/td><td>\n  825\n  <\/td><td>\n  842\n  <\/td><td>\n  773\n  <\/td><td>\n  777\n  <\/td><td>\n  770\n  <\/td><td>\n  733\n  <\/td><td>   809<\/td><td>752<\/td><td>219<\/td><td>58<\/td><\/tr><tr><td>\n  <strong>Defunciones<\/strong>\n  <\/td><td>\n  322\n  <\/td><td>\n  288\n  <\/td><td>\n  321\n  <\/td><td>\n  378\n  <\/td><td>\n  366\n  <\/td><td>\n  418\n  <\/td><td>\n  410\n  <\/td><td> 394<\/td><td>413<\/td><td>153<\/td><td>44<\/td><\/tr><\/tbody><\/table><\/figure>\n\n\n\n<ul><li><strong>Altas y bajas por inmigraciones y emigraciones<\/strong><\/li><\/ul>\n\n\n\n<figure class=\"wp-block-table\"><table class=\"has-background\" style=\"background-color:#e7f5fe\"><tbody><tr><td>\n  &nbsp;\n  <\/td><td>\n  <strong>2012<\/strong>\n  <\/td><td>\n  <strong>2013<\/strong>\n  <\/td><td>\n  <strong>2014<\/strong>\n  <\/td><td>\n  <strong>2015<\/strong>\n  <\/td><td>\n  <strong>2016<\/strong>\n  <\/td><td>\n  <strong>2017<\/strong>\n  <\/td><td>\n  <strong>2018<\/strong>\n  <\/td><td>\n  <strong>2019<\/strong>\n  <\/td><td><strong>2020<\/strong><\/td><td><strong>2021<\/strong><\/td><td><strong>2022<\/strong><\/td><\/tr><tr><td>\n  <strong>Altas procedentes\n  de otro municipio<\/strong>\n  <\/td><td>\n  4747\n  <\/td><td>\n  4478\n  <\/td><td>\n  4343\n  <\/td><td>\n  4317\n  <\/td><td>\n  4193\n  <\/td><td>\n  4417\n  <\/td><td>\n  4654\n  <\/td><td>  4667   <\/td><td>4758<\/td><td>2509<\/td><td>912<\/td><\/tr><tr><td>\n  <strong>Altas procedentes\n  del extranjero<\/strong>\n  <\/td><td>\n  2273\n  <\/td><td>\n  1680\n  <\/td><td>\n  1641\n  <\/td><td>\n  1883\n  <\/td><td>\n  2181\n  <\/td><td>\n  2565\n  <\/td><td>\n  2748\n  <\/td><td>   3245<\/td><td>2493<\/td><td>1226<\/td><td>688<\/td><\/tr><tr><td>\n  <strong>Bajas a otro\n  municipio<\/strong>\n  <\/td><td>\n  3280\n  <\/td><td>\n  3694\n  <\/td><td>\n  3449\n  <\/td><td>\n  3490\n  <\/td><td>\n  3195\n  <\/td><td>\n  3330\n  <\/td><td>\n  3366\n  <\/td><td>   3576<\/td><td>3078<\/td><td>1176<\/td><td>498<\/td><\/tr><tr><td>\n  <strong>Bajas a extranjero<\/strong>\n  <\/td><td>\n  283\n  <\/td><td>\n  306\n  <\/td><td>\n  297\n  <\/td><td>\n  370\n  <\/td><td>\n  369\n  <\/td><td>\n  398\n  <\/td><td>\n  359\n  <\/td><td>   395  <\/td><td>291<\/td><td>90<\/td><td>28<\/td><\/tr><\/tbody><\/table><\/figure>\n\n\n\n<h3 class=\"wp-block-heading\"><strong>VISORES CARTOGR\u00c1FICOS<\/strong><\/h3>\n\n\n\n<ul><li>Poblaci\u00f3n por edad (2017) &#8211; <em><a href=\"https:\/\/www.arcgis.com\/apps\/View\/index.html?appid=a3f57d8d3af64ab699d4dbc4a5662543\">ver visor<\/a><\/em> &#8211; <\/li><li>Procedencia de la poblaci\u00f3n (2017)  &#8211; <em><a href=\"https:\/\/www.arcgis.com\/apps\/View\/index.html?appid=0d18f979e88b471680491a9ca1f583e7\">ver visor<\/a><\/em> &#8211;  <\/li><li>Distribuci\u00f3n de la poblaci\u00f3n por sexo (2017)  &#8211; <em><a href=\"https:\/\/www.arcgis.com\/apps\/View\/index.html?appid=46832efe16ec45a5967f3e4656456a24\">ver visor<\/a><\/em> &#8211;  <\/li><\/ul>\n","protected":false},"excerpt":{"rendered":"<p>DATOS ESTAD\u00cdSTICOS 2021 Plano de secciones censales: ver documento Estad\u00edstica por secciones: ver documento Estad\u00edstica por nacionalidad: ver documento Estad\u00edstica por edad: ver documento Estad\u00edstica por sexo: ver documento Pir\u00e1mide de edad Edad Hombres Mujeres Total de 0 a 5 2.664 2.393 5.057 de 6 a 15 5.723 5.373 11.096 de 16 a 30 6.817 [&hellip;]<\/p>\n","protected":false},"author":9,"featured_media":0,"parent":14058,"menu_order":0,"comment_status":"closed","ping_status":"closed","template":"","meta":[],"_links":{"self":[{"href":"https:\/\/www.mijas.es\/portal\/wp-json\/wp\/v2\/pages\/40756"}],"collection":[{"href":"https:\/\/www.mijas.es\/portal\/wp-json\/wp\/v2\/pages"}],"about":[{"href":"https:\/\/www.mijas.es\/portal\/wp-json\/wp\/v2\/types\/page"}],"author":[{"embeddable":true,"href":"https:\/\/www.mijas.es\/portal\/wp-json\/wp\/v2\/users\/9"}],"replies":[{"embeddable":true,"href":"https:\/\/www.mijas.es\/portal\/wp-json\/wp\/v2\/comments?post=40756"}],"version-history":[{"count":6,"href":"https:\/\/www.mijas.es\/portal\/wp-json\/wp\/v2\/pages\/40756\/revisions"}],"predecessor-version":[{"id":45433,"href":"https:\/\/www.mijas.es\/portal\/wp-json\/wp\/v2\/pages\/40756\/revisions\/45433"}],"up":[{"embeddable":true,"href":"https:\/\/www.mijas.es\/portal\/wp-json\/wp\/v2\/pages\/14058"}],"wp:attachment":[{"href":"https:\/\/www.mijas.es\/portal\/wp-json\/wp\/v2\/media?parent=40756"}],"curies":[{"name":"wp","href":"https:\/\/api.w.org\/{rel}","templated":true}]}}