{"id":39177,"date":"2021-05-20T14:25:59","date_gmt":"2021-05-20T13:25:59","guid":{"rendered":"https:\/\/www.mijas.es\/portal\/?page_id=39177"},"modified":"2021-09-01T13:01:11","modified_gmt":"2021-09-01T12:01:11","slug":"bolsa-empleo-externa-inscripcion-empresas-fomento-del-empleo","status":"publish","type":"page","link":"https:\/\/www.mijas.es\/portal\/fomento-empleo\/bolsa-empleo-externa-inscripcion-empresas-fomento-del-empleo\/","title":{"rendered":"Inscripci\u00f3n Empresas Bolsa de Empleo Externa &#8211; Fomento del Empleo"},"content":{"rendered":"\n<div class=\"py-5 text-center text-white h-90 align-items-center d-flex\">\n<img decoding=\"async\" class=\"img-fluid d-block\" src=\" https:\/\/www.mijas.es\/wp-content\/uploads\/2021\/05\/cabecera-bolsa.png\">\n<\/div>\n\n      <div class=\"card-section\" style=\"position: relative; bottom: 60px;\">\n        <div class=\"container\">\n            <div class=\"card-block\" style=\"padding: 120px 0px 0px 0px;\">\n                <div class=\"row\">\n                    <div class=\"col-xl-12 col-lg-12 col-md-12 col-sm-12 col-12\">\n                                         <div class=\"section-title mb-0\">\n                <h3 style=\"text-align:center;display: block;font-size: 28px;font-weight: 700;color: #ffcf88;\">INSCRIPCI\u00d3N DE EMPRESAS<\/h3><br>\n                            <p class=\"text-center\" style=\"font-size: 18px;font-weight: 600; ;color: #6c665c;\">BOLSA DE EMPLEO EXTERNA<\/p>\n                        <\/div>\n                                      <\/div>\n                <\/div>\n            <\/div>\n           <\/div>\n  <div class=\"wp-block-image\"><figure class=\"aligncenter size-large\"><img decoding=\"async\" src=\"https:\/\/www.mijas.es\/wp-content\/uploads\/2021\/05\/bolsa-empleo-icono.png\" alt=\"bolsa empleo externa\" class=\"mx-auto\" widht=\"150px\" height=\"150px\"><\/figure><\/div>\n            <\/div>\n\n\n\n<div class=\"row d-flex align-items-center justify-content-center\">\n         <div class=\"col-lg-6 col-md-6 col-12 mt-4 pt-2\">\n            <div class=\"mt-4 pt-2\">\n                <div class=\"team position-relative d-block text-center\">\n                    <div class=\"image position-relative d-block overflow-hidden\">\n                        <a href=\"#ventaja\"><img decoding=\"async\" src=\"https:\/\/www.mijas.es\/wp-content\/uploads\/2021\/05\/bolsa4.png\" widht=\"250px\" height=\"250 px\" class=\" rounded\" alt=\"\">\n                        <div class=\"overlay rounded bg-dark\"><\/div><\/a>\n                    <\/div>\n                    <div class=\"content py-2 member-position  border-bottom overflow-hidden rounded d-inline-block\" style=\"background-color:#ffcf88;\">\n                   <h4 class=\"title mb-0\" style=\"color: #fff;text-decoration: none;\">\u00bfQUE VENTAJAS TIENE?<\/h4>\n                        <small class=\"text-muted\"><\/small>\n\t\t\t\t\t<\/div>\n                <\/div>\n            <\/div>\n        <\/div>\n        \n        <div class=\"col-lg-6 col-md-6 col-12 mt-4 pt-2\">\n            <div class=\"mt-4 pt-2\">\n                <div class=\"team position-relative d-block text-center\">\n                    <div class=\"image position-relative d-block overflow-hidden\">\n                    \n<a href=\"#ofrece\"><img decoding=\"async\" src=\"https:\/\/www.mijas.es\/wp-content\/uploads\/2021\/05\/bolsa5.png\" widht=\"250px\" height=\"250px\" class=\"rounded\" alt=\"\">\n                        <div class=\"overlay rounded bg-dark\"><\/div><\/a>\n                    <\/div>\n                       <div class=\"content py-2 member-position  border-bottom overflow-hidden rounded d-inline-block\" style=\"background-color:#ffcf88;\">\n                        <h4 class=\"title mb-0\" style=\"color:#fff;text-decoration: none;\">\u00bfQU\u00c9 LE OFRECEMOS?<\/h4>\n                        <small class=\"text-muted\"><\/small>\n                    <\/div>\n                <\/div>\n            <\/div>\n        <\/div>\n        <\/div>\n \n<style>\n\n.team-list img {\n  width: 50%;\n}\n\n.team-list .content {\n  width: 50%;\n}\n\n.team-list .content .follow {\n  position: absolute;\n  bottom: 24px;\n}\n\n.team-list:hover {\n  -webkit-transform: scale(1.05);\n          transform: scale(1.05);\n}\n\n.team, .team-list {\n  -webkit-transition: all 0.5s cubic-bezier(0.68, -0.55, 0.27, 1.55) 0s;\n  transition: all 0.5s cubic-bezier(0.68, -0.55, 0.27, 1.55) 0s;\n}\n\n.team .content .title, .team-list .content .title {\n  font-size: 18px;\n}\n\n.team .overlay {\n  position: absolute;\n  top: 0;\n  right: 0;\n  bottom: 0;\n  left: 0;\n  opacity: 0;\n  -webkit-transition: all 0.5s ease;\n  transition: all 0.5s ease;\n}\n\n.team .member-position, .team .team-social {\n  position: absolute;\n  bottom: -35px;\n  right: 0;\n  left: 0;\n  margin: auto 10%;\n  z-index: 99;\n}\n\n.team .team-social {\n  bottom: 40px;\n  opacity: 0;\n  -webkit-transition: all 0.5s cubic-bezier(0.68, -0.55, 0.27, 1.55) 0s;\n  transition: all 0.5s cubic-bezier(0.68, -0.55, 0.27, 1.55) 0s;\n}\n\n.team:hover {\n  -webkit-transform: translateY(-7px);\n          transform: translateY(-7px);\n  -webkit-box-shadow: 0 0 5px rgba(0, 0, 0, 0.15);\n          box-shadow: 0 0 5px rgba(0, 0, 0, 0.15);\n}\n\n.team:hover .overlay {\n  opacity: 0.6;\n}\n\n.team:hover .team-social {\n  opacity: 1;\n}\n\n@media (max-width: 768px) {\n  .team-list img,\n  .team-list .content {\n    width: 100%;\n    float: none ;\n  }\n  .team-list img .follow,\n  .team-list .content .follow {\n    position: relative;\n    bottom: 0;\n  }\n\n\n.list-inline-item:not(:last-child) {\n    margin-right: 0px;\n    margin-bottom: 0px;\n}\n\n.rounded {\n  border-radius: 5px;\n}\n\na {\n    text-decoration: none;\n}\n\n<\/style>\n\n\n\n<div style=\"height:153px\" aria-hidden=\"true\" class=\"wp-block-spacer\"><\/div>\n\n\n\n<div id=\"ventaja\"><\/div>\n<section id=\"why-us\" class=\"why-us\">\n      <div class=\"container\">\n              <div class=\"row\">\n          <div class=\"col-lg-12\">\n            <div class=\"box text-center\" style=\"padding: 50px 30px;box-shadow: 0px 2px 15px rgba(0, 0, 0, 0.1);transition: all ease-in-out 0.3s;\">\n              <span style=\"  display: block;font-size: 28px;font-weight: 700;color: #ffcf88;\">SERVICIO DE INSCRIPCI\u00d3N DE EMPRESAS<\/span>\n              <h5 style=\" font-size: 20px;font-weight: 600;padding: 0;margin: 20px 0;color:#6c665c;\">Informaci\u00f3n<\/h5>\n              <p class=\"has-text-align-center\">\n\nCon la puesta en marcha del Servicio de Bolsa de Empleo Externa, el \u00c1rea Municipal de Fomento del Empleo trata de canalizar e intermediar entre la oferta y la demanda de profesionales de la comarca para que las personas desempleadas residentes en Mijas puedan acceder a ella.<\/p><p class=\"has-text-align-center\">\n\nSe trata de un servicio a disposici\u00f3n de las empresas, a trav\u00e9s del cual recibir\u00e1n un trato personalizado en funci\u00f3n de sus necesidades en el \u00e1rea de la promoci\u00f3n econ\u00f3mica y el empleo.<\/p>\n\n<p class=\"has-text-align-center\">En la actualidad, la Bolsa de Empleo Externa est\u00e1 conformada por un equipo t\u00e9cnico que realizar\u00e1 visitas peri\u00f3dicas al tejido empresarial del territorio para facilitar y acercar la gesti\u00f3n al empresario.<\/p>\n\n            <\/div>\n          <\/div>\n      \n        <\/div>\n      <\/div>\n\n\t  \n\t  <style>\n.why-us .box {\n  padding: 50px 30px;\n  box-shadow: 0px 2px 15px rgba(0, 0, 0, 0.1);\n  transition: all ease-in-out 0.3s;\n}\n\n.why-us .box span {\n  display: block;\n  font-size: 28px;\n  font-weight: 700;\n  color: #ffcf88;\n}\n\n.why-us .box h4 {\n  font-size: 24px;\n  font-weight: 600;\n  padding: 0;\n  margin: 20px 0;\n  color: #6c665c;\n}\n\n\n\n.why-us .box:hover {\n  background: #ffb03b;\n  padding: 30px 30px 70px 30px;\n  box-shadow: 10px 15px 30px rgba(0, 0, 0, 0.18);\n}\n\n.why-us .box:hover span, .why-us .box:hover h4, .why-us .box:hover p {\n  color: #fff;\n}\n<\/style>\n    <\/section>\n\n\n\n<div style=\"height:100px\" aria-hidden=\"true\" class=\"wp-block-spacer\"><\/div>\n\n\n\n<div id=\"ofrece\"><\/div>\n<section id=\"why-us\" class=\"why-us\">\n      <div class=\"container\">\n              <div class=\"row\">\n          <div class=\"col-lg-12\">\n            <div class=\"box\" >\n              <span class=\"text-center\" style=\"display: block;font-size: 28px;font-weight: 700;color: #ffcf88;\">\u00bfQU\u00c9 VENTAJAS TIENE?<\/span>\n              <h4 class=\"text-center\"  style=\"font-size: 20px;font-weight: 600;padding: 0;margin: 20px 0;color:#6c665c;\">Ventajas para el empresario:<\/h4>\n              <p class\"has-text-align-justify\" style=\"font-size:16px;font-weight: 600;padding: 0;margin: 20px 0;color:#6c665c;\">\n<ul class=\"list-unstyled\">\n<li><img decoding=\"async\" src=\"https:\/\/www.mijas.es\/wp-content\/uploads\/2021\/05\/check-double-amarillo.png\"> Permite acceder a una Bolsa de Empleo Externa conformada por residentes en Mijas <br>&nbsp;&nbsp;&nbsp;&nbsp;&nbsp;&nbsp; desempleados o en situaci\u00f3n de mejora de empleo. <\/li>\n<li><img decoding=\"async\" src=\"https:\/\/www.mijas.es\/wp-content\/uploads\/2021\/05\/check-double-amarillo.png\"> Flexibilidad a la hora de plantear el proceso de selecci\u00f3n de personal.<\/li>\n<li><img decoding=\"async\" src=\"https:\/\/www.mijas.es\/wp-content\/uploads\/2021\/05\/check-double-amarillo.png\"> Agilidad a la hora de cubrir de manera r\u00e1pida y eficaz cualquier vacante que surja en la<br>&nbsp;&nbsp;&nbsp;&nbsp;&nbsp;&nbsp; empresa.<\/li>\n<li><img decoding=\"async\" src=\"https:\/\/www.mijas.es\/wp-content\/uploads\/2021\/05\/check-double-amarillo.png\"> Trato cercano y personalizado a las necesidades de cada empresario.<\/li><\/ul>\n<\/p>\n            <\/div>\n          <\/div>\n\n         \n\n        <\/div>\n\n      <\/div>\n\n\n\n<div style=\"height:100px\" aria-hidden=\"true\" class=\"wp-block-spacer\"><\/div>\n\n\n\n<section id=\"specials\" class=\"specials\">\n      <div class=\"container\">\n        <div class=\"section-title text-center\">\n       <span style=\"  display: block;font-size: 28px;font-weight: 700;color: #ffcf88;\">\u00bfQU\u00c9 LE OFRECEMOS?<\/span>\n           <h4 class=\"text-center\"  style=\"font-size: 20px;font-weight: 600;padding: 0;margin: 20px 0;color:#6c665c;\">Informaci\u00f3n<\/h4>\n        <\/div>\n<br><br>\n        <div class=\"row\">\n          <div class=\"col-lg-3\">\n            <ul class=\"nav nav-tabs flex-column\">\n              <li class=\"nav-item\">\n                <a class=\"nav-link show\" data-toggle=\"tab\" href=\"#tab-1\">Gesti\u00f3n de Ofertas de Empleo<\/a>\n              <\/li>\n              <li class=\"nav-item\">\n                <a class=\"nav-link\" data-toggle=\"tab\" href=\"#tab-2\">Alta de la oferta<\/a>\n              <\/li>\n              <li class=\"nav-item\">\n                <a class=\"nav-link\" data-toggle=\"tab\" href=\"#tab-3\">Preselecci\u00f3n de los candidatos\/a<\/a>\n              <\/li>\n              <li class=\"nav-item\">\n                <a class=\"nav-link active\" data-toggle=\"tab\" href=\"#tab-4\">Recursos de Apoyo a Procesos Selectivos<\/a>\n              <\/li>\n              <li class=\"nav-item\">\n                <a class=\"nav-link\" data-toggle=\"tab\" href=\"#tab-5\">Procedimiento<\/a>\n              <\/li>\n            <\/ul>\n          <\/div>\n          <div class=\"col-lg-9 mt-4 mt-lg-0\">\n            <div class=\"tab-content text-align-justify\">\n              <div class=\"tab-pane show\" id=\"tab-1\">\n                <div class=\"row\">\n                  <div class=\"col-lg-8 details order-2 order-lg-1 has-text-align-justify\">\n             <h3 class=\"text-center\"  style=\"font-size: 20px;font-weight: 600;padding: 0;margin: 20px 0;color:#6c665c;\">GESTI\u00d3N DE OFERTAS DE EMPLEO<\/h3>\n                    <p class=\"has-test-align-justify\">\n<ul class=\"list-unstyled has-test-align-justify\" style=\"list-style-position:outside;\">\n<li> <img decoding=\"async\" src=\"https:\/\/www.mijas.es\/wp-content\/uploads\/2021\/05\/check-double-amarillo.png\"> Puede dar de alta las ofertas de trabajo de su empresa f\u00e1cilmente <strong>a trav\u00e9s de una de estas opciones:<\/strong><\/li><br>\n<li><i class=\"fas fa-envelope\" style=\"color:#ffcf88;\"><\/i> <strong>E-mail: promo.desa@mijas.es<\/strong><\/li>\n<li> <i class=\"fas fa-phone-volume\" style=\"color:#ffcf88;\"><\/i> <strong>Telef\u00f3nicamente<\/strong><\/li>\n<li> <i class=\"fas fa-home\" style=\"color:#ffcf88;\"><\/i> <strong>De manera presencial<\/strong> en nuestras instalaciones, previa inscripci\u00f3n de su empresa en el servicio.<\/li><br>\n<li>Difundimos sus ofertas a trav\u00e9s de nuestra Web, guardando la confidencialidad de su empresa. <\/li>\n<\/ul>\n<div class=\"d-flex align-items-center justify-content-center\">\n<a class=\"mx-auto btn btn-info rounded-pill btn-md\" href=\"https:\/\/www.mijas.es\/bolsa\/\"><span>Ofertas de empleo<\/span><\/a><\/div>\n<br><br><br><\/p>\n\n\n       \n                  <\/div>\n                  <div class=\"col-lg-4 text-center order-1 order-lg-2\">\n                    <img decoding=\"async\" src=\"https:\/\/www.mijas.es\/wp-content\/uploads\/2021\/05\/features-3.png\" alt=\"\" class=\"img-fluid\">\n                  <\/div>\n                <\/div>\n              <\/div>\n              <div class=\"tab-pane\" id=\"tab-2\">\n                <div class=\"row\">\n                  <div class=\"col-lg-8 details order-2 order-lg-1 has-text-align-justify\">\n                 <h3 class=\"text-center\"  style=\"font-size: 20px;font-weight: 600;padding: 0;margin: 20px 0;color:#6c665c;\">ALTA DE LA OFERTA<\/h3>\n <p class=\"has-test-align-justify\">\n                    <ul class=\"list-unstyled\" style=\"list-style-position:outside;\" >\n<li> <img decoding=\"async\" src=\"https:\/\/www.mijas.es\/wp-content\/uploads\/2021\/05\/check-double-amarillo.png\"> Para poder gestionar las ofertas de empleo, previamente deber\u00e1 dar de alta a su empresa en nuestro servicio. Esto se realiza mediante un sencillo formulario donde nos facilitar\u00e1n datos como: nombre de la empresa, domicilio, persona de contacto, entre otros.<br>\nUna vez registrado podr\u00e1 dar de alta ofertas de empleo de su empresa.<\/li><br>\n<li><img decoding=\"async\" src=\"https:\/\/www.mijas.es\/wp-content\/uploads\/2021\/05\/check-double-amarillo.png\"> Se informa que todas las ofertas de empleo ser\u00e1n validadas por nuestros t\u00e9cnicos de manera previa a su publicaci\u00f3n, con el objetivo de asegurar la calidad, la veracidad de los datos y el cumplimiento de la normativa vigente, entre otros requisitos.<\/li><\/ul><\/p>\n                 \n                  <\/div>\n                  <div class=\"col-lg-4 text-center order-1 order-lg-2\">\n                    <img decoding=\"async\" src=\"https:\/\/www.mijas.es\/wp-content\/uploads\/2021\/05\/features-2.png\" alt=\"\" class=\"img-fluid\">\n                  <\/div>\n                <\/div>\n              <\/div>\n              <div class=\"tab-pane\" id=\"tab-3\">\n                <div class=\"row\">\n                  <div class=\"col-lg-8 details order-2 order-lg-1 has-text-align-justify\">\n               <h3 class=\"text-center\"  style=\"font-size: 20px;font-weight: 600;padding: 0;margin: 20px 0;color:#6c665c;\">PRESELECCI\u00d3N DE LOS CANDIDATO\/A<\/h3>\n                   <p class=\"has-test-align-justify\"><img decoding=\"async\" src=\"https:\/\/www.mijas.es\/wp-content\/uploads\/2021\/05\/check-double-amarillo.png\"> Buscamos en la base de datos de nuestra Bolsa de Empleo Externa los\/as candidatos\/as que mejor se adecuen al puesto ofertado.<br><br><br><br><br><br><br><br><br><br><br><br><br><br><br><br><\/p>\n\n                  <\/div>\n                  <div class=\"col-lg-4 text-center order-1 order-lg-2\">\n                    <img decoding=\"async\" src=\"https:\/\/www.mijas.es\/wp-content\/uploads\/2021\/05\/features-1.png\" alt=\"\" class=\"img-fluid\">\n                  <\/div>\n                <\/div>\n              <\/div>\n              <div class=\"tab-pane active\" id=\"tab-4\">\n                <div class=\"row\">\n                  <div class=\"col-lg-8 details order-2 order-lg-1 has-text-align-justify\">\n   <h3 class=\"text-center\"  style=\"font-size: 20px;font-weight: 600;padding: 0;margin: 20px 0;color:#6c665c;\">RECURSOS DE APOYO A PROCESOS SELECTIVOS<\/h3>\n              \n                   <p class=\"has-test-align-justify\"><img decoding=\"async\" src=\"https:\/\/www.mijas.es\/wp-content\/uploads\/2021\/05\/check-double-amarillo.png\"> Le ofrecemos nuestras instalaciones para procesos de selecci\u00f3n y entrevistas.<\/p><br><br><br><br><br><br><br><br><br><br><br><br><br><br>\n                 \n                  <\/div>\n                  <div class=\"col-lg-4 text-center order-1 order-lg-2\">\n                    <img decoding=\"async\" src=\"https:\/\/www.mijas.es\/wp-content\/uploads\/2021\/05\/features-4.png\" alt=\"\" class=\"img-fluid\">\n                  <\/div>\n                <\/div>\n              <\/div>\n              <div class=\"tab-pane\" id=\"tab-5\">\n                <div class=\"row\">\n                  <div class=\"col-lg-8 details order-2 order-lg-1\">\n                 <h3 class=\"text-center\"  style=\"font-size: 20px;font-weight: 600;padding: 0;margin: 20px 0;color:#6c665c;\">EL PROCEDIMIENTO<\/h3>       \n                 <p class=\"has-test-align-justify\">El procedimiento seguido para dar respuesta a las ofertas de empleo publicadas por las empresas se recoge en el siguiente esquema:\n<ul class=\"list-inline\">\n<li><strong><img decoding=\"async\" src=\"https:\/\/www.mijas.es\/wp-content\/uploads\/2021\/05\/flecha.png\"> Publicaci\u00f3n ofertas.<\/strong><\/li>\n<li><strong><img decoding=\"async\" src=\"https:\/\/www.mijas.es\/wp-content\/uploads\/2021\/05\/flecha.png\"> Filtrado de candidaturas.<\/strong><\/li>\n<li><strong><img decoding=\"async\" src=\"https:\/\/www.mijas.es\/wp-content\/uploads\/2021\/05\/flecha.png\"> Preselecci\u00f3n candidaturas.<\/strong><\/li>\n<li><strong><img decoding=\"async\" src=\"https:\/\/www.mijas.es\/wp-content\/uploads\/2021\/05\/flecha.png\"> Env\u00edo candidaturas:<\/strong> <\/li>\n<li>&nbsp;&nbsp;&nbsp;&nbsp;&nbsp;&nbsp;El env\u00edo de los curriculums de los usuarios a las &nbsp;&nbsp;empresas contar\u00e1, en todo caso, con el &nbsp;&nbsp;&nbsp;&nbsp;&nbsp;&nbsp;&nbsp;consentimiento y conformidad previa de estos.<\/li>\n<li><strong><img decoding=\"async\" src=\"https:\/\/www.mijas.es\/wp-content\/uploads\/2021\/05\/flecha.png\"> Asesoramiento y seguimiento del proceso de &nbsp;&nbsp;&nbsp;&nbsp;&nbsp;selecci\u00f3n.<\/strong><\/li>\n<\/ul>\n<br><br><br><\/p>\n                  <\/div>\n                  <div class=\"col-lg-4 text-center order-1 order-lg-2\">\n                    <img decoding=\"async\" src=\"https:\/\/www.mijas.es\/wp-content\/uploads\/2021\/05\/hero-img.png\" alt=\"\" class=\"img-fluid\">\n                  <\/div>\n                <\/div>\n              <\/div>\n            <\/div>\n          <\/div>\n        <\/div>\n\n      <\/div>\n\n    <\/section>\n<style>\n.specials {\n  overflow: hidden;\n}\n\n.specials .nav-tabs {\n  border: 0;\n}\n\n.specials .nav-link {\n  border: 0;\n  padding: 12px 15px 12px 0;\n  transition: 0.3s;\n  color: #433f39;\n  border-radius: 0;\n  border-right: 2px solid #e8e7e4;\n  font-weight: 600;\n  font-size: 15px;\n}\n\n.specials .nav-link:hover {\n  color: #ffb03b;\n}\n\n.specials .nav-link.active {\n  color: #ffb03b;\n  border-color: #ffb03b;\n}\n\n.specials .tab-pane.active {\n  -webkit-animation: fadeIn 0.5s ease-out;\n  animation: fadeIn 0.5s ease-out;\n}\n\n.specials .details h3 {\n  font-size: 26px;\n  font-weight: 600;\n  margin-bottom: 20px;\n  color: #433f39;\n}\n\n.specials .details p {\n  color: #777777;\n}\n\n.specials .details p:last-child {\n  margin-bottom: 0;\n}\n\n@media (max-width: 992px) {\n  .specials .nav-link {\n    border: 0;\n    padding: 15px;\n  }\n  .specials .nav-link.active {\n    color: #fff;\n    background: #ffb03b;\n  }\n\n<\/style>\n\n\n\n<div class=\"wp-block-image\"><figure class=\"aligncenter size-large\"><img decoding=\"async\" width=\"150\" height=\"150\" src=\"https:\/\/www.mijas.es\/wp-content\/uploads\/2021\/05\/bolsa-empleo-icono.png\" alt=\"\" class=\"wp-image-39695\"\/><\/figure><\/div>\n\n\n\n<section id=\"specials\" class=\"specials\">\n      <div class=\"container\">\n        <div class=\"section-title text-center\">\n       <span style=\"  display: block;font-size: 28px;font-weight: 700;color: #6c665c;\">DESCARGA DE DOCUMENTOS<\/span>\n<\/DIV><\/DIV>\n\n\n\n<div style=\"height:39px\" aria-hidden=\"true\" class=\"wp-block-spacer\"><\/div>\n\n\n\n<link rel=\"stylesheet\" type=\"text\/css\" href=\"https:\/\/cdn.jsdelivr.net\/fontawesome\/4.7.0\/css\/font-awesome.min.css\">\n<div class=\"container text-center\">\n          <div class=\"row\">\n             <div class=\"col-lg-12 col-md-12 col-sm-12\"> \n                      \n             <\/div> \n            <div class=\"col-lg-6 col-md-6 col-sm-4\">\n              <div class=\"text-center feature-block\">\n                <span class=\"fb-icon color-info\">\n                  <i class=\"fa fa-cloud-upload\" aria-hidden=\"true\"><\/i>\n                <\/span>\n                <h4>Inscripci\u00f3n Empresa<\/h4>\n                <p>Documento de Inscripci\u00f3n de Empresa<\/p>\n                <a href=\"https:\/\/www.mijas.es\/wp-content\/uploads\/2021\/03\/Documento-de-Inscripcion-de-empresa.pdf\" class=\"btn btn-secondary btn-custom\">Descarga<\/a>\n              <\/div>\n            <\/div>\n            \n            <div class=\"col-lg-6 col-md-6 col-sm-4\">\n             <div class=\"text-center feature-block\">\n                <span class=\"fb-icon color-warning\">\n                  <i class=\"fa fa-desktop\" aria-hidden=\"true\"><\/i>\n                <\/span>\n                <h4>Inscripci\u00f3n Oferta de Empleo<\/h4>\n                <p>Documento Inscripci\u00f3n de Oferta de Empleo<\/p>\n                <a href=\"https:\/\/www.mijas.es\/wp-content\/uploads\/2021\/03\/Documento-inscripcion-oferta-empleo-empresa.pdf\" class=\"btn btn-secondary btn-custom\" \"=\"\">Descargar<\/a>\n              <\/div>\n            <\/div>\n            \n            \n          \n          <\/div>  \n    <\/div>\n<style>\n.service-heading-block{\n\tdisplay:block;\n\tmargin-bottom:30px;\n\t}\n.title {\n  display: block;\n  font-size: 30px;\n  font-weight: 200;\n  margin-bottom: 10px;\n}\n.sub-title {\n  font-size: 18px;\n  font-weight: 100;\n  line-height: 24px;\n}\n.feature-block {\n  background-color: #fff;\n  border-radius: 2px;\n  padding: 15px;\n  box-shadow: 0 2px 2px 0 rgba(0, 0, 0, 0.14), 0 3px 1px -2px rgba(0, 0, 0, 0.2), 0 1px 5px 0 rgba(0, 0, 0, 0.12);\n  margin-bottom: 15px;\n  transition:all ease .5s\n}\n.ms-feature:hover, \n.ms-feature:focus {\n  background-color: #ffcff8;\n  box-shadow: 0 3px 4px 3px rgba(0, 0, 0, 0.14), 0 3px 3px -2px rgba(0, 0, 0, 0.2), 0 1px 8px 3px rgba(0, 0, 0, 0.12);\n}\n.fb-icon {\n  border-radius: 50%;\n  display: block;\n  font-size: 36px;\n  height: 80px;\n  line-height: 80px;\n  text-align:center;\n  margin:1rem auto;\n  width: 80px;\n  transition: all 0.5s ease 0s;\n}\n.feature-block:hover .fb-icon,\n.feature-block:focus .fb-icon {\n  box-shadow: 0 4px 5px 0 rgba(0, 0, 0, 0.14), 0 1px 10px 0 rgba(0, 0, 0, 0.12), 0 2px 4px -1px rgba(0, 0, 0, 0.2);\n  transform: rotate(360deg);\n}\n.fb-icon.color-info {\n  background-color: #ffcf88;\n  color: #fff;\n}\n.fb-icon.color-warning {\n  background-color: #ffcf88;\n  color: #fff;\n}\n\n.feature-block h4 {\n  font-size: 16px;\n  font-weight: 500;\n  margin: 3rem 0 1rem;\n}\n\n.btn-custom{\n  border: medium none;\n  border-radius: 2px;\n  cursor: pointer;\n  font-size: 14px;\n  font-weight: 500;\n  letter-spacing: 0;\n  margin: 10px 1px;\n  outline: 0 none;\n  padding: 8px 30px;\n  position: relative;\n  text-decoration: none;\n  text-transform: uppercase;\nbackground-color:#ffcf88;\n}\n<\/style>\n\n\n\n<div style=\"height:100px\" aria-hidden=\"true\" class=\"wp-block-spacer\"><\/div>\n\n\n\n<div class=\"container-fluid\">\n<div class=\"row\">\n\n<div class=\"col-md-2\">\n<div style=\"float: left; margin-left: 0px;\">\n<img decoding=\"async\" class=\"wp-image-12544\" src=\" https:\/\/www.mijas.es\/wp-content\/uploads\/2021\/03\/escudo.png\" alt=\"\" class=\"img-fluid\" width=\"83\" height=\"119\"\/><\/a>\n<\/div>\n<\/div>\n\n<div class=\"col-md-10\">\n<div style=\"float: left; margin-right: 10px;\">\n<h3><strong>\u00c1REA DE FOMENTO DEL EMPLEO AYUNTAMIENTO DE MIJAS<\/h3><\/strong>\n<p>Avd. Andaluc\u00eda n\u00ba 3 &#8211; Las Lagunas -Mijas 29651 (M\u00e1laga)  \n<br><i class=\"fas fa-phone-volume\"><\/i> <strong>Tel\u00e9fono: <\/strong>951 26 02 83<br><i class=\"fas fa-envelope\"><\/i> <strong>E-mail: <\/strong><a href=\"mailto:promo.desa@mijas.es\">promo.desa@mijas.es<br> <\/a>\n<\/div>\n<\/div>\n\n<\/div>\n<\/div>\n","protected":false},"excerpt":{"rendered":"<p>INSCRIPCI\u00d3N DE EMPRESAS BOLSA DE EMPLEO EXTERNA \u00bfQUE VENTAJAS TIENE? \u00bfQU\u00c9 LE OFRECEMOS? SERVICIO DE INSCRIPCI\u00d3N DE EMPRESAS Informaci\u00f3n Con la puesta en marcha del Servicio de Bolsa de Empleo Externa, el \u00c1rea Municipal de Fomento del Empleo trata de canalizar e intermediar entre la oferta y la demanda de profesionales de la comarca para [&hellip;]<\/p>\n","protected":false},"author":17,"featured_media":0,"parent":40132,"menu_order":0,"comment_status":"closed","ping_status":"closed","template":"page-departamental.php","meta":[],"_links":{"self":[{"href":"https:\/\/www.mijas.es\/portal\/wp-json\/wp\/v2\/pages\/39177"}],"collection":[{"href":"https:\/\/www.mijas.es\/portal\/wp-json\/wp\/v2\/pages"}],"about":[{"href":"https:\/\/www.mijas.es\/portal\/wp-json\/wp\/v2\/types\/page"}],"author":[{"embeddable":true,"href":"https:\/\/www.mijas.es\/portal\/wp-json\/wp\/v2\/users\/17"}],"replies":[{"embeddable":true,"href":"https:\/\/www.mijas.es\/portal\/wp-json\/wp\/v2\/comments?post=39177"}],"version-history":[{"count":70,"href":"https:\/\/www.mijas.es\/portal\/wp-json\/wp\/v2\/pages\/39177\/revisions"}],"predecessor-version":[{"id":42796,"href":"https:\/\/www.mijas.es\/portal\/wp-json\/wp\/v2\/pages\/39177\/revisions\/42796"}],"up":[{"embeddable":true,"href":"https:\/\/www.mijas.es\/portal\/wp-json\/wp\/v2\/pages\/40132"}],"wp:attachment":[{"href":"https:\/\/www.mijas.es\/portal\/wp-json\/wp\/v2\/media?parent=39177"}],"curies":[{"name":"wp","href":"https:\/\/api.w.org\/{rel}","templated":true}]}}