{"id":39166,"date":"2021-05-20T11:03:02","date_gmt":"2021-05-20T10:03:02","guid":{"rendered":"https:\/\/www.mijas.es\/portal\/?page_id=39166"},"modified":"2021-08-26T13:56:33","modified_gmt":"2021-08-26T12:56:33","slug":"bolsa-empleo-externa-informacion-general-fomento-del-empleo","status":"publish","type":"page","link":"https:\/\/www.mijas.es\/portal\/fomento-empleo\/bolsa-empleo-externa-informacion-general-fomento-del-empleo\/","title":{"rendered":"Informaci\u00f3n General Bolsa de Empleo Externa &#8211; Fomento del Empleo"},"content":{"rendered":"\n<div class=\"py-5 text-center text-white h-90 align-items-center d-flex\">\n<img decoding=\"async\" class=\"img-fluid d-block\" src=\" https:\/\/www.mijas.es\/wp-content\/uploads\/2021\/05\/cabecera-bolsa.png\">\n <\/div>\n      <div class=\"card-section\" style=\"position: relative; bottom: 60px;\">\n        <div class=\"container\">\n            <div class=\"card-block\" style=\"padding: 120px 0px 0px 0px;\">\n                <div class=\"row\">\n                    <div class=\"col-xl-12 col-lg-12 col-md-12 col-sm-12 col-12\">\n                                         <div class=\"section-title mb-0\">\n                <h3 style=\"text-align:center;display: block;font-size: 28px;font-weight: 700;color: #ffcf88;\">INFORMACI\u00d3N GENERAL<\/h3><br>\n                            <p class=\"text-center\" style=\"font-size: 18px;font-weight: 600; ;color: #6c665c;\">BOLSA DE EMPLEO EXTERNA<\/p>\n                        <\/div>\n                                      <\/div>\n                <\/div>\n            <\/div>\n           <\/div>\n  <div class=\"wp-block-image\"><figure class=\"aligncenter size-large\"><img decoding=\"async\" src=\"https:\/\/www.mijas.es\/wp-content\/uploads\/2021\/05\/bolsa-empleo-icono.png\" alt=\"bolsa trabajo externa\" class=\"mx-auto\" widht=\"150px\" height=\"150px\"\/><\/figure><\/div>\n            <\/div>\n            <\/div>\n\n\n\n<section id=\"why-us\" class=\"why-us\">\n      <div class=\"container\">\n              <div class=\"row\">\n          <div class=\"col-lg-12\">\n            <div class=\"box text-center\" style=\"padding: 50px 30px;box-shadow: 0px 2px 15px rgba(0, 0, 0, 0.1);transition: all ease-in-out 0.3s;\">\n              <span style=\"  display: block;font-size: 28px;font-weight: 700;color: #ffcf88;\">\u00bfQU\u00c9 ES LA BOLSA DE EMPLEO EXTERNA?<\/span>\n              <h5 style=\" font-size: 20px;font-weight: 600;padding: 0;margin: 20px 0;color:#6c665c;\">Informaci\u00f3n<\/h5>\n              <p class=\"has-text-align-center\">\nLa Bolsa de Empleo Externa del Ayuntamiento de Mijas, sirve como lugar de encuentro entre <br>las empresas que buscan trabajadores y los vecinos que buscan trabajo.<\/p>\n<p class=\"has-text-align-center\">Ofrece un servicio de intermediaci\u00f3n laboral que adecua los perfiles de las ofertas presentadas por las empresas, con los distintos perfiles de los usuarios inscritos en la Bolsa de Empleo Externa, facilitando la inserci\u00f3n laboral de nuestros vecinos y las tareas de reclutamiento de personal de nuestras empresas.\n<\/p>\n            <\/div>\n          <\/div>\n      \n        <\/div>\n      <\/div>\n\t \n\t  <style>\n.why-us .box:hover {\n  background: #ffb03b;\n  padding: 30px 30px 70px 30px;\n  box-shadow: 10px 15px 30px rgba(0, 0, 0, 0.18);\n}\n\n.why-us .box:hover span, .why-us .box:hover h4, .why-us .box:hover p {\n  color: #fff;\n}\n<\/style>\n    <\/section>\n\n\n\n<div style=\"height:58px\" aria-hidden=\"true\" class=\"wp-block-spacer\"><\/div>\n\n\n\n<h5 style=\"text-align:center;display: block;font-size: 28px;font-weight: 700;color: #ffcf88;\">SE DIRIGE A:<\/h5>\n\n\n\n<div style=\"height:58px\" aria-hidden=\"true\" class=\"wp-block-spacer\"><\/div>\n\n\n\n<section id=\"events\" class=\"events\">\n      <div class=\"container\" data-aos=\"fade-up\">\n        <div class=\"row\">\n          <div class=\"col-md-6 d-flex align-items-stretch\">\n            <div class=\"card\" >\n              <div class=\"card-img\">\n                <img decoding=\"async\" src=\"https:\/\/www.mijas.es\/wp-content\/uploads\/2021\/05\/bolsa6.png\" alt=\"BOLSA EMPLEO EXTERNA MIJAS\">\n              <\/div>\n              <div class=\"card-body\" >\n                <h4 class=\"card-title\" style=\"color: #ffcf88;\" >PERSONAS QUE BUSCAN <br>EMPLEO<\/h4>\n                <p style=\" font-size:15px;font-weight: 600;padding: 0;margin: 20px 0;color:#6c665c;\">\n<ul class=\"list-unstyled\" style=\" font-size:16px;font-weight: 600;padding: 0;margin: 20px 0;color:#6c665c;\">\n<li>  Vecinos de Mijas en edad laboral:<\/li><br>\n<li><img decoding=\"async\" src=\"https:\/\/www.mijas.es\/wp-content\/uploads\/2021\/05\/check-double-amarillo.png\"> Demandantes de empleo o que quieran mejorar su situaci\u00f3n laboral.<\/li>\n<\/ul>\n<img decoding=\"async\" class=\"mx-auto d-block\" src=\"https:\/\/www.mijas.es\/wp-content\/uploads\/2021\/05\/icono.png\" width=\"70px\" height=\"70px\">\n <\/p>\n        \n              <\/div>\n            <\/div>\n          <\/div>\n          <div class=\"col-md-6 d-flex align-items-stretch\">\n            <div class=\"card\" style=\"border: 0;padding: 0 30px;margin-bottom: 60px;position: relative;\">\n              <div class=\"card-img\"\">\n                <img decoding=\"async\" src=\"https:\/\/www.mijas.es\/wp-content\/uploads\/2021\/05\/bolsa9.png\" alt=\"BOLSA EMPLEO EXTERNA MIJAS\" >\n              <\/div>\n              <div class=\"card-body\">\n                <h4 class=\"card-title\" style=\"color: #ffcf88;\">EMPRESAS QUE BUSCAN TRABAJADORES<\/h4>\n                <p style=\" font-size: 15px;font-weight: 600;padding: 0;margin: 20px 0;color:#6c665c;\"><img decoding=\"async\" src=\"https:\/\/www.mijas.es\/wp-content\/uploads\/2021\/05\/check-double-amarillo.png\"> Empresas de cualquier municipio<\/p>\n         \n            <\/div>\n\n          <\/div>\n        <\/div>\n\n      <\/div>\n\t   <style>\n   .events .card {\n  border: 0;\n  padding: 0 30px;\n  margin-bottom: 60px;\n  position: relative;\n}\n\n.events .card-img {\n  width: calc(100% + 60px);\n  margin-left: -30px;\n  overflow: hidden;\n  z-index: 9;\n  border-radius: 0;\n}\n\n.events .card-img img {\n  max-width: 100%;\n  transition: all 0.3s ease-in-out;\n}\n\n.events .card-body {\n  z-index: 10;\n  background: #fff;\n  border-top: 4px solid #fff;\n  padding: 17px;\n  box-shadow: 0px 2px 15px rgba(0, 0, 0, 0.1);\n  margin-top: -60px;\n  transition: 0.3s;\n}\n\n.events .card-title {\n  font-weight: 700;\n  text-align: center;\n  margin-bottom: 20px;\n}\n\n.events .card-title a {\n  color: #ffcf88;\n  transition: 0.3s;\n}\n\n.events .card-text {\n  color: #5e5e5e;\n}\n\n.events .read-more a {\n  color: #777777;\n  text-transform: uppercase;\n  font-weight: 600;\n  font-size: 12px;\n  transition: 0.3s;\n}\n\n.events .read-more a:hover {\n  color: #ffcf88;\n}\n\n.events .card:hover img {\n  transform: scale(1.1);\n}\n\n.events .card:hover .card-body {\n  border-color: #ffcf88;\n}\n\n.events .card:hover .card-body .card-title a {\n  color:#ffcf88;\n}\n\n\n<\/style>\n<\/section>\n\n\n\n<div style=\"height:49px\" aria-hidden=\"true\" class=\"wp-block-spacer\"><\/div>\n\n\n\n<h5 style=\"text-align:center;display: block;font-size: 28px;font-weight: 700;color: #ffcf88;line-height:1;\">PERSONAS QUE BUSCAN EMPLEO<\/h5>\n\n\n\n<div style=\"height:56px\" aria-hidden=\"true\" class=\"wp-block-spacer\"><\/div>\n\n\n\n<div class=\"site-hero\">\n      <div class=\"container\">\n        <div class=\"row align-items-center justify-content-between\">\n          <div class=\"col-lg-6 mb-5 mb-lg-0 order-lg-2\"  data-aos=\"fade-up\" data-aos=\"400\">\n            <div class=\"owl-single dots-absolute owl-carousel\">\n              <img decoding=\"async\" src=\"https:\/\/www.mijas.es\/wp-content\/uploads\/2021\/05\/bolsa15.png\" alt=\"BOLSA DE TRABAJO EXTERNA MIJAS\" class=\"img-fluid\">\n              \n            <\/div>\n          <\/div>\n          <div class=\"col-lg-6 order-lg-1\">\n            <span class=\"section-subtitle\" data-aos=\"fade-up\" data-aos=\"\" style=\"font-size: 20px;font-weight: 600;padding: 0;margin: 20px 0;color:#6c665c;\">DEMANDANTES<\/span>\n            <h1 class=\"mb-4\" data-aos=\"fade-up\" data-aos=\"100\" style=\"color:#ffcf88\">\u00bfQui\u00e9nes pueden acceder a la Bolsa de Empleo Externa?<\/h1>\n            <p class=\"has-text-align-justify\" data-aos=\"fade-up\" data-aos=\"200\">Este servicio va dirigido a los vecinos de Mijas, en edad laboral, que est\u00e9n desempleados o quieran mejorar su situaci\u00f3n laboral y es completamente gratuito para todos.\n\t\t\t\t\t\t<\/p>\n            <p class=\"mt-5\" data-aos=\"fade-up\" data-aos=\"300\"><a href=\"https:\/\/www.mijas.es\/portal\/fomento\/bolsa-empleo-externa-inscripcion-de-demandantes-fomento-del-empleo\/\" class=\"btn btn-secondary btn-primary-hover-outline\">Ir a la p\u00e1gina<\/a><\/p>\n          <\/div>\n        <\/div>\n      <\/div>\n    <\/div>\n<style>\n.text-black {\n  color: #000000; }\n  .site-hero {\n  padding: 0 0 6rem 0;\n  position: relative; }\n  .site-hero h1 {\n    font-size: 24px; }\n\t.owl-single.dots-absolute .owl-dots {\n  bottom: 40px; }\n  .owl-single.dots-absolute .owl-dots .owl-dot span {\n    background: rgba(255, 255, 255, 0.5); }\n.owl-single .owl-dots {\n  text-align: center;\n  position: absolute;\n  width: 100%; }\n  .owl-single .owl-dots .owl-dot {\n    display: inline-block;\n    margin: 5px; }\n    .owl-single .owl-dots .owl-dot span {\n      display: inline-block;\n      width: 8px;\n      height: 8px;\n      border-radius: 50%;\n      background: rgba(0, 0, 0, 0.2); }\n    .owl-single .owl-dots .owl-dot.active span {\n      background: #34bf49; }\n    .img-shadow {\n  -webkit-box-shadow: 0 15px 30px -5px rgba(0, 0, 0, 0.2);\n  box-shadow: 0 15px 30px -5px rgba(0, 0, 0, 0.2); }\n  \t .section-subtitle {\n  font-size: 15px;\n  margin-bottom: 10px;\n  display: block;\n  color: #6C665C; }\n    .btn {\n  border-radius: 0;\n  padding: 8px 30px;\n  font-size: 14px;\n  border-radius: 30px;\n  border: 2px solid transparent; }\n  .btn.btn-primary {\n    background: #6c665c; }\n  .btn.btn-outline-primary {\n    border-width: 2px;\n    border: 2px solid #6c665c;;\n    background-color: transparent;\n    color: #6c665c; }\n    .btn.btn-outline-primary:hover {\n      background: #6c665c;\n      color: #ffffff; }\n  .btn.btn-primary-hover-outline {\n    background: ##6c665c;\n    color: #ffffff; }\n    .btn.btn-primary-hover-outline:hover {\n      border: 2px solid #6c665c;\n      background: transparent;\n      color: #6c665c; }\n    <\/style>\n\n\n\n<div class=\"site-hero\">\n      <div class=\"container\">\n        <div class=\"row align-items-center justify-content-between\">\n          \n<div class=\"col-lg-6 mb-5 mb-lg-0 order-lg-2\"  data-aos=\"fade-up\" data-aos=\"400\">\n\n           <span class=\"section-subtitle\" data-aos=\"fade-up\" style=\"font-size: 20px;font-weight: 600;padding: 0;margin: 20px 0;color:#6c665c;\">DEMANDANTES<\/span>\n         <h1 class=\"mb-4\" data-aos=\"fade-up\" data-aos=\"100\" style=\"color:#ffcf88\">\u00bfC\u00f3mo inscribirse?<\/h1>\n            <p class=\"has-text-align-justify\" data-aos=\"fade-up\" data-aos=\"200\">\n\t\t\tLas personas que desean inscribirse en la Bolsa de Empleo Externa del Ayuntamiento de Mijas deber\u00e1n aportar la <strong>Solicitud<\/strong> con toda la documentaci\u00f3n que se relaciona en ella.\n<br><img decoding=\"async\" src=\"https:\/\/www.mijas.es\/wp-content\/uploads\/2021\/05\/check-double-amarillo.png\">&nbsp;&nbsp;&nbsp;&nbsp;A trav\u00e9s de <span style=\"color:#6c665c;\"> e-mail <i class=\"fas fa-envelope\" style=\"color:color:#6c665c;\"> <\/i> <strong>promo.desa@mijas.es<\/strong>\n<br><img decoding=\"async\" src=\"https:\/\/www.mijas.es\/wp-content\/uploads\/2021\/05\/check-double-amarillo.png\"> Presencialmente a trav\u00e9s de <strong>cita previa<\/strong><a href=\"https:\/\/www.mijas.es\/portal\/\"> (www.mijas.es)<\/a> en el \u00c1rea de Fomento del Empleo ubicada en el Edificio de Formaci\u00f3n y Empleo en <br>Avd. Andaluc\u00eda, n\u00ba 3, Las Lagunas. \n<br><img decoding=\"async\" src=\"https:\/\/www.mijas.es\/wp-content\/uploads\/2021\/05\/check-double-amarillo.png\"> A trav\u00e9s de cualquiera de los <strong>registros municipales.<\/strong>\n\t\t\t<\/p>\n            <p class=\"mt-5\" data-aos=\"fade-up\" data-aos=\"300\"><a href=\"https:\/\/www.mijas.es\/portal\/fomento\/bolsa-empleo-externa-inscripcion-de-demandantes-fomento-del-empleo\/\" class=\"btn btn-secondary btn-secondary-hover-outline\">Ir a la p\u00e1gina<\/a><\/p>\n          <\/div>\n\n          <div class=\"col-lg-6 order-lg-1\">\n\n            <div class=\"owl-single dots-absolute owl-carousel\">\n              <img decoding=\"async\" src=\"https:\/\/www.mijas.es\/wp-content\/uploads\/2021\/05\/bolsa16.png\" alt=\"Image\" class=\"img-fluid\">\n                 \n            <\/div>\n          <\/div>\n\n        <\/div>\n    \n\n  <\/div>\n    <\/div>\n\n\n\n<div class=\"site-hero\">\n\n      <div class=\"container\">\n        <div class=\"row align-items-center justify-content-between\">\n          <div class=\"col-lg-6 mb-5 mb-lg-0 order-lg-2\"  data-aos=\"fade-up\" data-aos=\"400\">\n            <div class=\"owl-single dots-absolute owl-carousel\">\n              <img decoding=\"async\" src=\"https:\/\/www.mijas.es\/wp-content\/uploads\/2021\/05\/bolsa11.png\" alt=\"Image\" class=\"img-fluid\">\n          \n              \n            <\/div>\n\n          <\/div>\n          <div class=\"col-lg-6 order-lg-1\">\n         <span class=\"section-subtitle\" data-aos=\"fade-up\" style=\"font-size: 20px;font-weight: 600;padding: 0;margin: 20px 0;color:#6c665c;\">DEMANDANTES<\/span>\n           <h1 class=\"mb-4\" data-aos=\"fade-up\" data-aos=\"100\" style=\"color:#ffcf88;\">\u00bfC\u00f3mo funciona?<\/h1>\n            <p class=\"has-text-align-justify\" data-aos=\"fade-up\" data-aos=\"200\">\n\t\t\t<img decoding=\"async\" src=\"https:\/\/www.mijas.es\/wp-content\/uploads\/2021\/05\/check-double-amarillo.png\"> Una vez entregada la inscripci\u00f3n de la Bolsa de Empleo Externa, la demanda pasar\u00e1 a formar parte de nuestra base de datos para poder hacer las consultas en respuesta a las solicitudes recibidas de las empresas.<br>\n\n<img decoding=\"async\" src=\"https:\/\/www.mijas.es\/wp-content\/uploads\/2021\/05\/check-double-amarillo.png\"> Todos los datos que se puedan requerir o que se puedan obtener de los usuarios son confidenciales, proporcionando a las empresas s\u00f3lo los necesarios para la selecci\u00f3n.<br>\n\n<img decoding=\"async\" src=\"https:\/\/www.mijas.es\/wp-content\/uploads\/2021\/05\/check-double-amarillo.png\"> Posteriormente las empresas que nos presenten ofertas solicitando trabajadores se pondr\u00e1n en contacto directamente con los\/as candidatos\/as enviados\/as  y realizar\u00e1n el proceso de selecci\u00f3n que consideren oportuno.<br>\n\t\t\t\n\t\t\t\n\t\t\t<\/p>\n            <p class=\"mt-5\" data-aos=\"fade-up\" data-aos=\"300\"><a href=\"https:\/\/www.mijas.es\/portal\/fomento\/bolsa-empleo-externa-inscripcion-de-demandantes-fomento-del-empleo\/\" class=\"btn btn-secondary btn-secondary-hover-outline\">Ir a la p\u00e1gina<\/a><\/p>\n          <\/div>\n\n        <\/div>\n      <\/div>\n    <\/div>\n\n\n\n<div style=\"height:52px\" aria-hidden=\"true\" class=\"wp-block-spacer\"><\/div>\n\n\n\n<h5 style=\"text-align:center;display: block;font-size: 28px;font-weight: 700;color: #ffcf88;line-height:1;\">EMPRESAS QUE BUSCAN TRABAJADORES<\/h5>\n\n\n\n<div style=\"height:37px\" aria-hidden=\"true\" class=\"wp-block-spacer\"><\/div>\n\n\n\n<style>\n.about-section {\n  position: relative; }\n  .about-section img {\n    width: 100%;\n    display: block; }\n  .about-section .image-stack::after {\n    content: ' ';\n    display: table;\n    clear: both; }\n  .about-section .image-stack__item--top {\n    float: left;\n    width: 66%;\n    margin-right: -100%;\n    position: relative;\n    z-index: 1; }\n    .about-section .image-stack__item--top img {\n      border: 10px solid #ffffff;\n      -webkit-box-shadow: 0 15px 30px -10px rgba(0, 0, 0, 0.1);\n      box-shadow: 0 15px 30px -10px rgba(0, 0, 0, 0.1); }\n  .about-section .image-stack__item--bottom {\n    float: right;\n    width: 75%; }\n  @supports ((display: -ms-grid) or (display: grid)) {\n    .about-section .image-stack {\n      display: -ms-grid;\n      display: grid;\n      position: relative;\n      -ms-grid-columns: (1fr)[12];\n      grid-template-columns: repeat(12, 1fr); }\n    .about-section .image-stack__item--bottom {\n      grid-column: 4 \/ -1;\n      -ms-grid-row: 1;\n      grid-row: 1;\n      width: 100%; }\n    .about-section .image-stack__item--top {\n      -ms-grid-row: 1;\n      grid-row: 1;\n      -ms-grid-column: 1;\n      -ms-grid-column-span: 8;\n      grid-column: 1 \/ span 8;\n      padding-top: 20%;\n      width: 100%; } \n\t\t\n\t\t<\/style>\n\n\n\n<div class=\"site-hero\">\n\n      <div class=\"container\">\n        <div class=\"row align-items-center justify-content-between\">\n          <div class=\"col-lg-6 order-lg-1\"  data-aos=\"fade-up\" data-aos=\"400\">\n\n            <div class=\"owl-single dots-absolute owl-carousel\">\n              <img decoding=\"async\" src=\"https:\/\/www.mijas.es\/wp-content\/uploads\/2021\/05\/bolsa13.png\" alt=\"Image\" class=\"img-fluid\">\n           \n              \n            <\/div>\n\n          <\/div>\n          <div class=\"col-lg-6 mb-5 mb-lg-0 order-lg-2\">\n        <span class=\"section-subtitle\" data-aos=\"fade-up\" style=\"font-size: 20px;font-weight: 600;padding: 0;margin: 20px 0;color:#6c665c;\">EMPRESAS<\/span>\n           <h1 class=\"mb-4\" data-aos=\"fade-up\" data-aos=\"100\" style=\"color:#ffcf88;\">\u00bfQu\u00e9 empresas pueden acceder a la Bolsa de Empleo Externa?<\/h1>\n            <p data-aos=\"fade-up\" data-aos=\"200\">\n\t\t\tCualquier empresa, independientemente del municipio donde se encuentre.\n\t\t\t<\/p>\n            <p class=\"mt-5\" data-aos=\"fade-up\" data-aos=\"300\"><a href=\"https:\/\/www.mijas.es\/portal\/fomento\/bolsa-empleo-externa-inscripcion-empresas-fomento-del-empleo\/\" class=\"btn btn-secondary btn-secondary-hover-outline\">Ir a la p\u00e1gina<\/a><\/p>\n          <\/div>\n\n        <\/div>\n      <\/div>\n    <\/div>\n\n\n\n<div class=\"site-hero\">\n\n      <div class=\"container\">\n        <div class=\"row align-items-center justify-content-between\">\n          <div class=\"col-lg-6 mb-5 mb-lg-0 order-lg-2\"  data-aos=\"fade-up\" data-aos=\"400\">\n\n            <div class=\"owl-single dots-absolute owl-carousel\">\n              <img decoding=\"async\" src=\"https:\/\/www.mijas.es\/wp-content\/uploads\/2021\/05\/bolsa17.png\" alt=\"Image\" class=\"img-fluid\">\n           \n              \n            <\/div>\n\n          <\/div>\n          <div class=\"col-lg-6 order-lg-1\">\n         <span class=\"section-subtitle\" data-aos=\"fade-up\" style=\"font-size: 20px;font-weight: 600;padding: 0;margin: 20px 0;color:#6c665c;\">EMPRESAS<\/span>\n         <h1 class=\"mb-4\" data-aos=\"fade-up\" data-aos=\"100\" style=\"color:#ffcf88;\">\u00bfC\u00f3mo solicitar trabajadores a la Bolsa de Empleo Externa?<\/h1>\n            <p class=\"has-text-align-justify\" data-aos=\"fade-up\" data-aos=\"200\">\n\t\t\t Las empresas que quieran solicitar personal a la Bolsa de Empleo Externa del Ayuntamiento de Mijas pueden hacerlo f\u00e1cilmente a trav\u00e9s:<br> <br><img decoding=\"async\" src=\"https:\/\/www.mijas.es\/wp-content\/uploads\/2021\/05\/check-double-amarillo.png\"> Del e-mail: <i class=\"fas fa-envelope\" style=\"color:color:#6c665c;\"> <\/i> \n <strong>(promo.desa@mijas.es)<\/strong><br><img decoding=\"async\" src=\"https:\/\/www.mijas.es\/wp-content\/uploads\/2021\/05\/check-double-amarillo.png\"> Rellenando el formulario o<br> <img decoding=\"async\" src=\"https:\/\/www.mijas.es\/wp-content\/uploads\/2021\/05\/check-double-amarillo.png\"> Personalmente en nuestras instalaciones.<\/p>\n            <p class=\"mt-5\" data-aos=\"fade-up\" data-aos=\"300\"><a href=\"https:\/\/www.mijas.es\/portal\/fomento\/bolsa-empleo-externa-inscripcion-empresas-fomento-del-empleo\/\" class=\"btn btn-secondary btn-secondary-hover-outline\">Ir a la p\u00e1gina<\/a><\/p>\n          <\/div>\n\n        <\/div>\n      <\/div>\n    <\/div>\n\n\n\n<div class=\"site-hero\">\n\n      <div class=\"container\">\n        <div class=\"row align-items-center justify-content-between\">\n          <div class=\"col-lg-6 order-lg-1\"  data-aos=\"fade-up\" data-aos=\"400\">\n\n            <div class=\"owl-single dots-absolute owl-carousel\">\n              <img decoding=\"async\" src=\"https:\/\/www.mijas.es\/wp-content\/uploads\/2021\/05\/bolsa12.png\" alt=\"Image\" class=\"img-fluid\">\n         \n              \n            <\/div>\n\n          <\/div>\n          <div class=\"col-lg-6 mb-5 mb-lg-0 order-lg-2\">\n           <span class=\"section-subtitle\" data-aos=\"fade-up\" style=\"font-size: 20px;font-weight: 600;padding: 0;margin: 20px 0;color:#6c665c;\">EMPRESAS<\/span>\n        <h1 class=\"mb-4\" data-aos=\"fade-up\" data-aos=\"100\" style=\"color:#ffcf88;\">\u00bfC\u00f3mo funciona?<\/h1>\n            <p class=\"has-text-align-justify\" data-aos=\"fade-up\" data-aos=\"200\"><img decoding=\"async\" src=\"https:\/\/www.mijas.es\/wp-content\/uploads\/2021\/05\/check-double-amarillo.png\">\n\t\tUna vez registrada la empresa  y tras haber solicitado el\/los puesto\/s necesario\/s, el personal cualificado del \u00c1rea de Fomento del Empleo se encargar\u00e1 de gestionar dicha petici\u00f3n.<br>\n\n<img decoding=\"async\" src=\"https:\/\/www.mijas.es\/wp-content\/uploads\/2021\/05\/check-double-amarillo.png\">Los t\u00e9cnicos de la Bolsa de Empleo Externa realizar\u00e1n una selecci\u00f3n entre Curr\u00edculum Vitae de los\/as usuarios\/as inscritos\/as en la misma que se ajusten al perfil demandado por la empresa. <br>Esta selecci\u00f3n ser\u00e1 remitida de la forma acordada, llevando a cabo la empresa el proceso de selecci\u00f3n que consideren oportuno.\n\t\t\n\t\t\t\n\t\t\t<\/p>\n            <p class=\"mt-5\" data-aos=\"fade-up\" data-aos=\"300\"><a href=\"https:\/\/www.mijas.es\/portal\/fomento\/bolsa-empleo-externa-inscripcion-empresas-fomento-del-empleo\/\" class=\"btn btn-secondary btn-secondary-hover-outline\">Ir a la p\u00e1gina<\/a><\/p>\n          <\/div>\n\n        <\/div>\n      <\/div>\n    <\/div>\n\n\n\n<div class=\"container-fluid\">\n<div class=\"row\">\n\n<div class=\"col-md-2\">\n<div style=\"float: left; margin-left: 0px;\">\n<img decoding=\"async\" class=\"wp-image-12544\" src=\" https:\/\/www.mijas.es\/wp-content\/uploads\/2021\/03\/escudo.png\" alt=\"\" class=\"img-fluid\" width=\"83\" height=\"119\"\/><\/a>\n<\/div>\n<\/div>\n\n<div class=\"col-md-10\">\n<div style=\"float: left; margin-right: 10px;\">\n<h3><strong>\u00c1REA DE FOMENTO DEL EMPLEO AYUNTAMIENTO DE MIJAS<\/h3><\/strong>\n<p>Avd. Andaluc\u00eda n\u00ba 3 &#8211; Las Lagunas -Mijas 29651 (M\u00e1laga)  \n<br><i class=\"fas fa-phone-volume\"><\/i> <strong>Tel\u00e9fono: <\/strong>951 26 02 83<br><i class=\"fas fa-envelope\"><\/i> <strong>E-mail: <\/strong><a href=\"mailto:promo.desa@mijas.es\">promo.desa@mijas.es<br> <\/a>\n<\/div>\n<\/div>\n\n<\/div>\n<\/div>\n\n\n\n<p><\/p>\n","protected":false},"excerpt":{"rendered":"<p>INFORMACI\u00d3N GENERAL BOLSA DE EMPLEO EXTERNA \u00bfQU\u00c9 ES LA BOLSA DE EMPLEO EXTERNA? Informaci\u00f3n La Bolsa de Empleo Externa del Ayuntamiento de Mijas, sirve como lugar de encuentro entre las empresas que buscan trabajadores y los vecinos que buscan trabajo. Ofrece un servicio de intermediaci\u00f3n laboral que adecua los perfiles de las ofertas presentadas por [&hellip;]<\/p>\n","protected":false},"author":17,"featured_media":0,"parent":40132,"menu_order":0,"comment_status":"closed","ping_status":"closed","template":"page-departamental.php","meta":[],"_links":{"self":[{"href":"https:\/\/www.mijas.es\/portal\/wp-json\/wp\/v2\/pages\/39166"}],"collection":[{"href":"https:\/\/www.mijas.es\/portal\/wp-json\/wp\/v2\/pages"}],"about":[{"href":"https:\/\/www.mijas.es\/portal\/wp-json\/wp\/v2\/types\/page"}],"author":[{"embeddable":true,"href":"https:\/\/www.mijas.es\/portal\/wp-json\/wp\/v2\/users\/17"}],"replies":[{"embeddable":true,"href":"https:\/\/www.mijas.es\/portal\/wp-json\/wp\/v2\/comments?post=39166"}],"version-history":[{"count":61,"href":"https:\/\/www.mijas.es\/portal\/wp-json\/wp\/v2\/pages\/39166\/revisions"}],"predecessor-version":[{"id":42681,"href":"https:\/\/www.mijas.es\/portal\/wp-json\/wp\/v2\/pages\/39166\/revisions\/42681"}],"up":[{"embeddable":true,"href":"https:\/\/www.mijas.es\/portal\/wp-json\/wp\/v2\/pages\/40132"}],"wp:attachment":[{"href":"https:\/\/www.mijas.es\/portal\/wp-json\/wp\/v2\/media?parent=39166"}],"curies":[{"name":"wp","href":"https:\/\/api.w.org\/{rel}","templated":true}]}}