{"id":38865,"date":"2021-05-13T15:05:22","date_gmt":"2021-05-13T14:05:22","guid":{"rendered":"https:\/\/www.mijas.es\/portal\/?page_id=38865"},"modified":"2025-09-26T09:14:12","modified_gmt":"2025-09-26T08:14:12","slug":"vigilancia-sanitaria-de-aguas-de-bano","status":"publish","type":"page","link":"https:\/\/www.mijas.es\/portal\/playas\/vigilancia-sanitaria-de-aguas-de-bano\/","title":{"rendered":"Vigilancia Sanitaria de Aguas de Ba\u00f1o"},"content":{"rendered":"\n<p><em><u>Temporada de ba\u00f1o<\/u><\/em><\/p>\n\n\n\n<p>Con car\u00e1cter general, la temporada de ba\u00f1o queda establecida en el periodo comprendido entre el 1 de junio y el 30 de septiembre<\/p>\n\n\n\n<p>Durante este periodo se efectuar\u00e1 el control anal\u00edtico de par\u00e1metros microbiol\u00f3gicos en todas las aguas de ba\u00f1o de car\u00e1cter mar\u00edtimo y continental incluidas en el Censo de Aguas de Ba\u00f1o de Andaluc\u00eda.<\/p>\n\n\n\n<p><em><u>Control anal\u00edtico: Frecuencia de muestreo y Calendario de control<\/u><\/em><\/p>\n\n\n\n<p>Las fechas de muestreo est\u00e1n seleccionadas teniendo en cuenta que los informes p\u00fablicos se emiten al finalizar cada quincena.<\/p>\n\n\n\n<ul>\n<li>Esta informaci\u00f3n se comunica al p\u00fablico en las inmediaciones de las zonas de aguas de ba\u00f1o la informaci\u00f3n descrita en el art\u00edculo 13 del Real decreto 1341\/2001,<\/li>\n<\/ul>\n\n\n\n<p>Resultados:<\/p>\n\n\n\n<ul>\n<li><em>Resultado calidad de aguas de ba\u00f1o 2\u00ba quincena Septiembre 2025 (<a rel=\"noreferrer noopener\" href=\"https:\/\/www.mijas.es\/wp-content\/uploads\/2025\/09\/2%C2%BA%20QUINCENA%20SEPTIEMBRE%20MIJAS%202025.pdf\" data-type=\"URL\" data-id=\"https:\/\/www.mijas.es\/wp-content\/uploads\/2024\/09\/08.-1a-quincena-SEP-24.pdf\" target=\"_blank\">ver PDF<\/a>)<\/em><\/li>\n\n\n\n<li><em>Calidad Aguas de Ba\u00f1o BANDERA AZUL 2025 (<a href=\"https:\/\/www.mijas.es\/wp-content\/uploads\/2025\/09\/Calidad%20Aguas%20de%20Ba%C3%B1o%20BANDERA%20AZUL%20%20sept%202025.pdf\" data-type=\"URL\" data-id=\"https:\/\/www.mijas.es\/wp-content\/uploads\/2024\/09\/Calidad-Aguas-de-Bano-BANDERA-AZUL-2024-1.pdf\" target=\"_blank\" rel=\"noreferrer noopener\">ver PDF<\/a>)<\/em><\/li>\n<\/ul>\n\n\n\n<figure class=\"wp-block-image size-large\"><img decoding=\"async\" width=\"1024\" height=\"605\" src=\"https:\/\/www.mijas.es\/wp-content\/uploads\/2025\/05\/Puntos-muestreo-2025-web-1024x605.jpg\" alt=\"\" class=\"wp-image-61448\" srcset=\"https:\/\/www.mijas.es\/wp-content\/uploads\/2025\/05\/Puntos-muestreo-2025-web-1024x605.jpg 1024w, https:\/\/www.mijas.es\/wp-content\/uploads\/2025\/05\/Puntos-muestreo-2025-web-300x177.jpg 300w, https:\/\/www.mijas.es\/wp-content\/uploads\/2025\/05\/Puntos-muestreo-2025-web-768x453.jpg 768w, https:\/\/www.mijas.es\/wp-content\/uploads\/2025\/05\/Puntos-muestreo-2025-web-1536x907.jpg 1536w, https:\/\/www.mijas.es\/wp-content\/uploads\/2025\/05\/Puntos-muestreo-2025-web-2048x1209.jpg 2048w\" sizes=\"(max-width: 1024px) 100vw, 1024px\" \/><\/figure>\n\n\n\n<p>Mas Informaci\u00f3n:<\/p>\n\n\n\n<p><a href=\"https:\/\/www.mscbs.gob.es\/profesionales\/saludPublica\/saludAmbLaboral\/calidadAguas\/aguasBanno\/S_Info_nayade.htm\" target=\"_blank\" rel=\"noreferrer noopener\">https:\/\/www.mscbs.gob.es\/profesionales\/saludPublica\/saludAmbLaboral\/calidadAguas\/aguasBanno\/S_Info_nayade.htm<\/a><\/p>\n","protected":false},"excerpt":{"rendered":"<p>Temporada de ba\u00f1o Con car\u00e1cter general, la temporada de ba\u00f1o queda establecida en el periodo comprendido entre el 1 de junio y el 30 de septiembre Durante este periodo se efectuar\u00e1 el control anal\u00edtico de par\u00e1metros microbiol\u00f3gicos en todas las aguas de ba\u00f1o de car\u00e1cter mar\u00edtimo y continental incluidas en el Censo de Aguas de [&hellip;]<\/p>\n","protected":false},"author":9,"featured_media":0,"parent":13928,"menu_order":0,"comment_status":"closed","ping_status":"closed","template":"page-departamental.php","meta":[],"_links":{"self":[{"href":"https:\/\/www.mijas.es\/portal\/wp-json\/wp\/v2\/pages\/38865"}],"collection":[{"href":"https:\/\/www.mijas.es\/portal\/wp-json\/wp\/v2\/pages"}],"about":[{"href":"https:\/\/www.mijas.es\/portal\/wp-json\/wp\/v2\/types\/page"}],"author":[{"embeddable":true,"href":"https:\/\/www.mijas.es\/portal\/wp-json\/wp\/v2\/users\/9"}],"replies":[{"embeddable":true,"href":"https:\/\/www.mijas.es\/portal\/wp-json\/wp\/v2\/comments?post=38865"}],"version-history":[{"count":52,"href":"https:\/\/www.mijas.es\/portal\/wp-json\/wp\/v2\/pages\/38865\/revisions"}],"predecessor-version":[{"id":62217,"href":"https:\/\/www.mijas.es\/portal\/wp-json\/wp\/v2\/pages\/38865\/revisions\/62217"}],"up":[{"embeddable":true,"href":"https:\/\/www.mijas.es\/portal\/wp-json\/wp\/v2\/pages\/13928"}],"wp:attachment":[{"href":"https:\/\/www.mijas.es\/portal\/wp-json\/wp\/v2\/media?parent=38865"}],"curies":[{"name":"wp","href":"https:\/\/api.w.org\/{rel}","templated":true}]}}