{"id":38522,"date":"2021-05-10T16:27:05","date_gmt":"2021-05-10T15:27:05","guid":{"rendered":"https:\/\/www.mijas.es\/portal\/?page_id=38522"},"modified":"2021-09-03T12:34:13","modified_gmt":"2021-09-03T11:34:13","slug":"itinerario-informatica-y-comunicacion-fomento-de-empleo","status":"publish","type":"page","link":"https:\/\/www.mijas.es\/portal\/fomento-empleo\/itinerario-informatica-y-comunicacion-fomento-de-empleo\/","title":{"rendered":"Itinerario Inform\u00e1tica y Comunicaci\u00f3n &#8211; Fomento del Empleo"},"content":{"rendered":"\n<div class=\"py-5 text-center text-white h-90 align-items-center d-flex\">\n<img decoding=\"async\" class=\"img-fluid d-block\" src=\"https:\/\/www.mijas.es\/wp-content\/uploads\/2021\/05\/cabecera-mijas-impulsa.png\">\n<div class=\"container py-5\">\n      <div class=\"row\">\n        <div class=\"mx-auto col-md-12\">  \n          <h1 class=\"display-3 mb-4\">&nbsp;&nbsp;&nbsp;&nbsp;&nbsp;&nbsp;&nbsp;&nbsp;&nbsp;<\/h1>\n          <p class=\"mb-5\">&nbsp;&nbsp;&nbsp;&nbsp;&nbsp;&nbsp;&nbsp;&nbsp;&nbsp;&nbsp;&nbsp;&nbsp;&nbsp;&nbsp;<\/p>\n\t\t \n\t   <\/div>\t    \n        <\/div>\n      <\/div>\n    <\/div>\n\n\n\n<div class=\"row justify-content-center text-center\">\n<div class=\"col-md-12 text-center\">\n\t\t<i class=\"far fa-star fa-lg fa-3x\" style=\"color: #f7a744;\"><\/i>\n<p><\/p>\n<h2 class=\"text-center\">INFORM\u00c1TICA Y COMUNICACI\u00d3N<\/h2>\n<h2 style=\"color: #3e8e96;\">MIJAS IMPULSA &#8211; POEFE <\/h2>\n<div style=\" border-bottom:2px solid #f7a744;; text-align:left\">    <\/div>\n  \n        <\/div>\n      <\/div>\n\n\n\n<br>\n        <h2><span style=\"color: #f7a744;\">ITINERARIO:<\/SPAN> COMMUNITY MANAGER Y CREACI\u00d3N DE P\u00c1GINAS WEB<\/h2>\n        <p><\/p>\n      <\/div>\n\n    <div class=\"course-details\">\n      <div class=\"container\" data-aos=\"fade-up\">\n\n        <div class=\"row\">\n          <div class=\"col-lg-8\">\n            <img decoding=\"async\" class=img-fluid d-block\" src=\"https:\/\/www.mijas.es\/wp-content\/uploads\/2021\/05\/comunity.png\" alt=\"\">\n            <h2 style=\" font-size: 20px;margin: 30px 0 15px 0;font-weight: 700;position: relative;padding-bottom: 10px;\">\nCERTIFICADO DE PROFESIONALIDAD:<\/h2>\n                     <\/div>\n\t\t           <div class=\"col-lg-4\">\n\n            <div class=\"course-info d-flex justify-content-between align-items-center\">\n              <h5><strong>Duraci\u00f3n:<\/strong><\/h5>\n              <p>660 horas<\/p>\n            <\/div>\n\n            <div class=\"course-info d-flex justify-content-between align-items-center\">\n              <h5><strong>Modalidad:<\/strong><\/h5>\n              <p>Presencial<\/p>\n            <\/div>\n\n            <div class=\"course-info d-flex justify-content-between align-items-center\">\n              <h5><strong>N\u00ba plazas:<\/strong><\/h5>\n              <p>15<\/p>\n            <\/div>\n\n            <div class=\"course-info d-flex justify-content-between align-items-center\">\n              <h5><strong>Horario:<\/strong><\/h5>\n              <p>9.00 pm &#8211; 14.00 pm<\/p>\n            <\/div>\n\n<\/div><\/div><\/div>\n\n\n\n<div class=\"container\">\n  <div class=\"row\">\n  <div class=\"col-lg-8\" >\n  <h4 class=\"grve-slogan-title grve-align-left grve-title-line\">\n  <span><strong> (IFD0110) CONFECCI\u00d3N Y PUBLICACI\u00d3N DE P\u00c1GINAS WEB (1\u00aa EDICI\u00d3N)<\/span><\/strong><\/h4>  \n<p class=\"has-text-align-justify\">Capacitar para crear y publicar p\u00e1ginas web que integren textos,\nim\u00e1genes y otros elementos, utilizando lenguajes de marcas y\neditores apropiados, seg\u00fan especificaciones y condiciones de\n\u00abusabilidad\u00bb dadas y realizar los procedimientos de instalaci\u00f3n y\nverificaci\u00f3n de las mismas en el servidor correspondiente.\n<\/p>\n<\/div>\n<div class=\"grve-row grve-bookmark \">\n<div class=\"wpb_column grve-column grve-bookmark grve-column-1-2\">\n<div class=\"grve-element grve-text\">\n<p><strong>&nbsp;&nbsp;&nbsp;Estado:<\/strong><span style=\"color: #f7a744;\">\nFINALIZADO<\/span><\/p><\/div><\/div><\/div>\n<div class=\"grve-row grve-bookmark \">\n<div class=\"wpb_column grve-column grve-bookmark grve-column-1-2\">\n<div class=\"grve-element grve-text\">\n       <a href=\"https:\/\/www.mijas.es\/wp-content\/uploads\/2021\/04\/Ficha-Comunity-Manager.pdf\" class=\"btn btn-outline-info btn-sm m-2\">Ficha Itinerario\n          <a href=\"https:\/\/www.mijas.es\/wp-content\/uploads\/2021\/05\/IFCD0110_ficha-comunity.pdf\" class=\"btn btn-outline-secondary btn-sm \" >Ficha Sepe<\/a><\/a>\n<\/div><\/div>\n<\/div><\/div><\/div>\n\n\n\n<style>\n.course-details h2:before {\n  content: '';\n  position: absolute;\n  display: block;\n  width: 100%;\n  height: 1px;\n  background: #eef0ef;\n  bottom: 0;\n  left: 0;\n}\n\n.course-details h2:after {\n  content: '';\n  position: absolute;\n  display: block;\n  width: 60px;\n  height: 1px;\n  background: #3e8e96;\n  bottom: 0;\n  left: 0;\n}\n\n.course-details .course-info {\n  background: #f6f7f6;\n  padding: 10px 15px;\n  margin-bottom: 15px;\n}\n\n.course-details .course-info h5 {\n  font-weight: 400;\n  font-size: 16px;\n  margin: 0;\n  font-family: \"Poppins\", sans-serif;\n}\n\n.course-details .course-info p {\n  margin: 0;\n  font-weight: 600;\n}\n\n.course-details .course-info a {\n  color: #657a6d;\n}\n\t\n\t\n\n<\/style>\n\n\n\n<div style=\"height:100px\" aria-hidden=\"true\" class=\"wp-block-spacer\"><\/div>\n\n\n\n<section id=\"events\" class=\"events\">       \n <div class=\"container\" data-aos=\"fade-up\">\n        <div class=\"row\">\n          <div class=\"col-md-8 d-flex align-items-stretch\">\n            <div class=\"card\">\n              <div class=\"card-img\">\n                <img decoding=\"async\" class=\"img-fluid mx-auto d-block\" src=\"https:\/\/www.mijas.es\/wp-content\/uploads\/2021\/05\/Cartel-Community-Manager1.png\" width=\"400px\" height=\"333px\"  alt=\"mijas impulsa poefe\">\n              <\/div>\n   <div class=\"card-body\">\n               <div class=\"course-content\">\n             <div class=\"d-flex justify-content-between align-items-center mb-3\">\n                  <h4 style=\"  font-size: 14px;background: #3e8e96;padding: 7px 14px;color: #fff;margin: 0;\" >PLAZO:FINALIZADO<\/h4>\n                <p class=\"font-italic text-center\" style=\"padding: 7px 14px; margin: 0;\"><strong>A\u00d1O:<\/strong>2019<\/p>\n                <\/div>\n\t\t\t  <h4 class=\"card-title\" style=\"color:#f7a744;\">Itinerario Community Manager y Creaci\u00f3n<br>de P\u00e1ginas Web (1\u00ba Edici\u00f3n)<\/h4>\n<div style=\" border-bottom:2px solid #f7a744; text-align:left;\"><\/div><br>\n\n                                    \n\t\t\t\t <ul class=\"fa-ul\">\n\n<li><i class=\"fa-li fa fa-check-square\" style=\"color: #f7a744;\"><\/i>Solicitud del Itinerario <a href=\"http:\/\/www.mijas.es\/wp-content\/uploads\/2020\/07\/Solicitud%20Mijas%20Impulsa.%204%C2%AA%20Conovocatoria.%20Community%20Manager.pdf\" target=\"_blank\" rel=\"noopener noreferrer\"><span style=\"color:#f4883d;\"><i class=\"fas fa-download\" style=\"color:#009EA9;\"><\/span><\/a><\/i><\/li>\n<li><i class=\"fa-li fa fa-check-square\" style=\"color: #f7a744;\"><\/i>Listado de alumnos <a href=\"http:\/\/www.mijas.es\/wp-content\/uploads\/2020\/09\/4.2%20Acta%20de%20selecci%C3%B3n%20publicada.pdf\" target=\"_blank\" rel=\"noopener noreferrer\"><span style=\"color:#f4883d;\">\n<i class=\"fas fa-download\" style=\"color:#009EA9;\"><\/span><\/a><\/i><\/li>\n<\/ul>\n<div class=\"d-flex justify-content-between align-items-center\">\n<small class=\"text-muted\">\n <a href=\"https:\/\/www.mijas.es\/wp-content\/uploads\/2021\/05\/Cartel-Comunity.pdf\" class=\"btn btn-outline-info btn-sm \" >Cartel<\/a>\n<\/small>\n\n          <\/div>\n\t\t   <\/div>           <\/div>\n\t\t   <\/div> \n     \n      <\/div>\n\t   <\/div>\n<style>\n  .events .card {\n  border: 0;\n  padding: 0 18px;\n  margin-bottom: 60px;\n  position: relative;\n}\n\n.events .card-img {\n  width: calc(100% + 60px);\n  margin-left: -30px;\n  overflow: hidden;\n  z-index: 9;\n  border-radius: 0;\n}\n\n.events .card-img img {\n  max-width: 100%;\n  transition: all 0.3s ease-in-out;\n}\n\n.events .card-body {\n  z-index: 10;\n  background: #fff;\n  border-top: 4px solid #fff;\n  padding: 30px;\n  box-shadow: 0px 2px 15px rgba(0, 0, 0, 0.1);\n  margin-top: -60px;\n  transition: 0.3s;\n}\n\n.events .card-title {\n  font-weight: 700;\n  text-align: center;\n  margin-bottom: 20px;\n}\n\n.events .card-title a {\n  color: #37423b;\n  transition: 0.3s;\n}\n\n.events .card-text {\n  color: #5e5e5e;\n}\n\n.events .read-more a {\n  color: #777777;\n  text-transform: uppercase;\n  font-weight: 600;\n  font-size: 12px;\n  transition: 0.3s;\n}\n\n.events .read-more a:hover {\n  color: #5fcf80;\n}\n\n.events .card:hover img {\n  transform: scale(1.1);\n}\n\n.events .card:hover .card-body {\n  border-color: #f7a744;\n}\n\n.events .card:hover .card-body .card-title a {\n  color: #f7a744;\n}\n<\/style>\n<\/section>\n\n\n\n<div style=\"height:100px\" aria-hidden=\"true\" class=\"wp-block-spacer\"><\/div>\n\n\n\n<h3 class=\"text-center\" style=\"font-size: 24px;\">MEN\u00da <span style=\"color: #3e8e96;\">MIJAS IMPULSA POEFE<\/span><\/h3>\n<div style=\"border-bottom: 1px solid #f7a744; text-align-center: left; font-size: 18px; padding: 10px 0px;\"><\/div>\n<div class=\"row justify-content-center\">\n<div class=\"col-md-4 col-4 p-4 text-center\">\n<img decoding=\"async\" class=\"img-fluid mx-auto d-block\" src=\"https:\/\/www.mijas.es\/wp-content\/uploads\/2021\/05\/icono-raton-e1620224070955.png\" width=\"70px\" height=\"70px\"><p><\/p>\n<p><strong><span style=\"color: #f7a744;\">DOCENTES<\/span><\/strong><\/p>\n<p>Selecci\u00f3n de Docentes<\/p>\n<p><a class=\"btn btn-info\" href=\"https:\/\/www.mijas.es\/portal\/fomento\/listado-de-docentes-mijas-impulsa-fomento-del-empleo\/\">Ir a la p\u00e1gina<\/a><\/p>\n<\/div>\n<div class=\"col-md-4 col-4 p-4 text-center\">\n<img decoding=\"async\" class=\"img-fluid mx-auto d-block\" src=\"https:\/\/www.mijas.es\/wp-content\/uploads\/2021\/05\/bombilla3-e1620224045130.png\" width=\"70px\" height=\"70px\"><p><\/p>\n<p><strong><span style=\"color: #f7a744;\">ALUMNOS<\/span><\/strong><\/p>\n<p>Selecci\u00f3n de Alumnos<\/p>\n<p><a class=\"btn btn-info\" href=\"https:\/\/www.mijas.es\/portal\/fomento\/listado-de-alumnos-mijas-impulsa-fomento-del-empleo\/\">Ir a la p\u00e1gina<\/a><\/p>\n<\/div>\n<div class=\"col-md-4 col-4 p-4 text-center\">\n<img decoding=\"async\" class=\"img-fluid mx-auto d-block\" src=\"https:\/\/www.mijas.es\/wp-content\/uploads\/2021\/05\/icono-usu-e1620224233756.png\" width=\"70px\" height=\"70px\"><p><\/p>\n<p><strong>\n<span style=\"color:  #f7a744;\">ITINERARIOS<\/span><\/strong><\/p>\n<p>Finalizados\/En ejecuci\u00f3n<\/p>\n<p><a class=\"btn btn-info\" href=\"https:\/\/www.mijas.es\/portal\/fomento\/itinerarios-desglose-fomento-de-empleo\/\">Ir a la p\u00e1gina<\/a><\/p>\n<\/div><\/div>\n\n\n\n<div class=\"py-5\">\n    <div class=\"container\">\n      <div class=\"row\">\n        <div class=\"col-lg-8\">\n<h3><strong>\u00c1REA DE FOMENTO DEL EMPLEO AYUNTAMIENTO DE MIJAS<\/strong><\/h3>\n<p>Avd. Andaluc\u00eda n\u00ba 3 \u2013 Las Lagunas -Mijas 29651 (M\u00e1laga)<br>\n<i class=\"fas fa-phone-volume\"><\/i> <strong>Tel\u00e9fono: <\/strong>951 26 02 83\n<br><i class=\"fas fa-envelope\"><\/i> <strong>E-mail: <\/strong><a href=\"mailto:promo.desa@mijas.es\">promo.desa@mijas.es<\/a>\n<br>\n<a href=\"https:\/\/www.facebook.com\/ImpulsaMijas\/\" target=\"_blank\" rel=\"noopener noreferrer\">\n<img decoding=\"async\" class=\"ico\" style=\"width: 27px;\" src=\"https:\/\/www.mijas.es\/wp-content\/themes\/mijas-theme\/assets\/images\/facebook-icon2.png\" alt=\"Facebook:\"> Mijas Impulsa <\/a>\n<\/p>\n<p><\/p>\n<\/div>\n<div class=\"col-lg-8\">\n<img decoding=\"async\" class=\"img-fluid d-block\" src=\"https:\/\/www.mijas.es\/wp-content\/uploads\/2021\/05\/logo-ministerio-1.png\" widht=\"500px\" height=\"\" alt=\"\">\n<\/div>\n<div class=\"col-lg-7\">\n<p class=\"has-text-align-justify  has-normal-font-size\" style=\"font-size:14px;\">\nEl proyecto MIJAS IMPULSA est\u00e1 cofinanciado con el Fondo Social Europeo, dentro de las                                              ayudas previstas en el Programa Operativo de Empleo, Formaci\u00f3n y Educaci\u00f3n (Ayudas AP                                     POEFE), destinadas a Entidades Locales para la inserci\u00f3n de las personas m\u00e1s vulnerables,                                           recogida en la Orden PRA \/37\/2018 de 16 de Enero de 2018 BOE n\u00ba 21 de 24 Enero 2018<\/p>\n<\/div>\n<\/div><\/div><\/div>\n","protected":false},"excerpt":{"rendered":"<p>&nbsp;&nbsp;&nbsp;&nbsp;&nbsp;&nbsp;&nbsp;&nbsp;&nbsp; &nbsp;&nbsp;&nbsp;&nbsp;&nbsp;&nbsp;&nbsp;&nbsp;&nbsp;&nbsp;&nbsp;&nbsp;&nbsp;&nbsp; INFORM\u00c1TICA Y COMUNICACI\u00d3N MIJAS IMPULSA &#8211; POEFE ITINERARIO: COMMUNITY MANAGER Y CREACI\u00d3N DE P\u00c1GINAS WEB<\/p>\n","protected":false},"author":17,"featured_media":0,"parent":40132,"menu_order":0,"comment_status":"closed","ping_status":"closed","template":"page-departamental.php","meta":[],"_links":{"self":[{"href":"https:\/\/www.mijas.es\/portal\/wp-json\/wp\/v2\/pages\/38522"}],"collection":[{"href":"https:\/\/www.mijas.es\/portal\/wp-json\/wp\/v2\/pages"}],"about":[{"href":"https:\/\/www.mijas.es\/portal\/wp-json\/wp\/v2\/types\/page"}],"author":[{"embeddable":true,"href":"https:\/\/www.mijas.es\/portal\/wp-json\/wp\/v2\/users\/17"}],"replies":[{"embeddable":true,"href":"https:\/\/www.mijas.es\/portal\/wp-json\/wp\/v2\/comments?post=38522"}],"version-history":[{"count":29,"href":"https:\/\/www.mijas.es\/portal\/wp-json\/wp\/v2\/pages\/38522\/revisions"}],"predecessor-version":[{"id":42981,"href":"https:\/\/www.mijas.es\/portal\/wp-json\/wp\/v2\/pages\/38522\/revisions\/42981"}],"up":[{"embeddable":true,"href":"https:\/\/www.mijas.es\/portal\/wp-json\/wp\/v2\/pages\/40132"}],"wp:attachment":[{"href":"https:\/\/www.mijas.es\/portal\/wp-json\/wp\/v2\/media?parent=38522"}],"curies":[{"name":"wp","href":"https:\/\/api.w.org\/{rel}","templated":true}]}}