{"id":37900,"date":"2021-05-04T13:20:12","date_gmt":"2021-05-04T12:20:12","guid":{"rendered":"https:\/\/www.mijas.es\/portal\/?page_id=37900"},"modified":"2021-08-12T15:16:08","modified_gmt":"2021-08-12T14:16:08","slug":"galeria-de-fotos-mijas-impulsa","status":"publish","type":"page","link":"https:\/\/www.mijas.es\/portal\/fomento-empleo\/galeria-de-fotos-mijas-impulsa\/","title":{"rendered":"Galer\u00eda de Fotos Mijas Impulsa POEFE &#8211; Fomento del Empleo"},"content":{"rendered":"\n<div class=\"py-5 text-center text-white h-90 align-items-center d-flex\">\n<img decoding=\"async\" class=\"img-fluid d-block\" src=\"https:\/\/www.mijas.es\/wp-content\/uploads\/2021\/05\/cabecera-mijas-impulsa.png\">\n<\/div>\n\n\n\n<div class=\"py-5 text-center\">\n<div class=\"container\">\n<div class=\"row\">\n<div class=\"mx-auto col-md-10\"><i class=\"far fa-star fa-lg fa-3x\" style=\"color: #f7a744;\"><\/i><p><\/p>\n<h1 style=\"font-size: 24px;\">GALERIA FOTOGR\u00c1FICA<\/h1>\n<h1 style=\"font-size: 24px; color: #3e8e96;\">ITINERARIOS MIJAS IMPULSA POEFE<\/h1>\n<p><\/p>\n <p class=\"text-muted\">Fotos de itinerarios impartidos por Mijas Impulsa POEFE<\/p>\n<p><\/p>\n      <a href=\"https:\/\/www.mijas.es\/portal\/fomento\/mijas-impulsa-fomento-de-empleo\/\" class=\"btn btn-outline-secondary\">INSCRIPCI\u00d3N ITINERARIOS<\/a>&nbsp;&nbsp;&nbsp;\n<a class=\"btn btn-info\" href=\"https:\/\/www.mijas.es\/portal\/fomento\/itinerarios-desglose-fomento-de-empleo\/\">ITINERARIOS<\/a>&nbsp;&nbsp;&nbsp;\n<a class=\"btn btn-secondary\" href=\"https:\/\/www.mijas.es\/portal\/fomento\/informacion-mijas-impulsa\/\">INFORMACI\u00d3N MIJAS IMPULSA<\/a><p><\/p>\n<\/div><\/div><\/div><\/div>\n\n\n\n<div class=\"wp-block-jetpack-tiled-gallery aligncenter is-style-rectangular\"><div class=\"tiled-gallery__gallery\"><div class=\"tiled-gallery__row\"><div class=\"tiled-gallery__col\" style=\"flex-basis:64.99952%\"><figure class=\"tiled-gallery__item\"><img decoding=\"async\" alt=\"\" data-height=\"720\" data-id=\"35933\" data-link=\"https:\/\/www.mijas.es\/portal\/20210405-cursos-formacion-laura-moreno\/\" data-url=\"https:\/\/www.mijas.es\/wp-content\/uploads\/2021\/04\/20210405-CURSOS-FORMACION.-LAURA-MORENO.jpeg\" data-width=\"1080\" src=\"https:\/\/i2.wp.com\/www.mijas.es\/wp-content\/uploads\/2021\/04\/20210405-CURSOS-FORMACION.-LAURA-MORENO.jpeg?ssl=1\" data-amp-layout=\"responsive\"\/><\/figure><\/div><div class=\"tiled-gallery__col\" style=\"flex-basis:35.00048%\"><figure class=\"tiled-gallery__item\"><img decoding=\"async\" alt=\"\" data-height=\"577\" data-id=\"32795\" data-link=\"https:\/\/www.mijas.es\/portal\/20200921-curso-fomento-empleo-laura-moreno\/\" data-url=\"https:\/\/www.mijas.es\/wp-content\/uploads\/2020\/09\/20200921-CURSO-FOMENTO-EMPLEO.-LAURA-MORENO.jpeg\" data-width=\"1024\" src=\"https:\/\/i1.wp.com\/www.mijas.es\/wp-content\/uploads\/2020\/09\/20200921-CURSO-FOMENTO-EMPLEO.-LAURA-MORENO.jpeg?ssl=1\" data-amp-layout=\"responsive\"\/><\/figure><figure class=\"tiled-gallery__item\"><img decoding=\"async\" alt=\"\" data-height=\"683\" data-id=\"32756\" data-link=\"https:\/\/www.mijas.es\/portal\/20200917-curso-mijas-impulsa-josele-gonzalez-y-laura-moreno\/\" data-url=\"https:\/\/www.mijas.es\/wp-content\/uploads\/2020\/09\/20200917-CURSO-MIJAS-IMPULSA.-JOSELE-GONZALEZ-Y-LAURA-MORENO.jpeg\" data-width=\"1024\" src=\"https:\/\/i2.wp.com\/www.mijas.es\/wp-content\/uploads\/2020\/09\/20200917-CURSO-MIJAS-IMPULSA.-JOSELE-GONZALEZ-Y-LAURA-MORENO.jpeg?ssl=1\" data-amp-layout=\"responsive\"\/><\/figure><\/div><\/div><div class=\"tiled-gallery__row\"><div class=\"tiled-gallery__col\" style=\"flex-basis:25.23195%\"><figure class=\"tiled-gallery__item\"><img decoding=\"async\" alt=\"\" data-height=\"3648\" data-id=\"28245\" data-link=\"https:\/\/www.mijas.es\/portal\/cultura-presenta-el-taller-gratuito-de-iluminacion-fotografica-de-jeronimo-alba\/20191010-curso-mijas-impulsa\/\" data-url=\"https:\/\/www.mijas.es\/wp-content\/uploads\/2019\/10\/20191010-CURSO-MIJAS-IMPULSA.jpg\" data-width=\"5472\" src=\"https:\/\/i2.wp.com\/www.mijas.es\/wp-content\/uploads\/2019\/10\/20191010-CURSO-MIJAS-IMPULSA.jpg?ssl=1\" data-amp-layout=\"responsive\"\/><\/figure><\/div><div class=\"tiled-gallery__col\" style=\"flex-basis:22.44854%\"><figure class=\"tiled-gallery__item\"><img decoding=\"async\" alt=\"\" data-height=\"3024\" data-id=\"29755\" data-link=\"https:\/\/www.mijas.es\/portal\/el-turismo-britanico-crece-en-mijas-pueblo-un-36-por-ciento-a-pesar-del-brexit\/curso-dinamizacion\/\" data-url=\"https:\/\/www.mijas.es\/wp-content\/uploads\/2020\/01\/Curso-Dinamizaci\u00f3n.jpeg\" data-width=\"4032\" src=\"https:\/\/i2.wp.com\/www.mijas.es\/wp-content\/uploads\/2020\/01\/Curso-Dinamizaci%C3%B3n.jpeg?ssl=1\" data-amp-layout=\"responsive\"\/><\/figure><\/div><div class=\"tiled-gallery__col\" style=\"flex-basis:29.87097%\"><figure class=\"tiled-gallery__item\"><img decoding=\"async\" alt=\"\" data-height=\"900\" data-id=\"33525\" data-link=\"https:\/\/www.mijas.es\/portal\/20201116-curso-cio-mijas-josele-gonzalez-carmen-sanchez-laura-moreno-jose-carlos-martin\/\" data-url=\"https:\/\/www.mijas.es\/wp-content\/uploads\/2020\/11\/20201116-CURSO-CIO-MIJAS.-JOSELE-GONZALEZ-CARMEN-SANCHEZ-LAURA-MORENO-JOSE-CARLOS-MARTIN.jpeg\" data-width=\"1600\" src=\"https:\/\/i1.wp.com\/www.mijas.es\/wp-content\/uploads\/2020\/11\/20201116-CURSO-CIO-MIJAS.-JOSELE-GONZALEZ-CARMEN-SANCHEZ-LAURA-MORENO-JOSE-CARLOS-MARTIN.jpeg?ssl=1\" data-amp-layout=\"responsive\"\/><\/figure><\/div><div class=\"tiled-gallery__col\" style=\"flex-basis:22.44854%\"><figure class=\"tiled-gallery__item\"><img decoding=\"async\" alt=\"Curso Fontaneria Mijas Impulsa\" data-height=\"480\" data-id=\"36499\" data-link=\"https:\/\/www.mijas.es\/portal\/curso-fontaneria-mijas-impulsa\/\" data-url=\"https:\/\/www.mijas.es\/wp-content\/uploads\/2021\/04\/curso-fontaneria-mijas-impulsa.jpg\" data-width=\"640\" src=\"https:\/\/i0.wp.com\/www.mijas.es\/wp-content\/uploads\/2021\/04\/curso-fontaneria-mijas-impulsa.jpg?ssl=1\" data-amp-layout=\"responsive\"\/><\/figure><\/div><\/div><\/div><\/div>\n\n\n\n<div class=\"wp-block-jetpack-tiled-gallery aligncenter is-style-rectangular\"><div class=\"tiled-gallery__gallery\"><div class=\"tiled-gallery__row\"><div class=\"tiled-gallery__col\" style=\"flex-basis:43.86415%\"><figure class=\"tiled-gallery__item\"><img decoding=\"async\" alt=\"\" data-height=\"1920\" data-id=\"37916\" data-link=\"https:\/\/www.mijas.es\/portal\/20190716_111905\/\" data-url=\"https:\/\/www.mijas.es\/wp-content\/uploads\/2021\/05\/20190716_111905-scaled.jpg\" data-width=\"2560\" src=\"https:\/\/i2.wp.com\/www.mijas.es\/wp-content\/uploads\/2021\/05\/20190716_111905-scaled.jpg?ssl=1\" data-amp-layout=\"responsive\"\/><\/figure><figure class=\"tiled-gallery__item\"><img decoding=\"async\" alt=\"\" data-height=\"1920\" data-id=\"37915\" data-link=\"https:\/\/www.mijas.es\/portal\/catering-1\/\" data-url=\"https:\/\/www.mijas.es\/wp-content\/uploads\/2021\/05\/Catering-1-scaled.jpg\" data-width=\"2560\" src=\"https:\/\/i0.wp.com\/www.mijas.es\/wp-content\/uploads\/2021\/05\/Catering-1-scaled.jpg?ssl=1\" data-amp-layout=\"responsive\"\/><\/figure><\/div><div class=\"tiled-gallery__col\" style=\"flex-basis:56.13585%\"><figure class=\"tiled-gallery__item\"><img decoding=\"async\" alt=\"\" data-height=\"843\" data-id=\"37914\" data-link=\"https:\/\/www.mijas.es\/portal\/collage-limpieza-2\/\" data-url=\"https:\/\/www.mijas.es\/wp-content\/uploads\/2021\/05\/Collage-Limpieza.jpg\" data-width=\"715\" src=\"https:\/\/i1.wp.com\/www.mijas.es\/wp-content\/uploads\/2021\/05\/Collage-Limpieza.jpg?ssl=1\" data-amp-layout=\"responsive\"\/><\/figure><\/div><\/div><div class=\"tiled-gallery__row\"><div class=\"tiled-gallery__col\" style=\"flex-basis:66.77402%\"><figure class=\"tiled-gallery__item\"><img decoding=\"async\" alt=\"\" data-height=\"1920\" data-id=\"37913\" data-link=\"https:\/\/www.mijas.es\/portal\/all-focus-2\/\" data-url=\"https:\/\/www.mijas.es\/wp-content\/uploads\/2021\/05\/IMG_20191220_120707-scaled.jpg\" data-width=\"2560\" src=\"https:\/\/i2.wp.com\/www.mijas.es\/wp-content\/uploads\/2021\/05\/IMG_20191220_120707-scaled.jpg?ssl=1\" data-amp-layout=\"responsive\"\/><\/figure><\/div><div class=\"tiled-gallery__col\" style=\"flex-basis:33.22598%\"><figure class=\"tiled-gallery__item\"><img decoding=\"async\" alt=\"\" data-height=\"1536\" data-id=\"37912\" data-link=\"https:\/\/www.mijas.es\/portal\/img-20191126-wa0001\/\" data-url=\"https:\/\/www.mijas.es\/wp-content\/uploads\/2021\/05\/IMG-20191126-WA0001.jpg\" data-width=\"2048\" src=\"https:\/\/i1.wp.com\/www.mijas.es\/wp-content\/uploads\/2021\/05\/IMG-20191126-WA0001.jpg?ssl=1\" data-amp-layout=\"responsive\"\/><\/figure><figure class=\"tiled-gallery__item\"><img decoding=\"async\" alt=\"\" data-height=\"1200\" data-id=\"37911\" data-link=\"https:\/\/www.mijas.es\/portal\/atencion-socio-1\/\" data-url=\"https:\/\/www.mijas.es\/wp-content\/uploads\/2021\/05\/Atencion-Socio-1.jpg\" data-width=\"1600\" src=\"https:\/\/i0.wp.com\/www.mijas.es\/wp-content\/uploads\/2021\/05\/Atencion-Socio-1.jpg?ssl=1\" data-amp-layout=\"responsive\"\/><\/figure><\/div><\/div><\/div><\/div>\n\n\n\n<div style=\"height:46px\" aria-hidden=\"true\" class=\"wp-block-spacer\"><\/div>\n\n\n\n<section id=\"events\" class=\"events\">       \n<div class=\"album py-5\">\n \t<div class=\"container\">\n \t<div class=\"row\">\n \t<div class=\"col-md-6\">\n \t<div class=\"card mb-6 shadow-sm\"> \n \t<img decoding=\"async\" class=\"bd-placeholder-img card-img-top\" width=\"100%\" height=\"225\" src=\"https:\/\/www.mijas.es\/wp-content\/uploads\/2021\/05\/curso-administrativo2.jpg\" alt=\"curso administrativo mijas impulsa poefe\">\n \t<div class=\"card-body\">\n               <div class=\"course-content\">\n \t<p class=\"card-text\"><span style=\"color:  #3e8e96;\"><strong>Auxiliar Administrativo<br>2\u00aa Edici\u00f3n&nbsp;&nbsp;<\/strong><\/span>\n \t<\/p>\n \t<div class=\"d-flex justify-content-between align-items-center\">\n \t\n \t<small class=\"text-muted\"><\/small>\n \t<\/div>\n \t<\/div>\n \t<\/div>\n \t<\/div><\/div>\n \t<div class=\"col-md-6\">\n \t<div class=\"card mb-6 shadow-sm\">\n \t<img decoding=\"async\" class=\"bd-placeholder-img card-img-top\" width=\"100%\" height=\"225\" src=\"https:\/\/www.mijas.es\/wp-content\/uploads\/2021\/05\/camarero2.jpg\" alt=\"curso atenci\u00f3n en restauraci\u00f3n con ingl\u00e9s mijas impulsa poefe\">\n \t<div class=\"card-body\">\n \t<p class=\"card-text\"><span style=\"color:  #3e8e96;\"><strong>Atenci\u00f3n en Restauraci\u00f3n con Ingl\u00e9s (camarero) 2\u00aa Edici\u00f3n<\/strong><\/span>\n \t<\/p>\n \t \t<div class=\"d-flex justify-content-between align-items-center\">\n \t \t<small class=\"text-muted\"><\/small>\n \t<\/div>\n \t<\/div>\n \t<\/div>\n \t<\/div>\n \t<div class=\"col-md-6\">\n \t<div class=\"card mb-6 shadow-sm\">\n \t<img decoding=\"async\" class=\"bd-placeholder-img card-img-top\" width=\"100%\" height=\"225\" src=\"https:\/\/www.mijas.es\/wp-content\/uploads\/2021\/05\/limpieza-2021.jpg\" alt=\"curso limpieza de establecimientos tur\u00edsticos mijas impulsa poefe\">\n \t<div class=\"card-body\">\n \t \t<p class=\"card-text\"><span style=\"color: #f7a744;\"><strong>Limpieza de Establecimientos Tur\u00edsticos 2\u00aa Edici\u00f3n <\/strong><\/span><\/p>\n \t\n \t<div class=\"d-flex justify-content-between align-items-center\">\n \t\n \t<small class=\"text-muted\"><\/small>\n \t<\/div>\n \t<\/div>\n \t<\/div>\n \t<\/div>\n \t<div class=\"col-md-6\">\n \t<div class=\"card mb-6 shadow-sm\">\n \t<img decoding=\"async\" class=\"bd-placeholder-img card-img-top\" width=\"100%\" height=\"225\" src=\"https:\/\/www.mijas.es\/wp-content\/uploads\/2021\/05\/jardinero-2021.jpg\" alt=\"curso jardinero de zonas tur\u00edsticas mijas impulsa poefe\">\n \t<div class=\"card-body\">\n \t<p class=\"card-text\"><span style=\"color: #f7a744;\"><strong>Jardinero de Zonas Tur\u00edsticas <BR>2\u00aa Edici\u00f3n<\/strong><\/span><\/p>\n \t\n \t<div class=\"d-flex justify-content-between align-items-center\">\n \t\n \t<small class=\"text-muted\"><\/small>\n \t<\/div>\n \t<\/div>\n \t<\/div>\n \t<\/div>\n \t<div class=\"col-md-6\">\n \t<div class=\"card mb-6 shadow-sm\">\n \t<img decoding=\"async\" class=\"bd-placeholder-img card-img-top\" width=\"100%\" height=\"225\" src=\"https:\/\/www.mijas.es\/wp-content\/uploads\/2021\/05\/cursocomunity.jpg\" alt=\"curso community manader mijas impulsa poefe\">\n \t<div class=\"card-body\">\n \t<p class=\"card-text\"><span style=\"color:  #3e8e96;\"><strong>Community Manager <br>1\u00aa Edici\u00f3n&nbsp;<\/strong><\/span><\/p>\n \t\n \t<div class=\"d-flex justify-content-between align-items-center\">\n \t\n \t<small class=\"text-muted\"><\/small>\n \t<\/div>\n \t<\/div>\n \t<\/div>\n \t<\/div>\n \t<div class=\"col-md-6\">\n \t<div class=\"card mb-6 shadow-sm\">\n \t<img decoding=\"async\" class=\"bd-placeholder-img card-img-top\" width=\"100%\" height=\"225\" src=\" https:\/\/www.mijas.es\/wp-content\/uploads\/2021\/05\/fontanero2.jpg\" alt=\"curso fontaneria y climatizaci\u00f3n mijas impulsa poefe\">\n \t<div class=\"card-body\">\n \t<p class=\"card-text\"><span style=\"color:  #3e8e96;\"><strong>Fontaner\u00eda y Climatizaci\u00f3n <br>1\u00aa Edici\u00f3n<\/strong><\/span>\n \t<\/p>\n \t\n \t<div class=\"d-flex justify-content-between align-items-center\">\n \t\n \t<small class=\"text-muted\"><\/small>\n \t<\/div>\n \t<\/div>\n \t<\/div>\n \t<\/div>\n \t<div class=\"col-md-6\">\n \t<div class=\"card mb-6 shadow-sm\">\n \t<img decoding=\"async\" class=\"bd-placeholder-img card-img-top\" width=\"100%\" height=\"225\" src=\" https:\/\/www.mijas.es\/wp-content\/uploads\/2021\/05\/dinamizador-tiempo-libre-scaled.jpg\" alt=\"curso dinamizador de tiempo libre mijas impulsa poefe\">\n \t<div class=\"card-body\">\n \t<p class=\"card-text\"><span style=\"color: #f7a744;\"><strong>Dinamizador de Tiempo Libre <BR>2\u00aa Edici\u00f3n<\/strong> <\/span><\/p>\n \t\n \t<div class=\"d-flex justify-content-between align-items-center\">\n \t\n \t<small class=\"text-muted\"><\/small>\n \t<\/div>\n \t<\/div>\n \t<\/div>\n \t<\/div>\n \t<div class=\"col-md-6\">\n \t<div class=\"card mb-6 shadow-sm\">\n \t<img decoding=\"async\" class=\"bd-placeholder-img card-img-top\" width=\"100%\" height=\"225\" src=\"https:\/\/www.mijas.es\/wp-content\/uploads\/2020\/08\/20200821-CURSO-CAMARERO.-FOMENTO-EMPLEO.jpeg\" alt=\"curso atenci\u00f3n en restauraci\u00f3n con ingl\u00e9s mijas impulsa poefe\">\n \t<div class=\"card-body\">\n \t<p class=\"card-text\"><span style=\"color: #f7a744;\"><strong>Atenci\u00f3n en Restauraci\u00f3n con ingl\u00e9s (camarero) 1\u00aa Edici\u00f3n <\/strong><\/span><\/p>\n \t\n \t<div class=\"d-flex justify-content-between align-items-center\">\n \t\n \t<small class=\"text-muted\"><\/small>\n \t<\/div>\n \t<\/div>\n \t<\/div>\n \t<\/div>\n \t<div class=\"col-md-6\">\n \t<div class=\"card mb-6 shadow-sm\">\n \t<img decoding=\"async\" class=\"bd-placeholder-img card-img-top\" width=\"100%\" height=\"225\" src=\"https:\/\/www.mijas.es\/wp-content\/uploads\/2021\/04\/20190716_094612-scaled.jpg\" alt=\"curso dinamizador de tiempo libre mijas impulsa poefe\">\n \t<div class=\"card-body\">\n \t<p class=\"card-text\"><span style=\"color:  #3e8e96;\"><strong>Dinamizador de Tiempo Libre <BR>1\u00aa Edici\u00f3n<\/strong><\/span>\n \t<\/p>\n \t\n \t<div class=\"d-flex justify-content-between align-items-center\">\n \t\n \t<small class=\"text-muted\"><\/small>\n \t<\/div>\n \t<\/div>\n \t<\/div>\n \t<\/div>\n \t<div class=\"col-md-6\">\n \t<div class=\"card mb-6 shadow-sm\">\n \t<img decoding=\"async\" class=\"bd-placeholder-img card-img-top\" width=\"100%\" height=\"225\" src=\"https:\/\/www.mijas.es\/wp-content\/uploads\/2021\/04\/Auxi-Admin-1-scaled.jpeg\" alt=\"curso auxiliar administrativo mijas impulsa poefe\">\n \t<div class=\"card-body\">\n \t<p class=\"card-text\"><span style=\"color: #3e8e96;\"><strong>Auxiliar Administrativo<br>1\u00aa Edici\u00f3n<\/strong><\/span>\n \t<\/p>\n \t\n \t<div class=\"d-flex justify-content-between align-items-center\">\n \t\n \t<small class=\"text-muted\"><\/small>\n \t<\/div>\n \t<\/div>\n \t<\/div>\n \t<\/div>\n \t<div class=\"col-md-6\">\n \t<div class=\"card mb-6 shadow-sm\">\n \t<img decoding=\"async\" class=\"bd-placeholder-img card-img-top\" width=\"100%\" height=\"225\" src=\"https:\/\/www.mijas.es\/wp-content\/uploads\/2021\/04\/clase-limpieza-1-scaled.jpeg\" alt=\"curso limpieza de superficies mijas impulsa poefe\">\n \t<div class=\"card-body\">\n \t<p class=\"card-text\"><span style=\"color: #f7a744;\"><strong>Limpieza de Superficies<br>1\u00aa Edici\u00f3n <\/strong><\/span>\n \t<\/p>\n \t\n \t<div class=\"d-flex justify-content-between align-items-center\">\n \t\n \t<small class=\"text-muted\"><\/small>\n \t<\/div>\n \t<\/div>\n \t<\/div>\n \t<\/div>\n \t<div class=\"col-md-6\">\n \t<div class=\"card mb-6 shadow-sm\">\n \t<img decoding=\"async\" class=\"bd-placeholder-img card-img-top\" width=\"100%\" height=\"225\" src=\"https:\/\/www.mijas.es\/wp-content\/uploads\/2021\/04\/IMG-20191118-WA0001.jpg\" alt=\"curso jardinero de zonas tur\u00edsticas mijas impulsa poefe\">\n \t<div class=\"card-body\">\n \t<p class=\"card-text\"><span style=\"color: #f7a744;\"><strong>Jardinero de Zonas Tur\u00edsticas <BR>1\u00aa Edici\u00f3n<\/strong><\/span>\n \t<\/p>\n \t\n \t<div class=\"d-flex justify-content-between align-items-center\">\n \t\n \t<small class=\"text-muted\"><\/small>\n \t<\/div>\n \t<\/div>\n \t<\/div>\n \t<\/div>\n \t<div class=\"col-md-6\">\n \t<div class=\"card mb-6 shadow-sm\">\n \t<img decoding=\"async\" class=\"bd-placeholder-img card-img-top\" width=\"100%\" height=\"225\" src=\"https:\/\/www.mijas.es\/wp-content\/uploads\/2021\/04\/Atencion-Socio-2.png \" alt=\"curso atenci\u00f3n sociosanitaria mijas impulsa poefe\">\n \t<div class=\"card-body\">\n \t<p class=\"card-text\"><span style=\"color: #3e8e96;\"><strong>Atenci\u00f3n Sociosanitaria<br>1\u00aa Edici\u00f3n<\/strong><\/span>\n \t<\/p>\n \t\n \t<div class=\"d-flex justify-content-between align-items-center\">\n \t\n \t<small class=\"text-muted\"><\/small>\n \t<\/div>\n \t<\/div>\n \t<\/div>\n \t<\/div>\n \t<div class=\"col-md-6\">\n \t<div class=\"card mb-6 shadow-sm\">\n \t<img decoding=\"async\" class=\"bd-placeholder-img card-img-top\" width=\"100%\" height=\"225\" src=\"https:\/\/www.mijas.es\/wp-content\/uploads\/2021\/04\/IMG_20191220_131907-scaled.jpg\" alt=\"curso operaciones b\u00e1sicas de catering mijas impulsa poefe\">\n \t<div class=\"card-body\">\n \t<p class=\"card-text\"><span style=\"color: #3e8e96;\"><strong>Operaciones b\u00e1sicas de Catering 1\u00aa Edici\u00f3n<\/strong><\/span>\n \t<\/p>\n \t\n \t<div class=\"d-flex justify-content-between align-items-center\">\n \t\n \t<small class=\"text-muted\"><\/small>\n \t<\/div>\n \t<\/div>\n \t<\/div>\n \t<\/div>\n \t<div class=\"col-md-6\">\n \t<div class=\"card mb-6 shadow-sm\">\n \t<img decoding=\"async\" class=\"bd-placeholder-img card-img-top\" width=\"100%\" height=\"225\" src=\"https:\/\/www.mijas.es\/wp-content\/uploads\/2021\/04\/IMG-20191227-WA0006.jpg\" alt=\"curso limpieza de establecimientos mijas impulsa poefe\">\n \t<div class=\"card-body\">\n \t<p class=\"card-text\"><span style=\"color: #f7a744;\"><strong>Limpieza de Establecimientos Tur\u00edsticos 1\u00aa Edici\u00f3n<\/strong><\/span>\n \t<\/p>\n \t \t<div class=\"d-flex justify-content-between align-items-center\">\n \t \t<small class=\"text-muted\"><\/small>\n \t<\/div>\n \t<\/div>\n \t<\/div>\n \t<\/div>\n \t \t<\/div>\n \t<\/div>\n<\/section>\n\n\n\n<div style=\"height:20px\" aria-hidden=\"true\" class=\"wp-block-spacer\"><\/div>\n\n\n\n<style>\n  .events .card {\n  border: 0;\n  padding: 0 20px;\n  margin-bottom: 60px;\n  position: relative;\n}\n\n.events .card-img {\n  width: calc(100% + 60px);\n  margin-left: -30px;\n  overflow: hidden;\n  z-index: 9;\n  border-radius: 0;\n}\n\n.events .card-img img {\n  max-width: 100%;\n  transition: all 0.3s ease-in-out;\n}\n\n.events .card-body {\n  z-index: 10;\n  background: #fff;\n  border-top: 4px solid #fff;\n  padding: 30px;\n  box-shadow: 0px 2px 15px rgba(0, 0, 0, 0.1);\n  margin-top: -60px;\n  transition: 0.3s;\n}\n\n.events .card-title {\n  font-weight: 700;\n  text-align: center;\n  margin-bottom: 20px;\n}\n\n.events .card-title a {\n  color: #37423b;\n  transition: 0.3s;\n}\n\n.events .card-text {\n  color: #5e5e5e;\n}\n\n.events .read-more a {\n  color: #777777;\n  text-transform: uppercase;\n  font-weight: 600;\n  font-size: 12px;\n  transition: 0.3s;\n}\n\n.events .read-more a:hover {\n  color: #5fcf80;\n}\n\n.events .card:hover img {\n  transform: scale(1.1);\n}\n\n.events .card:hover .card-body {\n  border-color: #f7a744;\n}\n\n.events .card:hover .card-body .card-title a {\n  color: #f7a744;\n}\n<\/style>\n\n\n\n<div class=\"py-5\">\n    <div class=\"container\">\n      <div class=\"row\">\n        <div class=\"col-lg-8\">\n<h3><strong>\u00c1REA DE FOMENTO DEL EMPLEO AYUNTAMIENTO DE MIJAS<\/strong><\/h3>\n<p>Avd. Andaluc\u00eda n\u00ba 3 \u2013 Las Lagunas -Mijas 29651 (M\u00e1laga)<br>\n<i class=\"fas fa-phone-volume\"><\/i> <strong>Tel\u00e9fono: <\/strong>951 26 02 83\n<br><i class=\"fas fa-envelope\"><\/i> <strong>E-mail: <\/strong><a href=\"mailto:promo.desa@mijas.es\">promo.desa@mijas.es<\/a>\n<br>\n<a href=\"https:\/\/www.facebook.com\/ImpulsaMijas\/\" target=\"_blank\" rel=\"noopener noreferrer\">\n<img decoding=\"async\" class=\"ico\" style=\"width: 27px;\" src=\"https:\/\/www.mijas.es\/wp-content\/themes\/mijas-theme\/assets\/images\/facebook-icon2.png\" alt=\"Facebook:\"> Mijas Impulsa <\/a>\n<\/p>\n<p><\/p><\/div>\n<div class=\"col-lg-8\">\n<img decoding=\"async\" class=\"img-fluid d-block\" src=\"https:\/\/www.mijas.es\/wp-content\/uploads\/2021\/05\/logo-ministerio-1.png\" widht=\"500px\" height=\"\" alt=\"\"><\/div>\n<div class=\"col-lg-7\">\n<p class=\"has-text-align-justify  has-normal-font-size\" style=\"font-size:14px;\">\nEl proyecto MIJAS IMPULSA est\u00e1 cofinanciado con el Fondo Social Europeo, dentro de las                                              ayudas previstas en el Programa Operativo de Empleo, Formaci\u00f3n y Educaci\u00f3n (Ayudas AP                                     POEFE), destinadas a Entidades Locales para la inserci\u00f3n de las personas m\u00e1s vulnerables,                                           recogida en la Orden PRA \/37\/2018 de 16 de Enero de 2018 BOE n\u00ba 21 de 24 Enero 2018<\/p>\n<\/div><\/div><\/div><\/div><\/div>\n","protected":false},"excerpt":{"rendered":"<p>GALERIA FOTOGR\u00c1FICA ITINERARIOS MIJAS IMPULSA POEFE Fotos de itinerarios impartidos por Mijas Impulsa POEFE INSCRIPCI\u00d3N ITINERARIOS&nbsp;&nbsp;&nbsp; ITINERARIOS&nbsp;&nbsp;&nbsp; INFORMACI\u00d3N MIJAS IMPULSA Auxiliar Administrativo2\u00aa Edici\u00f3n&nbsp;&nbsp; Atenci\u00f3n en Restauraci\u00f3n con Ingl\u00e9s (camarero) 2\u00aa Edici\u00f3n Limpieza de Establecimientos Tur\u00edsticos 2\u00aa Edici\u00f3n Jardinero de Zonas Tur\u00edsticas 2\u00aa Edici\u00f3n Community Manager 1\u00aa Edici\u00f3n&nbsp; Fontaner\u00eda y Climatizaci\u00f3n 1\u00aa Edici\u00f3n Dinamizador de Tiempo [&hellip;]<\/p>\n","protected":false},"author":17,"featured_media":0,"parent":40132,"menu_order":0,"comment_status":"closed","ping_status":"closed","template":"page-departamental.php","meta":[],"_links":{"self":[{"href":"https:\/\/www.mijas.es\/portal\/wp-json\/wp\/v2\/pages\/37900"}],"collection":[{"href":"https:\/\/www.mijas.es\/portal\/wp-json\/wp\/v2\/pages"}],"about":[{"href":"https:\/\/www.mijas.es\/portal\/wp-json\/wp\/v2\/types\/page"}],"author":[{"embeddable":true,"href":"https:\/\/www.mijas.es\/portal\/wp-json\/wp\/v2\/users\/17"}],"replies":[{"embeddable":true,"href":"https:\/\/www.mijas.es\/portal\/wp-json\/wp\/v2\/comments?post=37900"}],"version-history":[{"count":28,"href":"https:\/\/www.mijas.es\/portal\/wp-json\/wp\/v2\/pages\/37900\/revisions"}],"predecessor-version":[{"id":42718,"href":"https:\/\/www.mijas.es\/portal\/wp-json\/wp\/v2\/pages\/37900\/revisions\/42718"}],"up":[{"embeddable":true,"href":"https:\/\/www.mijas.es\/portal\/wp-json\/wp\/v2\/pages\/40132"}],"wp:attachment":[{"href":"https:\/\/www.mijas.es\/portal\/wp-json\/wp\/v2\/media?parent=37900"}],"curies":[{"name":"wp","href":"https:\/\/api.w.org\/{rel}","templated":true}]}}