{"id":37548,"date":"2021-04-29T15:50:09","date_gmt":"2021-04-29T14:50:09","guid":{"rendered":"https:\/\/www.mijas.es\/portal\/?page_id=37548"},"modified":"2022-07-12T15:08:37","modified_gmt":"2022-07-12T14:08:37","slug":"actividades-en-anos-anteriores","status":"publish","type":"page","link":"https:\/\/www.mijas.es\/portal\/extranjeros\/actividades-en-anos-anteriores\/","title":{"rendered":"Actividades en A\u00f1os Anteriores"},"content":{"rendered":"<div class=\"div_qtranslate_flags\" style=\"float: left;\"><a href=\"?lang=es\"><img decoding=\"async\" class=\"wp-image-37482\" src=\"https:\/\/www.mijas.es\/wp-content\/uploads\/2021\/04\/es.png\" alt=\"\" \/><\/a><a href=\"?lang=en\"><img decoding=\"async\" class=\"wp-image-37482\" src=\"https:\/\/www.mijas.es\/wp-content\/uploads\/2021\/04\/gb.png\" alt=\"\" \/><\/a><a href=\"?lang=de\"><img decoding=\"async\" class=\"wp-image-37482\" src=\"https:\/\/www.mijas.es\/wp-content\/uploads\/2021\/04\/de.png\" alt=\"\" \/><\/a><a href=\"?lang=fr\"><img decoding=\"async\" class=\"wp-image-37482\" src=\"https:\/\/www.mijas.es\/wp-content\/plugins\/qtranslate-x\/flags\/fr.png\" alt=\"\" \/><\/a><\/div>\n\n\n<div class=\"wp-block-image\"><figure class=\"aligncenter size-large\"><img decoding=\"async\" width=\"567\" height=\"188\" src=\"https:\/\/www.mijas.es\/wp-content\/uploads\/2021\/04\/Dept-Extranjeros.jpg\" alt=\"\" class=\"wp-image-37482\" srcset=\"https:\/\/www.mijas.es\/wp-content\/uploads\/2021\/04\/Dept-Extranjeros.jpg 567w, https:\/\/www.mijas.es\/wp-content\/uploads\/2021\/04\/Dept-Extranjeros-300x99.jpg 300w\" sizes=\"(max-width: 567px) 100vw, 567px\" \/><\/figure><\/div>\n\n\n\n<p class=\"has-text-align-center\"><strong>ACTIVIDADES EN A\u00d1OS ANTERIORES<\/strong><\/p>\n\n\n\n<p>A lo largo de los m\u00e1s de 30 a\u00f1os se han organizado varios grandes eventos internacionales. Estos eventos de integraci\u00f3n se han celebrado casi siempre por primera vez en Mijas y despu\u00e9s han sido copiados por otros municipios en la Costa del Sol.<\/p>\n\n\n\n<p>En 1989, el Departamento de Extranjeros de Mijas crea el primer <strong>D\u00eda Internacional de los Pueblos &#8211; <\/strong>un evento que ofrece lo m\u00e1s representativo de cada pa\u00eds: folclore, gastronom\u00eda y costumbres. Este evento ha recibido el t\u00edtulo de \u00abD\u00eda de Singularidad Tur\u00edstica\u00bb por parte de la Diputaci\u00f3n Provincial de M\u00e1laga. A\u00f1os despu\u00e9s, el departamento decide extender el evento a dos d\u00edas y cambia su nombre a <strong>Festival Internacional<\/strong>. M\u00e1s tarde se extiende incluso a tres d\u00edas de Festival. El Festival Internacional se lleva a cabo en la plaza principal de Mijas al principio y luego se extiende a diferentes zonas emblem\u00e1ticas del pueblo como: Plaza de la Constituci\u00f3n y los Jardines de Muralla, Calle San Sebasti\u00e1n, Calle M\u00e1laga y el Barrio Santana. Se montan stands que representan hasta 26 nacionalidades diferentes, que sirven platos t\u00edpicos y venden productos y artesan\u00eda del pa\u00eds representado. Hay hasta cuatro escenarios con 12 horas de actuaciones de m\u00fasica, canci\u00f3n y baile, cada d\u00eda del evento. Tambi\u00e9n se realizan pasacalles por las calles principales del pueblo, donde el p\u00fablico puede participar. Despu\u00e9s de organizar el Festival Internacional durante 25 a\u00f1os, el Departamento de Extranjeros del Ayuntamiento de Mijas, decide tomar un nuevo camino y crea un nuevo evento:<\/p>\n\n\n\n<p><strong>D\u00eda de la Amistad. <\/strong>La idea es concentrarse en un solo pa\u00eds y mostrar lo mejor de su cultura, gastronom\u00eda, m\u00fasica y tradiciones. Los D\u00edas de la Amistad tienen un gran \u00e9xito y en total se han organizado hasta la fecha diez D\u00edas de Amistad con diferentes pa\u00edses:<\/p>\n\n\n\n<p>Suecia, Finlandia, Dinamarca, Irlanda, Gran Breta\u00f1a, Alemania, Estados Unidos de Am\u00e9rica, Ucrania e Italia. El Cuerpo Consular de M\u00e1laga ha apoyado cada uno de los eventos que el Departamento de Extranjeros ha organizado, acudiendo al evento para inaugurar el evento junto con el Alcalde de Mijas en el Mural de Las Naciones. Adem\u00e1s las numerosas asociaciones y ONG locales, los negocios y empresas, la prensa, las artistas, los colegios locales, las iglesias, las academias de canto y baile, etc. del pa\u00eds representado han sido siempre excelentes colaboradoras.<\/p>\n\n\n\n<p>En 2007 el Departamento de Extranjeros de Mijas y el Pub Londinense \u00abAin\u00b4t Nothin\u00b4But&#8230;\u00bb organizan el primer <strong>Festival Internacional de Blues.<\/strong> El Festival tiene lugar en la Plaza Virgen de la Pe\u00f1a en Mijas Pueblo. Todos los conciertos de blues durante el Festival son gratuitos. Se montan bares con bebida y comida internacional. Este Festival celebra ya ocho ediciones. M\u00e1s tarde se encarga el Departamento de Turismo y actualmente se celebra en el Auditorio de Mijas Pueblo.<\/p>\n\n\n\n<p>El Departamento de Extranjeros de Mijas a lo largo de los a\u00f1os ha organizado diferentes actividades navide\u00f1as como la <strong>Feria Internacional de Navidad<\/strong>, donde diferentes nacionalidades, representadas por clubes y asociaciones locales, han mostrado lo mejor de su cocina navide\u00f1a, pasteles, dulces y vinos especiados, as\u00ed como decoraci\u00f3n de Navidad en diferentes stands. En el escenario, los diferentes pa\u00edses interpretaron canciones y bailes t\u00edpicos de Navidad de diferentes pa\u00edses. Este evento se celebra en Mijas Pueblo, Las Lagunas, pero es m\u00e1s popular en La Cala de Mijas. El evento se ha celebrado durante aproximadamente 18 a\u00f1os con gran \u00e9xito. En 2011, el departamento decide establecer un <strong>Mercado Navide\u00f1o<\/strong> similar a los de Alemania y, en vez de durar solo un d\u00eda, como la Feria Internacional, se establece durante todo el per\u00edodo navide\u00f1o. El mercado se ubica en el centro de La Cala de Mijas, con 12 puestos de venta de artesan\u00edas navide\u00f1as y decoraci\u00f3n de diferentes pa\u00edses. Todos los d\u00edas hay actuaciones de Navidad. Los fines de semana hay actuaciones de coros y coros locales, academias de baile y grupos locales de flamenco. Tambi\u00e9n hay talleres especiales de Navidad para los ni\u00f1os, pasacalles y la visita de Papa Noel y los Reyes Magos. El evento es organizado por el departamento durante cinco a\u00f1os hasta que se transfiere al departamento de fiestas que contin\u00faa celebrando el mercado cada a\u00f1o.<\/p>\n\n\n\n<div class=\"wp-block-image\"><figure class=\"aligncenter size-large\"><img decoding=\"async\" width=\"1024\" height=\"512\" src=\"https:\/\/www.mijas.es\/wp-content\/uploads\/2021\/04\/carteles-de-antiguos-eventos-1024x512.jpg\" alt=\"\" class=\"wp-image-37549\" srcset=\"https:\/\/www.mijas.es\/wp-content\/uploads\/2021\/04\/carteles-de-antiguos-eventos-1024x512.jpg 1024w, https:\/\/www.mijas.es\/wp-content\/uploads\/2021\/04\/carteles-de-antiguos-eventos-300x150.jpg 300w, https:\/\/www.mijas.es\/wp-content\/uploads\/2021\/04\/carteles-de-antiguos-eventos-768x384.jpg 768w, https:\/\/www.mijas.es\/wp-content\/uploads\/2021\/04\/carteles-de-antiguos-eventos-1536x768.jpg 1536w, https:\/\/www.mijas.es\/wp-content\/uploads\/2021\/04\/carteles-de-antiguos-eventos-2048x1024.jpg 2048w\" sizes=\"(max-width: 1024px) 100vw, 1024px\" \/><\/figure><\/div>\n\n\n\n<div class=\"wp-block-image\"><figure class=\"aligncenter size-large\"><img decoding=\"async\" width=\"542\" height=\"182\" src=\"https:\/\/www.mijas.es\/wp-content\/uploads\/2021\/04\/Olas-1.jpg\" alt=\"\" class=\"wp-image-37487\" srcset=\"https:\/\/www.mijas.es\/wp-content\/uploads\/2021\/04\/Olas-1.jpg 542w, https:\/\/www.mijas.es\/wp-content\/uploads\/2021\/04\/Olas-1-300x101.jpg 300w\" sizes=\"(max-width: 542px) 100vw, 542px\" \/><\/figure><\/div>\n\n\n\n<div class=\"wp-block-image\"><figure class=\"aligncenter size-large\"><img decoding=\"async\" width=\"200\" height=\"185\" src=\"https:\/\/www.mijas.es\/wp-content\/uploads\/2021\/04\/logo.jpg\" alt=\"\" class=\"wp-image-37525\"\/><\/figure><\/div>","protected":false},"excerpt":{"rendered":"<p>ACTIVIDADES EN A\u00d1OS ANTERIORES A lo largo de los m\u00e1s de 30 a\u00f1os se han organizado varios grandes eventos internacionales. Estos eventos de integraci\u00f3n se han celebrado casi siempre por primera vez en Mijas y despu\u00e9s han sido copiados por otros municipios en la Costa del Sol. En 1989, el Departamento de Extranjeros de Mijas [&hellip;]<\/p>\n","protected":false},"author":9,"featured_media":0,"parent":13273,"menu_order":0,"comment_status":"closed","ping_status":"closed","template":"page-departamental.php","meta":[],"_links":{"self":[{"href":"https:\/\/www.mijas.es\/portal\/wp-json\/wp\/v2\/pages\/37548"}],"collection":[{"href":"https:\/\/www.mijas.es\/portal\/wp-json\/wp\/v2\/pages"}],"about":[{"href":"https:\/\/www.mijas.es\/portal\/wp-json\/wp\/v2\/types\/page"}],"author":[{"embeddable":true,"href":"https:\/\/www.mijas.es\/portal\/wp-json\/wp\/v2\/users\/9"}],"replies":[{"embeddable":true,"href":"https:\/\/www.mijas.es\/portal\/wp-json\/wp\/v2\/comments?post=37548"}],"version-history":[{"count":9,"href":"https:\/\/www.mijas.es\/portal\/wp-json\/wp\/v2\/pages\/37548\/revisions"}],"predecessor-version":[{"id":46909,"href":"https:\/\/www.mijas.es\/portal\/wp-json\/wp\/v2\/pages\/37548\/revisions\/46909"}],"up":[{"embeddable":true,"href":"https:\/\/www.mijas.es\/portal\/wp-json\/wp\/v2\/pages\/13273"}],"wp:attachment":[{"href":"https:\/\/www.mijas.es\/portal\/wp-json\/wp\/v2\/media?parent=37548"}],"curies":[{"name":"wp","href":"https:\/\/api.w.org\/{rel}","templated":true}]}}