{"id":37533,"date":"2021-04-29T15:32:42","date_gmt":"2021-04-29T14:32:42","guid":{"rendered":"https:\/\/www.mijas.es\/portal\/?page_id=37533"},"modified":"2022-08-01T16:15:59","modified_gmt":"2022-08-01T15:15:59","slug":"viogenex-vioiencia-de-genero-a-extranjeras","status":"publish","type":"page","link":"https:\/\/www.mijas.es\/portal\/extranjeros\/viogenex-vioiencia-de-genero-a-extranjeras\/","title":{"rendered":"\u00bbVIOGENEX\u00bb (VIOIencia de G\u00c9nero a EXtranjeras)"},"content":{"rendered":"<div class=\"div_qtranslate_flags\" style=\"float: left;\"><a href=\"?lang=es\"><img decoding=\"async\" class=\"wp-image-37482\" src=\"https:\/\/www.mijas.es\/wp-content\/uploads\/2021\/04\/es.png\" alt=\"\"><\/a><a href=\"?lang=en\"><img decoding=\"async\" class=\"wp-image-37482\" src=\"https:\/\/www.mijas.es\/wp-content\/uploads\/2021\/04\/gb.png\" alt=\"\"><\/a><a href=\"?lang=de\"><img decoding=\"async\" class=\"wp-image-37482\" src=\"https:\/\/www.mijas.es\/wp-content\/uploads\/2021\/04\/de.png\" alt=\"\"><\/a><a href=\"?lang=fr\"><img decoding=\"async\" class=\"wp-image-37482\" src=\"https:\/\/www.mijas.es\/wp-content\/plugins\/qtranslate-x\/flags\/fr.png\" alt=\"\"><\/a><\/div>\n\n\n<div class=\"wp-block-image\"><figure class=\"aligncenter size-large\"><img decoding=\"async\" width=\"567\" height=\"188\" src=\"https:\/\/www.mijas.es\/wp-content\/uploads\/2021\/04\/Dept-Extranjeros.jpg\" alt=\"\" class=\"wp-image-37482\" srcset=\"https:\/\/www.mijas.es\/wp-content\/uploads\/2021\/04\/Dept-Extranjeros.jpg 567w, https:\/\/www.mijas.es\/wp-content\/uploads\/2021\/04\/Dept-Extranjeros-300x99.jpg 300w\" sizes=\"(max-width: 567px) 100vw, 567px\" \/><\/figure><\/div>\n\n\n\n<p><strong>\u00abVIOGENEX\u00bb (VIO<\/strong>Ienciade<strong> G\u00c9<\/strong>neroa<strong> EX<\/strong>tranjeras<strong>)<\/strong> es un grupo de trabajo establecido para ayudar a mujeres extranjeras v\u00edctimas de violencia de g\u00e9nero en Mijas, una iniciativa pionera en Espa\u00f1a que surgi\u00f3 a petici\u00f3n del <strong>Departamento de Extranjeros del Ayuntamiento de Mijas. <\/strong>Esta iniciativa fue aprobada durante la Junta de Seguridad Local celebrada en el Ayuntamiento de Mijas en noviembre de 2016 como respuesta a la necesidad y falta de informaci\u00f3n que ten\u00edan las mujeres extranjeras que viven en nuestro municipio, adem\u00e1s de para coordinar esa ayuda y prevenir los nuevos casos de Violencia de Genero en general.<\/p>\n\n\n\n<p>Para llevar a cabo este proyecto se cuenta con la colaboraci\u00f3n de diferentes organismos p\u00fablicos, los cuales unen sus fuerzas dar el soporte que estas personas necesitan. Todos ellos est\u00e1n coordinados por el <strong>Departamento de Extranjeros del Ayuntamiento de Mijas:<\/strong><\/p>\n\n\n\n<ul><li>Guardia Civil de Mijas<\/li><li>SIMA Polic\u00eda Local de Mijas<\/li><li>Cruz Roja &#8211; Mijas<\/li><li>\u00c1rea de Igualdad y Bienestar Social, Ayuntamiento de Mijas<\/li><li>Soroptimist International Costa del Sol<\/li><li>Club de los Leones de La Cala de Mijas<\/li><li>Asociaci\u00f3n Age Care<\/li><li>Departamento de Extranjeros, Ayuntamiento de Mijas<\/li><\/ul>\n\n\n\n<p><strong>\u00bfC\u00f3mo trabaja el grupo VIOGENEX?<\/strong><\/p>\n\n\n\n<p><strong>VIOGENEX<\/strong> mantiene reuniones trimestrales, convocadas y coordinadas por el <strong>Departamento de Extranjeros,<\/strong> con el objetivo de mejorar y adaptar el servicio existente a las diferentes necesidades de las v\u00edctimas de violencia de g\u00e9nero extranjeras en Mijas y coordinar las acciones entre los diferentes organismos, unidades y grupos.<\/p>\n\n\n\n<ul><li>Seg\u00fan el orden del d\u00eda y los temas a tratar, se invita a representantes de diferentes organismos a participar, como por ejemplo: Instituto de la Mujer, Junta de Andaluc\u00eda, concejales municipales de otro municipio, asociaciones o el cuerpo consular de M\u00e1laga. Tambi\u00e9n se amplia la cantidad de componentes del grupo seg\u00fan la necesidad y las actuaciones a realizar.<\/li><\/ul>\n\n\n\n<p><strong>\u00bfC\u00f3mo funciona en caso de emergencia?<\/strong><\/p>\n\n\n\n<p><strong>La Guardia Civil y<\/strong>&nbsp;la&nbsp;<strong>Polic\u00eda Local SIMA<\/strong>&nbsp;cuentan con grupos de agentes especializados en tratar y atender casos de Violencia de G\u00e9nero. Adem\u00e1s la Polic\u00eda Local SIMA ofrece a las v\u00edctimas un seguimiento posterior (sobre todo en casos donde el juez dictamina una&nbsp; orden de alejamiento). Asimismo se ha establecido un grupo de int\u00e9rpretes voluntarios que proporciona un servicio de traducci\u00f3n e interpretaci\u00f3n. Dicho servicio esta disponible por las tardes, noches, fines de semana y d\u00edas festivos, para atender a las mujeres extranjeras que no saben espa\u00f1ol y necesitan comunicarse con los organismos p\u00fablicos competentes, como la Guardia Civil.<\/p>\n\n\n\n<p><strong>El \u00e1rea de Igualdad y Bienestar Social del Ayuntamiento de Mijas<\/strong>&nbsp;dispone de un&nbsp;<strong>Centro para la Mujer<\/strong>, d\u00f3nde se les ofrece informaci\u00f3n, ayuda psicol\u00f3gica, asesoramiento legal, ayuda econ\u00f3mica y formaci\u00f3n profesional<\/p>\n\n\n\n<p><strong>El Departamento de Extranjeros<\/strong>&nbsp;ofrece una primera atenci\u00f3n a las v\u00edctimas que se dirigen a su oficina donde pueden atenderlas en 4 idiomas diferentes. Adem\u00e1s ofrecen asesoramiento y traducci\u00f3n en el Centro de la Mujer e Igualdad y Bienestar Social, Ayuntamiento de Mijas, la Guardia Civil y Polic\u00eda Local. Por otro lado, el Departamento ha financiado la impresi\u00f3n de los carteles, folletos y pegatinas de la campa\u00f1a \u201cNo est\u00e1s sola\u201d, la cu\u00e1l se sigue promocionando en los medios de comunicaci\u00f3n locales y a trav\u00e9s de otras colaboraciones (por ejemplo, con la empresa Taxi Mijas).<\/p>\n\n\n\n<p>Cruz Roja&nbsp;de&nbsp;Mijas&nbsp;ofrece voluntarias para acompa\u00f1ar a la v\u00edctima para que no est\u00e9n solas durante la emergencia, transporte en general y ropa.<\/p>\n\n\n\n<p class=\"has-black-color has-text-color\"><strong>Soroptimist International Costa del Sol<\/strong>&nbsp;en colaboraci\u00f3n con Age Care y El Club de los Leones de la Cala de Mijas ofrecen a las v\u00edctimas alojamiento en hostales, comida gratuita y ropa y preparan una \u00abBolsa de emergencia\u00bb para la v\u00edctima y sus hijos.<\/p>\n\n\n\n<p><\/p>\n\n\n\n<p>VIOGENEX cre\u00f3 un grupo de Whatsapp con todos los componentes del grupo para facilitar la comunicaci\u00f3n con rapidez en caso de emergencia dentro y fuera del horario laboral.<\/p>\n\n\n\n<p><strong>\u00bfC\u00f3mo funcionan las colaboraciones del grupo?<\/strong><\/p>\n\n\n\n<p><strong>Campa\u00f1a \u00abNo est\u00e1s sola\u00bb&nbsp; \u2013&nbsp; Instituto de la Mujer, Junta de Andaluc\u00eda<\/strong><\/p>\n\n\n\n<p>El grupo&nbsp;<strong>VIOGENEX&nbsp;<\/strong>colabora estrechamente con el&nbsp;<strong>Instituto de la Mujer y la Junta de Andaluc\u00eda<\/strong>&nbsp;en la campa\u00f1a&nbsp;<strong>\u00abNo est\u00e1s sola\u00bb,<\/strong>&nbsp;un servicio gratuito telef\u00f3nico enfocado a mujeres que desean obtener informaci\u00f3n sobre como identificar una situaci\u00f3n en la que existe violencia de g\u00e9nero, saber m\u00e1s acerca de sus derechos y la ayuda disponible en&nbsp;<strong>46 idiomas<\/strong>.<\/p>\n\n\n\n<p>Igualmente,&nbsp;<strong>VIOGENEX&nbsp;<\/strong>ha publicado y distribuido miles de folletos informativos en varios idiomas, carteles, pegatinas y un v\u00eddeo en espa\u00f1ol e ingl\u00e9s, que se emite con regularidad en RTV 340 de Mijas Comunicaci\u00f3n y se publica en los medios sociales para promover y apoyar la campa\u00f1a&nbsp;<strong>\u00abNo est\u00e1s sola\u00bb.<\/strong><\/p>\n\n\n\n<p>Se trata de un servicio para ayudar a estas mujeres v\u00edctimas de la violencia de g\u00e9nero y para que se sientan apoyadas, ya que muchas se sienten solas y desoladas. El mensaje est\u00e1 claro:&nbsp;<strong>\u00a1NO EST\u00c1S SOLA!<\/strong><\/p>\n\n\n\n<p><\/p>\n\n\n\n<p class=\"has-black-color has-text-color\"><img decoding=\"async\" width=\"694\" height=\"466\" class=\"wp-image-47113\" style=\"width: 100%;\" src=\"https:\/\/www.mijas.es\/wp-content\/uploads\/2022\/08\/banner.jpg\" alt=\"\" srcset=\"https:\/\/www.mijas.es\/wp-content\/uploads\/2022\/08\/banner.jpg 694w, https:\/\/www.mijas.es\/wp-content\/uploads\/2022\/08\/banner-300x201.jpg 300w\" sizes=\"(max-width: 694px) 100vw, 694px\" \/><\/p>\n\n\n\n<p><strong>Hay dos n\u00fameros de tel\u00e9fonos muy importantes, uno de informaci\u00f3n para mujeres v\u00edctimas de violencia de g\u00e9nero del Instituto Andaluz de la Mujer: 900 200 999 \u2013 24hrs. y el numero de tel\u00e9fono de emergencias que es el 112<\/strong><\/p>\n\n\n\n<div class=\"wp-block-image\"><figure class=\"aligncenter size-large\"><img decoding=\"async\" width=\"200\" height=\"185\" src=\"https:\/\/www.mijas.es\/wp-content\/uploads\/2021\/04\/logo.jpg\" alt=\"\" class=\"wp-image-37525\"\/><\/figure><\/div>\n\n\n\n<p><\/p>","protected":false},"excerpt":{"rendered":"<p>\u00abVIOGENEX\u00bb (VIOIenciade G\u00c9neroa EXtranjeras) es un grupo de trabajo establecido para ayudar a mujeres extranjeras v\u00edctimas de violencia de g\u00e9nero en Mijas, una iniciativa pionera en Espa\u00f1a que surgi\u00f3 a petici\u00f3n del Departamento de Extranjeros del Ayuntamiento de Mijas. Esta iniciativa fue aprobada durante la Junta de Seguridad Local celebrada en el Ayuntamiento de Mijas [&hellip;]<\/p>\n","protected":false},"author":9,"featured_media":0,"parent":13273,"menu_order":0,"comment_status":"closed","ping_status":"closed","template":"page-departamental.php","meta":[],"_links":{"self":[{"href":"https:\/\/www.mijas.es\/portal\/wp-json\/wp\/v2\/pages\/37533"}],"collection":[{"href":"https:\/\/www.mijas.es\/portal\/wp-json\/wp\/v2\/pages"}],"about":[{"href":"https:\/\/www.mijas.es\/portal\/wp-json\/wp\/v2\/types\/page"}],"author":[{"embeddable":true,"href":"https:\/\/www.mijas.es\/portal\/wp-json\/wp\/v2\/users\/9"}],"replies":[{"embeddable":true,"href":"https:\/\/www.mijas.es\/portal\/wp-json\/wp\/v2\/comments?post=37533"}],"version-history":[{"count":28,"href":"https:\/\/www.mijas.es\/portal\/wp-json\/wp\/v2\/pages\/37533\/revisions"}],"predecessor-version":[{"id":47116,"href":"https:\/\/www.mijas.es\/portal\/wp-json\/wp\/v2\/pages\/37533\/revisions\/47116"}],"up":[{"embeddable":true,"href":"https:\/\/www.mijas.es\/portal\/wp-json\/wp\/v2\/pages\/13273"}],"wp:attachment":[{"href":"https:\/\/www.mijas.es\/portal\/wp-json\/wp\/v2\/media?parent=37533"}],"curies":[{"name":"wp","href":"https:\/\/api.w.org\/{rel}","templated":true}]}}