{"id":37528,"date":"2021-04-29T14:55:52","date_gmt":"2021-04-29T13:55:52","guid":{"rendered":"https:\/\/www.mijas.es\/portal\/?page_id=37528"},"modified":"2024-02-16T11:05:40","modified_gmt":"2024-02-16T10:05:40","slug":"excursiones-y-conciertos","status":"publish","type":"page","link":"https:\/\/www.mijas.es\/portal\/extranjeros\/excursiones-y-conciertos\/","title":{"rendered":"Excursiones y Conciertos"},"content":{"rendered":"<div class=\"div_qtranslate_flags\" style=\"float: left;\"><a href=\"?lang=es\"><img decoding=\"async\" class=\"wp-image-37482\" src=\"https:\/\/www.mijas.es\/wp-content\/uploads\/2021\/04\/es.png\" alt=\"\"><\/a><a href=\"?lang=en\"><img decoding=\"async\" class=\"wp-image-37482\" src=\"https:\/\/www.mijas.es\/wp-content\/uploads\/2021\/04\/gb.png\" alt=\"\"><\/a><a href=\"?lang=de\"><img decoding=\"async\" class=\"wp-image-37482\" src=\"https:\/\/www.mijas.es\/wp-content\/uploads\/2021\/04\/de.png\" alt=\"\"><\/a><a href=\"?lang=fr\"><img decoding=\"async\" class=\"wp-image-37482\" src=\"https:\/\/www.mijas.es\/wp-content\/plugins\/qtranslate-x\/flags\/fr.png\" alt=\"\"><\/a><\/div>\n\n\n<div class=\"wp-block-image\"><figure class=\"aligncenter size-large\"><img decoding=\"async\" width=\"567\" height=\"188\" src=\"https:\/\/www.mijas.es\/wp-content\/uploads\/2021\/04\/Dept-Extranjeros.jpg\" alt=\"\" class=\"wp-image-37482\" srcset=\"https:\/\/www.mijas.es\/wp-content\/uploads\/2021\/04\/Dept-Extranjeros.jpg 567w, https:\/\/www.mijas.es\/wp-content\/uploads\/2021\/04\/Dept-Extranjeros-300x99.jpg 300w\" sizes=\"(max-width: 567px) 100vw, 567px\" \/><\/figure><\/div>\n\n\n\n<p class=\"has-text-align-center\"><strong>EXCURSIONES Y CONCIERTOS<\/strong><\/p>\n\n\n\n<p>Durante la larga andadura del departamento y la falta de oferta de viajes en aquellos a\u00f1os, estos han sido especialmente organizados con el objetivo de mostrar lo mejor de nuestra cultura, historia y gastronom\u00eda ya que creemos que esta es una forma amena de integraci\u00f3n. Tambi\u00e9n se han organizado viajes a festivales de m\u00fasica en Granada, Nerja o excursiones a Sevilla, Madrid o Barcelona para ver un evento musical importante a la vez que se descubre lo mejor de cada ciudad. El departamento tambi\u00e9n ha organizado eventos de cata de vinos y aceite de oliva para introducir a los participantes en el mundo de los vinos espa\u00f1oles y nuestro oro l\u00edquido. En el presente el departamento est\u00e1 organizando excursiones culturales c\u00f3mo paseos culturales con temas variados: arte, historia, costumbres, etc<\/p>\n\n\n\n<div class=\"wp-block-columns is-layout-flex wp-container-10\">\n<div class=\"wp-block-column is-layout-flow\" style=\"flex-basis:100%\">\n<div class=\"wp-block-columns is-layout-flex wp-container-4\">\n<div class=\"wp-block-column is-layout-flow\" style=\"flex-basis:100%\">\n<div class=\"wp-block-columns is-layout-flex wp-container-2\">\n<div class=\"wp-block-column is-layout-flow\" style=\"flex-basis:100%\">\n<div class=\"wp-block-image\"><figure class=\"alignleft size-large is-resized\"><img decoding=\"async\" src=\"https:\/\/www.mijas.es\/wp-content\/uploads\/2021\/10\/cartel-espanol-oct-2021-1.jpg\" alt=\"\" class=\"wp-image-38060\" width=\"378\" height=\"533\"><\/figure><\/div>\n\n\n\n<div class=\"wp-block-image\"><figure class=\"alignright size-large is-resized\"><img decoding=\"async\" src=\"https:\/\/www.mijas.es\/wp-content\/uploads\/2021\/05\/cartel_A4_deutsch_page-0001-EXCURSION-725x1024.jpg\" alt=\"\" class=\"wp-image-38059\" width=\"385\" height=\"544\" srcset=\"https:\/\/www.mijas.es\/wp-content\/uploads\/2021\/05\/cartel_A4_deutsch_page-0001-EXCURSION-725x1024.jpg 725w, https:\/\/www.mijas.es\/wp-content\/uploads\/2021\/05\/cartel_A4_deutsch_page-0001-EXCURSION-212x300.jpg 212w, https:\/\/www.mijas.es\/wp-content\/uploads\/2021\/05\/cartel_A4_deutsch_page-0001-EXCURSION-768x1085.jpg 768w, https:\/\/www.mijas.es\/wp-content\/uploads\/2021\/05\/cartel_A4_deutsch_page-0001-EXCURSION-1087x1536.jpg 1087w, https:\/\/www.mijas.es\/wp-content\/uploads\/2021\/05\/cartel_A4_deutsch_page-0001-EXCURSION.jpg 1241w\" sizes=\"(max-width: 385px) 100vw, 385px\" \/><\/figure><\/div>\n<\/div>\n<\/div>\n<\/div>\n<\/div>\n\n\n\n<div class=\"wp-block-columns is-layout-flex wp-container-8\">\n<div class=\"wp-block-column is-layout-flow\" style=\"flex-basis:100%\">\n<div class=\"wp-block-columns is-layout-flex wp-container-6\">\n<div class=\"wp-block-column is-vertically-aligned-top is-layout-flow\" style=\"flex-basis:100%\">\n<div class=\"wp-block-image\"><figure class=\"alignright size-large is-resized\"><img decoding=\"async\" src=\"https:\/\/www.mijas.es\/wp-content\/uploads\/2021\/05\/info_deutsch_page-0001-EXCURSION-725x1024.jpg\" alt=\"\" class=\"wp-image-38062\" width=\"379\" height=\"535\" srcset=\"https:\/\/www.mijas.es\/wp-content\/uploads\/2021\/05\/info_deutsch_page-0001-EXCURSION-725x1024.jpg 725w, https:\/\/www.mijas.es\/wp-content\/uploads\/2021\/05\/info_deutsch_page-0001-EXCURSION-212x300.jpg 212w, https:\/\/www.mijas.es\/wp-content\/uploads\/2021\/05\/info_deutsch_page-0001-EXCURSION-768x1085.jpg 768w, https:\/\/www.mijas.es\/wp-content\/uploads\/2021\/05\/info_deutsch_page-0001-EXCURSION-1087x1536.jpg 1087w, https:\/\/www.mijas.es\/wp-content\/uploads\/2021\/05\/info_deutsch_page-0001-EXCURSION.jpg 1241w\" sizes=\"(max-width: 379px) 100vw, 379px\" \/><\/figure><\/div>\n\n\n\n<div class=\"wp-block-image\"><figure class=\"alignleft size-large is-resized\"><img decoding=\"async\" src=\"https:\/\/www.mijas.es\/wp-content\/uploads\/2021\/05\/info_english_page-0001-EXCURSION-725x1024.jpg\" alt=\"\" class=\"wp-image-38064\" width=\"378\" height=\"534\" srcset=\"https:\/\/www.mijas.es\/wp-content\/uploads\/2021\/05\/info_english_page-0001-EXCURSION-725x1024.jpg 725w, https:\/\/www.mijas.es\/wp-content\/uploads\/2021\/05\/info_english_page-0001-EXCURSION-212x300.jpg 212w, https:\/\/www.mijas.es\/wp-content\/uploads\/2021\/05\/info_english_page-0001-EXCURSION-768x1085.jpg 768w, https:\/\/www.mijas.es\/wp-content\/uploads\/2021\/05\/info_english_page-0001-EXCURSION-1087x1536.jpg 1087w, https:\/\/www.mijas.es\/wp-content\/uploads\/2021\/05\/info_english_page-0001-EXCURSION.jpg 1241w\" sizes=\"(max-width: 378px) 100vw, 378px\" \/><\/figure><\/div>\n<\/div>\n<\/div>\n<\/div>\n<\/div>\n\n\n\n<div class=\"wp-block-image\"><figure class=\"alignleft size-large is-resized\"><img decoding=\"async\" src=\"https:\/\/www.mijas.es\/wp-content\/uploads\/2021\/05\/info_english_page-0002-EXCURSION-725x1024.jpg\" alt=\"\" class=\"wp-image-38065\" width=\"373\" height=\"527\" srcset=\"https:\/\/www.mijas.es\/wp-content\/uploads\/2021\/05\/info_english_page-0002-EXCURSION-725x1024.jpg 725w, https:\/\/www.mijas.es\/wp-content\/uploads\/2021\/05\/info_english_page-0002-EXCURSION-212x300.jpg 212w, https:\/\/www.mijas.es\/wp-content\/uploads\/2021\/05\/info_english_page-0002-EXCURSION-768x1085.jpg 768w, https:\/\/www.mijas.es\/wp-content\/uploads\/2021\/05\/info_english_page-0002-EXCURSION-1087x1536.jpg 1087w, https:\/\/www.mijas.es\/wp-content\/uploads\/2021\/05\/info_english_page-0002-EXCURSION.jpg 1241w\" sizes=\"(max-width: 373px) 100vw, 373px\" \/><\/figure><\/div>\n\n\n\n<div class=\"wp-block-image\"><figure class=\"alignright size-large is-resized\"><img decoding=\"async\" src=\"https:\/\/www.mijas.es\/wp-content\/uploads\/2021\/05\/info_deutsch_page-0002-EXCURSION-725x1024.jpg\" alt=\"\" class=\"wp-image-38063\" width=\"376\" height=\"531\" srcset=\"https:\/\/www.mijas.es\/wp-content\/uploads\/2021\/05\/info_deutsch_page-0002-EXCURSION-725x1024.jpg 725w, https:\/\/www.mijas.es\/wp-content\/uploads\/2021\/05\/info_deutsch_page-0002-EXCURSION-212x300.jpg 212w, https:\/\/www.mijas.es\/wp-content\/uploads\/2021\/05\/info_deutsch_page-0002-EXCURSION-768x1085.jpg 768w, https:\/\/www.mijas.es\/wp-content\/uploads\/2021\/05\/info_deutsch_page-0002-EXCURSION-1087x1536.jpg 1087w, https:\/\/www.mijas.es\/wp-content\/uploads\/2021\/05\/info_deutsch_page-0002-EXCURSION.jpg 1241w\" sizes=\"(max-width: 376px) 100vw, 376px\" \/><\/figure><\/div>\n<\/div>\n<\/div>\n\n\n\n<div class=\"wp-block-image\"><figure class=\"aligncenter size-large\"><img decoding=\"async\" width=\"542\" height=\"182\" src=\"https:\/\/www.mijas.es\/wp-content\/uploads\/2021\/04\/Olas-1.jpg\" alt=\"\" class=\"wp-image-37487\" srcset=\"https:\/\/www.mijas.es\/wp-content\/uploads\/2021\/04\/Olas-1.jpg 542w, https:\/\/www.mijas.es\/wp-content\/uploads\/2021\/04\/Olas-1-300x101.jpg 300w\" sizes=\"(max-width: 542px) 100vw, 542px\" \/><\/figure><\/div>\n\n\n\n<p class=\"has-text-align-center\"><strong>CONCIERTOS INTERNACIONALES Y ESPECT\u00c1CULOS<\/strong><\/p>\n\n\n\n<p>Cada a\u00f1o, el Departamento es contactado por coros importantes, corales, grupos de baile de diferentes pa\u00edses que quisieran actuar en Mijas durante su visita al sur de Espa\u00f1a. El Departamento los organiza para que act\u00faen en nuestras salas de conciertos o en el templete de m\u00fasica, y les ofrece una visita VIP al pueblo de Mijas.<\/p>\n\n\n\n<p>El concierto m\u00e1s anhelado cada a\u00f1o es el ESPECT\u00c1CULO INTERNACIONAL DE NAVIDAD que se celebra en el TEATRO DE LAS LAGUNAS en diciembre. La entrada es gratuita.<\/p>\n\n\n\n<div class=\"wp-block-image\"><figure class=\"aligncenter size-large\"><img decoding=\"async\" width=\"200\" height=\"185\" src=\"https:\/\/www.mijas.es\/wp-content\/uploads\/2021\/04\/logo.jpg\" alt=\"\" class=\"wp-image-37525\"\/><\/figure><\/div>\n\n\n\n<p><\/p>","protected":false},"excerpt":{"rendered":"<p>EXCURSIONES Y CONCIERTOS Durante la larga andadura del departamento y la falta de oferta de viajes en aquellos a\u00f1os, estos han sido especialmente organizados con el objetivo de mostrar lo mejor de nuestra cultura, historia y gastronom\u00eda ya que creemos que esta es una forma amena de integraci\u00f3n. Tambi\u00e9n se han organizado viajes a festivales [&hellip;]<\/p>\n","protected":false},"author":9,"featured_media":0,"parent":13273,"menu_order":0,"comment_status":"closed","ping_status":"closed","template":"page-departamental.php","meta":[],"_links":{"self":[{"href":"https:\/\/www.mijas.es\/portal\/wp-json\/wp\/v2\/pages\/37528"}],"collection":[{"href":"https:\/\/www.mijas.es\/portal\/wp-json\/wp\/v2\/pages"}],"about":[{"href":"https:\/\/www.mijas.es\/portal\/wp-json\/wp\/v2\/types\/page"}],"author":[{"embeddable":true,"href":"https:\/\/www.mijas.es\/portal\/wp-json\/wp\/v2\/users\/9"}],"replies":[{"embeddable":true,"href":"https:\/\/www.mijas.es\/portal\/wp-json\/wp\/v2\/comments?post=37528"}],"version-history":[{"count":13,"href":"https:\/\/www.mijas.es\/portal\/wp-json\/wp\/v2\/pages\/37528\/revisions"}],"predecessor-version":[{"id":54513,"href":"https:\/\/www.mijas.es\/portal\/wp-json\/wp\/v2\/pages\/37528\/revisions\/54513"}],"up":[{"embeddable":true,"href":"https:\/\/www.mijas.es\/portal\/wp-json\/wp\/v2\/pages\/13273"}],"wp:attachment":[{"href":"https:\/\/www.mijas.es\/portal\/wp-json\/wp\/v2\/media?parent=37528"}],"curies":[{"name":"wp","href":"https:\/\/api.w.org\/{rel}","templated":true}]}}