{"id":37239,"date":"2021-04-27T10:22:27","date_gmt":"2021-04-27T09:22:27","guid":{"rendered":"https:\/\/www.mijas.es\/portal\/?page_id=37239"},"modified":"2021-09-01T13:36:39","modified_gmt":"2021-09-01T12:36:39","slug":"itinerarios-mijas-impulsa-fomento-de-empleo","status":"publish","type":"page","link":"https:\/\/www.mijas.es\/portal\/fomento-empleo\/itinerarios-mijas-impulsa-fomento-de-empleo\/","title":{"rendered":"Itinerarios Informaci\u00f3n Mijas Impulsa POEFE &#8211; Fomento del Empleo"},"content":{"rendered":"\n<div class=\"py-5 text-center text-white h-90 align-items-center d-flex\">\n<img decoding=\"async\" class=\"img-fluid d-block\" src=\"https:\/\/www.mijas.es\/wp-content\/uploads\/2021\/05\/cabecera-mijas-impulsa.png\">\n <\/div>\n\n\n\n<div class=\"py-5 text-center\">\n    <div class=\"container\">\n      <div class=\"row\">\n        <div class=\"mx-auto col-md-12\"> \n\t\t<i class=\"far fa-star fa-lg fa-3x\" style=\"color: #f7a744;\"><\/i>\n<p><\/p>\n<h1 style=\"font-size:24px;\">INFORMACI\u00d3N SOBRE LOS ITINERARIOS<\/h1>\n<h1 style=\"font-size:24px;color: #3e8e96;\">DE MIJAS IMPULSA &#8211; POEFE <\/h1>\n<div style=\" border-bottom:1px solid #f7a744;; text-align:left\">    <\/div>\n  \n        <\/div>\n      <\/div>\n    <\/div>\n  <\/div>\n\n\n\n<div class=\"wp-block-image\"><figure class=\"aligncenter size-large is-resized\"><img decoding=\"async\" src=\"https:\/\/www.mijas.es\/wp-content\/uploads\/2021\/04\/LINEA-DEL-TIEMPO2-e1619701334286.png\" alt=\"\" class=\"img-fluid\" width=\"555\" height=\"438\"\/><\/figure><\/div>\n\n\n\n<p class=\"has-text-align-center\">Los itinerarios formativos deber\u00e1n responder a necesidades locales generadoras de empleo detectadas por las entidades solicitantes, por s\u00ed mismas o en colaboraci\u00f3n con los Agentes sociales y entidades del Tercer Sector, a fin de contribuir al cumplimiento del Objetivo Tem\u00e1tico 9, eje prioritario 2 del Programa Operativo POEFE, \u201cPromover la inclusi\u00f3n social, luchar contra la pobreza y cualquier forma de discriminaci\u00f3n\u201d, poniendo \u00e9nfasis en favorecer la igualdad de g\u00e9nero y la no discriminaci\u00f3n de colectivos.<\/p>\n\n\n\n<p class=\"has-text-align-center\"><\/p>\n\n\n\n<div class=\"wp-block-image\"><figure class=\"aligncenter size-large\"><img decoding=\"async\" width=\"294\" height=\"180\" src=\"https:\/\/www.mijas.es\/wp-content\/uploads\/2021\/05\/Diseno_sin_titulo-removebg-preview.png\" alt=\"\" class=\"wp-image-38329\"><div style=\" border-bottom:1px solid #f7a744;; text-align:right\">    <\/div><\/figure><\/div>\n\n\n\n<div class=\"container \">\n    <div class=\"row share-buttons \">\n        <div class=\"col-md-12 col-md-offset-2 caja d-flex flex-column justify-content-center\">\n            <ul>\n                <li>\n                    <h1 style=\"color:\" #158faa;\"=\"\">285<\/h1>\n                    <div class=\"button blue\">\n                        <i class=\"fas fa-folder-open \"><\/i>\n                        <br>\nPLAZAS\n                    <\/div>\n                <\/li>\n                <li>\n                    <h1>19<\/h1>\n                    <div class=\"button pink\">\n                        <i class=\"fas fa-users\"><\/i>\n                        <br>\n                        ITINERARIOS\n                    <\/div>\n                <\/li>\n                <li>\n                    <h1>15<\/h1>\n                    <div class=\"button green\">\n                        <i class=\"fas fa-user-friends \"><\/i>\n                        <br>\n                        BENEFICIARIOS\n                    <\/div>\n                <\/li>\n            <\/ul>\n        <\/div>\n    <\/div>\n<\/div>\n\n<style>\n    .share-buttons ul\n    {\n        list-style: none;\n        margin: auto;\n        display: inline-block;\n    }\n        .share-buttons ul li\n        {\n            width: 110px;\n            height: 130px;\n            float: left;\n            border: 1px solid #ccc;\n            position: relative;\n            transition: all .5s ease;\n            overflow: hidden;\n        }\n\n    .share-buttons li h1\n    {\n        font-family: 'Dosis', sans-serif;\n        font-weight: normal;\n        text-align: center;\n        line-height: 60px;\n        font-size: 30px;\n        transition: all .5s ease;\n    }\n\n    .share-buttons li:hover\n    {\n        box-shadow: inset 0 0 10px #2D2D2D;\n    }\n\n        .share-buttons li:hover h1\n        {\n            transform: scale(.8) translateY(-5px);\n        }\n\n        .share-buttons li:hover .button\n        {\n            transform: translateY(0px);\n        }\n\n    .share-buttons li .button\n    {\n        height: 50px;\n        transform: translateY(25px);\n        text-align: center;\n        padding: 5px 10px;\n        padding-bottom: 50px;\n        color: white;\n        width: 100%;\n        position: absolute;\n        bottom: 0;\n        background: #3e8e96;\n        box-sizing: border-box;\n        transition: all .5s .5s ease;\n        line-height: 25px;\n        font-size: 14px;\n    }\n\n    .share-buttons .button i\n    {\n        font-size: 20px;\n    }\n    .share-buttons .button.blue\n    {\n        background: #787878;\n    }\n    .share-buttons .button.pink\n    {\n        background: #158faa;\n    }\n\n    .share-buttons .button.green\n    {\n        background: #f7a744;\n    }\n  \n    .share-buttons a\n    {\n        text-decoration: none;\n        color: #f06;\n        border-bottom: 1px solid white;\n        padding-bottom: 5px;\n        transition: border .5s ease;\n    }\n        .share-buttons a:hover\n        {\n            border-color: #111;\n            color: #f06;\n            border-bottom: 4px solid white;\n        }\n<\/style>\n\n\n\n<div style=\"height:35px\" aria-hidden=\"true\" class=\"wp-block-spacer\"><\/div>\n\n\n\n<p class=\"has-text-align-center\">Se ofertan un total de 285 plazas distribuidas 19 Itinerarios formativos de inserci\u00f3n socio-laboral, con un m\u00e1ximo de 15 beneficiarios por itinerario, desarrollados en 2019, 2020 y 2021. Los Itinerarios formativos de inserci\u00f3n socio-laboral previstos impartir durante el Programa Mijas IMPULSA.<\/p>\n\n\n\n<p class=\"has-text-align-center\">Los destinatarios de los itinerarios formativos del proyecto ser\u00e1n personas desempleadas, inscritas como demandantes de empleo en los servicios p\u00fablicos de empleo, con la tarjeta de demanda en vigor al inicio del itinerario formativo y con el nivel formativo requerido para cada itinerario, que pertenezcan a alguno de los colectivos vulnerables.<\/p>\n\n\n\n<section id=\"request-quote\" class=\"py-3 request-quote bg-orange\">\n<div class=\"container-fluid container-fluid-max bg-info\">\n<div class=\"row justify-content-center\">\n<div class=\"col-12 col-md-auto py-3 text-center\">\n<h3 class=\"mb-0 text-white\"><strong>ITINEARIOS EN PLAZO DE SOLICITUD<\/strong><\/h3>\n<p class=\"mb-0 text-white font-weight-normal\">Consulte los itinerarios en plazo de Solicitud <br>Mijas Impulsa POEFE<\/p>\n<p>&nbsp;<\/p>\n<\/div>\n<div class=\"col-12 col-md-auto d-flex justify-content-center align-items-center\">\n<p><a href=\"https:\/\/www.mijas.es\/portal\/fomento\/mijas-impulsa-fomento-de-empleo\/\" class=\"btn bg-secondary text-white font-weight-bold\">PULSE PARA ENTRAR <i class=\"ml-1 fas fa-hand-point-right\"><\/i><\/a><\/p>\n<\/div>\n<\/div>\n<\/div>\n<\/section>\n\n\n\n<div style=\"height:39px\" aria-hidden=\"true\" class=\"wp-block-spacer\"><\/div>\n\n\n\n<div class=\"wp-block-image is-style-default\"><figure class=\"aligncenter size-large is-resized\"><img decoding=\"async\" src=\"https:\/\/www.mijas.es\/wp-content\/uploads\/2021\/05\/alumnos-3.png\" alt=\"\" class=\"img-fluid\" width=\"400\" height=\"450\"><\/figure><\/div>\n\n\n\n<h3 class=\"text-center\" style=\"font-size: 24px;\">MEN\u00da <span style=\"color: #3e8e96;\">MIJAS IMPULSA POEFE<\/span><\/h3>\n<div style=\"border-bottom: 1px solid #f7a744; text-align-center: left; font-size: 18px; padding: 10px 0px;\"><\/div>\n<div class=\"row justify-content-center\">\n<div class=\"col-md-4 col-4 p-4 text-center \">\n<img decoding=\"async\" class=\"img-fluid mx-auto d-block\" src=\"https:\/\/www.mijas.es\/wp-content\/uploads\/2021\/05\/icono-raton-e1620224070955.png\" width=\"70px\" height=\"70px\"><p><\/p>\n<p><strong><span style=\"color: #f7a744;\">DOCENTES<\/span><\/strong><\/p>\n<p>Selecci\u00f3n de Docentes<\/p>\n<p><a class=\"btn btn-info\" href=\"https:\/\/www.mijas.es\/portal\/fomento\/listado-de-docentes-mijas-impulsa-fomento-del-empleo\/\">Ir a la p\u00e1gina<\/a><\/p>\n<\/div>\n<div class=\"col-md-4 col-4 p-4 text-center \">\n<img decoding=\"async\" class=\"img-fluid mx-auto d-block\" src=\"https:\/\/www.mijas.es\/wp-content\/uploads\/2021\/05\/bombilla3-e1620224045130.png\" width=\"70px\" height=\"70px\"><p><\/p>\n<p><strong>\n<span style=\"color: #f7a744;\">ALUMNOS<\/span><\/strong><\/p>\n<p>Selecci\u00f3n de Alumnos<\/p>\n<p><a class=\"btn btn-info\" href=\"https:\/\/www.mijas.es\/portal\/fomento\/listado-de-alumnos-mijas-impulsa-fomento-del-empleo\/\">Ir a la p\u00e1gina<\/a><\/p>\n<\/div>\n<div class=\"col-md-4 col-4 p-4 text-center \">\n<img decoding=\"async\" class=\"img-fluid mx-auto d-block\" src=\"https:\/\/www.mijas.es\/wp-content\/uploads\/2021\/05\/icono-usu-e1620224233756.png\" width=\"70px\" height=\"70px\"><p><\/p>\n<p><strong><span style=\"color:  #f7a744;\">INSCRIPCI\u00d3N<\/span><\/strong><\/p>\n<p>Itinerarios<\/p>\n<p><a class=\"btn btn-info\" href=\"https:\/\/www.mijas.es\/portal\/fomento\/mijas-impulsa-fomento-de-empleo\/\">Ir a la p\u00e1gina<\/a><\/p>\n<\/div>\n\n<\/div>\n\n\n\n<div style=\"height:51px\" aria-hidden=\"true\" class=\"wp-block-spacer\"><\/div>\n\n\n\n<div class=\"py-5\">\n    <div class=\"container\">\n      <div class=\"row\">\n        <div class=\"col-lg-8\">\n<h3><strong>\u00c1REA DE FOMENTO DEL EMPLEO AYUNTAMIENTO DE MIJAS<\/strong><\/h3>\n<p>Avd. Andaluc\u00eda n\u00ba 3 \u2013 Las Lagunas -Mijas 29651 (M\u00e1laga)<br>\n<i class=\"fas fa-phone-volume\"><\/i> <strong>Tel\u00e9fono: <\/strong>951 26 02 83\n<br><i class=\"fas fa-envelope\"><\/i> <strong>E-mail: <\/strong><a href=\"mailto:promo.desa@mijas.es\">promo.desa@mijas.es<\/a>\n<br>\n<a href=\"https:\/\/www.facebook.com\/ImpulsaMijas\/\" target=\"_blank\" rel=\"noopener noreferrer\">\n<img decoding=\"async\" class=\"ico\" style=\"width: 27px;\" src=\"https:\/\/www.mijas.es\/wp-content\/themes\/mijas-theme\/assets\/images\/facebook-icon2.png\" alt=\"Facebook:\"> Mijas Impulsa <\/a>\n<\/p>\n<p><\/p>\n<\/div>\n<div class=\"col-lg-8\">\n<img decoding=\"async\" class=\"img-fluid d-block\" src=\"https:\/\/www.mijas.es\/wp-content\/uploads\/2021\/05\/logo-ministerio-1.png\" widht=\"500px\" height=\"\" alt=\"\">\n<\/div>\n<div class=\"col-lg-7\">\n<p class=\"has-text-align-justify  has-normal-font-size\" style=\"font-size:14px;\">\nEl proyecto MIJAS IMPULSA est\u00e1 cofinanciado con el Fondo Social Europeo, dentro de las                                              ayudas previstas en el Programa Operativo de Empleo, Formaci\u00f3n y Educaci\u00f3n (Ayudas AP                                     POEFE), destinadas a Entidades Locales para la inserci\u00f3n de las personas m\u00e1s vulnerables,                                           recogida en la Orden PRA \/37\/2018 de 16 de Enero de 2018 BOE n\u00ba 21 de 24 Enero 2018<\/p>\n<\/div>\n<\/div><\/div><\/div>\n","protected":false},"excerpt":{"rendered":"<p>INFORMACI\u00d3N SOBRE LOS ITINERARIOS DE MIJAS IMPULSA &#8211; POEFE Los itinerarios formativos deber\u00e1n responder a necesidades locales generadoras de empleo detectadas por las entidades solicitantes, por s\u00ed mismas o en colaboraci\u00f3n con los Agentes sociales y entidades del Tercer Sector, a fin de contribuir al cumplimiento del Objetivo Tem\u00e1tico 9, eje prioritario 2 del Programa [&hellip;]<\/p>\n","protected":false},"author":17,"featured_media":0,"parent":40132,"menu_order":0,"comment_status":"closed","ping_status":"closed","template":"page-departamental.php","meta":[],"_links":{"self":[{"href":"https:\/\/www.mijas.es\/portal\/wp-json\/wp\/v2\/pages\/37239"}],"collection":[{"href":"https:\/\/www.mijas.es\/portal\/wp-json\/wp\/v2\/pages"}],"about":[{"href":"https:\/\/www.mijas.es\/portal\/wp-json\/wp\/v2\/types\/page"}],"author":[{"embeddable":true,"href":"https:\/\/www.mijas.es\/portal\/wp-json\/wp\/v2\/users\/17"}],"replies":[{"embeddable":true,"href":"https:\/\/www.mijas.es\/portal\/wp-json\/wp\/v2\/comments?post=37239"}],"version-history":[{"count":58,"href":"https:\/\/www.mijas.es\/portal\/wp-json\/wp\/v2\/pages\/37239\/revisions"}],"predecessor-version":[{"id":42800,"href":"https:\/\/www.mijas.es\/portal\/wp-json\/wp\/v2\/pages\/37239\/revisions\/42800"}],"up":[{"embeddable":true,"href":"https:\/\/www.mijas.es\/portal\/wp-json\/wp\/v2\/pages\/40132"}],"wp:attachment":[{"href":"https:\/\/www.mijas.es\/portal\/wp-json\/wp\/v2\/media?parent=37239"}],"curies":[{"name":"wp","href":"https:\/\/api.w.org\/{rel}","templated":true}]}}