{"id":37230,"date":"2021-04-26T16:58:05","date_gmt":"2021-04-26T15:58:05","guid":{"rendered":"https:\/\/www.mijas.es\/portal\/?page_id=37230"},"modified":"2021-09-23T16:32:35","modified_gmt":"2021-09-23T15:32:35","slug":"listado-de-docentes-mijas-impulsa-fomento-del-empleo","status":"publish","type":"page","link":"https:\/\/www.mijas.es\/portal\/fomento-empleo\/listado-de-docentes-mijas-impulsa-fomento-del-empleo\/","title":{"rendered":"Selecci\u00f3n de Docentes Mijas Impulsa POEFE &#8211; Fomento del Empleo"},"content":{"rendered":"\n<div class=\"py-5 text-center text-white h-90 align-items-center d-flex\">\n<img decoding=\"async\" class=\"img-fluid d-block\" src=\"https:\/\/www.mijas.es\/wp-content\/uploads\/2021\/05\/cabecera-mijas-impulsa.png\">\n<\/div>\n\n\n\n<div class=\"py-3 text-center\">\n<div class=\"container\">\n<div class=\"row\">\n<div class=\"mx-auto col-md-10\"><i class=\"far fa-star fa-lg fa-3x\" style=\"color: #f7a744;\"><\/i><p><\/p>\n<h1 style=\"font-size: 24px;\">LISTADO SELECCI\u00d3N DE DOCENTES<\/h1>\n<h1 style=\"font-size: 24px; color: #3e8e96;\">ITINERARIOS MIJAS IMPULSA POEFE<\/h1>\n<div style=\"border-bottom: 1px solid #f7a744; ; text-align: left;\">&nbsp;<\/div>\n<\/div>\n<\/div>\n<\/div>\n<\/div>\n\n\n\n<div class=\"wp-block-image\"><figure class=\"aligncenter size-large is-resized\"><img decoding=\"async\" src=\"https:\/\/www.mijas.es\/wp-content\/uploads\/2021\/05\/libro.png\" alt=\"\" class=\"wp-image-38812\" width=\"432\" height=\"355\"\/><\/figure><\/div>\n\n\n\n<div class=\"py-0\">\n<div class=\"container\">\n<div class=\"row\">\n<div class=\"col-md-12 p-3 col-md-6\">\n<div class=\"card\">\n<div class=\"card-body p-6\">\n<h2 style=\"color: #f7a744;\"><b>Selecci\u00f3n de Docentes<\/b><\/h2>\n<p class=\"mb-3\"><b><span style=\"color: #3e8e96;\">Bases, Convocatorias y Listado Selecci\u00f3n Docentes<\/span><\/b><\/p>\n<div class=\"line-yellow-separate\" style=\"border-left: 1px solid #f7a744; padding-left: 15px;\">\n<ul class=\"fa-ul\">\n<li><i class=\"fa-li fa fa-check-square\" style=\"color: #008ea9;\"><\/i><i class=\"fa-li fa fa-check-square\" style=\"color: #008ea9;\"><\/i><span style=\"color: #f7a744;\">1\u00aa Convocatoria<\/span><\/li>\n<li>\n<ul>\n<li>Convocatoria \u2013 <a href=\"https:\/\/www.mijas.es\/wp-content\/uploads\/2021\/04\/1o-Convocatoria-Monitores-Mijas-Impulsa.pdf\" target=\"_blank\" rel=\"noreferrer noopener\">Descargar <i class=\"far fa-file-pdf\" style=\"color: #c00;\"> <\/i><\/a><\/li> \n<li>Resultado Proceso Selectivo \u2013 <a href=\"https:\/\/www.mijas.es\/wp-content\/uploads\/2021\/04\/Resultado_Proceso.pdf\" target=\"_blank\" rel=\"noreferrer noopener\">Descargar <i class=\"far fa-file-pdf\" style=\"color: #c00;\"> <\/i><\/a><\/li>\n<\/ul>\n<\/li><\/ul>\n\n<ul class=\"fa-ul\">\n<li><i class=\"fa-li fa fa-check-square\" style=\"color: #008ea9;\"><\/i><i class=\"fa-li fa fa-check-square\" style=\"color: #008ea9;\"><\/i><span style=\"color: #f7a744;\">2\u00aa Convocatoria<\/span><\/li>\n<ul>\n<li>Convocatoria \u2013 <a href=\"https:\/\/www.mijas.es\/wp-content\/uploads\/2021\/04\/CONVOCATORIA-PROGRAMA-POEFE.pdf\" target=\"_blank\" rel=\"noreferrer noopener\">Descargar <i class=\"far fa-file-pdf\" style=\"color: #c00;\"> <\/i><\/a><\/li>\n<li>Resultado Proceso Selectivo \u2013 <a href=\"https:\/\/www.mijas.es\/wp-content\/uploads\/2021\/04\/8.3-Listado-de-formadores-definitivo-seleccionado-y-alegaciones.pdf\" target=\"_blank\" rel=\"noreferrer noopener\">Descargar <i class=\"far fa-file-pdf\" style=\"color: #c00;\"> <\/i><\/a><\/li>\n<\/ul>\n<\/ul>\n\n<ul class=\"fa-ul\">\n<li><i class=\"fa-li fa fa-check-square\" style=\"color: #008ea9;\"><\/i><i class=\"fa-li fa fa-check-square\" style=\"color: #008ea9;\"><\/i><span style=\"color: #f7a744;\">3\u00aa Convocatoria<\/span><\/li>\n<ul>\n<li>Convocatoria \u2013 <a href=\"http:\/\/www.mijas.es\/files\/adjuntos\/RRHH\/Convocatorias\/2019\/poefe\/Convocatoria%20Docentes%20POEFE.pdf\" target=\"_blank\" rel=\"noreferrer noopener\">Descargar <i class=\"far fa-file-pdf\" style=\"color: #c00;\"> <\/i><\/a><\/li>\n<li>Resultado Proceso Selectivo \u2013 <a href=\"https:\/\/www.mijas.es\/wp-content\/uploads\/2021\/05\/Listados-3-convocatoria-docentes.pdf\" target=\"_blank\" rel=\"noreferrer noopener\" aria-label=\"\n\">Descargar <i class=\"far fa-file-pdf\" style=\"color: #c00;\"> <\/i><\/a><\/li>\n<\/ul>\n<\/ul>\n<ul class=\"fa-ul\">\n\n<li><i class=\"fa-li fa fa-check-square\" style=\"color: #008ea9;\"><\/i><i class=\"fa-li fa fa-check-square\" style=\"color: #008ea9;\"><\/i><span style=\"color: #f7a744;\">4\u00aa Convocatoria<\/span><\/li>\n<li>\n<ul>\n<li>Convocatoria \u2013 <a href=\"https:\/\/www.mijas.es\/wp-content\/uploads\/2021\/04\/04-Convocatoria-Final-poefe-Firmada_2.pdf\" target=\"_blank\" rel=\"noreferrer noopener\">Descargar <i class=\"far fa-file-pdf\" style=\"color: #c00;\"> <\/i><\/a><\/li>\n<li>Resultado Proceso Selectivo \u2013 <a href=\"https:\/\/www.mijas.es\/wp-content\/uploads\/2021\/04\/Resultado-proceso-selectivo.pdf\" target=\"_blank\" rel=\"noreferrer noopener\">Descargar <i class=\"far fa-file-pdf\" style=\"color: #c00;\"> <\/i><\/a><\/li>\n<\/ul><\/li><\/ul>\n<ul class=\"fa-ul\">\n\n<li><i class=\"fa-li fa fa-check-square\" style=\"color: #008ea9;\"><\/i><i class=\"fa-li fa fa-check-square\" style=\"color: #008ea9;\"><\/i><span style=\"color: #f7a744;\">5\u00aa Convocatoria<\/span><\/li>\n<ul>\n<li>Convocatoria \u2013 <a href=\"https:\/\/www.mijas.es\/wp-content\/uploads\/2021\/04\/5a-Convocatoria-de-Formadores-POEFE-publicada.pdf\" target=\"_blank\" rel=\"noreferrer noopener\">Descargar <i class=\"far fa-file-pdf\" style=\"color: #c00;\"> <\/i><\/a><\/li>\n<li>Resultado Proceso Selectivo \u2013 <a href=\"https:\/\/www.mijas.es\/wp-content\/uploads\/2021\/04\/Rdo.-docentes-5o-convocatoria.pdf\" target=\"_blank\" rel=\"noreferrer noopener\">Descargar <i class=\"far fa-file-pdf\" style=\"color: #c00;\"> <\/i><\/a><\/li>\n<\/ul><\/ul>\n<ul class=\"fa-ul\">\n\n<li><i class=\"fa-li fa fa-check-square\" style=\"color: #008ea9;\"><\/i><i class=\"fa-li fa fa-check-square\" style=\"color: #008ea9;\"><\/i><span style=\"color: #f7a744;\">6\u00aa Convocatoria<\/span><\/li>\n<ul>\n<li>Convocatoria \u2013 <a href=\"https:\/\/www.mijas.es\/wp-content\/uploads\/2021\/08\/CONVOCATORIA%206%c2%aa%20DOCENTES%20POEFE-1.pdf\" target=\"_blank\" rel=\"noreferrer noopener\">Descargar <i class=\"far fa-file-pdf\" style=\"color: #c00;\"><\/i><\/a><\/li>\n<li>Resultado Proceso Selectivo \u2013 <a href=\"https:\/\/www.mijas.es\/wp-content\/uploads\/2021\/09\/20210923112828782.pdf\" target=\"_blank\" rel=\"noreferrer noopener\">Descargar <i class=\"far fa-file-pdf\" style=\"color: #c00;\"><\/i><\/a><\/li>\n<\/ul><\/ul>\n<\/div>\n<\/div>\n<\/div>\n<\/div>\n<\/div><\/div><\/div>\n\n\n\n<h3 class=\"text-center\" style=\"font-size: 24px;\">MEN\u00da <span style=\"color: #3e8e96;\">MIJAS IMPULSA POEFE<\/span><\/h3>\n<div style=\"border-bottom: 1px solid #f7a744; text-align-center: left; font-size: 18px; padding: 10px 0px;\">&nbsp;<\/div>\n<div class=\"text-center\">\n<div class=\"container\">\n<div class=\"row justify-content-center\">\n<div class=\"col-md-4 col-4 p-4\">\n<img decoding=\"async\" class=\"img-fluid mx-auto d-block\" src=\"https:\/\/www.mijas.es\/wp-content\/uploads\/2021\/05\/icono-raton-e1620224070955.png\" width=\"70px\" height=\"70px\"><p><\/p>\n<p><strong><span style=\"color: #f7a744;\">ALUMNOS<\/span><\/strong><\/p>\n<p>Selecci\u00f3n de Alumnos<\/p>\n<p><a class=\"btn btn-info\" href=\"https:\/\/www.mijas.es\/portal\/fomento\/listado-de-alumnos-mijas-impulsa-fomento-del-empleo\/\">Ir a la p\u00e1gina<\/a><\/p>\n<\/div>\n<div class=\"col-md-4 col-4 p-4\">\n<img decoding=\"async\" class=\"img-fluid mx-auto d-block\" src=\"https:\/\/www.mijas.es\/wp-content\/uploads\/2021\/05\/bombilla3-e1620224045130.png\" width=\"70px\" height=\"70px\"><p><\/p>\n<p><strong><span style=\"color: #f7a744;\">INFORMACI\u00d3N<\/span><\/strong><\/p>\n<p>Itinerarios<\/p>\n<p><a class=\"btn btn-info\" href=\" https:\/\/www.mijas.es\/portal\/fomento\/itinerarios-mijas-impulsa-fomento-de-empleo\/\">Ir a la p\u00e1gina<\/a><\/p>\n<\/div>\n<div class=\"col-md-4 col-4 p-4\">\n<img decoding=\"async\" class=\"img-fluid mx-auto d-block\" src=\"https:\/\/www.mijas.es\/wp-content\/uploads\/2021\/05\/icono-usu-e1620224233756.png\" width=\"70px\" height=\"70px\"><p><\/p>\n<p><strong><span style=\"color:  #f7a744;\">INSCRIPCI\u00d3N<\/span><\/strong><\/p>\n<p>Itinerarios<\/p>\n<p><a class=\"btn btn-info\" href=\"https:\/\/www.mijas.es\/portal\/fomento\/mijas-impulsa-fomento-de-empleo\/\">Ir a la p\u00e1gina<\/a><\/p>\n<\/div>\n<\/div>\n<\/div>\n<\/div>\n<\/div>\n\n\n\n<div style=\"height:40px\" aria-hidden=\"true\" class=\"wp-block-spacer\"><\/div>\n\n\n\n<div class=\"py-5\">\n    <div class=\"container\">\n      <div class=\"row\">\n        <div class=\"col-lg-8\">\n<h3><strong>\u00c1REA DE FOMENTO DEL EMPLEO AYUNTAMIENTO DE MIJAS<\/strong><\/h3>\n<p>Avd. Andaluc\u00eda n\u00ba 3 \u2013 Las Lagunas -Mijas 29651 (M\u00e1laga)<br>\n<i class=\"fas fa-phone-volume\"><\/i> <strong>Tel\u00e9fono: <\/strong>951 26 02 83\n<br><i class=\"fas fa-envelope\"><\/i> <strong>E-mail: <\/strong><a href=\"mailto:promo.desa@mijas.es\">promo.desa@mijas.es<\/a>\n<br>\n<a href=\"https:\/\/www.facebook.com\/ImpulsaMijas\/\" target=\"_blank\" rel=\"noopener noreferrer\">\n<img decoding=\"async\" class=\"ico\" style=\"width: 27px;\" src=\"https:\/\/www.mijas.es\/wp-content\/themes\/mijas-theme\/assets\/images\/facebook-icon2.png\" alt=\"Facebook:\"> Mijas Impulsa <\/a>\n<\/p>\n<p><\/p><\/div>\n<div class=\"col-lg-8\">\n<img decoding=\"async\" class=\"img-fluid d-block\" src=\"https:\/\/www.mijas.es\/wp-content\/uploads\/2021\/05\/logo-ministerio-1.png\" widht=\"500px\" height=\"\" alt=\"\"><\/div>\n<div class=\"col-lg-7\">\n<p class=\"has-text-align-justify  has-normal-font-size\" style=\"font-size:14px;\">\nEl proyecto MIJAS IMPULSA est\u00e1 cofinanciado con el Fondo Social Europeo, dentro de las                                              ayudas previstas en el Programa Operativo de Empleo, Formaci\u00f3n y Educaci\u00f3n (Ayudas AP                                     POEFE), destinadas a Entidades Locales para la inserci\u00f3n de las personas m\u00e1s vulnerables,                                           recogida en la Orden PRA \/37\/2018 de 16 de Enero de 2018 BOE n\u00ba 21 de 24 Enero 2018<\/p>\n<\/div><\/div><\/div><\/div><\/div>\n","protected":false},"excerpt":{"rendered":"<p>LISTADO SELECCI\u00d3N DE DOCENTES ITINERARIOS MIJAS IMPULSA POEFE &nbsp; Selecci\u00f3n de Docentes Bases, Convocatorias y Listado Selecci\u00f3n Docentes 1\u00aa Convocatoria Convocatoria \u2013 Descargar Resultado Proceso Selectivo \u2013 Descargar 2\u00aa Convocatoria Convocatoria \u2013 Descargar Resultado Proceso Selectivo \u2013 Descargar 3\u00aa Convocatoria Convocatoria \u2013 Descargar Resultado Proceso Selectivo \u2013 Descargar 4\u00aa Convocatoria Convocatoria \u2013 Descargar Resultado Proceso [&hellip;]<\/p>\n","protected":false},"author":17,"featured_media":0,"parent":40132,"menu_order":0,"comment_status":"closed","ping_status":"closed","template":"page-departamental.php","meta":[],"_links":{"self":[{"href":"https:\/\/www.mijas.es\/portal\/wp-json\/wp\/v2\/pages\/37230"}],"collection":[{"href":"https:\/\/www.mijas.es\/portal\/wp-json\/wp\/v2\/pages"}],"about":[{"href":"https:\/\/www.mijas.es\/portal\/wp-json\/wp\/v2\/types\/page"}],"author":[{"embeddable":true,"href":"https:\/\/www.mijas.es\/portal\/wp-json\/wp\/v2\/users\/17"}],"replies":[{"embeddable":true,"href":"https:\/\/www.mijas.es\/portal\/wp-json\/wp\/v2\/comments?post=37230"}],"version-history":[{"count":66,"href":"https:\/\/www.mijas.es\/portal\/wp-json\/wp\/v2\/pages\/37230\/revisions"}],"predecessor-version":[{"id":43662,"href":"https:\/\/www.mijas.es\/portal\/wp-json\/wp\/v2\/pages\/37230\/revisions\/43662"}],"up":[{"embeddable":true,"href":"https:\/\/www.mijas.es\/portal\/wp-json\/wp\/v2\/pages\/40132"}],"wp:attachment":[{"href":"https:\/\/www.mijas.es\/portal\/wp-json\/wp\/v2\/media?parent=37230"}],"curies":[{"name":"wp","href":"https:\/\/api.w.org\/{rel}","templated":true}]}}