{"id":36845,"date":"2021-04-20T10:43:46","date_gmt":"2021-04-20T09:43:46","guid":{"rendered":"https:\/\/www.mijas.es\/portal\/?page_id=36845"},"modified":"2022-03-08T11:41:20","modified_gmt":"2022-03-08T10:41:20","slug":"menu-formacion","status":"publish","type":"page","link":"https:\/\/www.mijas.es\/portal\/fomento-empleo\/menu-formacion\/","title":{"rendered":"Men\u00fa Formaci\u00f3n &#8211; Fomento del Empleo"},"content":{"rendered":"\n<div class=\"py-5 text-center text-white h-90 align-items-center d-flex\">\n<img decoding=\"async\" class=\"img-fluid d-block\" src=\"https:\/\/www.mijas.es\/wp-content\/uploads\/2021\/05\/cabecera-formacion.png\">\n\n <\/div>\n\n\n\n<section id=\"featured\" class=\"featured\">\n<div class=\"py-5 text-center\">\n    <div class=\"container\">\n      <div class=\"row\">\n        <div class=\"mx-auto col-md-12\">\n            <div class=\"icon-box\">\n          <h1 class=\"mb-3\" style=\"color:#f7a744\">El \u00c1rea de Fomento del Empleo <\/h1>\n\n          <p>Consta de una amplia infraestructura para su formaci\u00f3n. La Oficina de los Programas Formativos se encuentra ubicada en el mismo edificio, de tal manera que ha favorecido a llevar a cabo un seguimiento continuo durante la impartici\u00f3n de los cursos adem\u00e1s de cubrir las demandas solicitadas tanto del profesorado como del alumnado de manera m\u00e1s inmediata.<\/p>\n\n<p><\/p>\n<i class=\"far fa-star fa-lg fa-3x\" style=\"color: #3e8e96;\"><\/i>\n        <\/div>\n      <\/div>\n    <\/div>\n  <\/div>  <\/div>\n<div class=\"container\">\n<div class=\"row d-flex justify-content-between\">\n        <div class=\"col-md-4 p-2\"> \n<div class=\"icon-box\">\n<img decoding=\"async\" class=\"img-fluid d-block rounded mx-auto\" src=\"https:\/\/www.mijas.es\/wp-content\/uploads\/2021\/04\/chica-impulsa.png\">\n         <h4 class=\"my-3 text-center\"><span style=\"color:#f7a744\"><strong>Acciones Formativas<\/strong> <\/span><\/h4>\n<div style=\" border-bottom:1px solid #3e8e96;; text-align:center\">    <\/div>\n          <p>Todas las acciones formativas en su fase formativa (previa a las practicas no laborales) se imparten en el Edificio de Formaci\u00f3n y Empleo.<\/p>\n        <\/div> <\/div>\n      <div class=\"col-md-4 p-2\"> \n<div class=\"icon-box\">\n<img decoding=\"async\" class=\"img-fluid d-block rounded mx-auto\" src=\"https:\/\/www.mijas.es\/wp-content\/uploads\/2021\/04\/chica-impulsa.png\">\n          <h4 class=\"my-3 text-center\"><span style=\"color:#f7a744\"><strong>Aulas<\/strong> <\/span><\/h4>\n<div style=\" border-bottom:1px solid #3e8e96;; text-align:center\">    <\/div>\n          <p>El Edificio de Formaci\u00f3n y Empleo cuenta en su totalidad con 14 aulas disponibles para impartir formaci\u00f3n en diversas especialidades.<\/p>\n        <\/div>   <\/div>\n      <div class=\"col-md-4 p-2\"> \n<div class=\"icon-box\">\n<img decoding=\"async\" class=\"img-fluid d-block rounded mx-auto\" src=\"https:\/\/www.mijas.es\/wp-content\/uploads\/2021\/04\/chica-impulsa.png\">\n         <h4 class=\"my-3 text-center\"><span style=\"color:#f7a744\"><strong>Acreditaci\u00f3n<\/strong> <\/span><\/h4>\n<div style=\" border-bottom:1px solid #3e8e96;; text-align:center\">    <\/div>\n          <p>El \u00c1rea de Fomento del Empleo est\u00e1 acreditado por la Junta de Andaluc\u00eda para impartir m\u00e1s de 20 certificados de profesiona-lidad.<\/p>\n        <\/div><\/div>\n      <\/div>\n    <\/div>\n<div id=\"pagina\">\n<div class=\"py-5 text-center\">\n    <div class=\"container\">\n      <div class=\"row\">\n        <div class=\"col-md-12\">\n          <h1 class=\"mb-3\">Cursos\n  \n<span style=\"color:#3e8e96\"><\/span><\/h1>\n          <p>En la actualidad est\u00e1 en <strong>activo el <span style=\"color:#3e8e96\">Proyecto Europeo Mijas Impulsa POEFE.&nbsp;<\/span><\/strong><\/p>\n\n        <\/div>\n      <\/div>\n    <\/div>\n  <\/div>\n  <\/div>\n    <\/section>\n\n\n\n<style>\n\t.featured {\n  position: relative;\n  z-index: 2;\n}\n\n.featured .icon-box {\n  padding: 40px 30px;\n  box-shadow: 0px 2px 15px rgba(0, 0, 0, 0.15);\n  border-radius: 10px;\n  background: #fff;\n  transition: all ease-in-out 0.3s;\n}\n\n.featured .icon-box i {\n  color: #e96b56;\n  font-size: 42px;\n  margin-bottom: 15px;\n  display: block;\n}\n\n.featured .icon-box h3 {\n  font-weight: 700;\n  margin-bottom: 15px;\n  font-size: 20px;\n}\n\n.featured .icon-box h3 a {\n  color: #545454;\n  transition: 0.3s;\n}\n\n.featured .icon-box p {\n  color: #5F6669;\n  line-height: 24px;\n  font-size: 16px;\n  margin-bottom: 0;\n}\n\n.featured .icon-box:hover {\n  background: #3e8e96;\n}\n\n.featured .icon-box:hover i, .featured .icon-box:hover h3 a, .featured .icon-box:hover p {\n  color: #fff;\n}\n\n<\/style>\n\n\n\n<div style=\" border-bottom:1px solid #f7a744;; text-align:left\">    <\/div>\n<div class=\"py-5 section-parallax\" style=\"padding-bottom: 4.5rem ;padding-top: 4.5rem;background-image: url('https:\/\/www.mijas.es\/wp-content\/uploads\/2021\/05\/administrativo.png');  background-attachment: fixed;\n    background-size: cover; background-position: center;\">\n    <div class=\"container my-5 bg-light p-4\" style=\"text-align: center;\">\n      <div class=\"row mx-auto\">\n        <div class=\"col-md-12\">\n<p><\/p>\n              <h2>MEN\u00da <span style=\"color:#3e8e96\"> FORMACI\u00d3N<\/span><\/h2>\n<div style=\" border-bottom:1px solid #f7a744;; text-align:left\">    <\/div>\n\t\t\t  <p><\/p>\n\n          <div class=\"row\">\n\n            <div class=\"col-md-4 px-2 mt-3\"> \n\t\t      <img decoding=\"async\" class=\"img-fluid mx-auto d-block\" src=\"https:\/\/www.mijas.es\/wp-content\/uploads\/2021\/05\/icono-a.png\"><p><\/p>\n              <h3><strong>CURSOS<\/strong><\/h3>   <span style=\"color:#3e8e96\">\n\t\t\t  <p class=\"mb-4\">FORMACI\u00d3N PROFESIONAL<br><strong>PARA EL EMPLEO<\/strong><\/p><\/span>\n              <p class=\"mb-3\" style=\"color:#f7a744;\">CONVOCATORIA ABIERTA<\/p>\n\t\t\t  <a class=\"btn btn-outline-info\" href=\"https:\/\/www.mijas.es\/portal\/fomento\/formacion-para-el-empleo\/\" width=\"55px\" height=\"55px\">Informaci\u00f3n<\/a>\n            <\/div>\n            <div class=\"col-md-4 px-2 mt-3\">\n      <img decoding=\"async\" class=\"img-fluid mx-auto d-block\" src=\"https:\/\/www.mijas.es\/wp-content\/uploads\/2021\/05\/ciono2-removebg-preview.png\"><p><\/p>\n              <h3><strong>CURSOS<\/strong><\/h3><span style=\"color:#3e8e96\">\n              <p class=\"mb-4\">PROGRAMA EUROPEO<br><strong>MIJAS IMPULSA POEFE<\/strong><\/p><\/span>\n\t\t\t  <p class=\"mb-3\"><strong>&nbsp;<\/strong><\/p>\n\t\t\t  <a class=\"btn btn-info\" href=\"https:\/\/www.mijas.es\/portal\/fomento\/informacion-mijas-impulsa\/\">Informaci\u00f3n<\/a>\n            <\/div>\n\t\t\t<div class=\"col-md-4 px-2 mt-3\">\n      <img decoding=\"async\" class=\"img-fluid mx-auto d-block\" src=\"https:\/\/www.mijas.es\/wp-content\/uploads\/2021\/05\/icono-5.png\"><p><\/p>\n               <h3><strong>CURSOS<\/strong><\/h3> <span style=\"color:#3e8e96\">\n              <p class=\"mb-4\">PROGRAMA EUROPEO<br><strong>EMPLEO JUVENIL POEJ<\/strong><\/p><\/span>\n\t\t\t    <p class=\"mb-3\" style=\"color:#f7a744;\">SIN CONVOCATORIA ABIERTA<\/p>\n\t\t\t   <a class=\"btn btn-outline-info\" href=\"https:\/\/www.mijas.es\/portal\/fomento\/programa-operativo-empleo-juvenil\/\">Informaci\u00f3n<\/a>\n            <\/div>\n     \n        <\/div>\n      <\/div>\n    <\/div>\n  <\/div>\n\n    <\/div>\n<div style=\" border-bottom:1px solid #f7a744;; text-align:left\">    <\/div>\n\n\n\n<div style=\"height:28px\" aria-hidden=\"true\" class=\"wp-block-spacer\"><\/div>\n\n\n\n<div class=\"py-5\">\n    <div class=\"container\">\n      <div class=\"row\">\n        <div class=\"col-lg-8\">\n<h3><strong>\u00c1REA DE FOMENTO DEL EMPLEO AYUNTAMIENTO DE MIJAS<\/strong><\/h3>\n<p>Avd. Andaluc\u00eda n\u00ba 3 \u2013 Las Lagunas -Mijas 29651 (M\u00e1laga)<br>\n<i class=\"fas fa-phone-volume\"><\/i> <strong>Tel\u00e9fono: <\/strong>951 26 02 83\n<br><i class=\"fas fa-envelope\"><\/i> <strong>E-mail: <\/strong><a href=\"mailto:promo.desa@mijas.es\">promo.desa@mijas.es<\/a>\n<br>\n<!--<a href=\"https:\/\/www.facebook.com\/ImpulsaMijas\/\" target=\"_blank\" rel=\"noopener noreferrer\">\n<img decoding=\"async\" class=\"ico\" style=\"width: 27px;\" src=\"https:\/\/www.mijas.es\/wp-content\/themes\/mijas-theme\/assets\/images\/facebook-icon2.png\" alt=\"Facebook:\"> Mijas Impulsa <\/a>-->\n<\/p>\n<p><\/p><\/div>\n<div class=\"col-lg-8\">\n<img decoding=\"async\" class=\"img-fluid d-block\" src=\"https:\/\/www.mijas.es\/wp-content\/uploads\/2022\/03\/Consejeria%20EmpleoJA.jpg\" widht=\"500px\" height=\"\" alt=\"\"><\/div>\n<!--<div class=\"col-lg-7\">\n<p class=\"has-text-align-justify  has-normal-font-size\" style=\"font-size:14px;\">\nEl proyecto MIJAS IMPULSA est\u00e1 cofinanciado con el Fondo Social Europeo, dentro de las                                              ayudas previstas en el Programa Operativo de Empleo, Formaci\u00f3n y Educaci\u00f3n (Ayudas AP                                     POEFE), destinadas a Entidades Locales para la inserci\u00f3n de las personas m\u00e1s vulnerables,                                           recogida en la Orden PRA \/37\/2018 de 16 de Enero de 2018 BOE n\u00ba 21 de 24 Enero 2018<\/p>\n<\/div>--><\/div><\/div><\/div>\n","protected":false},"excerpt":{"rendered":"<p>El \u00c1rea de Fomento del Empleo Consta de una amplia infraestructura para su formaci\u00f3n. La Oficina de los Programas Formativos se encuentra ubicada en el mismo edificio, de tal manera que ha favorecido a llevar a cabo un seguimiento continuo durante la impartici\u00f3n de los cursos adem\u00e1s de cubrir las demandas solicitadas tanto del profesorado [&hellip;]<\/p>\n","protected":false},"author":17,"featured_media":0,"parent":40132,"menu_order":0,"comment_status":"closed","ping_status":"closed","template":"page-departamental.php","meta":[],"_links":{"self":[{"href":"https:\/\/www.mijas.es\/portal\/wp-json\/wp\/v2\/pages\/36845"}],"collection":[{"href":"https:\/\/www.mijas.es\/portal\/wp-json\/wp\/v2\/pages"}],"about":[{"href":"https:\/\/www.mijas.es\/portal\/wp-json\/wp\/v2\/types\/page"}],"author":[{"embeddable":true,"href":"https:\/\/www.mijas.es\/portal\/wp-json\/wp\/v2\/users\/17"}],"replies":[{"embeddable":true,"href":"https:\/\/www.mijas.es\/portal\/wp-json\/wp\/v2\/comments?post=36845"}],"version-history":[{"count":53,"href":"https:\/\/www.mijas.es\/portal\/wp-json\/wp\/v2\/pages\/36845\/revisions"}],"predecessor-version":[{"id":45375,"href":"https:\/\/www.mijas.es\/portal\/wp-json\/wp\/v2\/pages\/36845\/revisions\/45375"}],"up":[{"embeddable":true,"href":"https:\/\/www.mijas.es\/portal\/wp-json\/wp\/v2\/pages\/40132"}],"wp:attachment":[{"href":"https:\/\/www.mijas.es\/portal\/wp-json\/wp\/v2\/media?parent=36845"}],"curies":[{"name":"wp","href":"https:\/\/api.w.org\/{rel}","templated":true}]}}