{"id":36735,"date":"2021-04-19T16:28:47","date_gmt":"2021-04-19T15:28:47","guid":{"rendered":"https:\/\/www.mijas.es\/portal\/?page_id=36735"},"modified":"2021-08-24T14:46:18","modified_gmt":"2021-08-24T13:46:18","slug":"programa-operativo-empleo-juvenil","status":"publish","type":"page","link":"https:\/\/www.mijas.es\/portal\/fomento-empleo\/programa-operativo-empleo-juvenil\/","title":{"rendered":"Programa Operativo Empleo Juvenil POEJ &#8211; Fomento del Empleo"},"content":{"rendered":"\n<div id=\"arriba1\"><\/div>\n<div id=\"arriba2\"><\/div>\n<div class=\"py-5 text-center text-white h-90 align-items-center d-flex\">\n<img decoding=\"async\" class=\"img-fluid d-block mx-auto\" src=\"https:\/\/www.mijas.es\/wp-content\/uploads\/2021\/05\/cabecera-poej-1.png\">\n <\/div>\n\n\n\n<div id=\"arriba\">\n\n<div class=\"py-3 text-center\">\n<div class=\"container\">\n<div class=\"row justify-content-center\">\n<div class=\"col-lg-4 col-6 p-4\"><i class=\"fas fa-cube fa-3x mb-2\" style=\"color: #f7a744;\"><\/i>\n<p class=\"lead\"><strong>OBJETIVO DEL PROYECTO<\/strong><\/p>\n<a class=\"btn btn-info\" href=\"#dirigido\">Ir a la secci\u00f3n<\/a>\n<\/div>\n<div class=\"col-lg-4 col-6 p-4\"><i class=\"far fa-gem fa-3x mb-2\" style=\"color: #f7a744;\"><\/i>\n<p class=\"lead\"><strong>EN QUE CONSISTE<br>EL PROYECTO<\/strong><\/p>\n<a class=\"btn btn-info\" href=\"#proyecto\">Ir a la secci\u00f3n<\/a>\n<\/div>\n<div class=\"col-lg-4 col-6 p-4\">\n<i class=\"fas fa-sun fa-3x mb-2\" style=\"color: #f7a744;\"><\/i>\n<p class=\"lead\"><strong>ESTRUCTURA DEL PROYECTO<\/strong><\/p>\n<a class=\"btn btn-info\" href=\"#objetivo\">Ir a la secci\u00f3n<\/a>\n<\/div>\n<\/div>\n<\/div>\n<\/div>\n<div id=\"dirigido\">\n<div class=\"py-3 text-center\">\n<div class=\"container\">\n<div class=\"row\">\n<div class=\"mx-auto col-md-10\"><i class=\"far fa-star fa-lg fa-3x\" style=\"color: #f7a744;\"><\/i>\n<p><\/p>\n<h3 style=\"font-size: 24px;\">PROGRAMAS EUROPEOS<\/h3>\n<h3 style=\"font-size: 24px;\"><span style=\"color: #3e8e96;\">PROGRAMA OPERATIVO EMPLEO JUVENIL- POEJ<\/span><\/h3>\n<p>Desde el \u00c1rea de Fomento del Empleo se han realizado acciones espec\u00edficas de empleo con las personas m\u00e1s vulnerables a trav\u00e9s de su participaci\u00f3n en los programas operativos cofinanciados por los fondos de cohesi\u00f3n del Fondo Social Europeo.<\/p>\n<\/div>\n<\/div>\n<\/div>\n<\/div>\n<\/div>\n\n\n\n<div id=\"proyecto\"><\/div>\n<div class=\"py-3\">\n<div class=\"container\">\n<div class=\"row py-5\">\n<div class=\"col-md-5 order-2 order-md-1\">\n<img decoding=\"async\" class=\"img-fluid img-top d-block my-3 mx-auto\" src=\"https:\/\/www.mijas.es\/wp-content\/uploads\/2021\/07\/poej_botones.png\" widht=\"200px\" height=\"200px\"><\/div>\n\n\n\n<div class=\"col-md-7 align-self-center order-1 order-md-2 my-3 text-md-left text-center\">\n<h2><span style=\"color:#3e8e96;text-center\">&nbsp;&nbsp;&nbsp;&nbsp;&nbsp;&nbsp;EL OBJETIVO DEL PROYECTO<\/h2><\/span>\n<div style=\" border-bottom:1px solid #f7a744;; text-align:center\">    <\/div>\n<p class=\"my-4 text-muted text-justify\">Los programas POEJ tienen como objetivo mejorar la empleabilidad y promover el acceso al empleo de los j\u00f3venes sin cualificaci\u00f3n inscritos en garant\u00eda juvenil.<\/p>\n<a class=\"btn btn-sm mx-1 btn-outline-info\" href=\"#arriba1\">Ir arriba<\/a>\n<\/div>\n<\/div>\n\n\n\n<div id=\"objetivo\"><\/div>\n<div class=\"row pt-5\">\n<div class=\"col-md-7 align-self-center  text-md-left text-center\">\n<h2><span style=\"color:#3e8e96\">&nbsp;&nbsp;&nbsp;&nbsp;&nbsp;&nbsp;&nbsp;&nbsp;EL PROYECTO CONSISTE EN<\/h2><\/span>\n<div style=\" border-bottom:1px solid #f7a744;; text-align:center\"><\/div>\n<p class=\"my-4 text-muted text-justify\">la activaci\u00f3n, orientaci\u00f3n y acompa\u00f1amiento a la inserci\u00f3n para j\u00f3venes de garant\u00eda juvenil, incide en la activaci\u00f3n de personas j\u00f3venes no ocupadas y no integradas en los sistemas de educaci\u00f3n o formaci\u00f3n para su incorporaci\u00f3n al mercado laboral o a la formaci\u00f3n.<\/p>\n<a class=\"btn btn-sm mx-1 btn-outline-info\" href=\"#arriba\">Ir arriba<\/a>\n<\/div>\n\n\n\n<div class=\"col-md-5 order-2 order-md-1\">\n<img decoding=\"async\" class=\"img-fluid img-top d-block my-3 mx-auto\" src=\"https:\/\/www.mijas.es\/wp-content\/uploads\/2021\/07\/poej-estudiante.png\" widht=\"200px\" height=\"200px\"><\/div>\n<\/div>\n\n\n\n<h1 class=\"text-center mb-4\" style=\"color: #f7a744;\"><\/h1>\n<div class=\"py-5 text-center text-white h-100 align-items-center d-flex\" style=\"background-image: url('https:\/\/www.mijas.es\/wp-content\/uploads\/2021\/05\/fondo2.png'); background-position: center center, center center; background-size: cover, 100%; background-repeat: repeat, repeat;\">\n\n\n\n<div id=\"estructura\"><\/div>\n\n\n\n<div style=\" border-bottom:1px solid #f7a744; text-align:center;\">    <\/div>\n<div class=\"py-5 text-center text-white h-100 align-items-center d-flex\" \nstyle=\"background-image: url('https:\/\/www.mijas.es\/wp-content\/uploads\/2021\/05\/fondo4.png'); background-position: center; background-size: cover, 100%; background-repeat: repeat;\">\n\n\n    <div class=\"container\" >\n      <div class=\"row\">\n        <div class=\"col-md-12\">\n<h1 style=\"color: #f7a744;\">El proyecto se estructura en tres l\u00edneas de trabajo<\/h1>\n<div style=\" border-bottom:1px solid #f7a744;; text-align:left\">    <\/div>\n\t\t\t \n<\/div>\n<\/div>\n\n<div class=\"row text-dark\">\n<div class=\"col-lg-4 p-3\">\n<div class=\"card text\">\n<div class=\"card-body p-4\">\n<h3 class=\"mb-3\" style=\"color: #3e8e96;\">Uno<\/h3>\n<div style=\" border-bottom:1px solid #3e8e96\">    <\/div>\n<p class=\"my-3\">Motivaci\u00f3n y activaci\u00f3n de j\u00f3venes a partir de centros de inter\u00e9s, informaci\u00f3n relevante y experiencias que les vincule al mercado laboral.<\/p><br><br><br>\n<\/div>\n<\/div>\n<\/div>\n\n<div class=\"col-lg-4 col-md-6 p-3\">\n<div class=\"card text\">\n<div class=\"card-body p-4\">\n<h3 class=\"mb-3\" style=\"color: #3e8e96;\">Dos<\/h3>\n<div style=\" border-bottom:1px solid #3e8e96; \">    <\/div>\n<p class=\"my-3\">Orientaci\u00f3n profesional para la toma de decisiones que conecte con sus intereses y despierte ilusi\u00f3n en su futuro profesional.<\/p><br><br><br><br>\n\n<\/div>\n<\/div>\n<\/div>\n<div class=\"col-lg-4 col-md-6 p-3\">\n<div class=\"card text\">\n<div class=\"card-body p-4\">\n<h3 class=\"mb-3\" style=\"color: #3e8e96;\">Tres<\/h3>\n<div style=\" border-bottom:1px solid #3e8e96;\">    <\/div>\n<p class=\"my-3\">Asesoramiento y acompa\u00f1amiento en la b\u00fasqueda eficaz a trav\u00e9s de alianzas estrat\u00e9gicas con empresas que permitan su transici\u00f3n al mercado de trabajo o reincorporaci\u00f3n a la formaci\u00f3n.<br><br><\/p>\n<\/div>\n<\/div>\n<\/div>\n<\/div>\n<\/div>\n<\/div>\n<\/div>\n\n<p>Todas las actuaciones constituyen en s\u00ed una medida para fomentar la no discriminaci\u00f3n, la igualdad de trato, la igualdad de oportunidades entre hombres y mujeres y la diversidad. En particular el proyecto lucha espec\u00edficamente contra la discriminaci\u00f3n por edad que sufren los j\u00f3venes en el mercado de trabajo.<br><\/p>\n<div style=\" bordesolid #f7a744;; text-align:left\">    <\/div>\n<p><\/p>\n<a class=\"btn btn-sm  btn-outline-info mx-auto\" href=\"#arriba2\">Ir arriba<\/a><\/div>\n\n\n\n<div class=\"py-5 text-center\">\n    <div class=\"container\">\n      <div class=\"row\">\n        <div class=\"mx-auto col-lg-10\">\n          <h2>MEN\u00da <span style=\"color:#3e8e96\">PRINCIPAL<\/span><\/h2><br>\n<div style=\" border-bottom:1px solid #f7a744; text-align:left\">    <\/div>\n<br>\n          <div class=\"row\">\n            <div class=\"col-md-12\"> \n\t\t\t<img decoding=\"async\" class=\"img-fluid mx-auto d-block\" src=\"https:\/\/www.mijas.es\/wp-content\/uploads\/2021\/05\/icono-raton-e1620224070955.png\">\n<p><strong><span style=\"color: #f7a744;\">MEN\u00da FORMACI\u00d3N<\/span><\/strong><\/p><br>\n                          \n\t\t\t  <a class=\"btn btn-outline-info\" href=\"https:\/\/www.mijas.es\/portal\/fomento\/menu-formacion\/\">Ir a la p\u00e1gina<\/a>\n            <\/div>\n            \n          <\/div>\n        <\/div>\n      <\/div>\n    <\/div>\n   <\/div>\n\n\n\n<div class=\"py-5\">\n    <div class=\"container\">\n      <div class=\"row\">\n        <div class=\"col-lg-8\">\n<h3><strong>\u00c1REA DE FOMENTO DEL EMPLEO AYUNTAMIENTO DE MIJAS<\/strong><\/h3>\n<p>Avd. Andaluc\u00eda n\u00ba 3 \u2013 Las Lagunas -Mijas 29651 (M\u00e1laga)<br>\n<i class=\"fas fa-phone-volume\"><\/i> <strong>Tel\u00e9fono: <\/strong>951 26 02 83\n<br><i class=\"fas fa-envelope\"><\/i> <strong>E-mail: <\/strong><a href=\"mailto:promo.desa@mijas.es\">promo.desa@mijas.es<\/a>\n<br>\n<a href=\"https:\/\/www.facebook.com\/ImpulsaMijas\/\" target=\"_blank\" rel=\"noopener noreferrer\">\n<img decoding=\"async\" class=\"ico\" style=\"width: 27px;\" src=\"https:\/\/www.mijas.es\/wp-content\/themes\/mijas-theme\/assets\/images\/facebook-icon2.png\" alt=\"Facebook:\"> Mijas Impulsa <\/a>\n<\/p>\n<p><\/p><\/div>\n<div class=\"col-lg-8\">\n<img decoding=\"async\" class=\"img-fluid d-block\" src=\"https:\/\/www.mijas.es\/wp-content\/uploads\/2021\/05\/logo-ministerio-1.png\" widht=\"500px\" height=\"\" alt=\"\"><\/div>\n<div class=\"col-lg-7\">\n<p class=\"has-text-align-justify  has-normal-font-size\" style=\"font-size:14px;\">\nEl proyecto MIJAS IMPULSA est\u00e1 cofinanciado con el Fondo Social Europeo, dentro de las                                              ayudas previstas en el Programa Operativo de Empleo, Formaci\u00f3n y Educaci\u00f3n (Ayudas AP                                     POEFE), destinadas a Entidades Locales para la inserci\u00f3n de las personas m\u00e1s vulnerables,                                           recogida en la Orden PRA \/37\/2018 de 16 de Enero de 2018 BOE n\u00ba 21 de 24 Enero 2018<\/p>\n<\/div><\/div><\/div><\/div><\/div>\n","protected":false},"excerpt":{"rendered":"<p>OBJETIVO DEL PROYECTO Ir a la secci\u00f3n EN QUE CONSISTEEL PROYECTO Ir a la secci\u00f3n ESTRUCTURA DEL PROYECTO Ir a la secci\u00f3n PROGRAMAS EUROPEOS PROGRAMA OPERATIVO EMPLEO JUVENIL- POEJ Desde el \u00c1rea de Fomento del Empleo se han realizado acciones espec\u00edficas de empleo con las personas m\u00e1s vulnerables a trav\u00e9s de su participaci\u00f3n en los [&hellip;]<\/p>\n","protected":false},"author":17,"featured_media":0,"parent":40132,"menu_order":0,"comment_status":"closed","ping_status":"closed","template":"page-departamental.php","meta":[],"_links":{"self":[{"href":"https:\/\/www.mijas.es\/portal\/wp-json\/wp\/v2\/pages\/36735"}],"collection":[{"href":"https:\/\/www.mijas.es\/portal\/wp-json\/wp\/v2\/pages"}],"about":[{"href":"https:\/\/www.mijas.es\/portal\/wp-json\/wp\/v2\/types\/page"}],"author":[{"embeddable":true,"href":"https:\/\/www.mijas.es\/portal\/wp-json\/wp\/v2\/users\/17"}],"replies":[{"embeddable":true,"href":"https:\/\/www.mijas.es\/portal\/wp-json\/wp\/v2\/comments?post=36735"}],"version-history":[{"count":130,"href":"https:\/\/www.mijas.es\/portal\/wp-json\/wp\/v2\/pages\/36735\/revisions"}],"predecessor-version":[{"id":42504,"href":"https:\/\/www.mijas.es\/portal\/wp-json\/wp\/v2\/pages\/36735\/revisions\/42504"}],"up":[{"embeddable":true,"href":"https:\/\/www.mijas.es\/portal\/wp-json\/wp\/v2\/pages\/40132"}],"wp:attachment":[{"href":"https:\/\/www.mijas.es\/portal\/wp-json\/wp\/v2\/media?parent=36735"}],"curies":[{"name":"wp","href":"https:\/\/api.w.org\/{rel}","templated":true}]}}