{"id":36641,"date":"2021-04-19T15:01:23","date_gmt":"2021-04-19T14:01:23","guid":{"rendered":"https:\/\/www.mijas.es\/portal\/?page_id=36641"},"modified":"2023-01-11T12:07:52","modified_gmt":"2023-01-11T11:07:52","slug":"formacion-para-el-empleo","status":"publish","type":"page","link":"https:\/\/www.mijas.es\/portal\/fomento-empleo\/formacion-para-el-empleo\/","title":{"rendered":"FPE para el empleo &#8211; Fomento del Empleo"},"content":{"rendered":"\n<div id=\"arriba\"><\/div>\n<div id=\"arriba1\"><\/div>\n\n\n\n<div class=\"py-5 text-center text-white h-90 align-items-center d-flex\">\n<img decoding=\"async\" class=\"img-fluid d-block\" src=\"https:\/\/www.mijas.es\/wp-content\/uploads\/2021\/09\/cabecera-fpe-ok.png\">\n <\/div>\n\n\n\n<div class=\"py-3 text-center\">\n    <div class=\"container\">\n      <div class=\"row justify-content-center\">\n        <div class=\"col-lg-4 col-6 p-4\"> \n<i class=\"fas fa-cube fa-3x mb-2\" style=\"color: #f7a744;\"><\/i>\n\n          <p class=\"lead\"><strong>A QUIEN VA <br>DIRIGIDO<\/strong><\/p> \n<a class=\"btn btn-info\" href=\"#dirigido\">Ir a la secci\u00f3n<\/a>\n        <\/div>\n        <div class=\"col-lg-4 col-6 p-4\"> \n<i class=\"far fa-gem fa-3x mb-2\" style=\"color:#f7a744;\"><\/i>\n          <p class=\"lead\"><strong>OBJETIVO DE LA FORMACI\u00d3N<\/strong><\/p> \n<a class=\"btn btn-info\" href=\"#objetivo\">Ir a la secci\u00f3n<\/a>\n<div id=\"objetivo\">\n        <\/div>\n        <\/div>\n        <div class=\"col-lg-4 col-6 p-4\"> \n<i class=\"fas fa-cube fa-3x mb-2\" style=\"color:#f7a744;\"><\/i>\n          <p class=\"lead\"><strong>INFORMACION SOBRE EL CURSO<\/strong><\/p> \n<a class=\"btn btn-info\" href=\"#info\">Ir a la secci\u00f3n<\/a>\n      <\/div>\n      <\/div>\n    <\/div>\n  <\/div>\n\n\n\n<div id=\"\"><\/div>\n\n\n\n<div class=\"py-5 text-center\">\n    <div class=\"container\">\n      <div class=\"row\">\n        <div class=\"mx-auto col-md-12\"> \n<i class=\"far fa-star fa-lg fa-3x\" style=\"color: #f7a744;\"><\/i><p><\/p>\n\t\t\t          <!--<h3 style=\"font-size:24px;\">SERVICIOS PROGRAMAS EUROPEOS<span style=\"color:#3e8e96\"> <\/span><\/h3>-->\n <h3 style=\"font-size:24px;\"><span style=\"color:#3e8e96\"> FORMACI\u00d3N PROFESIONAL PARA EL EMPLEO (FPE)<\/span><\/h3>\n\n<div style=\" border-bottom:1px solid #f7a744;; text-align:center\">    <\/div>\n\n\t\t  <p>La Formaci\u00f3n Profesional para el Empleo es un modelo de formaci\u00f3n para facilitar a las personas trabajadoras, ocupadas y desempleadas, una formaci\u00f3n ajustada a las necesidades del mercado de trabajo, que atienda a los requerimientos de competitividad de las empresas, a la vez que satisfaga las aspiraciones de promoci\u00f3n profesional y desarrollo personal de las personas trabajadoras, capacit\u00e1ndolas para un desempe\u00f1o cualificado y acceder al mercado de trabajo.<\/p>\n\n<p>El Ayuntamiento de Mijas, suscrito a este programa, lleva a cabo numerosas acciones formativas a trav\u00e9s del \u00c1rea de Fomento del Empleo, canalizando el esfuerzo p\u00fablico para que esta formaci\u00f3n llegue a los ciudadanos del municipio.<\/p>\n\n        <\/div>\n      <\/div>\n    <\/div>\n  <\/div>\n\n\n\n<div id=\"objetivo\"><\/div>\n\n\n\n<div class=\"pt-5\">\n    <div class=\"container\">\n      <div class=\"row\">\n        <div class=\"col-md-12 text-center\">\n          <h2 class=\"mb-4\" style=\"color:#3e8e96\">OBJETIVO DE LA FORMACI\u00d3N<\/h2>\n\n        <\/div>\n      <\/div>\n      <div class=\"row\">\n        <div class=\"col-md-6 py-md-4 px-4 order-2 order-lg-3 d-flex flex-column justify-content-between\">\n          <div class=\"row\">\n            <div class=\"col-md-6 col-md-12\"> \n\t\t\t<i class=\"d-block fa fa fa-folder-open mb-1 fa-1x\" style=\"color:#f7a744;\"><\/i>\n              <p class=\"lead mb-1\"> <b>UNO<\/b> <\/p>\n              <p>Cualificar y recualificar a las personas trabajadoras, tanto desempleadas como ocupadas, con el fin de contribuir a mejorar la competitividad de los sectores productivos y la productividad de las empresas a trav\u00e9s de la formaci\u00f3n.<\/p>\n            <\/div>\n          <\/div>\n          <div class=\"row\">\n            <div class=\"col-md-6 col-md-12\"> \n\t\t\t<i class=\"d-block fas fa-list-alt  mb-1  fa-1x\" style=\"color:#f7a744;\"><\/i>\n              <p class=\"lead mb-1\"> <b>DOS<\/b> <\/p>\n              <p>Contribuir a la consecuci\u00f3n del pleno empleo de calidad.<\/p>\n            <\/div>\n          <\/div>\n<div id=\"dirigido\"><\/div>\n          <div class=\"row\">\n            <div class=\"col-md-6 col-md-12\"> <i class=\"d-block fas fa-user-tie mb-1  fa-1x\" style=\"color:#f7a744;\"><\/i>\n              <p class=\"lead mb-1\"> <b>TRES<\/b> <\/p>\n              <p>Facilitar una mayor conexi\u00f3n y mejor adecuaci\u00f3n entre la oferta formativa y las necesidades del mercado de trabajo y las empresas, favoreciendo la mejora de la empleabilidad de las personas trabajadoras, ocupadas o desempleadas, especialmente de las que tienen mayores dificultades de empleo o de inserci\u00f3n laboral.<\/p>\n            <\/div>\n          <\/div>\n        <\/div>\n               <div class=\"col-md-6 col-md-12\"> \n<img decoding=\"async\" class=\"mx-auto d-block\" src=\"https:\/\/www.mijas.es\/wp-content\/uploads\/2021\/09\/fpe-telefono.png\" widht=\"300px\" height=\"300px\"><br><br>\n<div style=\" border-bottom:1px solid #3e8e96; text-align:center\">    <\/div>\n<\/div>\n        <div class=\" col-md-6 py-md-4 px-4 order-2 order-lg-3 d-flex flex-column justify-content-between\">\n          <div class=\"row\">\n            <div class=\"col-md-6 col-md-12\"> \n<i class=\"d-block fa fa-address-book color-orange mb-1  fa-1x\" style=\"color:#f7a744;\"><\/i>\n              <p class=\"lead mb-1\"> <b>CUATRO<\/b> <\/p>\n              <p>Fomentar la formaci\u00f3n a lo largo de la vida promoviendo la adaptaci\u00f3n permanente de la poblaci\u00f3n activa a las cualificaciones demandadas en el entorno laboral, mejorando su capacitaci\u00f3n profesional y permiti\u00e9ndoles su realizaci\u00f3n personal y social.<\/p>\n            <\/div>\n          <\/div>\n          <div class=\"row\">\n            <div class=\"col-md-6 col-md-12\"> <i class=\"d-block mb-1  fa-1x fas fa-flag\" style=\"color:#f7a744;\"><\/i>\n              <p class=\"lead mb-1\"> <b>CINCO<\/b> <\/p>\n              <p>Posibilitar el reconocimiento y acreditaci\u00f3n de las competencias profesionales adquiridas a trav\u00e9s de las v\u00edas formativas reguladas en el Programa as\u00ed como a trav\u00e9s de la experiencia laboral y v\u00edas no formales de formaci\u00f3n, en coordinaci\u00f3n con la Consejer\u00eda competente en materia de educaci\u00f3n.<\/p>\n            <\/div>\n          <\/div>\n          <div class=\"row\">\n            <div class=\"col-md-6 col-md-12\"> <i class=\"d-block fas fa-list mb-1  fa-1x \" style=\"color:#f7a744;\"><\/i>\n              <p class=\"lead mb-1\"> <b>SEIS<\/b> <\/p>\n              <p>Promover la realizaci\u00f3n de acciones que favorezcan la mejora de la formaci\u00f3n profesional, su desarrollo y evaluaci\u00f3n.<\/p>\n            <\/div>\n          <\/div>\n        <\/div>\n  <\/div>\n      <\/div>\n    <\/div>\n\n\n\n<a class=\"btn btn-sm mx-1 btn-outline-info\" href=\"#arriba\">Ir arriba<\/a>\n\n\n\n<div style=\"height:61px\" aria-hidden=\"true\" class=\"wp-block-spacer\"><\/div>\n\n\n\n<div class=\"container\">\n      <div class=\"row\">\n               <div class=\"col-md-6 d-flex flex-column justify-content-center\">\n          <h2 class=\"mb-3 text-center\" style=\"color:#3e8e96\">A QUIEN VA DIRIGIDO<\/h2>\n<div style=\" border-bottom:1px solid #f7a744;; text-align:center\">    <\/div>\n          <p class=\"mb-4\">La oferta del \u00c1rea de Fomento del Empleo en este sentido va dirigida a la poblaci\u00f3n activa tanto ocupada como desempleada, y prioritariamente a los siguientes <strong><span style=\"color:#3e8e96\">COLECTIVOS: <\/span><\/strong><\/p>\n        <\/div>\n             <div class=\"col-md-5 col-md-6 mx-auto order-3 order-lg-2\">\n\t\t<img decoding=\"async\" class=\"d-block\" src=\"https:\/\/www.mijas.es\/wp-content\/uploads\/2021\/09\/fpe-movil-e1632218382204.png\" widht=\"200px\" height=\"200px\">\n<div style=\" border-bottom:1px solid #f7a744;; text-align:center\">    <\/div>\n\t\t<\/div>\n      <\/div>\n      <div class=\"row\">\n        <div class=\"col-md-3 col-6 p-3\">\n          <h4 class=\"my-3\" style=\"color:#3e8e96\"> <b>Uno<\/b> <\/h4>\n\n          <p>Ser perceptora de rentas m\u00ednimas de inserci\u00f3n o de ingreso m\u00ednimo vital.<\/p>\n        <\/div>\n        <div class=\"col-md-3 col-6 p-3\">\n          <h4 class=\"my-3\" style=\"color:#3e8e96\"> <b>Dos<\/b> <\/h4>\n\n          <p>Ser persona desempleada de larga duraci\u00f3n: (9 meses inscritas dentro de los \u00faltimos 18).<\/p>\n        <\/div>\n        <div class=\"col-md-3 col-6 p-3\">\n          <h4 class=\"my-3\" style=\"color:#3e8e96\"> <b>Tres<\/b> <\/h4>\n\n          <p>Personas desempleadas mayores de 45 a\u00f1os.<\/p>\n        <\/div>\n        <div class=\"col-md-3 col-6 p-3\">\n          \n<div id=\"info\"><\/div>\n        <\/div>\n      <\/div>\n    <\/div>\n  \n\n<a class=\"btn btn-sm mx-1 btn-outline-info\" href=\"#arriba1\">Ir arriba<\/a>\n\n\n\n<hr class=\"wp-block-separator\"\/>\n\n\n\n<h2 class=\"mb-3 text-center\" style=\"color:#3e8e96\">Curso de Socorrismo en Instalaciones Acu\u00e1ticas (370 horas)\n<\/h2>\n<h3 class=\"mb-3 text-center\"> conducente a la obtenci\u00f3n del Certificado de Profesionalidad. AFDP0109.<\/h3>\n<p><u>Requisitos:<\/u><\/p>\n<ol>\n    <li>Estar inscrito en el SAE como persona trabajadora desempleada no ocupada o como trabajadora agraria.<\/li>\n  <li>Estar en posesi\u00f3n del Certificado de la ESO o equivalente.<\/li>\n  <li>Personas trabajadoras desempleadas con dificultades de inserci\u00f3n que cumplan alguno de los siguientes requisitos:<\/li>\n\t<ol>\n      <li> a) Ser perceptora de rentas m\u00ednimas de inserci\u00f3n o de ingreso m\u00ednimo vital;<\/li>\n      <li>b) Ser persona desempleada de larga duraci\u00f3n: (9 meses inscritas dentro de los \u00faltimos 18)<\/li>\n      <li>c) Personas desempleadas mayores de 45 a\u00f1os.<\/li>\n  <\/ol>\n<\/ol>\n<p><u>Plazo de solicitud previsto:<\/u> 21 de noviembre al 14 de Diciembre de 2022.<\/p>\n<p><u>Fecha de inicio y fin previsto de la acci\u00f3n formativa:<\/u>Del 01 de Febrero al 19 de Mayo de 2023.<\/p>\n<p><u>Lugar:<\/u> Entrega presencial en el \u00c1rea de Fomento del Empleo del Ayuntamiento\nde Mijas sito en Avda Andaluc\u00eda 3. 29651 Las Lagunas Mijas Costa o\ntelem\u00e1ticamente a trav\u00e9s del siguiente enlace:<\/p>\n<p><a href=\"https:\/\/www.juntadeandalucia.es\/empleoformacionytrabajoautonomo\/oficinavirtualFPE\/ov-fpe\/#!detalleCurso\/id=397606\" rel=\"noopener noreferrer\" target=\"_blank\">Acceso a Solicitud<\/a><\/p>\n\n<p><u>Informaci\u00f3n Adicional:<\/u> Publicada la Lista Provisional de solicitudes admitidas para su posterior baremaci\u00f3n al curso. Plazo de Alegaciones del 11\/01\/2023 al 24\/01\/2023. Ver\/Descargar listado en el siguiente enlace:<\/p>\n<p><a href=\"https:\/\/www.juntadeandalucia.es\/empleoformacionytrabajoautonomo\/oficinavirtualFPE\/ov-fpe\/#!detalleCurso\/id=397606\" rel=\"noopener noreferrer\" target=\"_blank\">Ver Listado Admitidos Provisional<\/a><\/p>\n\n<a class=\"btn btn-sm mx-1 btn-outline-info\" href=\"#arriba1\">Ir arriba<\/a>\n\n\n\n<hr class=\"wp-block-separator\"\/>\n\n\n\n<h2 class=\"mb-3 text-center\" style=\"color:#3e8e96\">Curso de Opereciones Auxiliares de Servicios Administrativos y Generales (430 horas)\n<\/h2>\n<h3 class=\"mb-3 text-center\"> conducente a la obtenci\u00f3n del Certificado de Profesionalidad. ADGG0408.<\/h3>\n<p><u>Requisitos:<\/u><\/p>\n<ol>\n    <li>Estar inscrito en el SAE como persona trabajadora desempleada no ocupada o como trabajadora agraria.<\/li>\n  <li><b>Para acceder a este curso de Nivel 1, no se exigir\u00e1 requisito acad\u00e9mico ninguno.<\/b><\/li>\n  <li>Personas trabajadoras desempleadas con dificultades de inserci\u00f3n que cumplan alguno de los siguientes requisitos:<\/li>\n\t<ol>\n      <li> a) Ser perceptora de rentas m\u00ednimas de inserci\u00f3n o de ingreso m\u00ednimo vital;<\/li>\n      <li>b) Ser persona desempleada de larga duraci\u00f3n: (9 meses inscritas dentro de los \u00faltimos 18)<\/li>\n      <li>c) Personas desempleadas mayores de 45 a\u00f1os.<\/li>\n  <\/ol>\n<\/ol>\n<p><u>Plazo de solicitud:<\/u> Finalizado.<\/p>\n<p><u>Curso:<\/u> En desaroollo.<\/p>\n<p><u>Fecha de inicio y fin de la acci\u00f3n formativa: Del 23 de mayo al 21 de septiembre de 2022<\/u><\/p>\n<p><u>Lugar:<\/u> Entrega presencial en el \u00c1rea de Fomento del Empleo del Ayuntamiento\nde Mijas sito en Avda Andaluc\u00eda 3. 29651 Las Lagunas Mijas Costa o\ntelem\u00e1ticamente a trav\u00e9s del siguiente enlace:<\/p>\n<p><a href=\"https:\/\/www.juntadeandalucia.es\/empleoformacionytrabajoautonomo\/oficinavirtualFPE\/ov-fpe\/#!detalleCurso\/id=397608\" rel=\"noopener noreferrer\" target=\"_blank\">Acceso a Solicitud<\/a><\/p>\n<p><u>Informaci\u00f3n Adicional:<\/u> Publicada la lista definitiva de solicitudes admitidas para su posterior baremaci\u00f3n al curso. Ver\/Descargar listado en el siguiente enlace:<\/p>\n<p><a href=\"https:\/\/www.juntadeandalucia.es\/empleoformacionytrabajoautonomo\/oficinavirtualFPE\/ov-fpe\/#!detalleCurso\/id=397608\" rel=\"noopener noreferrer\" target=\"_blank\">Ver Listado Admitidos Provisional<\/a><\/p>\n\n\n<a class=\"btn btn-sm mx-1 btn-outline-info\" href=\"#arriba1\">Ir arriba<\/a>\n\n\n\n<hr class=\"wp-block-separator\"\/>\n\n\n\n<h2 class=\"mb-3 text-center\" style=\"color:#3e8e96\">Curso de Atenci\u00f3n Socio-sanitaria a personas dependientes en instituciones sociales (450 horas)\n<\/h2>\n<h3 class=\"mb-3 text-center\"> conducente a la obtenci\u00f3n del Certificado de Profesionalidad. SSCS0208.<\/h3>\n<p><u>Requisitos:<\/u><\/p>\n<ol>\n    <li>Estar inscrito en el SAE como persona trabajadora desempleada no ocupada o como trabajadora agraria.<\/li>\n  <li>Estar en posesi\u00f3n del Certificado de la ESO o equivalente.<\/li>\n  <li>Personas trabajadoras desempleadas con dificultades de inserci\u00f3n que cumplan alguno de los siguientes requisitos:<\/li>\n\t<ol>\n      <li>a) Ser perceptora de rentas m\u00ednimas de inserci\u00f3n o de ingreso m\u00ednimo vital;<\/li>\n      <li>b) Ser persona desempleada de larga duraci\u00f3n: (9 meses inscritas dentro de los \u00faltimos 18)<\/li>\n      <li>c) Personas desempleadas mayores de 45 a\u00f1os.<\/li>\n  <\/ol>\n<\/ol>\n<p><u>Plazo de solicitud previsto:<\/u> 30 de Agosto al 15 de Septiembre de 2022.<\/p>\n<p><u>Fecha de inicio y fin previsto de la acci\u00f3n formativa:<\/u> Del 17 de Octubre de 2022 al 3 de Marzo de 2023.<\/p>\n<p><u>Lugar:<\/u> Entrega presencial en el \u00c1rea de Fomento del Empleo del Ayuntamiento\nde Mijas sito en Avda Andaluc\u00eda 3. 29651 Las Lagunas Mijas Costa o\ntelem\u00e1ticamente a trav\u00e9s del siguiente enlace:<\/p>\n<p><a href=\"https:\/\/www.juntadeandalucia.es\/empleoformacionytrabajoautonomo\/oficinavirtualFPE\/ov-fpe\/#!detalleCurso\/id=397607\" rel=\"noopener noreferrer\" target=\"_blank\">Acceso a Solicitud<\/a><\/p>\n\n\n\n<a class=\"btn btn-sm mx-1 btn-outline-info\" href=\"#arriba1\">Ir arriba<\/a>\n\n\n\n<div class=\"py-5 text-center\">\n    <div class=\"container\">\n      <div class=\"row\">\n        <div class=\"mx-auto col-lg-10\">\n          <h2>MEN\u00da <span style=\"color:#3e8e96\">PRINCIPAL<\/span><\/h2><br>\n<div style=\" border-bottom:1px solid #f7a744; text-align:left\">    <\/div>\n<br>\n          <div class=\"row\">\n            <div class=\"col-md-12\"> \n\t\t\t<img decoding=\"async\" class=\"img-fluid mx-auto d-block\" src=\"https:\/\/www.mijas.es\/wp-content\/uploads\/2021\/05\/icono-raton-e1620224070955.png\">\n<p><strong><span style=\"color: #f7a744;\">MEN\u00da FORMACI\u00d3N<\/span><\/strong><\/p><br>\n                          \n\t\t\t  <a class=\"btn btn-outline-info\" href=\"https:\/\/www.mijas.es\/portal\/fomento\/menu-formacion\/\">Ir a la p\u00e1gina<\/a>\n            <\/div>\n            \n          <\/div>\n        <\/div>\n      <\/div>\n    <\/div>\n   <\/div>\n\n\n\n<div style=\"height:21px\" aria-hidden=\"true\" class=\"wp-block-spacer\"><\/div>\n\n\n\n<div class=\"py-5\">\n    <div class=\"container\">\n      <div class=\"row\">\n        <div class=\"col-lg-8\">\n<h3><strong>\u00c1REA DE FOMENTO DEL EMPLEO AYUNTAMIENTO DE MIJAS<\/strong><\/h3>\n<p>Avd. Andaluc\u00eda n\u00ba 3 \u2013 Las Lagunas -Mijas 29651 (M\u00e1laga)<br>\n<i class=\"fas fa-phone-volume\"><\/i> <strong>Tel\u00e9fono: <\/strong>951 26 02 83\n<br><i class=\"fas fa-envelope\"><\/i> <strong>E-mail: <\/strong><a href=\"mailto:promo.desa@mijas.es\">promo.desa@mijas.es<\/a>\n<br>\n<!--<a href=\"https:\/\/www.facebook.com\/ImpulsaMijas\/\" target=\"_blank\" rel=\"noopener noreferrer\">\n<img decoding=\"async\" class=\"ico\" style=\"width: 27px;\" src=\"https:\/\/www.mijas.es\/wp-content\/themes\/mijas-theme\/assets\/images\/facebook-icon2.png\" alt=\"Facebook:\"> Mijas Impulsa <\/a>-->\n<\/p>\n<p><\/p>\n<\/div>\n<div class=\"col-lg-8\">\n<img decoding=\"async\" class=\"img-fluid d-block\" src=\"https:\/\/www.mijas.es\/wp-content\/uploads\/2022\/03\/Consejeria%20EmpleoJA.jpg\" widht=\"500px\" height=\"\" alt=\"\">\n<\/div>\n<div class=\"col-lg-7\">\n<!--<p class=\"has-text-align-justify  has-normal-font-size\" style=\"font-size:14px;\">\nEl proyecto MIJAS IMPULSA est\u00e1 cofinanciado con el Fondo Social Europeo, dentro de las                                              ayudas previstas en el Programa Operativo de Empleo, Formaci\u00f3n y Educaci\u00f3n (Ayudas AP                                     POEFE), destinadas a Entidades Locales para la inserci\u00f3n de las personas m\u00e1s vulnerables,                                           recogida en la Orden PRA \/37\/2018 de 16 de Enero de 2018 BOE n\u00ba 21 de 24 Enero 2018<\/p>-->\n<\/div>\n<\/div><\/div><\/div>\n","protected":false},"excerpt":{"rendered":"<p>A QUIEN VA DIRIGIDO Ir a la secci\u00f3n OBJETIVO DE LA FORMACI\u00d3N Ir a la secci\u00f3n INFORMACION SOBRE EL CURSO Ir a la secci\u00f3n FORMACI\u00d3N PROFESIONAL PARA EL EMPLEO (FPE) La Formaci\u00f3n Profesional para el Empleo es un modelo de formaci\u00f3n para facilitar a las personas trabajadoras, ocupadas y desempleadas, una formaci\u00f3n ajustada a las [&hellip;]<\/p>\n","protected":false},"author":17,"featured_media":0,"parent":40132,"menu_order":0,"comment_status":"closed","ping_status":"closed","template":"page-departamental.php","meta":[],"_links":{"self":[{"href":"https:\/\/www.mijas.es\/portal\/wp-json\/wp\/v2\/pages\/36641"}],"collection":[{"href":"https:\/\/www.mijas.es\/portal\/wp-json\/wp\/v2\/pages"}],"about":[{"href":"https:\/\/www.mijas.es\/portal\/wp-json\/wp\/v2\/types\/page"}],"author":[{"embeddable":true,"href":"https:\/\/www.mijas.es\/portal\/wp-json\/wp\/v2\/users\/17"}],"replies":[{"embeddable":true,"href":"https:\/\/www.mijas.es\/portal\/wp-json\/wp\/v2\/comments?post=36641"}],"version-history":[{"count":127,"href":"https:\/\/www.mijas.es\/portal\/wp-json\/wp\/v2\/pages\/36641\/revisions"}],"predecessor-version":[{"id":49025,"href":"https:\/\/www.mijas.es\/portal\/wp-json\/wp\/v2\/pages\/36641\/revisions\/49025"}],"up":[{"embeddable":true,"href":"https:\/\/www.mijas.es\/portal\/wp-json\/wp\/v2\/pages\/40132"}],"wp:attachment":[{"href":"https:\/\/www.mijas.es\/portal\/wp-json\/wp\/v2\/media?parent=36641"}],"curies":[{"name":"wp","href":"https:\/\/api.w.org\/{rel}","templated":true}]}}