{"id":36579,"date":"2021-04-16T14:17:28","date_gmt":"2021-04-16T13:17:28","guid":{"rendered":"https:\/\/www.mijas.es\/portal\/?page_id=36579"},"modified":"2021-04-16T14:17:28","modified_gmt":"2021-04-16T13:17:28","slug":"premio-investigacion-historica-y-etnografica","status":"publish","type":"page","link":"https:\/\/www.mijas.es\/portal\/cultura\/premio-investigacion-historica-y-etnografica\/","title":{"rendered":"Premio Investigaci\u00f3n Hist\u00f3rica y Etnogr\u00e1fica"},"content":{"rendered":"\n<figure class=\"wp-block-image size-large\"><img decoding=\"async\" width=\"724\" height=\"1024\" src=\"https:\/\/www.mijas.es\/wp-content\/uploads\/2021\/04\/Cartel-Premio-Investigacion-historica-y-etnografica.-WEB-724x1024.jpg\" alt=\"\" class=\"wp-image-36565\" srcset=\"https:\/\/www.mijas.es\/wp-content\/uploads\/2021\/04\/Cartel-Premio-Investigacion-historica-y-etnografica.-WEB-724x1024.jpg 724w, https:\/\/www.mijas.es\/wp-content\/uploads\/2021\/04\/Cartel-Premio-Investigacion-historica-y-etnografica.-WEB-212x300.jpg 212w, https:\/\/www.mijas.es\/wp-content\/uploads\/2021\/04\/Cartel-Premio-Investigacion-historica-y-etnografica.-WEB-768x1086.jpg 768w, https:\/\/www.mijas.es\/wp-content\/uploads\/2021\/04\/Cartel-Premio-Investigacion-historica-y-etnografica.-WEB.jpg 842w\" sizes=\"(max-width: 724px) 100vw, 724px\" \/><\/figure>\n\n\n\n<p>Bases <a href=\"https:\/\/www.mijas.es\/wp-content\/uploads\/2021\/04\/BASES-Premio-de-Investigacion-scaled.jpg\" target=\"_blank\" rel=\"noreferrer noopener\">(JPG)<\/a><\/p>\n","protected":false},"excerpt":{"rendered":"<p>Bases (JPG)<\/p>\n","protected":false},"author":9,"featured_media":0,"parent":13352,"menu_order":0,"comment_status":"closed","ping_status":"closed","template":"page-departamental.php","meta":[],"_links":{"self":[{"href":"https:\/\/www.mijas.es\/portal\/wp-json\/wp\/v2\/pages\/36579"}],"collection":[{"href":"https:\/\/www.mijas.es\/portal\/wp-json\/wp\/v2\/pages"}],"about":[{"href":"https:\/\/www.mijas.es\/portal\/wp-json\/wp\/v2\/types\/page"}],"author":[{"embeddable":true,"href":"https:\/\/www.mijas.es\/portal\/wp-json\/wp\/v2\/users\/9"}],"replies":[{"embeddable":true,"href":"https:\/\/www.mijas.es\/portal\/wp-json\/wp\/v2\/comments?post=36579"}],"version-history":[{"count":1,"href":"https:\/\/www.mijas.es\/portal\/wp-json\/wp\/v2\/pages\/36579\/revisions"}],"predecessor-version":[{"id":36580,"href":"https:\/\/www.mijas.es\/portal\/wp-json\/wp\/v2\/pages\/36579\/revisions\/36580"}],"up":[{"embeddable":true,"href":"https:\/\/www.mijas.es\/portal\/wp-json\/wp\/v2\/pages\/13352"}],"wp:attachment":[{"href":"https:\/\/www.mijas.es\/portal\/wp-json\/wp\/v2\/media?parent=36579"}],"curies":[{"name":"wp","href":"https:\/\/api.w.org\/{rel}","templated":true}]}}