{"id":36451,"date":"2021-04-15T16:03:59","date_gmt":"2021-04-15T15:03:59","guid":{"rendered":"https:\/\/www.mijas.es\/portal\/?page_id=36451"},"modified":"2021-08-24T15:09:08","modified_gmt":"2021-08-24T14:09:08","slug":"jornada-mijas-impulsa","status":"publish","type":"page","link":"https:\/\/www.mijas.es\/portal\/fomento-empleo\/jornada-mijas-impulsa\/","title":{"rendered":"Jornada Mijas Impulsa POEFE &#8211; Fomento del Empleo"},"content":{"rendered":"\n<div class=\"py-5 text-center text-white h-90 align-items-center d-flex\">\n<img decoding=\"async\" class=\"img-fluid d-block\" src=\"https:\/\/www.mijas.es\/wp-content\/uploads\/2021\/05\/cabecera-mijas-impulsa.png\">\n<\/div>\n\n\n\n<div class=\"py-5 text-center\">\n<div class=\"container\">\n<div class=\"row\">\n<div class=\"mx-auto col-md-10\"><i class=\"far fa-star fa-lg fa-3x\" style=\"color: #f7a744;\"><\/i><p><\/p>\n<h1 style=\"font-size: 24px;\">JORNADA<\/h1>\n<h1 style=\"font-size: 24px; color: #3e8e96;\">MIJAS IMPULSA POEFE<\/h1>\n  <p class=\" text-muted\"><strong>1\u00ba JORNADA <\/strong>DE MOTIVACI\u00d3N Y APOYO A PERSONAS <br>CON DIFICULTAD DE ACCESO AL EMPLEO.<\/p><p style=\"color: #f7a744;\">7 DE NOVIEMBRE DE 2019<\/p><br><br>\n        <a href=\"https:\/\/www.mijas.es\/portal\/fomento\/informacion-mijas-impulsa\/\" class=\"btn btn-outline-secondary\">INFORMACI\u00d3N MIJAS IMPULSA<\/a>&nbsp;&nbsp;&nbsp;\n<a class=\"btn btn-info\" href=\"https:\/\/www.mijas.es\/portal\/fomento\/mijas-impulsa-fomento-de-empleo\/\"> INSCRIPCI\u00d3N ITINERARIOS<\/a><\/div><\/div><\/div><\/div>\n\n\n\n<div style=\"height:23px\" aria-hidden=\"true\" class=\"wp-block-spacer\"><\/div>\n\n\n\n<div class=\"container\">\n\n      <div class=\"row\">\n        <div class=\"col-md-12\">\n          <div class=\"card\">\n            <img decoding=\"async\" class=\"bd-placeholder-img card-img-top\" width=\"\" height=\"\" alt=\"Jornada Mijas Impulsa POEFE\" src=\"https:\/\/www.mijas.es\/wp-content\/uploads\/2021\/04\/COLLAGE-JORNADA.jpg\"\/>\n          \n             \n          <\/div>\n          <\/div>\n        <\/div>\n\n\n\n<div class=\"wp-block-jetpack-tiled-gallery aligncenter is-style-rectangular\"><div class=\"tiled-gallery__gallery\"><div class=\"tiled-gallery__row\"><div class=\"tiled-gallery__col\" style=\"flex-basis:67.98160%\"><figure class=\"tiled-gallery__item\"><img decoding=\"async\" alt=\"\" data-height=\"640\" data-id=\"36985\" data-link=\"https:\/\/www.mijas.es\/portal\/foto-jornada\/\" data-url=\"https:\/\/www.mijas.es\/wp-content\/uploads\/2021\/04\/foto-jornada.jpg\" data-width=\"960\" src=\"https:\/\/i0.wp.com\/www.mijas.es\/wp-content\/uploads\/2021\/04\/foto-jornada.jpg?ssl=1\" data-amp-layout=\"responsive\"\/><\/figure><\/div><div class=\"tiled-gallery__col\" style=\"flex-basis:32.01840%\"><figure class=\"tiled-gallery__item\"><img decoding=\"async\" alt=\"\" data-height=\"789\" data-id=\"36986\" data-link=\"https:\/\/www.mijas.es\/portal\/foto-portada-jornada1\/\" data-url=\"https:\/\/www.mijas.es\/wp-content\/uploads\/2021\/04\/foto-portada-jornada1-rotated-e1619095551862.jpg\" data-width=\"1117\" src=\"https:\/\/i1.wp.com\/www.mijas.es\/wp-content\/uploads\/2021\/04\/foto-portada-jornada1-rotated-e1619095551862.jpg?ssl=1\" data-amp-layout=\"responsive\"\/><\/figure><figure class=\"tiled-gallery__item\"><img decoding=\"async\" alt=\"\" data-height=\"674\" data-id=\"38209\" data-link=\"https:\/\/www.mijas.es\/portal\/fomento\/jornada-mijas-impulsa-fomento-de-empleo\/74166088_152575875959410_1337046104046305280_o\/\" data-url=\"https:\/\/www.mijas.es\/wp-content\/uploads\/2021\/05\/74166088_152575875959410_1337046104046305280_o.jpg\" data-width=\"960\" src=\"https:\/\/i1.wp.com\/www.mijas.es\/wp-content\/uploads\/2021\/05\/74166088_152575875959410_1337046104046305280_o.jpg?ssl=1\" data-amp-layout=\"responsive\"\/><\/figure><\/div><\/div><\/div><\/div>\n\n\n\n<div style=\"height:47px\" aria-hidden=\"true\" class=\"wp-block-spacer\"><\/div>\n\n\n\n<div class=\"wp-block-jetpack-tiled-gallery aligncenter is-style-rectangular\"><div class=\"tiled-gallery__gallery\"><div class=\"tiled-gallery__row\"><div class=\"tiled-gallery__col\" style=\"flex-basis:65.50411%\"><figure class=\"tiled-gallery__item\"><img decoding=\"async\" alt=\"\" data-height=\"720\" data-id=\"38213\" data-link=\"https:\/\/www.mijas.es\/portal\/fomento\/jornada-mijas-impulsa-fomento-de-empleo\/74634691_154306379119693_5359292932484497408_o\/\" data-url=\"https:\/\/www.mijas.es\/wp-content\/uploads\/2021\/05\/74634691_154306379119693_5359292932484497408_o.jpg\" data-width=\"960\" src=\"https:\/\/i0.wp.com\/www.mijas.es\/wp-content\/uploads\/2021\/05\/74634691_154306379119693_5359292932484497408_o.jpg?ssl=1\" data-amp-layout=\"responsive\"\/><\/figure><\/div><div class=\"tiled-gallery__col\" style=\"flex-basis:34.49589%\"><figure class=\"tiled-gallery__item\"><img decoding=\"async\" alt=\"\" data-height=\"640\" data-id=\"38208\" data-link=\"https:\/\/www.mijas.es\/portal\/fomento\/jornada-mijas-impulsa-fomento-de-empleo\/73319499_2566927763527165_2424273257772351488_n\/\" data-url=\"https:\/\/www.mijas.es\/wp-content\/uploads\/2021\/05\/73319499_2566927763527165_2424273257772351488_n.jpg\" data-width=\"960\" src=\"https:\/\/i1.wp.com\/www.mijas.es\/wp-content\/uploads\/2021\/05\/73319499_2566927763527165_2424273257772351488_n.jpg?ssl=1\" data-amp-layout=\"responsive\"\/><\/figure><figure class=\"tiled-gallery__item\"><img decoding=\"async\" alt=\"\" data-height=\"1488\" data-id=\"38210\" data-link=\"https:\/\/www.mijas.es\/portal\/fomento\/jornada-mijas-impulsa-fomento-de-empleo\/img-20191107-wa0045\/\" data-url=\"https:\/\/www.mijas.es\/wp-content\/uploads\/2021\/05\/IMG-20191107-WA0045.jpg\" data-width=\"1984\" src=\"https:\/\/i0.wp.com\/www.mijas.es\/wp-content\/uploads\/2021\/05\/IMG-20191107-WA0045.jpg?ssl=1\" data-amp-layout=\"responsive\"\/><\/figure><\/div><\/div><div class=\"tiled-gallery__row\"><div class=\"tiled-gallery__col\" style=\"flex-basis:100.00000%\"><figure class=\"tiled-gallery__item\"><img decoding=\"async\" alt=\"\" data-height=\"640\" data-id=\"38211\" data-link=\"https:\/\/www.mijas.es\/portal\/fomento\/jornada-mijas-impulsa-fomento-de-empleo\/75362379_2566927420193866_8768029040176005120_n-1\/\" data-url=\"https:\/\/www.mijas.es\/wp-content\/uploads\/2021\/05\/75362379_2566927420193866_8768029040176005120_n-1.jpg\" data-width=\"960\" src=\"https:\/\/i0.wp.com\/www.mijas.es\/wp-content\/uploads\/2021\/05\/75362379_2566927420193866_8768029040176005120_n-1.jpg?ssl=1\" data-amp-layout=\"responsive\"\/><\/figure><\/div><\/div><\/div><\/div>\n\n\n\n<\/div>\n\n\n\n<div class=\"py-5\">\n    <div class=\"container\">\n      <div class=\"row\">\n        <div class=\"col-lg-8\">\n<h3><strong>\u00c1REA DE FOMENTO DEL EMPLEO AYUNTAMIENTO DE MIJAS<\/strong><\/h3>\n<p>Avd. Andaluc\u00eda n\u00ba 3 \u2013 Las Lagunas -Mijas 29651 (M\u00e1laga)<br>\n<i class=\"fas fa-phone-volume\"><\/i> <strong>Tel\u00e9fono: <\/strong>951 26 02 83\n<br><i class=\"fas fa-envelope\"><\/i> <strong>E-mail: <\/strong><a href=\"mailto:promo.desa@mijas.es\">promo.desa@mijas.es<\/a>\n<br>\n<a href=\"https:\/\/www.facebook.com\/ImpulsaMijas\/\" target=\"_blank\" rel=\"noopener noreferrer\">\n<img decoding=\"async\" class=\"ico\" style=\"width: 27px;\" src=\"https:\/\/www.mijas.es\/wp-content\/themes\/mijas-theme\/assets\/images\/facebook-icon2.png\" alt=\"Facebook:\"> Mijas Impulsa <\/a>\n<\/p>\n<p><\/p><\/div>\n<div class=\"col-lg-8\">\n<img decoding=\"async\" class=\"img-fluid d-block\" src=\"https:\/\/www.mijas.es\/wp-content\/uploads\/2021\/05\/logo-ministerio-1.png\" widht=\"500px\" height=\"\" alt=\"\"><\/div>\n<div class=\"col-lg-7\">\n<p class=\"has-text-align-justify  has-normal-font-size\" style=\"font-size:14px;\">\nEl proyecto MIJAS IMPULSA est\u00e1 cofinanciado con el Fondo Social Europeo, dentro de las                                              ayudas previstas en el Programa Operativo de Empleo, Formaci\u00f3n y Educaci\u00f3n (Ayudas AP                                     POEFE), destinadas a Entidades Locales para la inserci\u00f3n de las personas m\u00e1s vulnerables,                                           recogida en la Orden PRA \/37\/2018 de 16 de Enero de 2018 BOE n\u00ba 21 de 24 Enero 2018<\/p>\n<\/div><\/div><\/div><\/div><\/div>\n","protected":false},"excerpt":{"rendered":"<p>JORNADA MIJAS IMPULSA POEFE 1\u00ba JORNADA DE MOTIVACI\u00d3N Y APOYO A PERSONAS CON DIFICULTAD DE ACCESO AL EMPLEO. 7 DE NOVIEMBRE DE 2019 INFORMACI\u00d3N MIJAS IMPULSA&nbsp;&nbsp;&nbsp; INSCRIPCI\u00d3N ITINERARIOS \u00c1REA DE FOMENTO DEL EMPLEO AYUNTAMIENTO DE MIJAS Avd. Andaluc\u00eda n\u00ba 3 \u2013 Las Lagunas -Mijas 29651 (M\u00e1laga) Tel\u00e9fono: 951 26 02 83 E-mail: promo.desa@mijas.es Mijas Impulsa [&hellip;]<\/p>\n","protected":false},"author":17,"featured_media":0,"parent":40132,"menu_order":0,"comment_status":"closed","ping_status":"closed","template":"page-departamental.php","meta":[],"_links":{"self":[{"href":"https:\/\/www.mijas.es\/portal\/wp-json\/wp\/v2\/pages\/36451"}],"collection":[{"href":"https:\/\/www.mijas.es\/portal\/wp-json\/wp\/v2\/pages"}],"about":[{"href":"https:\/\/www.mijas.es\/portal\/wp-json\/wp\/v2\/types\/page"}],"author":[{"embeddable":true,"href":"https:\/\/www.mijas.es\/portal\/wp-json\/wp\/v2\/users\/17"}],"replies":[{"embeddable":true,"href":"https:\/\/www.mijas.es\/portal\/wp-json\/wp\/v2\/comments?post=36451"}],"version-history":[{"count":35,"href":"https:\/\/www.mijas.es\/portal\/wp-json\/wp\/v2\/pages\/36451\/revisions"}],"predecessor-version":[{"id":42508,"href":"https:\/\/www.mijas.es\/portal\/wp-json\/wp\/v2\/pages\/36451\/revisions\/42508"}],"up":[{"embeddable":true,"href":"https:\/\/www.mijas.es\/portal\/wp-json\/wp\/v2\/pages\/40132"}],"wp:attachment":[{"href":"https:\/\/www.mijas.es\/portal\/wp-json\/wp\/v2\/media?parent=36451"}],"curies":[{"name":"wp","href":"https:\/\/api.w.org\/{rel}","templated":true}]}}