{"id":361,"date":"2013-05-21T08:35:12","date_gmt":"2013-05-21T08:35:12","guid":{"rendered":"http:\/\/localhost\/pruebaweb\/?p=361"},"modified":"2019-03-12T09:29:34","modified_gmt":"2019-03-12T09:29:34","slug":"enlaces-de-interes-urbanismo","status":"publish","type":"page","link":"https:\/\/www.mijas.es\/portal\/urbanismo\/enlaces-de-interes-urbanismo\/","title":{"rendered":"Enlaces de inter&eacute;s &#8211; Urbanismo"},"content":{"rendered":"<ul>\n<li>\n\t\t\t<a href=\"http:\/\/www.acosol.es\/index.php\" option=\"com_content&amp;view=article&amp;id=277&amp;Itemid=145&amp;lang=es&quot;\" target=\"_blank\">Encomienda Gesti\u00f3n Acosol<\/a><\/li>\n<li>\n\t\t\t<a href=\"http:\/\/www.coamalaga.es\" target=\"_blank\"><u>Colegio de Arquitectos<\/u><\/a><\/li>\n<li>\n\t\t\t<a href=\"http:\/\/www.coaat.es\" target=\"_blank\"><u>Colegio de Aparejadores<\/u><\/a><\/li>\n<li>\n\t\t\t<u><a href=\"http:\/\/www.bopmalaga.org\" target=\"_blank\">Bolet\u00edn Oficial de la Provincia de M\u00e1laga<\/a><\/u><\/li>\n<li>\n\t\t\t<u><a href=\"http:\/\/www.juntadeandalucia.es\/temas\/vivienda-consumo\/urbanismo\/ordenacion.html\" target=\"_blank\">Consejeria de Ordenaci\u00f3n del Territorio<\/a><\/u><\/li>\n<\/ul>\n","protected":false},"excerpt":{"rendered":"<p>Encomienda Gesti\u00f3n Acosol Colegio de Arquitectos Colegio de Aparejadores Bolet\u00edn Oficial de la Provincia de M\u00e1laga Consejeria de Ordenaci\u00f3n del Territorio<\/p>\n","protected":false},"author":1,"featured_media":0,"parent":12090,"menu_order":0,"comment_status":"closed","ping_status":"open","template":"page-departamental.php","meta":[],"_links":{"self":[{"href":"https:\/\/www.mijas.es\/portal\/wp-json\/wp\/v2\/pages\/361"}],"collection":[{"href":"https:\/\/www.mijas.es\/portal\/wp-json\/wp\/v2\/pages"}],"about":[{"href":"https:\/\/www.mijas.es\/portal\/wp-json\/wp\/v2\/types\/page"}],"author":[{"embeddable":true,"href":"https:\/\/www.mijas.es\/portal\/wp-json\/wp\/v2\/users\/1"}],"replies":[{"embeddable":true,"href":"https:\/\/www.mijas.es\/portal\/wp-json\/wp\/v2\/comments?post=361"}],"version-history":[{"count":2,"href":"https:\/\/www.mijas.es\/portal\/wp-json\/wp\/v2\/pages\/361\/revisions"}],"predecessor-version":[{"id":12621,"href":"https:\/\/www.mijas.es\/portal\/wp-json\/wp\/v2\/pages\/361\/revisions\/12621"}],"up":[{"embeddable":true,"href":"https:\/\/www.mijas.es\/portal\/wp-json\/wp\/v2\/pages\/12090"}],"wp:attachment":[{"href":"https:\/\/www.mijas.es\/portal\/wp-json\/wp\/v2\/media?parent=361"}],"curies":[{"name":"wp","href":"https:\/\/api.w.org\/{rel}","templated":true}]}}