{"id":35814,"date":"2021-03-31T13:41:06","date_gmt":"2021-03-31T12:41:06","guid":{"rendered":"https:\/\/www.mijas.es\/portal\/?page_id=35814"},"modified":"2021-11-11T15:05:27","modified_gmt":"2021-11-11T14:05:27","slug":"mijas-impulsa-fomento-de-empleo","status":"publish","type":"page","link":"https:\/\/www.mijas.es\/portal\/fomento-empleo\/mijas-impulsa-fomento-de-empleo\/","title":{"rendered":"Inscripci\u00f3n Itinerarios Vigentes Mijas Impulsa POEFE &#8211; Fomento del Empleo"},"content":{"rendered":"\n<div class=\"py-5 text-center text-white h-90 align-items-center d-flex\">\n<img decoding=\"async\" class=\"img-fluid d-block\" src=\"https:\/\/www.mijas.es\/wp-content\/uploads\/2021\/05\/cabecera-mijas-impulsa.png\">\n <\/div>\n\n\n\n<div class=\"container\">\n      <div class=\"row text-center\">\n        <div class=\"mx-auto col-md-12\"> \n\t\t<i class=\"far fa-star fa-lg fa-3x\" style=\"color: #f7a744;\"><\/i>\n<p><\/p>\n<h1 style=\"font-size:24px;\">INSCRIPCI\u00d3N A ITINERARIOS VIGENTES<\/h1>\n<h1 style=\"font-size:24px;color: #3e8e96;\">MIJAS IMPULSA \u2013 POEFE <\/h1>\n<br>\n  <img decoding=\"async\" class=\"mx-auto\" src=\"https:\/\/www.mijas.es\/wp-content\/uploads\/2021\/05\/alumnos2.png\" height=\"250px;\">\n        <\/div>\n      <\/div>\n    <\/div>\n\n\n\n\n\n<div class=\"container text-center\">\n<div class=\"mx-auto col-md-8\">\n<div style=\"border-bottom:3px solid  #158faa\" 559px\";=\"\" height:\"468px;\"=\"\">\n\n\n<\/div><\/div><\/div>\n\n\n\n<div style=\"height:62px\" aria-hidden=\"true\" class=\"wp-block-spacer\"><\/div>\n\n\n\n<div class=\"container\">\n    <h3 class=\"h3\"><\/h3>\n    <div class=\"row d-flex \">\n        <div class=\"col-md-6\">\n            <div id=\"news-slider8\" class=\"owl-carousel\">\n                <div class=\"post-slide8\">\n                    <div class=\"post-img\">\n                         <a href=\"https:\/\/www.mijas.es\/portal\/fomento-empleo\/itinerario-operaciones-de-grabacion-y-tratamiento-de-datos-2\/\"><img decoding=\"async\" src=\"https:\/\/www.mijas.es\/wp-content\/uploads\/2021\/06\/Curso-de-grabacion-y-tto-de-datos1.jpg\" alt=\"curso operaciones de grabaci\u00f3n mijas impulsa poefe\"><\/a>\n                       \n                        <div class=\"post-date\">\n                            <span class=\"date\">Solicitud<\/span>\n                            <span class=\"month\">10 AL 23 SEPTIEMBRE 2.021<\/span>\n                        <\/div>\n                    <\/div>\n                    <div class=\"post-content\">\n                        <h3 class=\"post-title\" style=\"line-height: 25px;\">\n                            <a href=\"https:\/\/www.mijas.es\/portal\/fomento-empleo\/itinerario-operaciones-de-grabacion-y-tratamiento-de-datos-2\/\">OPERACIONES DE GRABACI\u00d3N Y TRATAMIENTO DE DATOS 1\u00aa EDICI\u00d3N<\/a>\n                        <\/h3>\n                        <p class=\"post-description\"><\/p>\n                        <a href=\"https:\/\/www.mijas.es\/portal\/fomento-empleo\/itinerario-operaciones-de-grabacion-y-tratamiento-de-datos-2\/\" class=\"read-more\">Informaci\u00f3n para la inscripci\u00f3n<\/a>\n                    <\/div>\n                <\/div><\/div> <\/div>  \n<div class=\"col-md-6\">\n            <div id=\"news-slider8\" class=\"owl-carousel\">\n                <div class=\"post-slide8\">\n                    <div class=\"post-img\">\n                                    <a href=\"https:\/\/www.mijas.es\/portal\/fomento-empleo\/itinerario-atencion-sociosanitaria-en-instituciones\/\"><img decoding=\"async\" src=\"https:\/\/www.mijas.es\/wp-content\/uploads\/2021\/06\/Curso-Atencion-Sociosanitaria1.jpg\" alt=\"curso atenci\u00f3n sociosanitaria mijas impulsa poefe\"><\/a>\n                      \n                         <div class=\"post-date\">\n                            <span class=\"date\">Solicitud<\/span>\n                            <span class=\"month\">10 AL 23 SEPTIEMBRE 2.021<\/span>\n                        <\/div>\n                    <\/div>\n                    <div class=\"post-content\">\n                        <h3 class=\"post-title\" style=\"line-height: 25px;\">\n                            <a href=\"https:\/\/www.mijas.es\/portal\/fomento-empleo\/itinerario-atencion-sociosanitaria-en-instituciones\/\">ATENCI\u00d3N SOCIOSANITARIA EN INSTITUCIONES 2\u00aa EDICI\u00d3N<\/a>\n                        <\/h3>\n                        <p class=\"post-description\"><\/p>\n                        <a href=\"https:\/\/www.mijas.es\/portal\/fomento-empleo\/itinerario-atencion-sociosanitaria-en-instituciones\/\" class=\"read-more\">Informaci\u00f3n para la inscripci\u00f3n<\/a>\n                    <\/div>\n                <\/div><\/div> <\/div>  \n             <\/div> <\/div>\n\n<div class=\"container\">\n    <h3 class=\"h3\"><\/h3>\n    <div class=\"row d-flex \">\n        <div class=\"col-md-6\">\n            <div id=\"news-slider8\" class=\"owl-carousel\">\n                <div class=\"post-slide8\">\n                    <div class=\"post-img\">\n                           <a href=\"https:\/\/www.mijas.es\/portal\/fomento-empleo\/itinerario-tecnico-en-gestion-y-logistica-de-almacenes\/\"><img decoding=\"async\" src=\"https:\/\/www.mijas.es\/wp-content\/uploads\/2021\/06\/Cartel-Almacen-scaled.jpg\" alt=\"T\u00e9cnico en gesti\u00f3n y log\u00edstica de almacenes mijas impulsa poefe\"><\/a>\n                       \n                        <div class=\"post-date\">\n                            <span class=\"date\">Solicitud<\/span>\n                            <span class=\"month\" style=\"font-size:14 px;\">20 SEPTIEMBRE AL 1 OCTUBRE 2.021<\/span>\n                        <\/div>\n                    <\/div>\n                    <div class=\"post-content\">\n                        <h3 class=\"post-title\" style=\"line-height: 25px;\">\n                            <a href=\"https:\/\/www.mijas.es\/portal\/fomento-empleo\/itinerario-tecnico-en-gestion-y-logistica-de-almacenes\/\">T\u00c9CNICO EN GESTI\u00d3N Y LOG\u00cdSTICA DE ALMACENES 1\u00aa EDICI\u00d3N<\/a>\n                        <\/h3>\n                        <p class=\"post-description\"><\/p>\n                        <a href=\"https:\/\/www.mijas.es\/portal\/fomento-empleo\/itinerario-tecnico-en-gestion-y-logistica-de-almacenes\/\" class=\"read-more\">Informaci\u00f3n para la inscripci\u00f3n<\/a>\n                    <\/div>\n                <\/div><\/div> <\/div> \n\n<div class=\"col-md-6\">\n            <div id=\"news-slider8\" class=\"owl-carousel\">\n                <div class=\"post-slide8\">\n                    <div class=\"post-img\">\n                                       <a href=\"https:\/\/www.mijas.es\/portal\/fomento-empleo\/itinerario-de-limpieza-de-superficies\/\"><img decoding=\"async\" src=\"https:\/\/www.mijas.es\/wp-content\/uploads\/2021\/06\/Curso-Limpieza-scaled.jpg\" alt=\"Curso Limpieza de Superficies mijas impulsa poefe\"><\/a>\n                      \n                         <div class=\"post-date\">\n                            <span class=\"date\">Solicitud<\/span>\n                            <span class=\"month\">17 AL 30 NOVIEMBRE 2.021<\/span>\n                        <\/div>\n                    <\/div>\n                    <div class=\"post-content\">\n                        <h3 class=\"post-title\" style=\"line-height: 25px;\">\n                            <a href=\"https:\/\/www.mijas.es\/portal\/fomento-empleo\/itinerario-de-limpieza-de-superficies\/\">LIMPIEZA DE SUPERFICIES 2\u00aa EDICI\u00d3N<\/a>\n                        <\/h3>\n                        <p class=\"post-description\"><\/p>\n                        <a href=\"https:\/\/www.mijas.es\/portal\/fomento-empleo\/itinerario-de-limpieza-de-superficies\/\" class=\"read-more\">Informaci\u00f3n para la inscripci\u00f3n<\/a>\n \n<\/div>\n                <\/div><\/div> <\/div>  \n             <\/div> <\/div>\n\n<style>\n.post-slide8 { \nmargin: 0 15px; \nposition: relative; \nbackground: #fff; \nbox-shadow: 0px 2px 15px rgb(0 0 0 \/ 50%); border-radius: 5px; \nmargin-bottom: 2em; \n}\n.post-slide8 .post-img{\nposition:relative;\noverflow:hidden\n\n}\n.post-slide8 .post-img img{\nwidth:100%;\nheight:auto\n\n\n\n}\n.post-slide8 .over-layer{\nposition:absolute;\ntop:0;\nleft:0;\nwidth:100%;\nheight:100%;\nopacity:0;\nbackground:rgba(0,0,0,.6);\ntransition:all .3s ease\n}\n.post-slide8:hover .over-layer{\nopacity:1\n}\n.post-slide8 .post-link{\nmargin:0;\npadding:0;\nposition:relative;\ntop:45%;\ntext-align:center\n}\n.post-slide8 .post-link li{\ndisplay:inline-block;\nlist-style:none;\nmargin-right:20px\n}\n.post-slide8 .post-link li a{\ncolor:#fff;\nfont-size:20px\n}\n.post-slide8 .post-link li a:hover{\ncolor:#ff8b3d;\ntext-decoration:none\n}\n.post-slide8 .post-date{\nposition:absolute;\ntop:13%;\nleft:0%\n}\n.post-slide8 .date{\ndisplay:inline-block;\nborder-radius:3px 0 0 3px;\npadding:15px 15px;\ncolor:#fff;\nfont-size:13px;\nfont-weight:700;\ntext-align:center;\nbackground:#333;\nfloat:left\n}\n.post-slide8 .month{\ndisplay:inline-block;\nborder-radius:0 3px 3px 0;\npadding:15px 5px;\ncolor:#ffffff;\nfont-size:13px;\nfont-weight:700;\nbackground:#96B3BA;\n}\n.post-slide8 .post-content{\npadding:30px\n}\n.post-slide8 .post-title{\nmargin:0 0 15px 0\n}\n.post-slide8 .post-title a{\nfont-size:16px;\nfont-weight:700;\ncolor:#5f6669;\ndisplay:inline-block;\ntext-transform:capitalize;\ntransition:all .3s ease 0s\n}\n.post-slide8 .post-title a:hover{\ntext-decoration:none;\ncolor:#288EA8\n}\n.post-slide8 .post-description{\nfont-size:14px;\nline-height:14px;\ncolor:#5f6669;\n}\n.post-slide8 .read-more{\ncolor:#5f6669;\nfont-size:14px;\nfont-weight:700;\ntext-transform:uppercase;\nposition:relative;\ntransition:color .2s linear\n}\n.post-slide8 .read-more:hover{\ntext-decoration:none;\ncolor:#288EA8\n}\n.post-slide8 .read-more:after{\ncontent:\"\";\nposition:absolute;width:30%;\ndisplay:block;\nborder:1px solid #288EA8;\ntransition:all .3s ease\n}\n.post-slide8 .read-more:hover:after{\nwidth:100%\n}\n@media only screen and (max-width:479px){\n.post-slide8 .month{\nfont-size:12px\n}\n.post-slide8 .date{\nfont-size:12px\n}\n\n<\/style>\n\n\n\n<div style=\"height:60px\" aria-hidden=\"true\" class=\"wp-block-spacer\"><\/div>\n\n\n\n<div class=\"container\">\n<div class=\"mx-auto col-md-8\">\n<div style=\"border-bottom:3px solid  #158faa\" style=\"width:\"559px\"; height:\"468px;\"><\/div><\/div><\/div>\n\n\n\n<div style=\"height:49px\" aria-hidden=\"true\" class=\"wp-block-spacer\"><\/div>\n\n\n\n<div class=\"container\">\n<div class=\"row\">\n<div class=\"col-md-6\">\n\n<h2 style=\"text-align-lef font-size:20px\">LUGAR DE PRESENTACI\u00d3N DE LA <span style=\"color: #3e8e96;\">SOLICITUD Y DOCUMENTACI\u00d3N de<\/span> los <span style=\"color: #3e8e96;\">Itinerarios en Plazo de Solicitud <\/span><\/h2>\n\n<\/div>\n\n\n<div class=\"col-md-6\">\n\t<img decoding=\"async\" src=\"https:\/\/www.mijas.es\/wp-content\/uploads\/2021\/05\/Diseno-sin-titulo-2-300x173.png\" alt=\"\">\t\t\t\n\t\t\t<\/div><\/div><\/div>\n\n\n\n<div class=\"container\">\n<div class=\"mx-auto col-md-8\">\n<div style=\"border-bottom:3px solid  #158faa\" style=\"width:\"559px\"; height:\"468px;\"><\/div><\/div><\/div>\n\n\n\n<div id=\"cards_landscape_wrap-2\">\n        <div class=\"container\">\n            <div class=\"row\">\n                <div class=\"col-xs-12 col-sm-6 col-md-4 col-lmd-4\">\n                   \n                        <div class=\"card-flyer\">\n                            <div class=\"text-box\">\n                                <div class=\"image-box\">\n<img decoding=\"async\" class=\"card-img-top\" src=\"https:\/\/www.mijas.es\/wp-content\/uploads\/2021\/03\/sede-electronica.png\" alt=\"Card image cap\">\n<div class=\"card-body\">\n<h4 class=\"card-title text-center\"><span style=\"color: #3e8e96;\"><strong>SEDE ELECTR\u00d3NICA<\/strong><\/span><\/h4>\n<div style=\"border-bottom: 1px solid #f7a744;\"><\/div><p class=\"card-text\">\n<\/p>\n<p class=\"has-text-align-left has-normal-font-size\">En la <strong>SEDE ELECTRONICA<\/strong> del Ayuntamiento de Mijas <strong>(Registro Electr\u00f3nico)<\/strong>.<br><br>Solicitud Gen\u00e9rica <\/strong><\/p>\n<p class=\"has-text-align-left has-normal-font-size\">En el asunto indique: Solicitud POEFE<\/p>\n<p class=\"has-normal-font-size\">(Pinchar en el enlace)<\/p><br>\n<\/div>\n<div class=\"card-footer\"><small class=\"text-muted text-align-center\">\n<a href=\"https:\/\/sede.mijas.es\/portal\/sede\/se_principal1.jsp?codResi=1&amp;language=es\"><span style=\"color: #3e8e96;\">&nbsp;&nbsp;&nbsp;&nbsp;CON CERTIFICADO DIGITAL <i class=\"fas fa-external-link-alt\"><\/i><\/span><\/a><\/small><\/div>\n\n<\/div>   <\/div>   <\/div>   <\/div>  \n                <div class=\"col-xs-12 col-sm-6 col-md-4 col-md-4\">\n                  \n                        <div class=\"card-flyer\">\n                            <div class=\"text-box\">\n                                <div class=\"image-box\">\n<img decoding=\"async\" class=\"card-img-top\" src=\"https:\/\/www.mijas.es\/wp-content\/uploads\/2021\/03\/presencial-copia.png\" alt=\"Card image cap\">\n<div class=\"card-body\">\n<h4 class=\"card-title text-center\"><span style=\"color: #3e8e96;\"><strong>PRESENCIAL<\/strong><\/span><\/h4>\n<div style=\"border-bottom: 1px solid #f7a744;\"><\/div>\n<p class=\"card-text\">\n<\/p><p class=\"has-normal-font-size\">De manera presencial en el Edificio de Formaci\u00f3n y Empleo, Avd. de Andaluc\u00eda, n\u00ba 3 Las Lagunas- Mijas<\/p>\n<p class=\"has-normal-font-size\">Solic\u00edtala mediante <strong>CITA PREVIA<\/strong> dirigida al \u00c1rea de Fomento del Empleo<\/p>\n<p>(Pinchar bajo en el enlace)<\/p><br>\n<\/div>\n<div class=\"card-footer\"><small class=\"text-muted text-align-center\"><a href=\"https:\/\/ssweb.seap.minhap.es\/icpplus\/citar?org=MIJAS\"><span style=\"color: #3e8e96;\">&nbsp;&nbsp;&nbsp;&nbsp;&nbsp;&nbsp;SOLICITAR CITA PREVIA <i class=\"fas fa-external-link-alt\"><\/i><\/span><\/a><\/small><\/div>\n<\/div><\/div><\/div><\/div>\n                <div class=\"col-xs-12 col-sm-6 col-md-4 col-md-4\">\n                    \n                        <div class=\"card-flyer\">\n                            <div class=\"text-box\">\n                                <div class=\"image-box\">\n<img decoding=\"async\" class=\"card-img-top\" src=\"https:\/\/www.mijas.es\/wp-content\/uploads\/2021\/03\/registro-oficial-1.png\" alt=\"Card image cap\">\n<div class=\"card-body\">\n<h4 class=\"card-title text-center\"><span style=\"color: #3e8e96;\"><strong>REGISTRO OFICIAL<\/strong><\/span><\/h4>\n<div style=\"border-bottom: 1px solid #f7a744;\"><\/div><p class=\"card-text\">\n<\/p>\n<p class=\"has-normal-font-size\">En cualquiera de los<strong> tres Registros Oficiales<\/strong>:\n<p>1- Ayuntamiento de Mijas<br>2-Tenencia de Alcald\u00eda de las Lagunas <br>3-Tenencia de Alcald\u00eda de la Cala<\/p>\n<p class=\"has-normal-font-size\">Solic\u00edtala mediante <strong>CITA PREVIA<\/strong><\/p>\n\n<\/div>\n<div class=\"card-footer\"><small class=\"text-muted\"><span style=\"color: #3e8e96;\">\nCITA PREVIA TF. <i class=\"fas fa-phone alt\"><\/i>  952 48 59 00<\/span><\/small><\/div>\n<\/div><\/div><\/div><\/div>\n<\/div><\/div><\/div>\n\n<style>\n#cards_landscape_wrap-2{\n  text-align: center;\n\n}\n#cards_landscape_wrap-2 .container{\n  padding-top: 80px; \n  padding-bottom: 100px;\n}\n#cards_landscape_wrap-2 a{\n  text-decoration: none;\n  outline: none;\n}\n#cards_landscape_wrap-2 .card-flyer {\n  border-radius: 5px;\n}\n#cards_landscape_wrap-2 .card-flyer .image-box{\n  background: #ffffff;\n  overflow: hidden;\n  box-shadow: 0px 2px 15px rgba(0, 0, 0, 0.50);\n  border-radius: 5px;\n}\n#cards_landscape_wrap-2 .card-flyer .image-box img{\n  -webkit-transition:all .9s ease; \n  -moz-transition:all .9s ease; \n  -o-transition:all .9s ease;\n  -ms-transition:all .9s ease; \n  width: 100%;\n  height: 200px;\n}\n#cards_landscape_wrap-2 .card-flyer:hover .image-box img{\n  opacity: 0.7;\n  -webkit-transform:scale(1.15);\n  -moz-transform:scale(1.15);\n  -ms-transform:scale(1.15);\n  -o-transform:scale(1.15);\n  transform:scale(1.15);\n}\n#cards_landscape_wrap-2 .card-flyer .text-box{\n  text-align:justify;\n}\n#cards_landscape_wrap-2 .card-flyer .text-box .text-container{\n  padding: 30px 18px;\n}\n#cards_landscape_wrap-2 .card-flyer{\n  background: #FFFFFF;\n  margin-top: 50px;\n  -webkit-transition: all 0.2s ease-in;\n  -moz-transition: all 0.2s ease-in;\n  -ms-transition: all 0.2s ease-in;\n  -o-transition: all 0.2s ease-in;\n  transition: all 0.2s ease-in;\n  box-shadow: 0px 3px 4px rgba(0, 0, 0, 0.40);\n}\n#cards_landscape_wrap-2 .card-flyer:hover{\n  background: #fff;\n  box-shadow: 0px 15px 26px rgba(0, 0, 0, 0.50);\n  -webkit-transition: all 0.2s ease-in;\n  -moz-transition: all 0.2s ease-in;\n  -ms-transition: all 0.2s ease-in;\n  -o-transition: all 0.2s ease-in;\n  transition: all 0.2s ease-in;\n  margin-top: 50px;\n}\n\n#cards_landscape_wrap-2 .card-flyer .text-box h4{\n  margin-top: 0px;\n  margin-bottom: 4px; \n  font-size: 14px;\n  font-weight: bold;\n  text-transform: uppercase;\n   font-family: 'Roboto Black', sans-serif;\n  letter-spacing: 1px;\n  color: #00acc1;\n}\n<\/style>\n\n\n\n<div class=\"wp-block-spacer\" style=\"height: 40px;\" aria-hidden=\"true\">&nbsp;<\/div>\n<div class=\"container-fluid\">\n<div class=\"row\">\n<div class=\"col-md-6\">\n<div style=\"float: left; margin-right: 10px;\"><a href=\"https:\/\/sede.mijas.es\/portal\/sede\/se_contenedor1.jsp?seccion=s_ltra_d12_v1.jsp&amp;codbusqueda=93&amp;language=es&amp;codResi=1&amp;codMenuPN=22&amp;codMenu=54&amp;layout=se_contenedor1.jsp\"><img decoding=\"async\" class=\"wp-image-12544\" src=\"https:\/\/www.mijas.es\/wp-content\/uploads\/2021\/03\/qr-sede-eletronica.jpeg \" alt=\"\" width=\"120px\"><\/a><\/div>\n<h3><strong>SEDE ELECTRONICA<\/strong><\/h3>\n<p>Escanea con tu movil este c\u00f3digo QR para ir a la sede electr\u00f3nica<br><a href=\"https:\/\/www.mijas.es\/portal\/atencion-ciudadana\/cita-previa-atencion-ciudadana\/\"><span class=\"bluechrome\"><span style=\"color: #3e8e96;\">Con certificado-Informaci\u00f3n <i class=\"fas fa-external-link-alt\"><\/i><\/span><\/span><\/a><\/p>\n<\/div>\n<div class=\"col-md-6\">\n<div style=\"float: left; margin-right: 10px;\"><a href=\"https:\/\/ssweb.seap.minhap.es\/icpplus\/citar?org=MIJAS\"><img decoding=\"async\" class=\"wp-image-12544\" src=\"https:\/\/www.mijas.es\/wp-content\/uploads\/2021\/03\/qr-cita-previa.jpeg\" alt=\"\" width=\"120px\"><\/a><\/div>\n<h3><strong>CITA PREVIA<\/strong><\/h3>\n<p>Escanea con tu movil este c\u00f3digo QR para acceder a solicitar cita previa<\/p>\n<\/div>\n<\/div>\n<\/div>\n\n\n\n<div style=\"height:100px\" aria-hidden=\"true\" class=\"wp-block-spacer\"><\/div>\n\n\n\n<h3 class=\"text-center\" style=\"font-size: 24px;\">MEN\u00da <span style=\"color: #3e8e96;\">MIJAS IMPULSA POEFE<\/span><\/h3>\n<div style=\"border-bottom: 1px solid #f7a744; text-align-center: left; font-size: 18px; padding: 10px 0px;\"><\/div>\n<div class=\"row justify-content-center\">\n<div class=\"col-md-4 col-4 p-4 text-center\">\n<img decoding=\"async\" class=\"img-fluid mx-auto d-block\" src=\"https:\/\/www.mijas.es\/wp-content\/uploads\/2021\/05\/icono-raton-e1620224070955.png\" width=\"70px\" height=\"70px\"><p><\/p>\n<p><strong><span style=\"color: #f7a744;\">DOCENTES<\/span><\/strong><\/p>\n<p>Selecci\u00f3n de Docentes<\/p>\n<p><a class=\"btn btn-info\" href=\"https:\/\/www.mijas.es\/portal\/fomento\/listado-de-docentes-mijas-impulsa-fomento-del-empleo\/\">Ir a la p\u00e1gina<\/a><\/p>\n<\/div>\n<div class=\"col-md-4 col-4 p-4 text-center\">\n<img decoding=\"async\" class=\"img-fluid mx-auto d-block\" src=\"https:\/\/www.mijas.es\/wp-content\/uploads\/2021\/05\/bombilla3-e1620224045130.png\" width=\"70px\" height=\"70px\"><p><\/p>\n<p><strong><span style=\"color: #f7a744;\">ALUMNOS<\/span><\/strong><\/p>\n<p>Selecci\u00f3n de Alumnos<\/p>\n<p><a class=\"btn btn-info\" href=\"https:\/\/www.mijas.es\/portal\/fomento\/listado-de-alumnos-mijas-impulsa-fomento-del-empleo\/\">Ir a la p\u00e1gina<\/a><\/p>\n<\/div>\n<div class=\"col-md-4 col-4 p-4 text-center\">\n<img decoding=\"async\" class=\"img-fluid mx-auto d-block\" src=\"https:\/\/www.mijas.es\/wp-content\/uploads\/2021\/05\/icono-usu-e1620224233756.png\" width=\"70px\" height=\"70px\"><p><\/p>\n<p><strong>\n<span style=\"color:  #f7a744;\">ITINERARIOS<\/span><\/strong><\/p>\n<p>Realizados\/En ejecuci\u00f3n<\/p>\n<p><a class=\"btn btn-info\" href=\"https:\/\/www.mijas.es\/portal\/fomento\/itinerarios-desglose-fomento-de-empleo\/\">Ir a la p\u00e1gina<\/a><\/p>\n<\/div>\n<\/div>\n\n\n\n<div class=\"py-5\">\n    <div class=\"container\">\n      <div class=\"row\">\n        <div class=\"col-lg-8\">\n<h3><strong>\u00c1REA DE FOMENTO DEL EMPLEO AYUNTAMIENTO DE MIJAS<\/strong><\/h3>\n<p>Avd. Andaluc\u00eda n\u00ba 3 \u2013 Las Lagunas -Mijas 29651 (M\u00e1laga)<br>\n<i class=\"fas fa-phone-volume\"><\/i> <strong>Tel\u00e9fono: <\/strong>951 26 02 83\n<br><i class=\"fas fa-envelope\"><\/i> <strong>E-mail: <\/strong><a href=\"mailto:promo.desa@mijas.es\">promo.desa@mijas.es<\/a>\n<br>\n<a href=\"https:\/\/www.facebook.com\/ImpulsaMijas\/\" target=\"_blank\" rel=\"noopener noreferrer\">\n<img decoding=\"async\" class=\"ico\" style=\"width: 27px;\" src=\"https:\/\/www.mijas.es\/wp-content\/themes\/mijas-theme\/assets\/images\/facebook-icon2.png\" alt=\"Facebook:\"> Mijas Impulsa <\/a>\n<\/p>\n<p><\/p>\n<\/div>\n<div class=\"col-lg-8\">\n<img decoding=\"async\" class=\"img-fluid d-block\" src=\"https:\/\/www.mijas.es\/wp-content\/uploads\/2021\/05\/logo-ministerio-1.png\" widht=\"500px\" height=\"\" alt=\"\">\n<\/div>\n<div class=\"col-lg-7\">\n<p class=\"has-text-align-justify  has-normal-font-size\" style=\"font-size:14px;\">\nEl proyecto MIJAS IMPULSA est\u00e1 cofinanciado con el Fondo Social Europeo, dentro de las                                              ayudas previstas en el Programa Operativo de Empleo, Formaci\u00f3n y Educaci\u00f3n (Ayudas AP                                     POEFE), destinadas a Entidades Locales para la inserci\u00f3n de las personas m\u00e1s vulnerables,                                           recogida en la Orden PRA \/37\/2018 de 16 de Enero de 2018 BOE n\u00ba 21 de 24 Enero 2018<\/p>\n<\/div>\n<\/div><\/div><\/div>\n","protected":false},"excerpt":{"rendered":"<p>INSCRIPCI\u00d3N A ITINERARIOS VIGENTES MIJAS IMPULSA \u2013 POEFE LUGAR DE PRESENTACI\u00d3N DE LA SOLICITUD Y DOCUMENTACI\u00d3N de los Itinerarios en Plazo de Solicitud<\/p>\n","protected":false},"author":17,"featured_media":0,"parent":40132,"menu_order":0,"comment_status":"closed","ping_status":"closed","template":"page-departamental.php","meta":[],"_links":{"self":[{"href":"https:\/\/www.mijas.es\/portal\/wp-json\/wp\/v2\/pages\/35814"}],"collection":[{"href":"https:\/\/www.mijas.es\/portal\/wp-json\/wp\/v2\/pages"}],"about":[{"href":"https:\/\/www.mijas.es\/portal\/wp-json\/wp\/v2\/types\/page"}],"author":[{"embeddable":true,"href":"https:\/\/www.mijas.es\/portal\/wp-json\/wp\/v2\/users\/17"}],"replies":[{"embeddable":true,"href":"https:\/\/www.mijas.es\/portal\/wp-json\/wp\/v2\/comments?post=35814"}],"version-history":[{"count":106,"href":"https:\/\/www.mijas.es\/portal\/wp-json\/wp\/v2\/pages\/35814\/revisions"}],"predecessor-version":[{"id":44370,"href":"https:\/\/www.mijas.es\/portal\/wp-json\/wp\/v2\/pages\/35814\/revisions\/44370"}],"up":[{"embeddable":true,"href":"https:\/\/www.mijas.es\/portal\/wp-json\/wp\/v2\/pages\/40132"}],"wp:attachment":[{"href":"https:\/\/www.mijas.es\/portal\/wp-json\/wp\/v2\/media?parent=35814"}],"curies":[{"name":"wp","href":"https:\/\/api.w.org\/{rel}","templated":true}]}}