{"id":35759,"date":"2021-03-30T12:13:41","date_gmt":"2021-03-30T11:13:41","guid":{"rendered":"https:\/\/www.mijas.es\/portal\/?page_id=35759"},"modified":"2021-08-25T15:18:37","modified_gmt":"2021-08-25T14:18:37","slug":"curso-atencion-en-restauracion-con-ingles-fomento-de-empleo","status":"publish","type":"page","link":"https:\/\/www.mijas.es\/portal\/fomento\/curso-atencion-en-restauracion-con-ingles-fomento-de-empleo\/","title":{"rendered":"Itinerario Atenci\u00f3n en Restauraci\u00f3n con Ingl\u00e9s &#8211; Fomento del Empleo"},"content":{"rendered":"\n<div style=\"height:32px\" aria-hidden=\"true\" class=\"wp-block-spacer\"><\/div>\n\n\n\n<div class=\"container\">\n    <div class=\"row d-flex justify-content-center\">\n         <div class=\"card col-lg-12\">\n  <a href=\"#mijasimpulsa\"><img decoding=\"async\" class=\"card-img-top\" src=\"https:\/\/www.mijas.es\/wp-content\/uploads\/2021\/03\/Curso-Camarero_00001.png\" alt=\"Card image cap\"><\/a>\n             <div class=\"card-body\">\n            \n<div class=\"d-grid gap-1\">\n  <a href=\"https:\/\/www.mijas.es\/wp-content\/uploads\/2021\/03\/Curso-Camarero.pdf\" class=\"btn btn-info btn-block\" type=\"button\"><i class=\"fas fa-download\"><\/i> DESCARGA INFORMACI\u00d3N<\/a>\n\n<\/div><\/div> <\/div> <\/div> <\/div>\n\n\n\n<div class=\"row\">\n<div class=\"col-md-6\">\n<div style=\"float:left; margin-right:10px\">\n<img decoding=\"async\" src=\" https:\/\/www.mijas.es\/wp-content\/uploads\/2021\/03\/calendario2.jpeg\" width=\"150px\" alt=\"\" class=\"wp-image-12538\" srcset=\"https:\/\/www.mijas.es\/wp-content\/uploads\/2021\/03\/calendario2.jpeg\" 431w,=\"\" https:=\"\" www.mijas.es=\"\" wp-content=\"\" uploads=\"\" 2021=\"\" 03=\"\" calendario2.png=\"\" 300w\"=\"\" sizes=\"(max-width: 431px) 100vw, 431px\">\n\t\t\t\t<\/div>\n\n\n\n<p style=\"font-size:14px\"><strong>FECHA ENTREGA SOLICITUD<\/strong><\/p>\n\n\n\n<p class=\"has-small-font-size\">DEL 22 DE MARZO AL 14 DE ABRIL DE 2021<\/p>\n\n\n\n<\/div>\n\t\t\t<div class=\"col-md-6\">\n\t\t\t\t<div style=\"float:left; margin-right:10px\">\n<img decoding=\"async\" src=\" https:\/\/www.mijas.es\/wp-content\/uploads\/2021\/03\/desempleados.jpg\" width=\"150px\" alt=\"\" class=\"wp-image-12538\" srcset=\"https:\/\/www.mijas.es\/wp-content\/uploads\/2021\/03\/desempleados.jpg\" 431w,=\"\" https:=\"\" www.mijas.es=\"\" wp-content=\"\" uploads=\"\" 2021=\"\" 03=\"\" dirigido.png=\"\" 300w\"=\"\" sizes=\"(max-width: 431px) 100vw, 431px\"><\/div>\n\n\n\n<p style=\"font-size:14px\"><strong>DIRIGIDO A DESEMPLEADOS<\/strong> <\/p>\n\n\n\n<p class=\"has-small-font-size\">INSCRITOS COMO DEMANDANTES DE EMPLEO EN EL SAE- N\u00ba DE PLAZAS 15<\/p>\n\n\n\n<span class=\"warning\"><\/span>\n<a href=\"contact-tab\" data-tab=\"contact-tab\" class=\"menu-tab \"><span class=\"bluechrome\"><\/span><\/a>\n\t\t\t<\/div>\n\t\t<\/div>\n\n\n\n<div style=\"height:46px\" aria-hidden=\"true\" class=\"wp-block-spacer\"><\/div>\n\n\n\n<ul class=\"nav nav-tabs\" id=\"myTab\" role=\"tablist\">\n\n<li class=\"nav-item active\"><a class=\"nav-link\" id=\"home-tab\" data-toggle=\"tab\" href=\"#home\" role=\"tab\" aria-controls=\"home\" aria-selected=\"true\"><span style=\"font-size: 18px; color: #3e8e96;\">&nbsp;&nbsp;&nbsp;&nbsp;<i class=\"fas fa-info\"><\/i>&nbsp;&nbsp;&nbsp;&nbsp;INFORMACI\u00d3N&nbsp;&nbsp;&nbsp;&nbsp;&nbsp;&nbsp;&nbsp;&nbsp;<\/a><\/span><\/li>\n\n<li class=\"nav-item\"><a class=\"nav-link\" id=\"profile-tab\" data-toggle=\"tab\" href=\"#profile\" role=\"tab\" aria-controls=\"profile\" aria-selected=\"false\"><span style=\"font-size: 18px; color: #3e8e96;\"><i class=\"fas fa-bookmark\"><\/i>&nbsp;&nbsp;&nbsp;&nbsp;TEMARIO&nbsp;&nbsp;&nbsp;&nbsp;&nbsp;&nbsp;&nbsp;&nbsp;&nbsp;<\/a><\/span><\/li>\n  \n<li class=\"nav-item\">\n<a class=\"nav-link\" id=\"contact-tab\" data-toggle=\"tab\" href=\"#contact\" role=\"tab\" aria-controls=\"contact\" aria-selected=\"false\"><span style=\"font-size: 18px; color: #3e8e96;\"><i class=\"fas fa-book-open\"><\/i>&nbsp;&nbsp;&nbsp;&nbsp;REQUISITOS DE ACCESO<\/a><\/span>\n<\/li>\n<li class=\"nav-item\">\n<a class=\"nav-link\" id=\"inscribete-tab\" data-toggle=\"tab\" href=\"#inscribete\" role=\"tab\" aria-controls=\"inscribete\" aria-selected=\"false\">&nbsp;&nbsp;&nbsp;&nbsp;&nbsp;<\/a><\/li>\n\n<\/ul>\n<div class=\"tab-content\" id=\"myTabContent\">\n  \n<div class=\"tab-pane fade show active\" id=\"home\" role=\"tabpanel\" aria-labelledby=\"home-tab\">\n\n\n\n<div style=\"height:20px\" aria-hidden=\"true\" class=\"wp-block-spacer\"><\/div>\n\n\n\n<p style=\"font-size:17px\"><strong>INFORMACI\u00d3N DEL ITINERARIO ATENCI\u00d3N EN RESTAURACI\u00d3N CON INGL\u00c9S<\/strong><\/p>\n\n\n\n<p style=\"font-size:17px\"><strong>Destinatarios<\/strong><\/p>\n\n\n\n<ul><li>Personas desempleadas inscritas como demandantes de empleo en el SAE y que pertenezcan al colectivo espec\u00edfico<\/li><\/ul>\n\n\n\n<p style=\"font-size:17px\"><strong>Modalidad<\/strong><\/p>\n\n\n\n<ul><li>Presencial<\/li><\/ul>\n\n\n\n<p style=\"font-size:17px\"><strong>N\u00famero de participantes<\/strong><\/p>\n\n\n\n<ul><li>15 plazas<\/li><\/ul>\n\n\n\n<p style=\"font-size:17px\"><strong>Lugar de Impartici\u00f3n<\/strong><\/p>\n\n\n\n<ul><li>Edificio de Formaci\u00f3n y Empleo Avd. de Andaluc\u00eda n\u00ba 3 Las Lagunas de Mijas (M\u00e1laga)<\/li><\/ul>\n\n\n\n<p style=\"font-size:17px\"><strong>Horario<\/strong><\/p>\n\n\n\n<ul><li>De 9 a 14 h<\/li><\/ul>\n\n\n\n<p style=\"font-size:17px\"><strong>Duraci\u00f3n: 400 horas<\/strong><\/p>\n\n\n\n<ul><li>300 horas te\u00f3ricas<\/li><li>100 horas pr\u00e1cticas en empresas (horario de pr\u00e1cticas adaptado al centro de pr\u00e1cticas)<\/li><\/ul>\n\n\n\n<p style=\"font-size:17px\"><strong>Fecha Ejecuci\u00f3n<\/strong> *(fecha previsible de ejecuci\u00f3n del itinerario)<\/p>\n\n\n\n<ul><li>Abril-Agosto 2021<\/li><\/ul>\n\n\n\n<p style=\"font-size:17px\"><strong>Objetivos<\/strong><\/p>\n\n\n\n<ul><li>Capacitar para desarrollar y montar todo tipo de servicios de alimentos y bebidas en restaurante y preparar elaboraciones culinarias a la vista del comensal, aplicando con autonom\u00eda las t\u00e9cnicas correspondientes, acogiendo y atendiendo al cliente, utilizando en caso necesario, la lengua inglesa, consiguiendo la calidad y objetivos econ\u00f3micos establecidos y respetando las normas y pr\u00e1cticas de seguridad e higiene en la manipulaci\u00f3n alimentaria.<\/li><\/ul>\n\n\n\n<div style=\"height:32px\" aria-hidden=\"true\" class=\"wp-block-spacer\"><\/div>\n\n\n\n<div class=\"wp-block-buttons aligncenter\">\n<div class=\"wp-block-button is-style-outline\"><a href=\"https:\/\/www.mijas.es\/portal\/fomento\/itinerarios-desglose-fomento-de-empleo\/\" class=\"menu-tab wp-block-button__link has-white-color has-cyan-bluish-gray-background-color has-text-color has-background\"><i class=\"fas fa-spinner fa-pulse\"><\/i>&nbsp;&nbsp;&nbsp;&nbsp;VOLVER A ITINERARIOS<\/a>\n<\/div>\n<\/div>\n\n\n\n<div style=\"height:60px\" aria-hidden=\"true\" class=\"wp-block-spacer\"><\/div>\n\n\n\n<\/div>\n  <div class=\"tab-pane fade\" id=\"profile\" role=\"tabpanel\" aria-labelledby=\"profile-tab\">\n\n\n\n<div style=\"height:20px\" aria-hidden=\"true\" class=\"wp-block-spacer\"><\/div>\n\n\n\n<p style=\"font-size:17px\"><strong>TEMARIO ITINERARIO ATENCI\u00d3N EN RESTAURACI\u00d3N CON INGL\u00c9S<\/strong><\/p>\n\n\n\n<dl class=\"row\">\n  <dt class=\"col-sm-4\">FORMACI\u00d3N<\/dt>\n  <dt class=\"col-sm-4\">PROGRAMACI\u00d3N\/M\u00d3DULOS\/UD. \nCOMPETENCIA<\/dt>\n <dt class=\"col-sm-4\">HORAS<\/dt>\n<dt class=\"col-sm-4\">Espec\u00edfica<\/dt>\n<dd class=\"col-sm-4\">\n<p>-Servicio en restaurante<\/p>\n<p>-Servicio de vinos<\/p>\n<p>-Elaboraci\u00f3n y acabado de platos a la vista del cliente<\/p>\n<p>-Servicios especiales en restauraci\u00f3n<\/p>\n<p>-Seguridad, higiene y protecci\u00f3n ambiental en hosteler\u00eda<\/p>\n<p>-Ingl\u00e9s profesional para servicios de restauraci\u00f3n<\/p>\n<p><STRONG>TOTAL ESPEC\u00cdFICA<\/STRONG><\/p><\/dd>\n  <dt class=\"col-sm-4\">80 h\n   <p><\/p>\n<p>50 h<\/p> \n    <p>20 h<\/p>\n      <p>&nbsp;<\/p>\n<p>40 h<\/p>\n      <p>&nbsp;<\/p>\n<p>30 h<\/p>\n  <p>50 h<\/p>   \n   <p><\/p>\n <p>270 HORAS<\/p><\/dt>\n<dt class=\"col-sm-4\">Pr\u00e1ctica profesional<\/dt>\n<dd class=\"col-sm-4\">  \n<p>-Pr\u00e1cticas profesionales no laborales<\/p>\n<p><STRONG>TOTAL PR\u00c1CTICA<\/STRONG><\/p><\/dd>\n <dt class=\"col-sm-4\">100 h\n    <p>&nbsp;<\/p>   \n   <p>100 HORAS<\/p>\n<dt class=\"col-sm-4\">Transversal<\/dt>\n<dd class=\"col-sm-4\">-Igualdad de oportunidades<\/dd>\n <dt class=\"col-sm-4\">5 h<\/dt>\n <dt class=\"col-sm-4\"><\/dt> \n <dd class=\"col-sm-4\">-Igualdad de trato, no discriminaci\u00f3n y lucha contra la exclusi\u00f3n social<\/dd>\n <dt class=\"col-sm-4\">5 h<\/dt>\n <dt class=\"col-sm-4\"><\/dt> \n<dd class=\"col-sm-4\">-Desarrollo sostenible, cuidado y respeto del medio ambiente<\/dd>\n<dt class=\"col-sm-4\">5 h<\/dt>\n  <dt class=\"col-sm-4\">&nbsp;<\/dt>\n <dt class=\"col-sm-4\">TOTAL TRANSVERSAL<\/dt> \n<dt class=\"col-sm-4\">15 HORAS<\/dt>\n<dt class=\"col-sm-4\">&nbsp;<\/dt>\n<dt class=\"col-sm-4\"><\/dt>\n<dt class=\"col-sm-4\"><\/dt>\n<dt class=\"col-sm-4\">Complementaria<\/dt>\n<dd class=\"col-sm-4\">\n  <p>-Busqueda de empleo e inserci\u00f3n laboral<\/p><\/dd>\n<dt class=\"col-sm-4\">15 h<\/dt>\n  <dt class=\"col-sm-4\"><\/dt>\n <dt class=\"col-sm-4\">TOTAL COMPLEMENTARIA<\/dt> \n<dt class=\"col-sm-4\">15 HORAS<\/dt>\n<dt class=\"col-sm-4\">&nbsp;<\/dt>\n<dt class=\"col-sm-4\"><\/dt>\n<dt class=\"col-sm-4\"><\/dt>\n<dt class=\"col-sm-4\"><\/dt>\n<dt class=\"col-sm-4\">TOTAL DURACI\u00d3N FORMACI\u00d3N<\/dt>\n<dt class=\"col-sm-4\">400 HORAS<\/dt>\n<dt class=\"col-sm-4\">&nbsp;<\/dt>\n<dt class=\"col-sm-4\"><\/dt>\n<dt class=\"col-sm-4\"><\/dt>\n<dt class=\"col-sm-4\">TUTOR\u00cdAS<\/dt>\n<dd class=\"col-sm-4\">-Formaci\u00f3n espec\u00edfica<\/dd>\n<dt class=\"col-sm-4\">10 h<\/dt>\n<dt class=\"col-sm-4\"><\/dt>\n<dd class=\"col-sm-4\">-Pr\u00e1ctica Profesional<\/dd>\n<dt class=\"col-sm-4\">5 h<\/dt>\n<dt class=\"col-sm-4\"><\/dt>\n<dt class=\"col-sm-4\">TOTAL TUTOR\u00cdAS<\/dt>\n<dt class=\"col-sm-4\">15 HORAS<\/dt>\n<\/dl>\n\n\n\n\n\n<div style=\"height:20px\" aria-hidden=\"true\" class=\"wp-block-spacer\"><\/div>\n\n\n\n<h3>&nbsp;&nbsp;Ficha del Itinerario Atenci\u00f3n en Restauraci\u00f3n con Ingl\u00e9s&nbsp;&nbsp;<i class=\"fas fa-download\" style=\"color:#008ea9\"><\/i>\n<a href=\"https:\/\/www.mijas.es\/wp-content\/uploads\/2021\/04\/FICHA-ADMINISTRATIVO.pdf\">&nbsp;&nbsp;Descargar&nbsp;&nbsp;<\/a><\/h3>\n\n\n\n<div style=\"height:46px\" aria-hidden=\"true\" class=\"wp-block-spacer\"><\/div>\n\n\n\n<div class=\"wp-block-buttons aligncenter\">\n<div class=\"wp-block-button is-style-outline\"><a href=\"https:\/\/www.mijas.es\/portal\/fomento\/itinerarios-desglose-fomento-de-empleo\/\" class=\"menu-tab wp-block-button__link has-white-color has-cyan-bluish-gray-background-color has-text-color has-background\"><i class=\"fas fa-spinner fa-pulse\"><\/i>&nbsp;&nbsp;&nbsp;&nbsp;VOLVER A ITINERARIOS<\/a>\n<\/div>\n<\/div>\n\n\n\n<div style=\"height:57px\" aria-hidden=\"true\" class=\"wp-block-spacer\"><\/div>\n\n\n\n<\/div>\n  <div class=\"tab-pane fade\" id=\"contact\" role=\"tabpanel\" aria-labelledby=\"contact-tab\">\n\n\n\n<div style=\"height:20px\" aria-hidden=\"true\" class=\"wp-block-spacer\"><\/div>\n\n\n\n<div class=\"wp-block-group\"><div class=\"wp-block-group__inner-container is-layout-flow\">\n<p style=\"font-size:17px\"><strong>REQUISITOS DE ACCESO<\/strong> <strong>ITINERARIO ATENCI\u00d3N EN RESTAURACI\u00d3N CON INGL\u00c9S<\/strong><\/p>\n\n\n\n<p style=\"font-size:17px\"><strong>1.&nbsp;<\/strong>DEBE DE ENCONTRARSE<strong> EN SITUACI\u00d3N DE DESEMPLEO Y ESTAR INSCRITO COMO DEMANDANTE DE EMPLEO <\/strong>EN EL SERVICIO ANDALUZ DE EMPLEO.<\/p>\n\n\n\n<p style=\"font-size:17px\"><strong>2.<\/strong>&nbsp;<strong>PERTENECER AL MENOS A UNO DE LOS SIGUIENTES COLECTIVOS:<\/strong><\/p>\n\n\n\n<ul><li>Personas desempleadas de larga duraci\u00f3n, menor de 25 a\u00f1os, con m\u00e1s de 6 meses continuos en situaci\u00f3n de desempleo.<\/li><li>Personas desempleadas de larga duraci\u00f3n igual o mayor de 25 a\u00f1os con m\u00e1s de 12 meses continuos en situaci\u00f3n de desempleo.<\/li><li>J\u00f3venes menores de 30 a\u00f1os que no han sido beneficiarios de ninguna medida del Sistema Nacional de Garant\u00eda Juvenil.<\/li><li>Personas mayores de 55 a\u00f1os.<\/li><\/ul>\n\n\n\n<p style=\"font-size:17px\"><strong>OTROS COLECTIVOS:<\/strong><\/p>\n\n\n\n<ul><li>Personas con discapacidad.<\/li><li>Inmigrantes.<\/li><li>&nbsp;Minor\u00edas \u00e9tnicas y comunidades marginadas.<\/li><li>Personas que viven en hogares de un \u00fanico adulto con hijos a su cargo.<\/li><li>Personas sin hogar o afectadas por la exclusi\u00f3n en materia de vivienda.<\/li><li>V\u00edctimas de violencia de g\u00e9nero.<\/li><li>V\u00edctimas de discriminaci\u00f3n por origen racial o \u00e9tnico, orientaci\u00f3n sexual e identidad de g\u00e9nero.<\/li><li>Solicitantes de asilo.<\/li><li>Personas con problemas de adicci\u00f3n.<\/li><li>Personas reclusas y ex reclusas.<\/li><li>&nbsp;Perceptores de rentas m\u00ednimas o salarios sociales.<\/li><li>Personas con fracaso o abandono escolar.<\/li><li>Otras personas acreditadas por un informe de los Servicios Sociales.<\/li><\/ul>\n<\/div><\/div>\n\n\n\n<p>Para acceder a certificados de profesionalidad de Nivel 1 de cualificaci\u00f3n profesional, no se exigir\u00e1 requisito acad\u00e9mico ni profesional alguno.<\/p>\n\n\n\n<p>Se dar\u00e1 prioridad a personas empadronadas en el municipio de Mijas.<\/p>\n\n\n\n<div style=\"height:20px\" aria-hidden=\"true\" class=\"wp-block-spacer\"><\/div>\n\n\n\n<div class=\"wp-block-buttons aligncenter\">\n<div class=\"wp-block-button is-style-outline\"><a href=\"https:\/\/www.mijas.es\/portal\/fomento\/itinerarios-desglose-fomento-de-empleo\/\" class=\"menu-tab wp-block-button__link has-white-color has-cyan-bluish-gray-background-color has-text-color has-background\"><i class=\"fas fa-spinner fa-pulse\"><\/i>&nbsp;&nbsp;&nbsp;&nbsp;VOLVER A ITINERARIOS<\/a>\n<\/div>\n<\/div>\n\n\n\n<div style=\"height:19px\" aria-hidden=\"true\" class=\"wp-block-spacer\"><\/div>\n\n\n\n<\/div>\n<div class=\"tab-pane fade show active\" id=\"inscribete\" role=\"tabpanel\" aria-labelledby=\"inscribete-tab\">\n\n\n\n<div style=\"height:9px\" aria-hidden=\"true\" class=\"wp-block-spacer\"><\/div>\n\n\n\n<div class=\"py-5\">\n<div class=\"container\">\n      <div class=\"row\">\n        <div class=\"col-lg-8\">\n<h3><strong>\u00c1REA DE FOMENTO DEL EMPLEO AYUNTAMIENTO DE MIJAS<\/strong><\/h3>\n<p>Avd. Andaluc\u00eda n\u00ba 3 \u2013 Las Lagunas -Mijas 29651 (M\u00e1laga)<br>\n<i class=\"fas fa-phone-volume\"><\/i> <strong>Tel\u00e9fono: <\/strong>951 26 02 83\n<br><i class=\"fas fa-envelope\"><\/i> <strong>E-mail: <\/strong><a href=\"mailto:promo.desa@mijas.es\">promo.desa@mijas.es<\/a>\n<br>\n<a href=\"https:\/\/www.facebook.com\/ImpulsaMijas\/\" target=\"_blank\" rel=\"noopener noreferrer\">\n<img decoding=\"async\" class=\"ico\" style=\"width: 27px;\" src=\"https:\/\/www.mijas.es\/wp-content\/themes\/mijas-theme\/assets\/images\/facebook-icon2.png\" alt=\"Facebook:\"> Mijas Impulsa <\/a><\/p>\n<p><\/p>\n<img decoding=\"async\" src=\"https:\/\/www.mijas.es\/wp-content\/uploads\/2021\/05\/logo-ministerio-1.png\" widht=\"135\" height=\"135\" alt=\"\">\n<p class=\"has-text-align-justify  has-normal-font-size\">\nEl proyecto MIJAS IMPULSA est\u00e1 cofinanciado con el Fondo Social Europeo, dentro de las                                              ayudas previstas en el Programa Operativo de Empleo, Formaci\u00f3n y Educaci\u00f3n (Ayudas AP                                     POEFE), destinadas a Entidades Locales para la inserci\u00f3n de las personas m\u00e1s vulnerables,                                           recogida en la Orden PRA \/37\/2018 de 16 de Enero de 2018 BOE n\u00ba 21 de 24 Enero 2018<\/p>\n<\/div><\/div><\/div>\n","protected":false},"excerpt":{"rendered":"<p>DESCARGA INFORMACI\u00d3N DIRIGIDO A DESEMPLEADOS INSCRITOS COMO DEMANDANTES DE EMPLEO EN EL SAE- N\u00ba DE PLAZAS 15 &nbsp;&nbsp;&nbsp;&nbsp;&nbsp;&nbsp;&nbsp;&nbsp;INFORMACI\u00d3N&nbsp;&nbsp;&nbsp;&nbsp;&nbsp;&nbsp;&nbsp;&nbsp; &nbsp;&nbsp;&nbsp;&nbsp;TEMARIO&nbsp;&nbsp;&nbsp;&nbsp;&nbsp;&nbsp;&nbsp;&nbsp;&nbsp; &nbsp;&nbsp;&nbsp;&nbsp;REQUISITOS DE ACCESO &nbsp;&nbsp;&nbsp;&nbsp;&nbsp; INFORMACI\u00d3N DEL ITINERARIO ATENCI\u00d3N EN RESTAURACI\u00d3N CON INGL\u00c9S Destinatarios Personas desempleadas inscritas como demandantes de empleo en el SAE y que pertenezcan al colectivo espec\u00edfico Modalidad Presencial N\u00famero de participantes 15 plazas [&hellip;]<\/p>\n","protected":false},"author":17,"featured_media":0,"parent":13857,"menu_order":0,"comment_status":"closed","ping_status":"closed","template":"page-departamental.php","meta":[],"_links":{"self":[{"href":"https:\/\/www.mijas.es\/portal\/wp-json\/wp\/v2\/pages\/35759"}],"collection":[{"href":"https:\/\/www.mijas.es\/portal\/wp-json\/wp\/v2\/pages"}],"about":[{"href":"https:\/\/www.mijas.es\/portal\/wp-json\/wp\/v2\/types\/page"}],"author":[{"embeddable":true,"href":"https:\/\/www.mijas.es\/portal\/wp-json\/wp\/v2\/users\/17"}],"replies":[{"embeddable":true,"href":"https:\/\/www.mijas.es\/portal\/wp-json\/wp\/v2\/comments?post=35759"}],"version-history":[{"count":48,"href":"https:\/\/www.mijas.es\/portal\/wp-json\/wp\/v2\/pages\/35759\/revisions"}],"predecessor-version":[{"id":42623,"href":"https:\/\/www.mijas.es\/portal\/wp-json\/wp\/v2\/pages\/35759\/revisions\/42623"}],"up":[{"embeddable":true,"href":"https:\/\/www.mijas.es\/portal\/wp-json\/wp\/v2\/pages\/13857"}],"wp:attachment":[{"href":"https:\/\/www.mijas.es\/portal\/wp-json\/wp\/v2\/media?parent=35759"}],"curies":[{"name":"wp","href":"https:\/\/api.w.org\/{rel}","templated":true}]}}