{"id":350,"date":"2013-05-21T08:32:20","date_gmt":"2013-05-21T08:32:20","guid":{"rendered":"http:\/\/localhost\/pruebaweb\/?p=350"},"modified":"2019-03-12T10:48:00","modified_gmt":"2019-03-12T10:48:00","slug":"documentacion-complementaria","status":"publish","type":"page","link":"https:\/\/www.mijas.es\/portal\/urbanismo\/documentacion-complementaria\/","title":{"rendered":"Documentaci&oacute;n Complementaria"},"content":{"rendered":"<p>Documentaci\u00f3n<\/p>\n<ul>\n<li>\n\t\t2006 Plan de Ordenaci\u00f3n del Territorio de Andalucia<\/li>\n<li>\n\t\t2006 Plan de Ordenaci\u00f3n del Territorio de la Costa del Sol<\/li>\n<li>\n\t\t2010 Deslindes de Cauces de R\u00edos y Arroyos de Mijas \u00bb Junta Andaluc\u00eda<\/li>\n<li>\n\t\t2011 Actuaciones de Prevenci\u00f3n en el Cauce del R\u00edo Fuengirola y del Arroyo Pajares de Mijas \u00bb Junta de Andaluc\u00eda<\/li>\n<\/ul>\n","protected":false},"excerpt":{"rendered":"<p>Documentaci\u00f3n 2006 Plan de Ordenaci\u00f3n del Territorio de Andalucia 2006 Plan de Ordenaci\u00f3n del Territorio de la Costa del Sol 2010 Deslindes de Cauces de R\u00edos y Arroyos de Mijas \u00bb Junta Andaluc\u00eda 2011 Actuaciones de Prevenci\u00f3n en el Cauce del R\u00edo Fuengirola y del Arroyo Pajares de Mijas \u00bb Junta de Andaluc\u00eda<\/p>\n","protected":false},"author":1,"featured_media":0,"parent":12090,"menu_order":0,"comment_status":"closed","ping_status":"open","template":"page-departamental.php","meta":[],"_links":{"self":[{"href":"https:\/\/www.mijas.es\/portal\/wp-json\/wp\/v2\/pages\/350"}],"collection":[{"href":"https:\/\/www.mijas.es\/portal\/wp-json\/wp\/v2\/pages"}],"about":[{"href":"https:\/\/www.mijas.es\/portal\/wp-json\/wp\/v2\/types\/page"}],"author":[{"embeddable":true,"href":"https:\/\/www.mijas.es\/portal\/wp-json\/wp\/v2\/users\/1"}],"replies":[{"embeddable":true,"href":"https:\/\/www.mijas.es\/portal\/wp-json\/wp\/v2\/comments?post=350"}],"version-history":[{"count":2,"href":"https:\/\/www.mijas.es\/portal\/wp-json\/wp\/v2\/pages\/350\/revisions"}],"predecessor-version":[{"id":12642,"href":"https:\/\/www.mijas.es\/portal\/wp-json\/wp\/v2\/pages\/350\/revisions\/12642"}],"up":[{"embeddable":true,"href":"https:\/\/www.mijas.es\/portal\/wp-json\/wp\/v2\/pages\/12090"}],"wp:attachment":[{"href":"https:\/\/www.mijas.es\/portal\/wp-json\/wp\/v2\/media?parent=350"}],"curies":[{"name":"wp","href":"https:\/\/api.w.org\/{rel}","templated":true}]}}