{"id":349,"date":"2013-05-21T08:32:04","date_gmt":"2013-05-21T08:32:04","guid":{"rendered":"http:\/\/localhost\/pruebaweb\/?p=349"},"modified":"2023-05-08T09:05:35","modified_gmt":"2023-05-08T08:05:35","slug":"delimitacion-asentamientos-urbanisticos-y-habitat-rural-diseminado","status":"publish","type":"page","link":"https:\/\/www.mijas.es\/portal\/urbanismo\/delimitacion-asentamientos-urbanisticos-y-habitat-rural-diseminado\/","title":{"rendered":"Delimitaci&oacute;n asentamientos urban&iacute;sticos y h&aacute;bitat rural diseminado"},"content":{"rendered":"<p style=\"text-align: justify;\">Avance de planeamiento para la identificaci\u00f3n y delimitaci\u00f3n de los asentamientos urban\u00edsticos y H\u00e1bitat Rural Diseminado en el t\u00e9rmino municipal de Mijas (Diciembre 2012) en aplicaci\u00f3n del Decreto 2\/2012, de 10 de enero (BOJA n\u00ba19 de 30 de enero de 2012), sobre la regulaci\u00f3n del r\u00e9gimen aplicable a las distintas edificaciones existentes en el suelo no urbanizable en la Comunidad Aut\u00f3noma de Andaluc\u00eda.<\/p>\n<p style=\"text-align: justify;\">En esta clase de suelo existen edificaciones en diferentes situaciones por su origen, caracter\u00edsticas, ubicaci\u00f3n, uso, etc. El Decreto diferencia las situaciones en las que se encuentran las edificaciones tanto por su forma de implantaci\u00f3n (aisladas, asentamientos urban\u00edsticos, h\u00e1bitat rural diseminado) como por su adecuaci\u00f3n o no a las determinaciones establecidas por la ordenaci\u00f3n territorial y urban\u00edstica. Partiendo de esta distinci\u00f3n y tomando como referencia el marco normativo de la Ley 7\/2002, de 17 de diciembre, establece las normas sustantivas y de procedimiento aplicables para cada una de estas situaciones. El Avance, una vez expuesto al p\u00fablico y con los informes preceptivos de la Junta de Andaluc\u00eda, ha sido aprobado definitivamente por el Pleno el 31 de enero de 2013 (Diciembre 2012). El texto completo ser\u00e1 publicado en el BOP para su entrada en vigor. Por tanto, se trata del primer paso para regularizar el r\u00e9gimen de las viviendas y dem\u00e1s construcciones en el \u00e1mbito del suelo no urbanizable y al mismo tiempo, satisfacer el inter\u00e9s general que representa la preservaci\u00f3n de los valores propios de esta clase de suelo.<\/p>\n<div style=\"overflow-x: auto;\">\n<table style=\"width: 600px;\" border=\"0\" cellspacing=\"0\" cellpadding=\"0\">\n<tbody>\n<tr>\n<td style=\"vertical-align: top; width: 200px;\">\n<ul>\n<li><a href=\"https:\/\/www.mijas.es\/wp-content\/uploads\/2011\/06\/Delimitacion_asentamientos_urb_diseminado\/08-08-01 Memoria (18-12-12).pdf\" target=\"_blank\" rel=\"noopener noreferrer\" data-wplink-url-error=\"true\">Memoria (18-12-12)<\/a><\/li>\n<li><a href=\"https:\/\/www.mijas.es\/wp-content\/uploads\/2011\/06\/Delimitacion_asentamientos_urb_diseminado\/08-08-02 Anexo (18-12-12).pdf\" target=\"_blank\" rel=\"noopener noreferrer\" data-wplink-url-error=\"true\">Anexo (18-12-12)<\/a><\/li>\n<li><a href=\"https:\/\/www.mijas.es\/wp-content\/uploads\/2011\/06\/Delimitacion_asentamientos_urb_diseminado\/08-08-03 Plano 1.pdf\" target=\"_blank\" rel=\"noopener noreferrer\" data-wplink-url-error=\"true\">Plano 1<\/a><\/li>\n<li><a href=\"https:\/\/www.mijas.es\/wp-content\/uploads\/2011\/06\/Delimitacion_asentamientos_urb_diseminado\/08-08-03 Plano 2.pdf\" target=\"_blank\" rel=\"noopener noreferrer\" data-wplink-url-error=\"true\">Plano 2<\/a><\/li>\n<li><a href=\"https:\/\/www.mijas.es\/wp-content\/uploads\/2011\/06\/Delimitacion_asentamientos_urb_diseminado\/08-08-03 Plano 3.pdf\" target=\"_blank\" rel=\"noopener noreferrer\" data-wplink-url-error=\"true\">Plano 3<\/a><\/li>\n<li><a href=\"https:\/\/www.mijas.es\/wp-content\/uploads\/2011\/06\/Delimitacion_asentamientos_urb_diseminado\/08-08-03 Plano 4.pdf\" target=\"_blank\" rel=\"noopener noreferrer\" data-wplink-url-error=\"true\">Plano 4<\/a><\/li>\n<li><a href=\"https:\/\/www.mijas.es\/wp-content\/uploads\/2011\/06\/Delimitacion_asentamientos_urb_diseminado\/08-08-03 Plano 5.pdf\" target=\"_blank\" rel=\"noopener noreferrer\" data-wplink-url-error=\"true\">Plano 5<\/a><\/li>\n<li><a href=\"https:\/\/www.mijas.es\/wp-content\/uploads\/2011\/06\/Delimitacion_asentamientos_urb_diseminado\/08-08-03 Plano 6.pdf\" target=\"_blank\" rel=\"noopener noreferrer\" data-wplink-url-error=\"true\">Plano 6<\/a><\/li>\n<li><a href=\"https:\/\/www.mijas.es\/wp-content\/uploads\/2011\/06\/Delimitacion_asentamientos_urb_diseminado\/08-08-03 Plano 7.pdf\" target=\"_blank\" rel=\"noopener noreferrer\" data-wplink-url-error=\"true\">Plano 7<\/a><\/li>\n<li><a href=\"https:\/\/www.mijas.es\/wp-content\/uploads\/2011\/06\/Delimitacion_asentamientos_urb_diseminado\/08-08-03 Plano 8-1.pdf\" target=\"_blank\" rel=\"noopener noreferrer\" data-wplink-url-error=\"true\">Plano 8-1<\/a><\/li>\n<li><a href=\"https:\/\/www.mijas.es\/wp-content\/uploads\/2011\/06\/Delimitacion_asentamientos_urb_diseminado\/08-08-03 Plano 8-2.pdf\" target=\"_blank\" rel=\"noopener noreferrer\" data-wplink-url-error=\"true\">Plano 8-2<\/a><\/li>\n<li><a href=\"https:\/\/www.mijas.es\/wp-content\/uploads\/2011\/06\/Delimitacion_asentamientos_urb_diseminado\/08-08-03 Plano 8-3.pdf\" target=\"_blank\" rel=\"noopener noreferrer\" data-wplink-url-error=\"true\">Plano 8-3<\/a><\/li>\n<li><a href=\"https:\/\/www.mijas.es\/wp-content\/uploads\/2011\/06\/Delimitacion_asentamientos_urb_diseminado\/08-08-03 Plano 8-4.pdf\" target=\"_blank\" rel=\"noopener noreferrer\" data-wplink-url-error=\"true\">Plano 8-4<\/a><\/li>\n<li><a href=\"https:\/\/www.mijas.es\/wp-content\/uploads\/2011\/06\/Delimitacion_asentamientos_urb_diseminado\/08-08-03 Plano 8-5.pdf\" target=\"_blank\" rel=\"noopener noreferrer\" data-wplink-url-error=\"true\">Plano 8-5<\/a><\/li>\n<li><a href=\"https:\/\/www.mijas.es\/wp-content\/uploads\/2011\/06\/Delimitacion_asentamientos_urb_diseminado\/08-08-03 Plano 8-6.pdf\" target=\"_blank\" rel=\"noopener noreferrer\" data-wplink-url-error=\"true\">Plano 8-6<\/a><\/li>\n<li><a href=\"https:\/\/www.mijas.es\/wp-content\/uploads\/2011\/06\/Delimitacion_asentamientos_urb_diseminado\/08-08-03 Plano 8-7.pdf\" target=\"_blank\" rel=\"noopener noreferrer\" data-wplink-url-error=\"true\">Plano 8-7<\/a><\/li>\n<\/ul>\n<\/td>\n<td style=\"vertical-align: top; width: 200px;\">\n<ul>\n<li><a href=\"https:\/\/www.mijas.es\/wp-content\/uploads\/2011\/06\/Delimitacion_asentamientos_urb_diseminado\/08-08-03 Plano 8-8.pdf\" target=\"_blank\" rel=\"noopener noreferrer\" data-wplink-url-error=\"true\">Plano 8-8<\/a><\/li>\n<li><a href=\"https:\/\/www.mijas.es\/wp-content\/uploads\/2011\/06\/Delimitacion_asentamientos_urb_diseminado\/08-08-03 Plano 8-9.pdf\" target=\"_blank\" rel=\"noopener noreferrer\" data-wplink-url-error=\"true\">Plano 8-9<\/a><\/li>\n<li><a href=\"https:\/\/www.mijas.es\/wp-content\/uploads\/2011\/06\/Delimitacion_asentamientos_urb_diseminado\/08-08-03 Plano 8-10.pdf\" target=\"_blank\" rel=\"noopener noreferrer\" data-wplink-url-error=\"true\">Plano 8-10<\/a><\/li>\n<li><a href=\"https:\/\/www.mijas.es\/wp-content\/uploads\/2011\/06\/Delimitacion_asentamientos_urb_diseminado\/08-08-03 Plano 8-11.pdf\" target=\"_blank\" rel=\"noopener noreferrer\" data-wplink-url-error=\"true\">Plano 8-11<\/a><\/li>\n<li><a href=\"https:\/\/www.mijas.es\/wp-content\/uploads\/2011\/06\/Delimitacion_asentamientos_urb_diseminado\/08-08-03 Plano 8-12.pdf\" target=\"_blank\" rel=\"noopener noreferrer\" data-wplink-url-error=\"true\">Plano 8-12<\/a><\/li>\n<li><a href=\"https:\/\/www.mijas.es\/wp-content\/uploads\/2011\/06\/Delimitacion_asentamientos_urb_diseminado\/08-08-03 Plano 8-13.pdf\" target=\"_blank\" rel=\"noopener noreferrer\" data-wplink-url-error=\"true\">Plano 8-13<\/a><\/li>\n<li><a href=\"https:\/\/www.mijas.es\/wp-content\/uploads\/2011\/06\/Delimitacion_asentamientos_urb_diseminado\/08-08-03 Plano 8-14.pdf\" target=\"_blank\" rel=\"noopener noreferrer\" data-wplink-url-error=\"true\">Plano 8-14<\/a><\/li>\n<li><a href=\"https:\/\/www.mijas.es\/wp-content\/uploads\/2011\/06\/Delimitacion_asentamientos_urb_diseminado\/08-08-03 Plano 8-15.pdf\" target=\"_blank\" rel=\"noopener noreferrer\" data-wplink-url-error=\"true\">Plano 8-15<\/a><\/li>\n<li><a href=\"https:\/\/www.mijas.es\/wp-content\/uploads\/2011\/06\/Delimitacion_asentamientos_urb_diseminado\/08-08-03 Plano 8-16.pdf\" target=\"_blank\" rel=\"noopener noreferrer\" data-wplink-url-error=\"true\">Plano 8-16<\/a><\/li>\n<li><a href=\"https:\/\/www.mijas.es\/wp-content\/uploads\/2011\/06\/Delimitacion_asentamientos_urb_diseminado\/08-08-03 Plano 8-17.pdf\" target=\"_blank\" rel=\"noopener noreferrer\" data-wplink-url-error=\"true\">Plano 8-17<\/a><\/li>\n<li><a href=\"https:\/\/www.mijas.es\/wp-content\/uploads\/2011\/06\/Delimitacion_asentamientos_urb_diseminado\/08-08-03 Plano 8-18.pdf\" target=\"_blank\" rel=\"noopener noreferrer\" data-wplink-url-error=\"true\">Plano 8-18<\/a><\/li>\n<li><a href=\"https:\/\/www.mijas.es\/wp-content\/uploads\/2011\/06\/Delimitacion_asentamientos_urb_diseminado\/08-08-03 Plano 9-1.pdf\" target=\"_blank\" rel=\"noopener noreferrer\" data-wplink-url-error=\"true\">Plano 9-1<\/a><\/li>\n<li><a href=\"https:\/\/www.mijas.es\/wp-content\/uploads\/2011\/06\/Delimitacion_asentamientos_urb_diseminado\/08-08-03 Plano 9-2.pdf\" target=\"_blank\" rel=\"noopener noreferrer\" data-wplink-url-error=\"true\">Plano 9-2<\/a><\/li>\n<li><a href=\"https:\/\/www.mijas.es\/wp-content\/uploads\/2011\/06\/Delimitacion_asentamientos_urb_diseminado\/08-08-03 Plano 9-3.pdf\" target=\"_blank\" rel=\"noopener noreferrer\" data-wplink-url-error=\"true\">Plano 9-3<\/a><\/li>\n<li><a href=\"https:\/\/www.mijas.es\/wp-content\/uploads\/2011\/06\/Delimitacion_asentamientos_urb_diseminado\/08-08-03 Plano 9-4.pdf\" target=\"_blank\" rel=\"noopener noreferrer\" data-wplink-url-error=\"true\">Plano 9-4<\/a><\/li>\n<li>Plano 9-5<\/li>\n<\/ul>\n<\/td>\n<td style=\"vertical-align: top; width: 200px;\">\n<ul>\n<li>Plano 9-6<\/li>\n<li>Plano 9-7<\/li>\n<li>Plano 9-8<\/li>\n<li>Plano 9-9<\/li>\n<li><a href=\"https:\/\/www.mijas.es\/wp-content\/uploads\/2011\/06\/Delimitacion_asentamientos_urb_diseminado\/08-08-03 Plano 9-10.pdf\" target=\"_blank\" rel=\"noopener noreferrer\" data-wplink-url-error=\"true\">Plano 9-10<\/a><\/li>\n<li><a href=\"https:\/\/www.mijas.es\/wp-content\/uploads\/2011\/06\/Delimitacion_asentamientos_urb_diseminado\/08-08-03 Plano 9-11.pdf\" target=\"_blank\" rel=\"noopener noreferrer\" data-wplink-url-error=\"true\">Plano 9-11<\/a><\/li>\n<li><a href=\"https:\/\/www.mijas.es\/wp-content\/uploads\/2011\/06\/Delimitacion_asentamientos_urb_diseminado\/08-08-03 Plano 9-12.pdf\" target=\"_blank\" rel=\"noopener noreferrer\" data-wplink-url-error=\"true\">Plano 9-12<\/a><\/li>\n<li><a href=\"https:\/\/www.mijas.es\/wp-content\/uploads\/2011\/06\/Delimitacion_asentamientos_urb_diseminado\/08-08-03 Plano 9-13.pdf\" target=\"_blank\" rel=\"noopener noreferrer\" data-wplink-url-error=\"true\">Plano 9-13<\/a><\/li>\n<li><a href=\"https:\/\/www.mijas.es\/wp-content\/uploads\/2011\/06\/Delimitacion_asentamientos_urb_diseminado\/08-08-03 Plano 9-14.pdf\" target=\"_blank\" rel=\"noopener noreferrer\" data-wplink-url-error=\"true\">Plano 9-14<\/a><\/li>\n<li><a href=\"https:\/\/www.mijas.es\/wp-content\/uploads\/2011\/06\/Delimitacion_asentamientos_urb_diseminado\/08-08-03 Plano 9-15.pdf\" target=\"_blank\" rel=\"noopener noreferrer\" data-wplink-url-error=\"true\">Plano 9-15<\/a><\/li>\n<li><a href=\"https:\/\/www.mijas.es\/wp-content\/uploads\/2011\/06\/Delimitacion_asentamientos_urb_diseminado\/08-08-03 Plano 9-16.pdf\" target=\"_blank\" rel=\"noopener noreferrer\" data-wplink-url-error=\"true\">Plano 9-16<\/a><\/li>\n<li><a href=\"https:\/\/www.mijas.es\/wp-content\/uploads\/2011\/06\/Delimitacion_asentamientos_urb_diseminado\/08-08-03 Plano 9-17.pdf\" target=\"_blank\" rel=\"noopener noreferrer\" data-wplink-url-error=\"true\">Plano 9-17<\/a><\/li>\n<li><a href=\"https:\/\/www.mijas.es\/wp-content\/uploads\/2011\/06\/Delimitacion_asentamientos_urb_diseminado\/08-08-03 Plano 9-18.pdf\" target=\"_blank\" rel=\"noopener noreferrer\" data-wplink-url-error=\"true\">Plano 9-18<\/a><\/li>\n<\/ul>\n<\/td>\n<\/tr>\n<\/tbody>\n<\/table>\n<\/div>\n","protected":false},"excerpt":{"rendered":"<p>Avance de planeamiento para la identificaci\u00f3n y delimitaci\u00f3n de los asentamientos urban\u00edsticos y H\u00e1bitat Rural Diseminado en el t\u00e9rmino municipal de Mijas (Diciembre 2012) en aplicaci\u00f3n del Decreto 2\/2012, de 10 de enero (BOJA n\u00ba19 de 30 de enero de 2012), sobre la regulaci\u00f3n del r\u00e9gimen aplicable a las distintas edificaciones existentes en el suelo [&hellip;]<\/p>\n","protected":false},"author":1,"featured_media":0,"parent":12090,"menu_order":0,"comment_status":"closed","ping_status":"open","template":"page-departamental.php","meta":[],"_links":{"self":[{"href":"https:\/\/www.mijas.es\/portal\/wp-json\/wp\/v2\/pages\/349"}],"collection":[{"href":"https:\/\/www.mijas.es\/portal\/wp-json\/wp\/v2\/pages"}],"about":[{"href":"https:\/\/www.mijas.es\/portal\/wp-json\/wp\/v2\/types\/page"}],"author":[{"embeddable":true,"href":"https:\/\/www.mijas.es\/portal\/wp-json\/wp\/v2\/users\/1"}],"replies":[{"embeddable":true,"href":"https:\/\/www.mijas.es\/portal\/wp-json\/wp\/v2\/comments?post=349"}],"version-history":[{"count":6,"href":"https:\/\/www.mijas.es\/portal\/wp-json\/wp\/v2\/pages\/349\/revisions"}],"predecessor-version":[{"id":50323,"href":"https:\/\/www.mijas.es\/portal\/wp-json\/wp\/v2\/pages\/349\/revisions\/50323"}],"up":[{"embeddable":true,"href":"https:\/\/www.mijas.es\/portal\/wp-json\/wp\/v2\/pages\/12090"}],"wp:attachment":[{"href":"https:\/\/www.mijas.es\/portal\/wp-json\/wp\/v2\/media?parent=349"}],"curies":[{"name":"wp","href":"https:\/\/api.w.org\/{rel}","templated":true}]}}