{"id":34843,"date":"2021-03-17T14:56:30","date_gmt":"2021-03-17T13:56:30","guid":{"rendered":"https:\/\/www.mijas.es\/portal\/?page_id=34843"},"modified":"2021-08-12T14:50:46","modified_gmt":"2021-08-12T13:50:46","slug":"planes-de-empleo","status":"publish","type":"page","link":"https:\/\/www.mijas.es\/portal\/fomento-empleo\/planes-de-empleo\/","title":{"rendered":"Planes de Empleo &#8211; Fomento del Empleo"},"content":{"rendered":"\n<div id=\"arriba\"><\/div>\n<div class=\"py-5 text-center text-white h-90 align-items-center d-flex\">\n<img decoding=\"async\" class=\"img-fluid d-block\" src=\"https:\/\/www.mijas.es\/wp-content\/uploads\/2021\/06\/cabecera-planes-1.png\">\n<\/div>\n\n\n\n<section id=\"featured\" class=\"featured\">\n<div class=\"py-5 text-center\">\n    <div class=\"container\">\n      <div class=\"row\">\n        <div class=\"mx-auto col-md-12\">\n            <div class=\"icon-box\">\n          <h1 class=\"mb-3\" style=\"color:#e28767\">Men\u00fa<\/h1>\n          <p style=\"font-size:22px;color:#e28767\"> Planes de Empleo<\/p><br>\n<p>Los Planes de Empleo promueven la creaci\u00f3n de empleo en los municipios andaluces, fomentando la inserci\u00f3n laboral de personas desempleadas por parte de los ayuntamientos, a trav\u00e9s de la realizaci\u00f3n de proyectos que permitan mejorar su empleabilidad con la adquisici\u00f3n de una experiencia laboral vinculada a una ocupaci\u00f3n.<\/p>\n<br>\n<i class=\"far fa-star fa-lg fa-3x\" style=\"color: #efdbca;\"><\/i>\n        <\/div>\n      <\/div>\n    <\/div>\n  <\/div>  \n<\/div>\n<style>\n\t.featured {\n  position: relative;\n  z-index: 2;\n}\n\n.featured .icon-box {\n  padding: 30px 30px;\n  box-shadow: 0px 2px 15px rgba(0, 0, 0, 0.15);\n  border-radius: 10px;\n  background: #fff;\n  transition: all ease-in-out 0.3s;\n}\n\n.featured .icon-box i {\n  color: #e96b56;\n  font-size: 42px;\n  margin-bottom: 15px;\n  display: block;\n}\n\n.featured .icon-box h3 {\n  font-weight: 700;\n  margin-bottom: 15px;\n  font-size: 20px;\n}\n\n.featured .icon-box h3 a {\n  color: #545454;\n  transition: 0.3s;\n}\n\n.featured .icon-box p {\n  color: #5F6669;\n  line-height: 24px;\n  font-size: 16px;\n  margin-bottom: 0;\n}\n\n.featured .icon-box:hover {\n  background: #efdbca;\n}\n\n.featured .icon-box:hover i, .featured .icon-box:hover h3 a, .featured .icon-box:hover p {\n  color: #fff;\n}\n\n<\/style>\n\n\n\n<div id=\"cards_landscape_wrap-2\">\n        <div class=\"container\">\n            <div class=\"row\">\n                <div class=\"col-md-12 col-sm-6 col-md-6 col-lg-6\">\n                    <a href=\"https:\/\/www.mijas.es\/portal\/fomento\/plan-aire-fomento-del-empleo\/\">\n                        <div class=\"card-flyer\">\n                            <div class=\"text-box\">\n                                <div class=\"image-box\">\n                                    <img decoding=\"async\" src=\"https:\/\/www.mijas.es\/wp-content\/uploads\/2021\/06\/Plan1.png\" alt=\"plan aire mijas\" \/>\n                                <\/div>\n                                <div class=\"text-container\">\n                                    <h5>PLANES DE EMPLEO<\/h5>\n                                      <h6 style=\" font-size: 18px;font-weight: 600;padding: 0;margin: 20px 0;color:#6c665c;\">Plan Aire 2020-2021<\/h6><\/a>\n                                <\/div>\n                            <\/div>\n                        <\/div>\n                    <\/a>\n                <\/div>\n                <div class=\"col-md-12 col-sm-6 col-md-6 col-lg-6\">\n                    <a href=\"\"><\/a>\n                        <div class=\"card-flyer\">\n                            <div class=\"text-box\">\n                                <div class=\"image-box\">\n                                    <img decoding=\"async\" src=\"https:\/\/www.mijas.es\/wp-content\/uploads\/2021\/06\/otros-planes-de-empleo.png\" alt=\"\" \/>\n                                <\/div>\n                                <div class=\"text-container\">                                    \n                                    <h5>OTROS PLANES DE EMPLEO<\/h5>\n                           <h6 style=\" font-size: 18px;font-weight: 600;padding: 0;margin: 20px 0;color:#6c665c;\">Pr\u00f3ximamente<\/h6>\n                                <\/div>\n                            <\/div>\n                        <\/div>\n                    <\/a>\n                <\/div>\n                \n                <\/div>\n            <\/div>\n     \n   <style>\n<style>\n#cards_landscape_wrap-2{\n  text-align: center;\n  background: #F7F7F7;\n}\n#cards_landscape_wrap-2 .container{\n  padding-top: 0px; \n  padding-bottom: 100px;\n}\n#cards_landscape_wrap-2 a{\n  text-decoration: none;\n  outline: none;\n}\n#cards_landscape_wrap-2 .card-flyer {\n  border-radius: 5px;\n}\n#cards_landscape_wrap-2 .card-flyer .image-box{\n  background: #ffffff;\n  overflow: hidden;\n  box-shadow: 0px 2px 15px rgba(0, 0, 0, 0.50);\n  border-radius: 5px;\n}\n#cards_landscape_wrap-2 .card-flyer .image-box img{\n  -webkit-transition:all .9s ease; \n  -moz-transition:all .9s ease; \n  -o-transition:all .9s ease;\n  -ms-transition:all .9s ease; \n  width: 100%;\n  height: 200px;\n}\n#cards_landscape_wrap-2 .card-flyer:hover .image-box img{\n  opacity: 0.7;\n  -webkit-transform:scale(1.15);\n  -moz-transform:scale(1.15);\n  -ms-transform:scale(1.15);\n  -o-transform:scale(1.15);\n  transform:scale(1.15);\n}\n#cards_landscape_wrap-2 .card-flyer .text-box{\n  text-align: center;\n}\n#cards_landscape_wrap-2 .card-flyer .text-box .text-container{\n  padding: 30px 18px;\n}\n#cards_landscape_wrap-2 .card-flyer{\n  background: #FFFFFF;\n  margin-top: 50px;\n  -webkit-transition: all 0.2s ease-in;\n  -moz-transition: all 0.2s ease-in;\n  -ms-transition: all 0.2s ease-in;\n  -o-transition: all 0.2s ease-in;\n  transition: all 0.2s ease-in;\n  box-shadow: 0px 3px 4px rgba(0, 0, 0, 0.40);\n}\n#cards_landscape_wrap-2 .card-flyer:hover{\n  background: #fff;\n  box-shadow: 0px 15px 26px rgba(0, 0, 0, 0.50);\n  -webkit-transition: all 0.2s ease-in;\n  -moz-transition: all 0.2s ease-in;\n  -ms-transition: all 0.2s ease-in;\n  -o-transition: all 0.2s ease-in;\n  transition: all 0.2s ease-in;\n  margin-top: 50px;\n}\n#cards_landscape_wrap-2 .card-flyer .text-box p{\n  margin-top: 10px;\n  margin-bottom: 0px;\n  padding-bottom: 0px; \n  font-size: 14px;\n  letter-spacing: 1px;\n  color: #000000;\n}\n#cards_landscape_wrap-2 .card-flyer .text-box h5{\n  margin-top: 0px;\n  margin-bottom: 4px; \n  font-size: 22px;\n  font-weight: bold;\n  text-transform: uppercase;\n  font-family: 'Roboto Black', sans-serif;\n  letter-spacing: 1px;\n  color: #e28767;\n}\n<\/style>\n\n\n\n<div style=\"height:49px\" aria-hidden=\"true\" class=\"wp-block-spacer\"><\/div>\n\n\n\n\n\n<div class=\"wp-block-jetpack-slideshow aligncenter\" data-effect=\"slide\"><div class=\"wp-block-jetpack-slideshow_container swiper-container\"><ul class=\"wp-block-jetpack-slideshow_swiper-wrapper swiper-wrapper\"><li class=\"wp-block-jetpack-slideshow_slide swiper-slide\"><figure><img decoding=\"async\" width=\"1024\" height=\"576\" alt=\"\" class=\"wp-block-jetpack-slideshow_image wp-image-39973\" data-id=\"39973\" src=\"https:\/\/www.mijas.es\/wp-content\/uploads\/2021\/06\/cabecera-planes-1024x576.png\" srcset=\"https:\/\/www.mijas.es\/wp-content\/uploads\/2021\/06\/cabecera-planes-1024x576.png 1024w, https:\/\/www.mijas.es\/wp-content\/uploads\/2021\/06\/cabecera-planes-300x169.png 300w, https:\/\/www.mijas.es\/wp-content\/uploads\/2021\/06\/cabecera-planes-768x432.png 768w, https:\/\/www.mijas.es\/wp-content\/uploads\/2021\/06\/cabecera-planes-1536x864.png 1536w, https:\/\/www.mijas.es\/wp-content\/uploads\/2021\/06\/cabecera-planes.png 1920w\" sizes=\"(max-width: 1024px) 100vw, 1024px\" \/><\/figure><\/li><li class=\"wp-block-jetpack-slideshow_slide swiper-slide\"><figure><img decoding=\"async\" width=\"1024\" height=\"576\" alt=\"\" class=\"wp-block-jetpack-slideshow_image wp-image-39976\" data-id=\"39976\" src=\"https:\/\/www.mijas.es\/wp-content\/uploads\/2021\/06\/cabecera-planes-1-1-1024x576.png\" srcset=\"https:\/\/www.mijas.es\/wp-content\/uploads\/2021\/06\/cabecera-planes-1-1-1024x576.png 1024w, https:\/\/www.mijas.es\/wp-content\/uploads\/2021\/06\/cabecera-planes-1-1-300x169.png 300w, https:\/\/www.mijas.es\/wp-content\/uploads\/2021\/06\/cabecera-planes-1-1-768x432.png 768w, https:\/\/www.mijas.es\/wp-content\/uploads\/2021\/06\/cabecera-planes-1-1-1536x864.png 1536w, https:\/\/www.mijas.es\/wp-content\/uploads\/2021\/06\/cabecera-planes-1-1.png 1920w\" sizes=\"(max-width: 1024px) 100vw, 1024px\" \/><\/figure><\/li><li class=\"wp-block-jetpack-slideshow_slide swiper-slide\"><figure><img decoding=\"async\" width=\"1024\" height=\"576\" alt=\"\" class=\"wp-block-jetpack-slideshow_image wp-image-39978\" data-id=\"39978\" src=\"https:\/\/www.mijas.es\/wp-content\/uploads\/2021\/06\/cabecera-planes-2-1024x576.png\" srcset=\"https:\/\/www.mijas.es\/wp-content\/uploads\/2021\/06\/cabecera-planes-2-1024x576.png 1024w, https:\/\/www.mijas.es\/wp-content\/uploads\/2021\/06\/cabecera-planes-2-300x169.png 300w, https:\/\/www.mijas.es\/wp-content\/uploads\/2021\/06\/cabecera-planes-2-768x432.png 768w, https:\/\/www.mijas.es\/wp-content\/uploads\/2021\/06\/cabecera-planes-2-1536x864.png 1536w, https:\/\/www.mijas.es\/wp-content\/uploads\/2021\/06\/cabecera-planes-2.png 1920w\" sizes=\"(max-width: 1024px) 100vw, 1024px\" \/><\/figure><\/li><\/ul><a class=\"wp-block-jetpack-slideshow_button-prev swiper-button-prev swiper-button-white\" role=\"button\"><\/a><a class=\"wp-block-jetpack-slideshow_button-next swiper-button-next swiper-button-white\" role=\"button\"><\/a><a aria-label=\"Pause Slideshow\" class=\"wp-block-jetpack-slideshow_button-pause\" role=\"button\"><\/a><div class=\"wp-block-jetpack-slideshow_pagination swiper-pagination swiper-pagination-white\"><\/div><\/div><\/div>\n\n\n\n<div style=\"height:5px\" aria-hidden=\"true\" class=\"wp-block-spacer\"><\/div>\n\n\n\n\n\n<div class=\"container-fluid\">\n<div class=\"row\">\n\n<div class=\"col-md-2\">\n<div style=\"float: left; margin-left: 0px;\">\n<img decoding=\"async\" class=\"wp-image-12544\" src=\" https:\/\/www.mijas.es\/wp-content\/uploads\/2021\/03\/escudo.png\" alt=\"\" class=\"img-fluid\" width=\"83\" height=\"119\"\/><\/a>\n<\/div>\n<\/div>\n\n<div class=\"col-md-10\">\n<div style=\"float: left; margin-right: 10px;\">\n\n<h3><strong>\u00c1REA DE FOMENTO DEL EMPLEO AYUNTAMIENTO DE MIJAS<\/h3><\/strong>\n<p>Avd. Andaluc\u00eda n\u00ba 3 - Las Lagunas -Mijas 29651 (M\u00e1laga)  \n<br><i class=\"fas fa-phone-volume\"><\/i> <strong>Tel\u00e9fono: <\/strong>951 26 02 83<br><i class=\"fas fa-envelope\"><\/i> <strong>E-mail: <\/strong><a href=\"mailto:promo.desa@mijas.es\">promo.desa@mijas.es<br> <\/a>\n<\/div>\n<\/div>\n\n<\/div>\n<\/div>\n","protected":false},"excerpt":{"rendered":"<p>Men\u00fa Planes de Empleo Los Planes de Empleo promueven la creaci\u00f3n de empleo en los municipios andaluces, fomentando la inserci\u00f3n laboral de personas desempleadas por parte de los ayuntamientos, a trav\u00e9s de la realizaci\u00f3n de proyectos que permitan mejorar su empleabilidad con la adquisici\u00f3n de una experiencia laboral vinculada a una ocupaci\u00f3n. PLANES DE EMPLEO [&hellip;]<\/p>\n","protected":false},"author":1,"featured_media":0,"parent":40132,"menu_order":0,"comment_status":"closed","ping_status":"closed","template":"page-departamental.php","meta":[],"_links":{"self":[{"href":"https:\/\/www.mijas.es\/portal\/wp-json\/wp\/v2\/pages\/34843"}],"collection":[{"href":"https:\/\/www.mijas.es\/portal\/wp-json\/wp\/v2\/pages"}],"about":[{"href":"https:\/\/www.mijas.es\/portal\/wp-json\/wp\/v2\/types\/page"}],"author":[{"embeddable":true,"href":"https:\/\/www.mijas.es\/portal\/wp-json\/wp\/v2\/users\/1"}],"replies":[{"embeddable":true,"href":"https:\/\/www.mijas.es\/portal\/wp-json\/wp\/v2\/comments?post=34843"}],"version-history":[{"count":22,"href":"https:\/\/www.mijas.es\/portal\/wp-json\/wp\/v2\/pages\/34843\/revisions"}],"predecessor-version":[{"id":41508,"href":"https:\/\/www.mijas.es\/portal\/wp-json\/wp\/v2\/pages\/34843\/revisions\/41508"}],"up":[{"embeddable":true,"href":"https:\/\/www.mijas.es\/portal\/wp-json\/wp\/v2\/pages\/40132"}],"wp:attachment":[{"href":"https:\/\/www.mijas.es\/portal\/wp-json\/wp\/v2\/media?parent=34843"}],"curies":[{"name":"wp","href":"https:\/\/api.w.org\/{rel}","templated":true}]}}