{"id":34821,"date":"2021-03-17T13:53:31","date_gmt":"2021-03-17T12:53:31","guid":{"rendered":"https:\/\/www.mijas.es\/portal\/?page_id=34821"},"modified":"2021-09-01T13:22:29","modified_gmt":"2021-09-01T12:22:29","slug":"andalucia-orienta","status":"publish","type":"page","link":"https:\/\/www.mijas.es\/portal\/fomento-empleo\/andalucia-orienta\/","title":{"rendered":"Andaluc\u00eda Orienta &#8211; Fomento del Empleo"},"content":{"rendered":"\n<p class=\"has-text-align-center\"><img decoding=\"async\" class=\"wp-image-35126\" src=\"https:\/\/www.mijas.es\/wp-content\/uploads\/2021\/03\/logo-andalucia-orienta.jpeg\" sizes=\"(max-width: 133px) 100vw, 133px\" srcset=\"https:\/\/www.mijas.es\/wp-content\/uploads\/2021\/03\/logo-andalucia-orienta.jpeg 225w, https:\/\/www.mijas.es\/wp-content\/uploads\/2021\/03\/logo-andalucia-orienta-150x150.jpeg 150w\" alt=\"\" width=\"133\" height=\"133\"><\/p>\n<div class=\"wp-block-spacer\" style=\"height: 20px;\" aria-hidden=\"true\"><\/div>\n<div id=\"carouselExampleControls\" class=\"carousel slide\" data-ride=\"carousel\">\n<div class=\"carousel-inner\">\n<div class=\"carousel-item active\"><img decoding=\"async\" class=\"img-fluid d-block w-100\" src=\"https:\/\/www.mijas.es\/wp-content\/uploads\/2021\/07\/orienta-comprimido-2.png\" alt=\"First slide\" width=\"520px\" height=\"320\"><\/div>\n<div class=\"carousel-item\"><img decoding=\"async\" class=\"img-fluid d-block w-100\" src=\"https:\/\/www.mijas.es\/wp-content\/uploads\/2021\/08\/folleto_ANDALUCIA_ORIENTA2.png\" alt=\"Second slide\" width=\"520px\" height=\"320\"><\/div>\n<\/div>\n<p><a class=\"carousel-control-prev\" role=\"button\" href=\"#carouselExampleControls\" data-slide=\"prev\"><\/a><\/p><a class=\"carousel-control-prev\" role=\"button\" href=\"#carouselExampleControls\" data-slide=\"prev\">\n<\/a><p><a class=\"carousel-control-prev\" role=\"button\" href=\"#carouselExampleControls\" data-slide=\"prev\"><span class=\"sr-only\">Anterior<\/span><br>\n<\/a><br>\n<a class=\"carousel-control-next\" role=\"button\" href=\"#carouselExampleControls\" data-slide=\"next\"><\/a><\/p><a class=\"carousel-control-next\" role=\"button\" href=\"#carouselExampleControls\" data-slide=\"next\">\n<\/a><p><a class=\"carousel-control-next\" role=\"button\" href=\"#carouselExampleControls\" data-slide=\"next\"><span class=\"sr-only\">Pr\u00f3ximo<\/span><br>\n<\/a><\/p>\n<\/div>\n<hr class=\"featurette-divider\">\n<div class=\"row featurette\">\n<div class=\"col-md-7\">\n<h3 class=\"heading\"><strong>PROGRAMA ANDALUCIA ORIENTA<\/strong><\/h3><br>\n<p style=\"font-size: 16px;\">El \u00c1rea de Fomento del Empleo, a trav\u00e9s del Programa Andaluc\u00eda Orienta, pone a disposici\u00f3n de los ciudadanos un servicio de orientaci\u00f3n para los desempleados, cuya finalidad es apoyar a la poblaci\u00f3n activa para su inserci\u00f3n en el mercado laboral, asesor\u00e1ndola en la b\u00fasqueda de empleo.<\/p>\n<p style=\"font-size: 16px;\">El Programa Andaluc\u00eda Orienta es la red de unidades de Orientaci\u00f3n del Servicio Andaluz de empleo de la Junta de Andaluc\u00eda y va dirigido a las personas desempleadas en general inscritas como tales en el Servicio Andaluz de Empleo.<\/p>\n<div class=\"wp-block-spacer\" style=\"height: 58px;\" aria-hidden=\"true\"><\/div>\n<\/div>\n<div class=\"col-md-5\"><img decoding=\"async\" class=\"img-fluid featurette-image img-responsive center-block\" src=\"https:\/\/www.mijas.es\/wp-content\/uploads\/2021\/04\/orienta1-1.png\" alt=\"\" width=\"350\" height=\"350\"><\/div>\n<\/div>\n<hr class=\"featurette-divider\">\n<div class=\"row featurette\">\n<div class=\"col-md-7 order-md-2 d-flex justify-content-left\">\n<p style=\"font-size: 16px;margin:25px;\">\n<ul class=\"list-unstyled\" style=\"list-style-position:outside;font-size: 16px;\">\n<li><h3 class=\"heading\"><strong>\u00bfQU\u00c9 SERVICIOS OFRECE?<\/strong><\/h3><\/li><br>\n<li>-Itinerarios Personalizados para la Inserci\u00f3n.<\/li>\n<li>-Informaci\u00f3n sobre el mercado de trabajo.<\/li>\n<li>-Asesoramiento sobre T\u00e9cnicas de b\u00fasqueda de empleo.<\/li>\n<li>-Orientaci\u00f3n vocacional.<\/li>\n<li>-Asesoramiento para el autoconocimiento y posicionamiento para el mercado de trabajo.<\/li>\n<li>-Acompa\u00f1amiento en la b\u00fasqueda de empleo.<\/li>\n<li>-Asesoramiento para el autoempleo.<\/li>\n<\/ul>\n<\/p>\n\n<\/div>\n<div class=\"col-md-5 order-md-1\"><img decoding=\"async\" class=\"img-fluid featurette-image img-responsive center-block\" src=\"https:\/\/www.mijas.es\/wp-content\/uploads\/2021\/04\/ORIENTA2-1.png\" alt=\"\" width=\"350\" height=\"350\"><\/div>\n<\/div>\n<hr class=\"featurette-divider\">\n<div class=\"row featurette\">\n<div class=\"col-md-7\">\n<h3 class=\"heading\"><strong>EQUIPO ORIENTADORES<br><\/strong><\/h3><br>\n<p style=\"font-size: 16px;\">En Mijas contamos con un equipo de orientadores que atiende al colectivo de personas en situaci\u00f3n de desempleo en el municipio y que se encuentran en b\u00fasqueda activa de empleo.<\/p>\n<p style=\"font-size: 16px;\">Estas actuaciones se realizan individualmente o a nivel grupal, teniendo en cuenta el perfil de la persona usuaria, sus necesidades y la cualidad de la persona a tratar.<\/p>\n<p style=\"font-size: 16px;\">Estos profesionales dan respuesta a m\u00e1s de 500 consultas anuales con usuarios de todo el territorio Mije\u00f1o, as\u00ed como a acciones individuales y\/o grupales de orientaci\u00f3n laboral destinadas a la inserci\u00f3n de los usuarios\/as del servicio.<\/p>\n<\/div>\n<div class=\"col-md-5\"><img decoding=\"async\" class=\"img-fluid featurette-image img-responsive center-block\" src=\"https:\/\/www.mijas.es\/wp-content\/uploads\/2021\/04\/ORIENTA3.png\" alt=\"\" width=\"350\" height=\"350\"><\/div>\n<\/div>\n<hr class=\"featurette-divider\">\n<div class=\"d-md-flex flex-md-equal w-100 my-md-3 pl-md-3\">\n<div class=\"bg-light mr-md-3 pt-3 px-3 pt-md-5 px-md-5 text-center overflow-hidden\">\n<div class=\"my-3 p-3\">\n<h2 class=\"display-5\">SOLICITUD DE CITA PREVIA<\/h2>\n<p class=\"lead\"><strong>INFORMACI\u00d3N Y PETICI\u00d3N DE CITA PREVIA<\/strong><\/p>\n<\/div>\n<div class=\"wp-block-spacer\" style=\"height: 28px;\" aria-hidden=\"true\"><\/div>\n<div class=\"row\">\n<div class=\"col-md-6\">\n<div class=\"card mb-6\"><img decoding=\"async\" class=\"card-img-top\" src=\"https:\/\/www.mijas.es\/wp-content\/uploads\/2021\/04\/orienta1-e1618404534934.png\" alt=\"Andaluc\u00eda Orienta Mijas\"><p><\/p>\n<div class=\"card-body\">\n<h4 class=\"card-title\"><strong>&nbsp;INFORMACI\u00d3N<\/strong><\/h4>\n<p class=\"card-text\">\n<p class=\"has-text-aling-justify\">Si tiene alguna consulta te informamos<\/p>\n<p><strong>Servicio Andaluc\u00eda Orienta de Mijas<\/strong><\/p>\n<p><i class=\"fas fa-phone-volume\"><\/i><strong> Tel\u00e9fono: <\/strong> 952667546<\/p>\n<p><i class=\"far fa-clock\"><\/i><strong> Horario:<\/strong> de 9h a 14h<\/p>\n<p>Lunes a Viernes<\/p><p><\/p>\n\n<\/div>\n<\/div>\n<\/div>\n<div class=\"col-md-6\">\n<div class=\"card mb-6 text-white bg-dark\"><img decoding=\"async\" class=\"card-img-top\" src=\"https:\/\/www.mijas.es\/wp-content\/uploads\/2021\/04\/orienta2.png\" alt=\"Orienta Mijas\"><p><\/p>\n<div class=\"card-body\">\n<h4 class=\"card-title\"><strong>COMO ACUDIR AL SERVICIO ANDALUCIA ORIENTA<\/strong><\/h4>\n<p class=\"card-text\">\nSi anteriormente no has solicitado nuestros Servicios de Andaluc\u00eda Orienta Mijas y te interesa una cita con nosotros es necesario pedir cita previa en tu oficina de SAE. <br>Solic\u00edtala a trav\u00e9s del enlace que aparece abajo o escanea el QR<\/p>\n<p><a class=\"btn btn-outline-light btn-sm\" href=\"https:\/\/ws054.juntadeandalucia.es\/servicioandaluzdeempleo\/web\/citaprevia\/public\/\">SOLICITA CITA PREVIA SAE<\/a><\/p>\n<\/div>\n<\/div>\n<\/div>\n<\/div>\n<div class=\"wp-block-spacer\" style=\"height: 44px;\" aria-hidden=\"true\"><\/div>\n<div class=\"container align-content-center\">\n<div class=\"card align-center\" style=\"max-width: 830px;\">\n<div class=\"row d-flex justify-content-center\">\n<div class=\"col-md-2 align-text-center\"><br><img decoding=\"async\" class=\"mx-auto\" src=\"https:\/\/www.mijas.es\/wp-content\/uploads\/2021\/08\/solicita-cita.gif\" alt=\"Andaluc\u00eda Orienta Mijas\" width=\"\" height=\"250\"><\/div>\n<div class=\"col-md-8\">\n<div class=\"card-body\">\n<p class=\"card-title\" style=\"color: #6ec1e4;\">SOLICITA TU CITA<\/p>\n<p class=\"h2\" style=\"color: #384975;\">Servicio Orientaci\u00f3n Laboral<\/p>\n<p><\/p>\n<p><a class=\"btn btn-secondary\" href=\"https:\/\/ws054.juntadeandalucia.es\/servicioandaluzdeempleo\/web\/citaprevia\/public\/\">SOLICITA CITA PREVIA EN EL SAE<\/a><\/p>\n<p class=\"card-text justify-align-right\">\n<\/p><\/div>\n<\/div>\n<\/div>\n<\/div>\n<\/div>\n<div class=\"wp-block-spacer\" style=\"height: 40px;\" aria-hidden=\"true\"><\/div>\n<div class=\"container-fluid\">\n<div class=\"row d-flex justify-content-center\">\n<div class=\"col-md-6\">\n<div style=\"float: left; margin-right: 10px;\"><a><img decoding=\"async\" class=\"wp-image-12544\" src=\"https:\/\/www.mijas.es\/wp-content\/uploads\/2021\/04\/qr-cita-sae.png\" alt=\"\" width=\"120px\"><\/a><\/div>\n<h4><strong>CITA PREVIA SAE<\/strong><\/h4>\n<p>Escanea con tu m\u00f3vil este c\u00f3digo QR para ir a la sede electr\u00f3nica<\/p>\n<\/div>\n<\/div>\n<div class=\"wp-block-spacer\" style=\"height: 100px;\" aria-hidden=\"true\"><\/div>\n<p><strong>M\u00c1S INFORMACI\u00d3N:<\/strong><\/p>\n<p>\n<\/p>\n<h4 class=\"has-test-align-left\"><strong>\u00c1REA DE FOMENTO DEL EMPLEO AYUNTAMIENTO DE MIJAS<\/strong><\/h4>\n<p class=\"has-test-align-left\">Avd. Andaluc\u00eda n\u00ba 3 \u2013 Las Lagunas -Mijas 29651 (M\u00e1laga)<\/p>\n<p><i class=\"fas fa-phone-volume\"><\/i> <strong>Tel\u00e9fono Servicio Andaluc\u00eda Orienta Mijas: <\/strong>952 66 75 46<br>\n<i class=\"fas fa-phone-volume\"><\/i> <strong>Tel\u00e9fono \u00c1rea de Fomento del Empleo: <\/strong>951 26 02 83<\/p>\n<p><a href=\"https:\/\/www.facebook.com\/andaluciaorientamijas\/\" target=\"_blank\" rel=\"noopener noreferrer\"><img decoding=\"async\" class=\"ico\" style=\"width: 27px;\" src=\"https:\/\/www.mijas.es\/wp-content\/themes\/mijas-theme\/assets\/images\/facebook-icon2.png\" alt=\"Facebook:\"> Orienta Mijas <\/a>\n\n\n<div style=\"overflow: hidden;\">\n<div style=\"overflow: hidden;\">\n<\/div>\n<\/div>\n","protected":false},"excerpt":{"rendered":"<p>Anterior Pr\u00f3ximo PROGRAMA ANDALUCIA ORIENTA El \u00c1rea de Fomento del Empleo, a trav\u00e9s del Programa Andaluc\u00eda Orienta, pone a disposici\u00f3n de los ciudadanos un servicio de orientaci\u00f3n para los desempleados, cuya finalidad es apoyar a la poblaci\u00f3n activa para su inserci\u00f3n en el mercado laboral, asesor\u00e1ndola en la b\u00fasqueda de empleo. El Programa Andaluc\u00eda Orienta [&hellip;]<\/p>\n","protected":false},"author":1,"featured_media":0,"parent":40132,"menu_order":0,"comment_status":"closed","ping_status":"closed","template":"page-departamental.php","meta":[],"_links":{"self":[{"href":"https:\/\/www.mijas.es\/portal\/wp-json\/wp\/v2\/pages\/34821"}],"collection":[{"href":"https:\/\/www.mijas.es\/portal\/wp-json\/wp\/v2\/pages"}],"about":[{"href":"https:\/\/www.mijas.es\/portal\/wp-json\/wp\/v2\/types\/page"}],"author":[{"embeddable":true,"href":"https:\/\/www.mijas.es\/portal\/wp-json\/wp\/v2\/users\/1"}],"replies":[{"embeddable":true,"href":"https:\/\/www.mijas.es\/portal\/wp-json\/wp\/v2\/comments?post=34821"}],"version-history":[{"count":93,"href":"https:\/\/www.mijas.es\/portal\/wp-json\/wp\/v2\/pages\/34821\/revisions"}],"predecessor-version":[{"id":42798,"href":"https:\/\/www.mijas.es\/portal\/wp-json\/wp\/v2\/pages\/34821\/revisions\/42798"}],"up":[{"embeddable":true,"href":"https:\/\/www.mijas.es\/portal\/wp-json\/wp\/v2\/pages\/40132"}],"wp:attachment":[{"href":"https:\/\/www.mijas.es\/portal\/wp-json\/wp\/v2\/media?parent=34821"}],"curies":[{"name":"wp","href":"https:\/\/api.w.org\/{rel}","templated":true}]}}