{"id":34659,"date":"2021-03-08T13:21:46","date_gmt":"2021-03-08T12:21:46","guid":{"rendered":"https:\/\/www.mijas.es\/portal\/?page_id=34659"},"modified":"2022-09-16T16:10:08","modified_gmt":"2022-09-16T15:10:08","slug":"exposiciones-area-de-igualdad","status":"publish","type":"page","link":"https:\/\/www.mijas.es\/portal\/familia-e-igualdad-de-oportunidades\/exposiciones-area-de-igualdad\/","title":{"rendered":"Exposiciones &#8211; \u00c1rea de Igualdad"},"content":{"rendered":"\n<h2 class=\"wp-block-heading\"><strong>Exposici\u00f3n D\u00eda Internacional de la Mujer<\/strong><\/h2>\n\n\n\n<p><strong>&#8217;30 Mujeres que dejaron huella&#8217;<\/strong><\/p>\n\n\n\n<p>En este inspirador paseo que os proponemos encontrar\u00e9is la biograf\u00eda de 30 mujeres. Algunas las reconocer\u00e9is y a otras, las descubrir\u00e9is. son referentes femeninas, que rompieron sus techos de cristal. Mujeres pioneras en su \u00e1mbito, mujeres adelantadas a su tiempo, mujeres relevantes en espacios ocupados por hombres. Todas feministas y luchadoras por la Igualdad y los Derechos Humanos.&nbsp;<\/p>\n\n\n\n<figure class=\"wp-block-video\"><video controls src=\"https:\/\/www.mijas.es\/wp-content\/uploads\/2022\/09\/WhatsApp%20Video%202022-02-11%20at%2010.41.59.mp4\"><\/video><\/figure>\n\n\n\n<p><strong><em>\u00abEl \u00e1rea de Igualdad y Diversidad del Ayuntamiento de Mijas pone en valor y da visibilidad a tantas mujeres, que abrieron caminos. Este es nuestro homenaje\u00bb.<\/em><\/strong><\/p>\n","protected":false},"excerpt":{"rendered":"<p>Exposici\u00f3n D\u00eda Internacional de la Mujer &#8217;30 Mujeres que dejaron huella&#8217; En este inspirador paseo que os proponemos encontrar\u00e9is la biograf\u00eda de 30 mujeres. Algunas las reconocer\u00e9is y a otras, las descubrir\u00e9is. son referentes femeninas, que rompieron sus techos de cristal. Mujeres pioneras en su \u00e1mbito, mujeres adelantadas a su tiempo, mujeres relevantes en espacios [&hellip;]<\/p>\n","protected":false},"author":1,"featured_media":0,"parent":14105,"menu_order":0,"comment_status":"closed","ping_status":"closed","template":"page-departamental.php","meta":[],"_links":{"self":[{"href":"https:\/\/www.mijas.es\/portal\/wp-json\/wp\/v2\/pages\/34659"}],"collection":[{"href":"https:\/\/www.mijas.es\/portal\/wp-json\/wp\/v2\/pages"}],"about":[{"href":"https:\/\/www.mijas.es\/portal\/wp-json\/wp\/v2\/types\/page"}],"author":[{"embeddable":true,"href":"https:\/\/www.mijas.es\/portal\/wp-json\/wp\/v2\/users\/1"}],"replies":[{"embeddable":true,"href":"https:\/\/www.mijas.es\/portal\/wp-json\/wp\/v2\/comments?post=34659"}],"version-history":[{"count":5,"href":"https:\/\/www.mijas.es\/portal\/wp-json\/wp\/v2\/pages\/34659\/revisions"}],"predecessor-version":[{"id":47646,"href":"https:\/\/www.mijas.es\/portal\/wp-json\/wp\/v2\/pages\/34659\/revisions\/47646"}],"up":[{"embeddable":true,"href":"https:\/\/www.mijas.es\/portal\/wp-json\/wp\/v2\/pages\/14105"}],"wp:attachment":[{"href":"https:\/\/www.mijas.es\/portal\/wp-json\/wp\/v2\/media?parent=34659"}],"curies":[{"name":"wp","href":"https:\/\/api.w.org\/{rel}","templated":true}]}}