{"id":34031,"date":"2021-01-15T12:06:16","date_gmt":"2021-01-15T11:06:16","guid":{"rendered":"https:\/\/www.mijas.es\/portal\/?page_id=34031"},"modified":"2024-11-09T13:38:20","modified_gmt":"2024-11-09T12:38:20","slug":"baja-o-cancelacion-en-el-registro-de-parejas-de-hecho","status":"publish","type":"page","link":"https:\/\/www.mijas.es\/portal\/parejas-de-hecho\/baja-o-cancelacion-en-el-registro-de-parejas-de-hecho\/","title":{"rendered":"Baja o Cancelaci\u00f3n en el Registro de Parejas de Hecho"},"content":{"rendered":"\n<p>Solamente se tramitar\u00e1n las bajas o cancelaciones para aquellas parejas de hecho que hicieron la inscripci\u00f3n de alta en el Ayuntamiento de Mijas<\/p>\n\n\n\n<p>Deber\u00e1 acreditarse la existencia de alguno de los casos siguientes, aportando la documentaci\u00f3n correspondiente:<\/p>\n\n\n\n<p>a)&nbsp;Muerte o declaraci\u00f3n de fallecimiento de alguno\/a de sus integrantes:<\/p>\n\n\n\n<p>Certificaci\u00f3n del Registro Civil o declaraci\u00f3n judicial de fallecimiento.<\/p>\n\n\n\n<p>b)&nbsp;Matrimonio de la pareja o de uno\/a de sus componentes:<\/p>\n\n\n\n<p>Certificaci\u00f3n del Registro Civil o copia del Libro de Familia.<\/p>\n\n\n\n<p>c)&nbsp;&nbsp;Mutuo acuerdo: Comparecencia personal de cada componente&nbsp;de la pareja.<\/p>\n\n\n\n<p>d)&nbsp;&nbsp;Voluntad unilateral de uno\/a de sus integrantes:<\/p>\n\n\n\n<p>La voluntad unilateral se acreditar\u00e1 por notificaci\u00f3n a la otra persona de la pareja, por cualquiera de los medios admitidos en Derecho (burofax, conducto notarial &#8230; )<\/p>\n\n\n\n<p>En el caso de burofax premium, deber\u00e1 aportar copia de la carta remitida (sellada por Correos) as\u00ed como el documento expedido por Correos acreditando que dicho burofax ha sido entregado a su destinatario.<\/p>\n\n\n\n<p>e)&nbsp;Traslado de la residencia habitual &nbsp;de la pareja de hecho fuera del municipio de Mijas:<\/p>\n\n\n\n<p>Certificaci\u00f3n de baja en el Padr\u00f3n Municipal.<\/p>\n\n\n\n<p>En cualquier caso, deber\u00e1 presentar solicitud de baja acompa\u00f1ada de la documentaci\u00f3n, en su caso.<\/p>\n\n\n\n<p><strong><a href=\"https:\/\/www.mijas.es\/wp-content\/uploads\/2024\/11\/SOLICITUD-BAJA-PH-081124.pdf\" data-type=\"URL\" data-id=\"https:\/\/www.mijas.es\/wp-content\/uploads\/2024\/11\/SOLICITUD-BAJA-PH-081124.pdf\" target=\"_blank\" rel=\"noreferrer noopener\">Haga click aqu\u00ed para obtener el modelo de solicitud de baja.<\/a><\/strong><\/p>\n\n\n\n<p>A la recepci\u00f3n de la solicitud se le facilitar\u00e1&nbsp;cita previa para presentar la documentaci\u00f3n original y realizar la comparecencia.<\/p>\n","protected":false},"excerpt":{"rendered":"<p>Solamente se tramitar\u00e1n las bajas o cancelaciones para aquellas parejas de hecho que hicieron la inscripci\u00f3n de alta en el Ayuntamiento de Mijas Deber\u00e1 acreditarse la existencia de alguno de los casos siguientes, aportando la documentaci\u00f3n correspondiente: a)&nbsp;Muerte o declaraci\u00f3n de fallecimiento de alguno\/a de sus integrantes: Certificaci\u00f3n del Registro Civil o declaraci\u00f3n judicial de [&hellip;]<\/p>\n","protected":false},"author":9,"featured_media":0,"parent":34023,"menu_order":0,"comment_status":"closed","ping_status":"closed","template":"page-departamental.php","meta":[],"_links":{"self":[{"href":"https:\/\/www.mijas.es\/portal\/wp-json\/wp\/v2\/pages\/34031"}],"collection":[{"href":"https:\/\/www.mijas.es\/portal\/wp-json\/wp\/v2\/pages"}],"about":[{"href":"https:\/\/www.mijas.es\/portal\/wp-json\/wp\/v2\/types\/page"}],"author":[{"embeddable":true,"href":"https:\/\/www.mijas.es\/portal\/wp-json\/wp\/v2\/users\/9"}],"replies":[{"embeddable":true,"href":"https:\/\/www.mijas.es\/portal\/wp-json\/wp\/v2\/comments?post=34031"}],"version-history":[{"count":3,"href":"https:\/\/www.mijas.es\/portal\/wp-json\/wp\/v2\/pages\/34031\/revisions"}],"predecessor-version":[{"id":59383,"href":"https:\/\/www.mijas.es\/portal\/wp-json\/wp\/v2\/pages\/34031\/revisions\/59383"}],"up":[{"embeddable":true,"href":"https:\/\/www.mijas.es\/portal\/wp-json\/wp\/v2\/pages\/34023"}],"wp:attachment":[{"href":"https:\/\/www.mijas.es\/portal\/wp-json\/wp\/v2\/media?parent=34031"}],"curies":[{"name":"wp","href":"https:\/\/api.w.org\/{rel}","templated":true}]}}