{"id":33769,"date":"2020-12-03T10:35:33","date_gmt":"2020-12-03T10:35:33","guid":{"rendered":"https:\/\/www.mijas.es\/portal\/?page_id=33769"},"modified":"2021-10-21T16:45:20","modified_gmt":"2021-10-21T15:45:20","slug":"comercio","status":"publish","type":"page","link":"https:\/\/www.mijas.es\/portal\/comercio\/","title":{"rendered":"Comercio"},"content":{"rendered":"\n<p>\u00bfTienes un comercio? Mijas Marketplace crear tu propio escaparate donde ofrecer tus productos y servicios de una manera f\u00e1cil, r\u00e1pida y totalmente gratuita.<\/p>\n\n\n\n<p>L\u00e1nzate al mercado digital y haz crecer tu negocio con la ayuda de un equipo t\u00e9cnico especializado que te ayudar\u00e1 a gestionar tu propio escaparate online dentro de la web.<\/p>\n\n\n\n<p>Desde cualquier dispositivo podr\u00e1s acceder a tu panel de control personalizado, donde gestionar todos los apartados de tu cat\u00e1logo, desde el stock, la descripci\u00f3n de los productos, las ventas, reservas o promociones y ofertas aplicables. Adem\u00e1s promociona tu negocio en nuestro directorio de comercios locales.<\/p>\n\n\n\n<video id=\"myVideo\" autoplay=\"\" width=\"100%\" height=\"auto\" controls=\"\">\n  <source src=\"https:\/\/www.mijas.es\/wp-content\/uploads\/2021\/10\/marketplace%20mp4.mp4\" type=\"video\/mp4\">\n \nYour browser does not support the video tag.\n<\/video>\n\n\n\n<figure class=\"wp-block-image size-large\"><img decoding=\"async\" width=\"724\" height=\"1024\" src=\"https:\/\/www.mijas.es\/wp-content\/uploads\/2021\/04\/CARTEL-LIBRERIAS-WEB-724x1024.jpg\" alt=\"\" class=\"wp-image-36541\" srcset=\"https:\/\/www.mijas.es\/wp-content\/uploads\/2021\/04\/CARTEL-LIBRERIAS-WEB-724x1024.jpg 724w, https:\/\/www.mijas.es\/wp-content\/uploads\/2021\/04\/CARTEL-LIBRERIAS-WEB-212x300.jpg 212w, https:\/\/www.mijas.es\/wp-content\/uploads\/2021\/04\/CARTEL-LIBRERIAS-WEB-768x1086.jpg 768w, https:\/\/www.mijas.es\/wp-content\/uploads\/2021\/04\/CARTEL-LIBRERIAS-WEB.jpg 842w\" sizes=\"(max-width: 724px) 100vw, 724px\" \/><\/figure>\n\n\n\n<img decoding=\"async\" src=\"https:\/\/www.mijas.es\/wp-content\/uploads\/2021\/04\/CARTEL-DIRECTORIO2-1-scaled.jpg\" alt=\"\" width=\"100%\"><br>\n<p>Descargar el Directorio en PDF &#8211; <a href=\"https:\/\/www.mijas.es\/wp-content\/uploads\/2021\/04\/CARTEL-DIRECTORIO1-2.pdf\" target=\"_blank\" rel=\"noopener noreferrer\">Descargar<\/a><\/p>\n<p>Descargar el Directorio en Imagen JPG- <a href=\"https:\/\/www.mijas.es\/wp-content\/uploads\/2021\/04\/CARTEL-DIRECTORIO2-1-scaled.jpg\" target=\"_blank\" rel=\"noopener noreferrer\">Descargar<\/a><\/p><br><br>\n\n\n\n<img decoding=\"async\" src=\"https:\/\/www.mijas.es\/wp-content\/uploads\/2020\/12\/DIRECTORIO-1-scaled.jpg\" alt=\"\" style=\"width:100%; height:auto;\">\n\nDescargar en PDF &#8211; <a href=\"https:\/\/www.mijas.es\/wp-content\/uploads\/2020\/12\/DIRECTORIO-1.pdf\" target=\"_blank\" rel=\"noopener noreferrer\">Descargar<\/a>\n\n\n\n<p><strong>CAMPA\u00d1A<\/strong><\/p>\n\n\n\n<p><strong>\u2018EN NAVIDAD COMPRA LOCAL\u2019<\/strong><\/p>\n\n\n\n<p><strong>OBJETIVO CAMPA\u00d1A: <\/strong>Creaci\u00f3n red comercios locales con promociones para la campa\u00f1a de navidad.<\/p>\n\n\n\n<p><strong>DURACI\u00d3N DE LA CAMPA\u00d1A: <\/strong>18 diciembre al 5 enero.<\/p>\n\n\n\n<p><strong>PLAZO INSCRIPCI\u00d3N EN LA CAMPA\u00d1A: <\/strong>4 de diciembre a 14 del mismo mes.<\/p>\n\n\n\n<p><strong>COMO PARTICIPAR: <\/strong>Rellenando formulario disponible en web <a href=\"http:\/\/www.mijas.es\">www.mijas.es<\/a> y enviando correo a <a href=\"mailto:comercio@mijas.es\">comercio@mijas.es<\/a>&nbsp;<\/p>\n\n\n\n<p><a rel=\"noreferrer noopener\" href=\"https:\/\/www.mijas.es\/wp-content\/uploads\/2020\/12\/SOLICITUD-COMERCIO-NAVIDAD-1.pdf\" target=\"_blank\">Descargar solicitud para participar en la campa\u00f1a<\/a><\/p>\n\n\n\n<p>Los comercios participantes deber\u00e1n asimismo adjuntar una fotograf\u00eda en formato horizontal de la fachada de su comercio en la que se pueda distinguir el nombre del comercio. (Estas im\u00e1genes ser\u00e1n incluidas en el alb\u00fam de la campa\u00f1a que estar\u00e1 disponible en redes sociales oficiales del Ayuntamiento de Mijas y que ser\u00e1 p\u00fablicado el pr\u00f3ximo d\u00eda 18 de diciembre, coincidiendo con el inicio de la campa\u00f1a).<\/p>\n\n\n\n<p><strong>QUIENES PUEDEN PARTICIPAR:&nbsp; <\/strong>Negocios ubicados en la localidad que vayan a contar con alg\u00fan tipo de promoci\u00f3n especial de cara a la campa\u00f1a de navidad.<\/p>\n\n\n\n<p><strong>EN QU\u00c9 CONSISTE LA CAMPA\u00d1A: <\/strong>La campa\u00f1a busca incentivar la compra de regalos navide\u00f1os y otros art\u00edculos o servicios durante el periodo de las fiestas navide\u00f1as mediante la colaboraci\u00f3n del Ayuntamiento de Mijas a trav\u00e9s del \u00e1rea de Comercio.<\/p>\n\n\n\n<p>Las empresas participantes recibir\u00e1n un distintivo de la campa\u00f1a (que deber\u00e1 estar expuesto y visible para el p\u00fablico en su fachada), un juego de bolsas con el slogan \u2018En Navidad, Compra Local\u2019 y etiquetas para los productos ofertados con el hashtag #YoMeQuedoEnMijas.<\/p>\n\n\n\n<p>Las empresas participantes disfrutar\u00e1n adem\u00e1s de publicidad a trav\u00e9s de la web municipal <a href=\"http:\/\/www.mijas.es\">www.mijas.es<\/a> y las redes sociales oficiales del Consistorio as\u00ed como del medio local.<\/p>\n","protected":false},"excerpt":{"rendered":"<p>\u00bfTienes un comercio? Mijas Marketplace crear tu propio escaparate donde ofrecer tus productos y servicios de una manera f\u00e1cil, r\u00e1pida y totalmente gratuita. L\u00e1nzate al mercado digital y haz crecer tu negocio con la ayuda de un equipo t\u00e9cnico especializado que te ayudar\u00e1 a gestionar tu propio escaparate online dentro de la web. Desde cualquier [&hellip;]<\/p>\n","protected":false},"author":1,"featured_media":33768,"parent":0,"menu_order":0,"comment_status":"closed","ping_status":"closed","template":"","meta":[],"_links":{"self":[{"href":"https:\/\/www.mijas.es\/portal\/wp-json\/wp\/v2\/pages\/33769"}],"collection":[{"href":"https:\/\/www.mijas.es\/portal\/wp-json\/wp\/v2\/pages"}],"about":[{"href":"https:\/\/www.mijas.es\/portal\/wp-json\/wp\/v2\/types\/page"}],"author":[{"embeddable":true,"href":"https:\/\/www.mijas.es\/portal\/wp-json\/wp\/v2\/users\/1"}],"replies":[{"embeddable":true,"href":"https:\/\/www.mijas.es\/portal\/wp-json\/wp\/v2\/comments?post=33769"}],"version-history":[{"count":37,"href":"https:\/\/www.mijas.es\/portal\/wp-json\/wp\/v2\/pages\/33769\/revisions"}],"predecessor-version":[{"id":44113,"href":"https:\/\/www.mijas.es\/portal\/wp-json\/wp\/v2\/pages\/33769\/revisions\/44113"}],"wp:featuredmedia":[{"embeddable":true,"href":"https:\/\/www.mijas.es\/portal\/wp-json\/wp\/v2\/media\/33768"}],"wp:attachment":[{"href":"https:\/\/www.mijas.es\/portal\/wp-json\/wp\/v2\/media?parent=33769"}],"curies":[{"name":"wp","href":"https:\/\/api.w.org\/{rel}","templated":true}]}}