{"id":33738,"date":"2020-11-26T13:10:56","date_gmt":"2020-11-26T13:10:56","guid":{"rendered":"https:\/\/www.mijas.es\/portal\/?page_id=33738"},"modified":"2020-12-01T12:56:09","modified_gmt":"2020-12-01T12:56:09","slug":"cuestiones-azules","status":"publish","type":"page","link":"https:\/\/www.mijas.es\/portal\/cultura\/cuestiones-azules\/","title":{"rendered":"Cuestiones Azules"},"content":{"rendered":"\n<p><strong>Taller impartido por:<\/strong><\/p>\n\n\n\n<p><strong>Laura Brinkmann \u2013 Fot\u00f3grafa<\/strong><\/p>\n\n\n\n<p><strong>Mar\u00eda Jos\u00e9 Coronado Luque \u2013 Facilitadora del di\u00e1logo filos\u00f3fico<\/strong><\/p>\n\n\n\n<p>Es un taller de Fotograf\u00eda Artesanal, Bot\u00e1nica y Di\u00e1logo Filos\u00f3fico que se llev\u00f3 a cabo en la Casa Museo de Mijas Pueblo y en la Ruta Bot\u00e1nica de los Jardines de la Muralla. La finalidad es entretejer posibles hilos de amor por las plantas en el marco de un di\u00e1logo sereno en grupo y, especialmente, gracias a la creaci\u00f3n de una \u201ccianotipia\u201d, t\u00e9cnica fotogr\u00e1fica con m\u00e1s de 200 a\u00f1os que nos llevar\u00e1 de regreso a la dimensi\u00f3n alqu\u00edmica del arte.<\/p>\n\n\n\n<p>Texto: Sandra Myrna D\u00edaz, \u201cla naturaleza es el tapiz de la vida; nos entreteje y nos atraviesa\u201d. Discurso de la bi\u00f3loga argentina, Premio Princesa de Asturias 2019 de Investigaci\u00f3n Cient\u00edfica y T\u00e9cnica.<\/p>\n\n\n\n<figure class=\"wp-block-image size-large\"><img decoding=\"async\" src=\"https:\/\/www.mijas.es\/wp-content\/uploads\/2020\/11\/Amanda.-\u00bfCoincide-el-concepto-de-evolucion-que-tiene-interiorizado-el-ser-humano-con-lo-que-ofrece-la-naturaleza-como-evolutivo-y-como-desarrollo_-1-1024x747.jpg\" width=\"100%\" height=\"auto\" alt=\"\" class=\"wp-image-33739\" srcset=\"https:\/\/www.mijas.es\/wp-content\/uploads\/2020\/11\/Amanda.-\u00bfCoincide-el-concepto-de-evolucion-que-tiene-interiorizado-el-ser-humano-con-lo-que-ofrece-la-naturaleza-como-evolutivo-y-como-desarrollo_-1-1024x747.jpg 1024w, https:\/\/www.mijas.es\/wp-content\/uploads\/2020\/11\/Amanda.-\u00bfCoincide-el-concepto-de-evolucion-que-tiene-interiorizado-el-ser-humano-con-lo-que-ofrece-la-naturaleza-como-evolutivo-y-como-desarrollo_-1-300x219.jpg 300w, https:\/\/www.mijas.es\/wp-content\/uploads\/2020\/11\/Amanda.-\u00bfCoincide-el-concepto-de-evolucion-que-tiene-interiorizado-el-ser-humano-con-lo-que-ofrece-la-naturaleza-como-evolutivo-y-como-desarrollo_-1-768x560.jpg 768w, https:\/\/www.mijas.es\/wp-content\/uploads\/2020\/11\/Amanda.-\u00bfCoincide-el-concepto-de-evolucion-que-tiene-interiorizado-el-ser-humano-con-lo-que-ofrece-la-naturaleza-como-evolutivo-y-como-desarrollo_-1-1536x1120.jpg 1536w, https:\/\/www.mijas.es\/wp-content\/uploads\/2020\/11\/Amanda.-\u00bfCoincide-el-concepto-de-evolucion-que-tiene-interiorizado-el-ser-humano-con-lo-que-ofrece-la-naturaleza-como-evolutivo-y-como-desarrollo_-1.jpg 1714w\" sizes=\"(max-width: 1024px) 100vw, 1024px\" \/><figcaption>Amanda. \u00bfCoincide el concepto de evoluci\u00f3n que tiene interiorizado el ser humano con lo que ofrece la naturaleza como evolutivo y como desarrollo?<\/figcaption><\/figure>\n\n\n\n<figure class=\"wp-block-image size-large\"><img decoding=\"async\" src=\"https:\/\/www.mijas.es\/wp-content\/uploads\/2020\/11\/Diana.-\u00bfVamos-a-recapacitar-despues-de-la-pandemia-y-construir-un-tejido-de-produccion-en-relacion-a-los-alimentos-que-pueda-abastecer-y-subsanar-los-defectos-que-ha-tenido-el-actual-modelo-productivo-1-732x1024.jpg\" alt=\"\" class=\"wp-image-33740\" width=\"100%\" height=\"auto\" srcset=\"https:\/\/www.mijas.es\/wp-content\/uploads\/2020\/11\/Diana.-\u00bfVamos-a-recapacitar-despues-de-la-pandemia-y-construir-un-tejido-de-produccion-en-relacion-a-los-alimentos-que-pueda-abastecer-y-subsanar-los-defectos-que-ha-tenido-el-actual-modelo-productivo-1-732x1024.jpg 732w, https:\/\/www.mijas.es\/wp-content\/uploads\/2020\/11\/Diana.-\u00bfVamos-a-recapacitar-despues-de-la-pandemia-y-construir-un-tejido-de-produccion-en-relacion-a-los-alimentos-que-pueda-abastecer-y-subsanar-los-defectos-que-ha-tenido-el-actual-modelo-productivo-1-214x300.jpg 214w, https:\/\/www.mijas.es\/wp-content\/uploads\/2020\/11\/Diana.-\u00bfVamos-a-recapacitar-despues-de-la-pandemia-y-construir-un-tejido-de-produccion-en-relacion-a-los-alimentos-que-pueda-abastecer-y-subsanar-los-defectos-que-ha-tenido-el-actual-modelo-productivo-1-768x1075.jpg 768w, https:\/\/www.mijas.es\/wp-content\/uploads\/2020\/11\/Diana.-\u00bfVamos-a-recapacitar-despues-de-la-pandemia-y-construir-un-tejido-de-produccion-en-relacion-a-los-alimentos-que-pueda-abastecer-y-subsanar-los-defectos-que-ha-tenido-el-actual-modelo-productivo-1-1098x1536.jpg 1098w, https:\/\/www.mijas.es\/wp-content\/uploads\/2020\/11\/Diana.-\u00bfVamos-a-recapacitar-despues-de-la-pandemia-y-construir-un-tejido-de-produccion-en-relacion-a-los-alimentos-que-pueda-abastecer-y-subsanar-los-defectos-que-ha-tenido-el-actual-modelo-productivo-1.jpg 1155w\" sizes=\"(max-width: 732px) 100vw, 732px\" \/><figcaption>Diana. \u00bfVamos a recapacitar despu\u00e9s de la pandemia y construir un tejido de producci\u00f3n, en relaci\u00f3n a los alimentos, que pueda abastecer y subsanar los defectos que ha tenido el actual modelo productivo?<\/figcaption><\/figure>\n\n\n\n<figure class=\"wp-block-image size-large\"><img decoding=\"async\" src=\"https:\/\/www.mijas.es\/wp-content\/uploads\/2020\/11\/Gema.-\u00bfSomos-todos-entre-todos-los-seres-vivos-una-misma-energia-un-atomo_-1-1024x748.jpg\" alt=\"\" class=\"wp-image-33741\"  width=\"100%\" height=\"auto\" srcset=\"https:\/\/www.mijas.es\/wp-content\/uploads\/2020\/11\/Gema.-\u00bfSomos-todos-entre-todos-los-seres-vivos-una-misma-energia-un-atomo_-1-1024x748.jpg 1024w, https:\/\/www.mijas.es\/wp-content\/uploads\/2020\/11\/Gema.-\u00bfSomos-todos-entre-todos-los-seres-vivos-una-misma-energia-un-atomo_-1-300x219.jpg 300w, https:\/\/www.mijas.es\/wp-content\/uploads\/2020\/11\/Gema.-\u00bfSomos-todos-entre-todos-los-seres-vivos-una-misma-energia-un-atomo_-1-768x561.jpg 768w, https:\/\/www.mijas.es\/wp-content\/uploads\/2020\/11\/Gema.-\u00bfSomos-todos-entre-todos-los-seres-vivos-una-misma-energia-un-atomo_-1-1536x1122.jpg 1536w, https:\/\/www.mijas.es\/wp-content\/uploads\/2020\/11\/Gema.-\u00bfSomos-todos-entre-todos-los-seres-vivos-una-misma-energia-un-atomo_-1.jpg 1596w\" sizes=\"(max-width: 1024px) 100vw, 1024px\" \/><figcaption>Gema. \u00bfSomos todos, entre todos los seres vivos, una misma energ\u00eda, un \u00e1tomo?<\/figcaption><\/figure>\n\n\n\n<figure class=\"wp-block-image size-large\"><img decoding=\"async\" src=\"https:\/\/www.mijas.es\/wp-content\/uploads\/2020\/11\/Maila.-\u00bfSomos-conscientes-de-que-hay-una-parte-de-todo-en-todo-1-737x1024.jpg\" alt=\"\" class=\"wp-image-33742\"  width=\"100%\" height=\"auto\" srcset=\"https:\/\/www.mijas.es\/wp-content\/uploads\/2020\/11\/Maila.-\u00bfSomos-conscientes-de-que-hay-una-parte-de-todo-en-todo-1-737x1024.jpg 737w, https:\/\/www.mijas.es\/wp-content\/uploads\/2020\/11\/Maila.-\u00bfSomos-conscientes-de-que-hay-una-parte-de-todo-en-todo-1-216x300.jpg 216w, https:\/\/www.mijas.es\/wp-content\/uploads\/2020\/11\/Maila.-\u00bfSomos-conscientes-de-que-hay-una-parte-de-todo-en-todo-1-768x1067.jpg 768w, https:\/\/www.mijas.es\/wp-content\/uploads\/2020\/11\/Maila.-\u00bfSomos-conscientes-de-que-hay-una-parte-de-todo-en-todo-1-1106x1536.jpg 1106w, https:\/\/www.mijas.es\/wp-content\/uploads\/2020\/11\/Maila.-\u00bfSomos-conscientes-de-que-hay-una-parte-de-todo-en-todo-1.jpg 1178w\" sizes=\"(max-width: 737px) 100vw, 737px\" \/><figcaption>Maila. \u00bfSomos conscientes de que hay una parte de todo en todo?<\/figcaption><\/figure>\n\n\n\n<figure class=\"wp-block-image size-large\"><img decoding=\"async\" src=\"https:\/\/www.mijas.es\/wp-content\/uploads\/2020\/11\/Maria.-\u00bfComo-no-nos-damos-cuenta-lo-que-causamos-con-nuestro-consumismo-1-743x1024.jpg\" alt=\"\" class=\"wp-image-33743\"  width=\"100%\" height=\"auto\" srcset=\"https:\/\/www.mijas.es\/wp-content\/uploads\/2020\/11\/Maria.-\u00bfComo-no-nos-damos-cuenta-lo-que-causamos-con-nuestro-consumismo-1-743x1024.jpg 743w, https:\/\/www.mijas.es\/wp-content\/uploads\/2020\/11\/Maria.-\u00bfComo-no-nos-damos-cuenta-lo-que-causamos-con-nuestro-consumismo-1-218x300.jpg 218w, https:\/\/www.mijas.es\/wp-content\/uploads\/2020\/11\/Maria.-\u00bfComo-no-nos-damos-cuenta-lo-que-causamos-con-nuestro-consumismo-1-768x1058.jpg 768w, https:\/\/www.mijas.es\/wp-content\/uploads\/2020\/11\/Maria.-\u00bfComo-no-nos-damos-cuenta-lo-que-causamos-con-nuestro-consumismo-1-1115x1536.jpg 1115w, https:\/\/www.mijas.es\/wp-content\/uploads\/2020\/11\/Maria.-\u00bfComo-no-nos-damos-cuenta-lo-que-causamos-con-nuestro-consumismo-1.jpg 1164w\" sizes=\"(max-width: 743px) 100vw, 743px\" \/><figcaption>Mar\u00eda. \u00bfC\u00f3mo no nos damos cuenta lo que causamos con nuestro consumismo?<\/figcaption><\/figure>\n\n\n\n<figure class=\"wp-block-image size-large\"><img decoding=\"async\" src=\"https:\/\/www.mijas.es\/wp-content\/uploads\/2020\/11\/Maria.-\u00bfSabemos-que-todo-y-todos-estamos-compuestos-de-los-mismos-elementos-y-que-no-somos-distintos-1-726x1024.jpg\" alt=\"\" class=\"wp-image-33744\"  width=\"100%\" height=\"auto\" srcset=\"https:\/\/www.mijas.es\/wp-content\/uploads\/2020\/11\/Maria.-\u00bfSabemos-que-todo-y-todos-estamos-compuestos-de-los-mismos-elementos-y-que-no-somos-distintos-1-726x1024.jpg 726w, https:\/\/www.mijas.es\/wp-content\/uploads\/2020\/11\/Maria.-\u00bfSabemos-que-todo-y-todos-estamos-compuestos-de-los-mismos-elementos-y-que-no-somos-distintos-1-213x300.jpg 213w, https:\/\/www.mijas.es\/wp-content\/uploads\/2020\/11\/Maria.-\u00bfSabemos-que-todo-y-todos-estamos-compuestos-de-los-mismos-elementos-y-que-no-somos-distintos-1-768x1083.jpg 768w, https:\/\/www.mijas.es\/wp-content\/uploads\/2020\/11\/Maria.-\u00bfSabemos-que-todo-y-todos-estamos-compuestos-de-los-mismos-elementos-y-que-no-somos-distintos-1-1090x1536.jpg 1090w, https:\/\/www.mijas.es\/wp-content\/uploads\/2020\/11\/Maria.-\u00bfSabemos-que-todo-y-todos-estamos-compuestos-de-los-mismos-elementos-y-que-no-somos-distintos-1.jpg 1189w\" sizes=\"(max-width: 726px) 100vw, 726px\" \/><figcaption>Mar\u00eda. \u00bfSabemos que todo y todos estamos compuestos de los mismos elementos y que no somos distintos?<\/figcaption><\/figure>\n\n\n\n<figure class=\"wp-block-image size-large\"><img decoding=\"async\" src=\"https:\/\/www.mijas.es\/wp-content\/uploads\/2020\/11\/Telesforo.-\u00bfComo-no-entendemos-el-tema-de-que-la-materia-ni-se-crea-ni-se-destruye-que-lo-que-unicamente-cambia-es-como-sus-atomos-se-ordenan_-1-1024x739.jpg\" alt=\"\" class=\"wp-image-33745\"  width=\"100%\" height=\"auto\" srcset=\"https:\/\/www.mijas.es\/wp-content\/uploads\/2020\/11\/Telesforo.-\u00bfComo-no-entendemos-el-tema-de-que-la-materia-ni-se-crea-ni-se-destruye-que-lo-que-unicamente-cambia-es-como-sus-atomos-se-ordenan_-1-1024x739.jpg 1024w, https:\/\/www.mijas.es\/wp-content\/uploads\/2020\/11\/Telesforo.-\u00bfComo-no-entendemos-el-tema-de-que-la-materia-ni-se-crea-ni-se-destruye-que-lo-que-unicamente-cambia-es-como-sus-atomos-se-ordenan_-1-300x217.jpg 300w, https:\/\/www.mijas.es\/wp-content\/uploads\/2020\/11\/Telesforo.-\u00bfComo-no-entendemos-el-tema-de-que-la-materia-ni-se-crea-ni-se-destruye-que-lo-que-unicamente-cambia-es-como-sus-atomos-se-ordenan_-1-768x555.jpg 768w, https:\/\/www.mijas.es\/wp-content\/uploads\/2020\/11\/Telesforo.-\u00bfComo-no-entendemos-el-tema-de-que-la-materia-ni-se-crea-ni-se-destruye-que-lo-que-unicamente-cambia-es-como-sus-atomos-se-ordenan_-1.jpg 1536w\" sizes=\"(max-width: 1024px) 100vw, 1024px\" \/><figcaption>Telesforo. \u00bfC\u00f3mo no entendemos el tema de que la materia ni se crea ni se destruye, que lo que \u00fanicamente cambia es como sus \u00e1tomos se ordenan?<\/figcaption><\/figure>\n\n\n\n<figure class=\"wp-block-image size-large\"><img decoding=\"async\" src=\"https:\/\/www.mijas.es\/wp-content\/uploads\/2020\/11\/Violeta.-\u00bfPodra-la-gente-recuperar-el-placer-por-las-pequenas-cosas_-1-1024x729.jpg\" alt=\"\" class=\"wp-image-33746\"  width=\"100%\" height=\"auto\" srcset=\"https:\/\/www.mijas.es\/wp-content\/uploads\/2020\/11\/Violeta.-\u00bfPodra-la-gente-recuperar-el-placer-por-las-pequenas-cosas_-1-1024x729.jpg 1024w, https:\/\/www.mijas.es\/wp-content\/uploads\/2020\/11\/Violeta.-\u00bfPodra-la-gente-recuperar-el-placer-por-las-pequenas-cosas_-1-300x214.jpg 300w, https:\/\/www.mijas.es\/wp-content\/uploads\/2020\/11\/Violeta.-\u00bfPodra-la-gente-recuperar-el-placer-por-las-pequenas-cosas_-1-768x547.jpg 768w, https:\/\/www.mijas.es\/wp-content\/uploads\/2020\/11\/Violeta.-\u00bfPodra-la-gente-recuperar-el-placer-por-las-pequenas-cosas_-1-1536x1093.jpg 1536w, https:\/\/www.mijas.es\/wp-content\/uploads\/2020\/11\/Violeta.-\u00bfPodra-la-gente-recuperar-el-placer-por-las-pequenas-cosas_-1.jpg 1659w\" sizes=\"(max-width: 1024px) 100vw, 1024px\" \/><figcaption>Violeta. \u00bfPodr\u00e1 la gente recuperar el placer por las peque\u00f1as cosas?<\/figcaption><\/figure>\n","protected":false},"excerpt":{"rendered":"<p>Taller impartido por: Laura Brinkmann \u2013 Fot\u00f3grafa Mar\u00eda Jos\u00e9 Coronado Luque \u2013 Facilitadora del di\u00e1logo filos\u00f3fico Es un taller de Fotograf\u00eda Artesanal, Bot\u00e1nica y Di\u00e1logo Filos\u00f3fico que se llev\u00f3 a cabo en la Casa Museo de Mijas Pueblo y en la Ruta Bot\u00e1nica de los Jardines de la Muralla. La finalidad es entretejer posibles hilos [&hellip;]<\/p>\n","protected":false},"author":9,"featured_media":0,"parent":13352,"menu_order":0,"comment_status":"closed","ping_status":"closed","template":"page-departamental.php","meta":[],"_links":{"self":[{"href":"https:\/\/www.mijas.es\/portal\/wp-json\/wp\/v2\/pages\/33738"}],"collection":[{"href":"https:\/\/www.mijas.es\/portal\/wp-json\/wp\/v2\/pages"}],"about":[{"href":"https:\/\/www.mijas.es\/portal\/wp-json\/wp\/v2\/types\/page"}],"author":[{"embeddable":true,"href":"https:\/\/www.mijas.es\/portal\/wp-json\/wp\/v2\/users\/9"}],"replies":[{"embeddable":true,"href":"https:\/\/www.mijas.es\/portal\/wp-json\/wp\/v2\/comments?post=33738"}],"version-history":[{"count":5,"href":"https:\/\/www.mijas.es\/portal\/wp-json\/wp\/v2\/pages\/33738\/revisions"}],"predecessor-version":[{"id":33758,"href":"https:\/\/www.mijas.es\/portal\/wp-json\/wp\/v2\/pages\/33738\/revisions\/33758"}],"up":[{"embeddable":true,"href":"https:\/\/www.mijas.es\/portal\/wp-json\/wp\/v2\/pages\/13352"}],"wp:attachment":[{"href":"https:\/\/www.mijas.es\/portal\/wp-json\/wp\/v2\/media?parent=33738"}],"curies":[{"name":"wp","href":"https:\/\/api.w.org\/{rel}","templated":true}]}}