{"id":33615,"date":"2020-11-24T14:06:23","date_gmt":"2020-11-24T14:06:23","guid":{"rendered":"https:\/\/www.mijas.es\/portal\/?page_id=33615"},"modified":"2020-11-24T15:36:34","modified_gmt":"2020-11-24T15:36:34","slug":"convivencia","status":"publish","type":"page","link":"https:\/\/www.mijas.es\/portal\/mayores\/convivencia\/","title":{"rendered":"CONVIVENCIA"},"content":{"rendered":"\n<p>Con el principal objetivo de reconocer a las personas mayores la importante labor social que vienen realizando, aumentada en estos a\u00f1os de crisis, se organizan diferentes convivencias dirigidas a ellas. Por otro lado, tambi\u00e9n prima el objetivo de ofrecer a las personas mayores din\u00e1micas de diversi\u00f3n y participaci\u00f3n, de tal manera que se responda al principio de \u201cenvejecimiento activo\u201d.<\/p>\n\n\n\n<p>Estas convivencias coinciden con fechas puntuales de celebraciones tradicionales, tales como, cenas de feria cada uno en su n\u00facleo, comida de Navidad todos juntos los tres n\u00facleos y viaje anual sociocultural en primavera.<\/p>\n\n\n\n<p>En todos ellos, las personas mayores tienen la posibilidad de disfrutar de diferentes actos sociales en los que relacionarse, conocer a otras personas, bailar, re\u00edr, etc. En definitiva, pas\u00e1rselo bien.<\/p>\n\n\n\n<div class=\"wp-block-image\"><figure class=\"alignleft size-large is-resized\"><img decoding=\"async\" src=\"https:\/\/www.mijas.es\/wp-content\/uploads\/2020\/11\/Convivencia1.png\" alt=\"\" class=\"wp-image-33616\" width=\"205\" height=\"149\"\/><\/figure><\/div>\n\n\n\n<div class=\"wp-block-image\"><figure class=\"alignleft size-large is-resized\"><img decoding=\"async\" src=\"https:\/\/www.mijas.es\/wp-content\/uploads\/2020\/11\/Convivencia2.png\" alt=\"\" class=\"wp-image-33617\" width=\"192\" height=\"153\"\/><\/figure><\/div>\n\n\n\n<div class=\"wp-block-image\"><figure class=\"alignleft size-large is-resized\"><img decoding=\"async\" src=\"https:\/\/www.mijas.es\/wp-content\/uploads\/2020\/11\/Convivencia3.png\" alt=\"\" class=\"wp-image-33618\" width=\"135\" height=\"136\" srcset=\"https:\/\/www.mijas.es\/wp-content\/uploads\/2020\/11\/Convivencia3.png 175w, https:\/\/www.mijas.es\/wp-content\/uploads\/2020\/11\/Convivencia3-150x150.png 150w\" sizes=\"(max-width: 135px) 100vw, 135px\" \/><\/figure><\/div>\n\n\n\n<p><\/p>\n","protected":false},"excerpt":{"rendered":"<p>Con el principal objetivo de reconocer a las personas mayores la importante labor social que vienen realizando, aumentada en estos a\u00f1os de crisis, se organizan diferentes convivencias dirigidas a ellas. Por otro lado, tambi\u00e9n prima el objetivo de ofrecer a las personas mayores din\u00e1micas de diversi\u00f3n y participaci\u00f3n, de tal manera que se responda al [&hellip;]<\/p>\n","protected":false},"author":9,"featured_media":0,"parent":13946,"menu_order":0,"comment_status":"closed","ping_status":"closed","template":"page-departamental.php","meta":[],"_links":{"self":[{"href":"https:\/\/www.mijas.es\/portal\/wp-json\/wp\/v2\/pages\/33615"}],"collection":[{"href":"https:\/\/www.mijas.es\/portal\/wp-json\/wp\/v2\/pages"}],"about":[{"href":"https:\/\/www.mijas.es\/portal\/wp-json\/wp\/v2\/types\/page"}],"author":[{"embeddable":true,"href":"https:\/\/www.mijas.es\/portal\/wp-json\/wp\/v2\/users\/9"}],"replies":[{"embeddable":true,"href":"https:\/\/www.mijas.es\/portal\/wp-json\/wp\/v2\/comments?post=33615"}],"version-history":[{"count":5,"href":"https:\/\/www.mijas.es\/portal\/wp-json\/wp\/v2\/pages\/33615\/revisions"}],"predecessor-version":[{"id":33623,"href":"https:\/\/www.mijas.es\/portal\/wp-json\/wp\/v2\/pages\/33615\/revisions\/33623"}],"up":[{"embeddable":true,"href":"https:\/\/www.mijas.es\/portal\/wp-json\/wp\/v2\/pages\/13946"}],"wp:attachment":[{"href":"https:\/\/www.mijas.es\/portal\/wp-json\/wp\/v2\/media?parent=33615"}],"curies":[{"name":"wp","href":"https:\/\/api.w.org\/{rel}","templated":true}]}}