{"id":33607,"date":"2020-11-24T13:52:08","date_gmt":"2020-11-24T13:52:08","guid":{"rendered":"https:\/\/www.mijas.es\/portal\/?page_id=33607"},"modified":"2025-11-21T08:45:23","modified_gmt":"2025-11-21T07:45:23","slug":"programas-de-animacion-sociocultural-talleres-para-mayores","status":"publish","type":"page","link":"https:\/\/www.mijas.es\/portal\/mayores\/programas-de-animacion-sociocultural-talleres-para-mayores\/","title":{"rendered":"TALLERES DE ENVEJECIMIENTO ACTIVO"},"content":{"rendered":"\n<p>El Departamento de Mayores del Ayuntamiento de Mijas realiza una serie de actividades y talleres gratuitos, dentro del \u00e1mbito municipal, que incluye a los socios de los Centros de Participaci\u00f3n Activa y Centro de Mayores de los tres n\u00facleos de poblaci\u00f3n: Las Lagunas, Mijas Pueblo y La Cala de Mijas.<\/p>\n\n\n\n<p>OBJETIVOS<br>1. Ofrecer a las personas mayores la posibilidad de ocupar su tiempo de ocio en actividades atractivas a sus intereses.<br>2. Ofrecer a las personas mayores un \u201cescenario\u201d donde interrelacionarse y crear nuevos \u00e1mbitos de amistad.<br>3. Evitar que las personas mayores se \u201canquilosen\u201d en sus casas (vida sedentaria) y desarrollen actividades de participaci\u00f3n activa.<br>4. Favorecer el mantenimiento y aumento de la autoestima.<br>5. Ofrecer a las personas mayores la posibilidad de adquirir nuevos conocimientos y habilidades, seg\u00fan los contenidos de los diferentes talleres ofertados.<\/p>\n\n\n\n<p>METODOLOG\u00cdA<\/p>\n\n\n\n<p>La metodolog\u00eda a utilizar prioriza la creaci\u00f3n de un clima agradable y divertido. A partir de ello, se establecen las cuestiones puramente t\u00e9cnicas propias de cada Taller. La propuesta metodol\u00f3gica responde a los objetivos, donde resulta fundamental que las personas participantes encuentren un lugar de ocio y entretenimiento, siendo capaz de dinamizar el ambiente del grupo en un clima de confianza, amistad y diversi\u00f3n.<\/p>\n\n\n\n<p>\u00c1REAS<\/p>\n\n\n\n<p>Se diferencian distintas \u00e1reas que engloban a las actividades divididas en tres bloques:<br>1. Talleres de Formaci\u00f3n y Estimulaci\u00f3n cognitiva.<br>2. Actividades art\u00edsticas y recreativas.<br>3. Actividades de dinamizaci\u00f3n social y Eventos tem\u00e1ticos.<\/p>\n\n\n\n<p>OFERTA DE TALLERES<\/p>\n\n\n\n<p>\u2022 Taller de Estimulaci\u00f3n cognitiva.<br>\u2022 Taller de Inteligencia emocional.<br>\u2022 Taller de Arteterapia.<br>\u2022 Taller de Musicoterapia.<br>\u2022 Taller de Nuevas Tecnolog\u00edas.<br>\u2022 Taller de Risoterapia.<br>\u2022 Taller de baile de sal\u00f3n. (Universidad Popular)<br>\u2022 Taller de sevillanas. (Universidad Popular)<\/p>\n\n\n\n<p>Los talleres arriba indicados se imparten en los Centros de Participaci\u00f3n Activa y Centro de Mayores de Mijas.<\/p>\n\n\n\n<p>Existen otras actividades destinadas a las personas mayores que se ofrecen en otras instalaciones municipales como son: Gimnasia para mayores (en complejos deportivos), talleres de la Universidad Popular (Casa de la Cultura), Taller de intercambio de idioma (Dpto. Extranjeros).<\/p>\n\n\n\n<p>INSCRIPCI\u00d3N<\/p>\n\n\n\n<p>Las inscripciones a los talleres de bailes de sevillanas, sal\u00f3n y tai-chi se realizan en la Universidad Popular.<br>Los talleres de memoria, inteligencia emocional, arteterapia, musicoterapia, nuevas tecnolog\u00edas y risoterapia se solicitan en las oficinas del Departamento de Mayores.<\/p>\n\n\n\n<p>INFORMACI\u00d3N Y CONTACTO<\/p>\n\n\n\n<p>Departamento de Mayores.<\/p>\n\n\n\n<ul>\n<li>Centro de Participaci\u00f3n Activa \u201c Las Lagunas\u201d &#8211; C\/ San Benjam\u00edn, s\/n (Las Lagunas &#8211; Mijas).<\/li>\n\n\n\n<li>Centro de Participaci\u00f3n Activa \u201cVirgen de la Pe\u00f1a\u201d \u2013 Pza. Constituci\u00f3n s\/n (Mijas Pueblo).<\/li>\n\n\n\n<li>Centro de Mayores \u00abLa Cala\u00bb \u2013 C\/ La Marina, n\u00ba 10 (Mijas-Costa).<\/li>\n\n\n\n<li>Tfnos.: 952 461 549 \/ 952 486 370 \/ 649 873 51 \/ 696563189.<\/li>\n\n\n\n<li>Email: tercera.edad@mijas.es<\/li>\n<\/ul>\n\n\n\n<p><\/p>\n\n\n<div class=\"wp-block-image\">\n<figure class=\"alignleft size-large is-resized\"><img decoding=\"async\" src=\"https:\/\/www.mijas.es\/wp-content\/uploads\/2020\/11\/Memoria1.png\" alt=\"\" class=\"wp-image-33608\" width=\"190\" height=\"143\"\/><\/figure><\/div>\n\n<div class=\"wp-block-image\">\n<figure class=\"alignleft size-large is-resized\"><img decoding=\"async\" src=\"https:\/\/www.mijas.es\/wp-content\/uploads\/2020\/11\/Memoria2.png\" alt=\"\" class=\"wp-image-33609\" width=\"176\" height=\"140\"\/><\/figure><\/div>\n\n<div class=\"wp-block-image\">\n<figure class=\"alignleft size-large is-resized\"><img decoding=\"async\" src=\"https:\/\/www.mijas.es\/wp-content\/uploads\/2020\/11\/Memoria3.png\" alt=\"\" class=\"wp-image-33610\" width=\"165\" height=\"135\"\/><\/figure><\/div>\n\n\n<p><\/p>\n","protected":false},"excerpt":{"rendered":"<p>El Departamento de Mayores del Ayuntamiento de Mijas realiza una serie de actividades y talleres gratuitos, dentro del \u00e1mbito municipal, que incluye a los socios de los Centros de Participaci\u00f3n Activa y Centro de Mayores de los tres n\u00facleos de poblaci\u00f3n: Las Lagunas, Mijas Pueblo y La Cala de Mijas. OBJETIVOS1. Ofrecer a las personas [&hellip;]<\/p>\n","protected":false},"author":9,"featured_media":0,"parent":13946,"menu_order":0,"comment_status":"closed","ping_status":"closed","template":"page-departamental.php","meta":[],"_links":{"self":[{"href":"https:\/\/www.mijas.es\/portal\/wp-json\/wp\/v2\/pages\/33607"}],"collection":[{"href":"https:\/\/www.mijas.es\/portal\/wp-json\/wp\/v2\/pages"}],"about":[{"href":"https:\/\/www.mijas.es\/portal\/wp-json\/wp\/v2\/types\/page"}],"author":[{"embeddable":true,"href":"https:\/\/www.mijas.es\/portal\/wp-json\/wp\/v2\/users\/9"}],"replies":[{"embeddable":true,"href":"https:\/\/www.mijas.es\/portal\/wp-json\/wp\/v2\/comments?post=33607"}],"version-history":[{"count":5,"href":"https:\/\/www.mijas.es\/portal\/wp-json\/wp\/v2\/pages\/33607\/revisions"}],"predecessor-version":[{"id":62884,"href":"https:\/\/www.mijas.es\/portal\/wp-json\/wp\/v2\/pages\/33607\/revisions\/62884"}],"up":[{"embeddable":true,"href":"https:\/\/www.mijas.es\/portal\/wp-json\/wp\/v2\/pages\/13946"}],"wp:attachment":[{"href":"https:\/\/www.mijas.es\/portal\/wp-json\/wp\/v2\/media?parent=33607"}],"curies":[{"name":"wp","href":"https:\/\/api.w.org\/{rel}","templated":true}]}}