{"id":33601,"date":"2020-11-24T11:17:54","date_gmt":"2020-11-24T11:17:54","guid":{"rendered":"https:\/\/www.mijas.es\/portal\/?page_id=33601"},"modified":"2020-11-24T15:34:53","modified_gmt":"2020-11-24T15:34:53","slug":"centros-de-participacion-activa","status":"publish","type":"page","link":"https:\/\/www.mijas.es\/portal\/mayores\/centros-de-participacion-activa\/","title":{"rendered":"CENTROS DE PARTICIPACI\u00d3N ACTIVA"},"content":{"rendered":"\n<p>En los hogares de jubilados se realizan diferentes actividades, siendo su objetivo fundamental acoger y dar salida a las necesidades recreativas de las personas mayores, as\u00ed como un marco sociocultural donde poder satisfacer sus inquietudes de informaci\u00f3n y conocimiento. En este sentido se organizan din\u00e1micas l\u00fadicas cotidianas (como domin\u00f3, cartas y diferentes talleres, charlas, actividades y excursiones culturales, organizadas directamente por Tercera Edad o por propia iniciativa de las diferentes asociaciones de Jubilados de cada Centro, siempre bajo la pertinente informaci\u00f3n al Equipo T\u00e9cnico.<\/p>\n\n\n\n<p><strong><u>Centros de participaci\u00f3n activa\/Hogares del Jubilado<\/u><\/strong><\/p>\n\n\n\n<p><strong><em>Las Lagunas<\/em><\/strong><\/p>\n\n\n\n<p><strong>Direcci\u00f3n: C\/ San Benjam\u00edn s\/n<\/strong><\/p>\n\n\n\n<p><strong>Horario: Abierto de lunes a viernes y domingos de 8:00 a 19:00 horas. Cerrado los S\u00e1bados.&nbsp;&nbsp;<\/strong><\/p>\n\n\n\n<figure class=\"wp-block-image size-large\"><img decoding=\"async\" width=\"276\" height=\"178\" src=\"https:\/\/www.mijas.es\/wp-content\/uploads\/2020\/11\/JubiladoLL.png\" alt=\"\" class=\"wp-image-33602\"\/><\/figure>\n\n\n\n<p><strong><em>Mijas Pueblo<\/em><\/strong><\/p>\n\n\n\n<p><strong>Direcci\u00f3n: Plaza de la Constituci\u00f3n s\/n<\/strong><\/p>\n\n\n\n<p><strong>Horario: Abierto de lunes a viernes y domingos de 8:00 a 19:00 horas. Cerrado los S\u00e1bados.<\/strong><\/p>\n\n\n\n<figure class=\"wp-block-image size-large\"><img decoding=\"async\" width=\"199\" height=\"149\" src=\"https:\/\/www.mijas.es\/wp-content\/uploads\/2020\/11\/OficinaMP-1.png\" alt=\"\" class=\"wp-image-33603\"\/><\/figure>\n\n\n\n<p><strong><em>La Cala de Mijas<\/em><\/strong><\/p>\n\n\n\n<p><strong>Direcci\u00f3n: Paseo mar\u00edtimo, s\/n La Cala de Mijas<\/strong><\/p>\n\n\n\n<p><strong>Horario: Abierto de martes a domingo de 9.30 19:00 horas. Cerrado los Lunes&nbsp;&nbsp;&nbsp;<\/strong><\/p>\n\n\n\n<figure class=\"wp-block-image size-large is-resized\"><img decoding=\"async\" src=\"https:\/\/www.mijas.es\/wp-content\/uploads\/2020\/11\/OficinaLC-2.png\" alt=\"\" class=\"wp-image-33604\" width=\"344\" height=\"262\" srcset=\"https:\/\/www.mijas.es\/wp-content\/uploads\/2020\/11\/OficinaLC-2.png 527w, https:\/\/www.mijas.es\/wp-content\/uploads\/2020\/11\/OficinaLC-2-300x229.png 300w\" sizes=\"(max-width: 344px) 100vw, 344px\" \/><\/figure>\n\n\n\n<p><strong>OBJETIVOS<\/strong><\/p>\n\n\n\n<p><strong>Objetivos Generale<\/strong>s<\/p>\n\n\n\n<p>Mejorar la calidad de vida de sus usuarios.<\/p>\n\n\n\n<p>Promover la capacidad de participaci\u00f3n, potenciando las relaciones interpersonales.<\/p>\n\n\n\n<p>Mejorar la integraci\u00f3n social, favorecer la autonom\u00eda personal y la permanencia en su entorno habitual.<\/p>\n\n\n\n<p><strong>Objetivos Espec\u00edficos<\/strong><\/p>\n\n\n\n<p>Constituirse como punto de encuentro y espacio.<\/p>\n\n\n\n<p>Cubrir las necesidades de ocupaci\u00f3n del tiempo libre.<\/p>\n\n\n\n<p>Fomentar las relaciones interpersonales.<\/p>\n\n\n\n<p>Favorecer el mantenimiento y aumento de la autoestima.<\/p>\n\n\n\n<p>Incrementar el disfrute en diferentes facetas de la vida y de actividades de tiempo libre.<\/p>\n\n\n\n<p>Propiciar actividades que contribuyan a concebir la vejez como una etapa din\u00e1mica, productora y satisfactoria.<\/p>\n\n\n\n<p><strong>FIESTAS Y CELEBRACIONES<\/strong><\/p>\n\n\n\n<p>Durante el a\u00f1o se vienen celebrando cenas de feria, almuerzo de Navidad y viaje sociocultural.<\/p>\n\n\n\n<p><strong>VIAJES Y EXCURSIONES<\/strong><\/p>\n\n\n\n<p>Una de las actividades con mejor acogida por los mayores y que mejor responde a sus expectativas, intereses e inquietudes son las excursiones y viajes. Estas actividades pueden venir organizadas y subvencionadas integra o parcialmente por el Ayuntamiento o ser totalmente organizadas y gestionadas a trav\u00e9s de las distintas Asociaciones.<\/p>\n","protected":false},"excerpt":{"rendered":"<p>En los hogares de jubilados se realizan diferentes actividades, siendo su objetivo fundamental acoger y dar salida a las necesidades recreativas de las personas mayores, as\u00ed como un marco sociocultural donde poder satisfacer sus inquietudes de informaci\u00f3n y conocimiento. En este sentido se organizan din\u00e1micas l\u00fadicas cotidianas (como domin\u00f3, cartas y diferentes talleres, charlas, actividades [&hellip;]<\/p>\n","protected":false},"author":9,"featured_media":0,"parent":13946,"menu_order":0,"comment_status":"closed","ping_status":"closed","template":"page-departamental.php","meta":[],"_links":{"self":[{"href":"https:\/\/www.mijas.es\/portal\/wp-json\/wp\/v2\/pages\/33601"}],"collection":[{"href":"https:\/\/www.mijas.es\/portal\/wp-json\/wp\/v2\/pages"}],"about":[{"href":"https:\/\/www.mijas.es\/portal\/wp-json\/wp\/v2\/types\/page"}],"author":[{"embeddable":true,"href":"https:\/\/www.mijas.es\/portal\/wp-json\/wp\/v2\/users\/9"}],"replies":[{"embeddable":true,"href":"https:\/\/www.mijas.es\/portal\/wp-json\/wp\/v2\/comments?post=33601"}],"version-history":[{"count":2,"href":"https:\/\/www.mijas.es\/portal\/wp-json\/wp\/v2\/pages\/33601\/revisions"}],"predecessor-version":[{"id":33606,"href":"https:\/\/www.mijas.es\/portal\/wp-json\/wp\/v2\/pages\/33601\/revisions\/33606"}],"up":[{"embeddable":true,"href":"https:\/\/www.mijas.es\/portal\/wp-json\/wp\/v2\/pages\/13946"}],"wp:attachment":[{"href":"https:\/\/www.mijas.es\/portal\/wp-json\/wp\/v2\/media?parent=33601"}],"curies":[{"name":"wp","href":"https:\/\/api.w.org\/{rel}","templated":true}]}}