{"id":32866,"date":"2020-09-25T11:08:22","date_gmt":"2020-09-25T11:08:22","guid":{"rendered":"https:\/\/www.mijas.es\/portal\/?page_id=32866"},"modified":"2025-06-11T07:56:29","modified_gmt":"2025-06-11T06:56:29","slug":"programacion1","status":"publish","type":"page","link":"https:\/\/www.mijas.es\/portal\/universidad-popular\/programacion1\/","title":{"rendered":"Programaci\u00f3n"},"content":{"rendered":"\n<p><strong>PROGRAMACI\u00d3N UP 2025-2026 <\/strong><\/p>\n\n\n\n<p><a href=\"https:\/\/www.mijas.es\/wp-content\/uploads\/2025\/06\/Programa%20Actividades%20UP%202526.pdf.pdf\" target=\"_blank\" rel=\"noreferrer noopener\"><strong>(Descarga PDF Programaci\u00f3n)<\/strong><\/a><\/p>\n\n\n\n<ul class=\"nav nav-tabs\" id=\"myTab\" role=\"tablist\">\n  <li class=\"nav-item\">\n    <a class=\"nav-link active\" id=\"home-tab\" data-toggle=\"tab\" href=\"#home\" role=\"tab\" aria-controls=\"home\" aria-selected=\"true\">Las Lagunas<\/a>\n  <\/li>\n  <li class=\"nav-item\">\n    <a class=\"nav-link\" id=\"profile-tab\" data-toggle=\"tab\" href=\"#profile\" role=\"tab\" aria-controls=\"profile\" aria-selected=\"false\">Mijas<\/a>\n  <\/li>\n  <li class=\"nav-item\">\n    <a class=\"nav-link\" id=\"contact-tab\" data-toggle=\"tab\" href=\"#contact\" role=\"tab\" aria-controls=\"contact\" aria-selected=\"false\">La Cala<\/a>\n  <\/li>\n<li class=\"nav-item\">\n    <a class=\"nav-link\" id=\"diseminado-tab\" data-toggle=\"tab\" href=\"#diseminado\" role=\"tab\" aria-controls=\"diseminado\" aria-selected=\"false\">Diseminados<\/a>\n  <\/li>\n<\/ul>\n<div class=\"tab-content\" id=\"myTabContent\">\n  <div class=\"tab-pane fade show active\" id=\"home\" role=\"tabpanel\" aria-labelledby=\"home-tab\">\n<br>\n<h2>DISCIPLINAS DE DANZA Y TEATRO<\/h2>\n<ul>\n<h5><li type=\"disc\">BAILE FLAMENCO<\/li><\/h5>\n<h5><li>BAILE REGIONAL<\/li><\/h5>\n<h5><li>BAILE DE SAL\u00d3N\/BAILES LATINOS<\/li><\/h5>\n<h5><li>BALLET CL\u00c1SICO<\/li><\/h5>\n<h5><li>SEVILLANAS<\/li><\/h5>\n<h5><li>TEATRO<\/li><\/h5>\n<\/ul><br>\n\n<h2>DISCIPLINAS ART\u00cdSTICAS<\/h2>\n<ul>\n<h5><li>CER\u00c1MICA, ESCULTURA, ALFARER\u00cdA Y AZULEJOS<\/li><\/h5>\n<h5><li>MANUALIDADES<\/li><\/h5>\n<h5><li>PINTURA<\/li><\/h5>\n<h5><li>TAPICES<\/li><\/h5>\n<h5><li>ESCRITURA CREATIVA<\/li><\/h5>\n<h5><li>FOTOGRAF\u00cdA DIGITAL<\/li><\/h5>\n<\/ul><br>\n\n<h2>DISCIPLINAS MUSICALES<\/h2>\n<ul>\n<h5><li>CANTO CORAL<\/li><\/h5>\n<h5><li>GUITARRA CL\u00c1SICA y GUITARRA AC\u00daSTICA<\/li><\/h5>\n<h5><li>GUITARRA FLAMENCA<\/li><\/h5>\n<h5><li>GUITARRA Y BAJO EL\u00c9CTRICO<\/li><\/h5>\n<h5><li>TROMPETA, TROMB\u00d3N DE VARA Y TROMPA<\/li><\/h5>\n<h5><li>CLARINETE, SAXOF\u00d3N, FLAUTA TRAVESERA Y OBOE<\/li><\/h5>\n<h5><li>LENGUAJE MUSICAL<\/li><\/h5>\n<h5><li>PIANO<\/li><\/h5>\n<h5><li>VIOL\u00cdN  Y VIOLA<\/li><\/h5>\n<\/ul><br>\n\n<h2>IDIOMAS<\/h2>\n<ul>\n<h5><li>ALEM\u00c1N<\/li><\/h5>\n<h5><li>FRANC\u00c9S<\/li><\/h5>\n<h5><li>ESPA\u00d1OL PARA EXTRANJEROS<\/li><\/h5>\n<h5><li>INGL\u00c9S<\/li><\/h5>\n<h5><li>ITALIANO<\/li><\/h5>\n<h5><li>JAPON\u00c9S<\/li><\/h5>\n<h5><li>RUSO<\/li><\/h5>\n<\/ul><br>\n\n<h2>NUEVAS TECNOLOG\u00cdAS<\/h2>\n<ul>\n<h5><li>ROB\u00d3TICA EDUCATIVA<\/li><\/h5>\n<h5><li>INFORM\u00c1TICA<\/li><\/h5>\n<\/ul><br>\n\n<h2>DISCIPLINAS PARA LA SALUD<\/h2>\n<ul>\n<h5><li>TAI &#8211; CHI<\/li><\/h5>\n<h5><li>YOGA<\/li><\/h5><\/ul><br>\n<\/div>\n  <div class=\"tab-pane fade\" id=\"profile\" role=\"tabpanel\" aria-labelledby=\"profile-tab\">\n<br>\n<h2>DISCIPLINAS DE DANZA Y TEATRO<\/h2>\n<ul>\n<h5><li type=\"disc\">BAILE FLAMENCO 1<\/li><\/h5>\n<h5><li>BAILE FLAMENCO 2<\/li><\/h5>\n<h5><li>BALLET<\/li><\/h5>\n<h5><li>SEVILLANAS<\/li><\/h5>\n<h5><li>BAILE DE SALON Y LATINOS<\/li><\/h5>\n<\/ul><br>\n\n<h2>DISCIPLINAS ART\u00cdSTICAS<\/h2>\n<ul>\n<h5><li>MANUALIDADES<\/li><\/h5>\n<h5><li>PINTURA INFANTIL<\/li><\/h5>\n<\/ul><br>\n\n<h2>DISCIPLINAS MUSICALES<\/h2>\n<ul>\n<h5><li>GUITARRA<\/li><\/h5>\n<h5><li>TROMPETA, TROMB\u00d3N DE VARA Y TROMPA<\/li><\/h5>\n<h5><li>CLARINETE, SAXOF\u00d3N, FLAUTA TRAVESERA Y OBOE<\/li><\/h5>\n<h5><li>PIANO<\/li><\/h5>\n<\/ul><br>\n\n<h2>IDIOMAS<\/h2>\n<ul>\n<h5><li>ESPA\u00d1OL<\/li><\/h5>\n<h5><li>INGL\u00c9S<\/li><\/h5>\n<\/ul><br>\n\n<h2>NUEVAS TECNOLOG\u00cdAS<\/h2>\n<ul>\n<h5><li>ROB\u00d3TICA EDUCATIVA<\/li><\/h5>\n<h5><li>INFORM\u00c1TICA<\/li><\/h5><\/ul><br>\n<\/div>\n  <div class=\"tab-pane fade\" id=\"contact\" role=\"tabpanel\" aria-labelledby=\"contact-tab\">\n<br>\n<h2>DISCIPLINAS DE DANZA Y TEATRO<\/h2>\n<ul>\n<h5><li type=\"disc\">BAILE<\/li><\/h5>\n<h5><li>SALSA Y BAILES LATINOS<\/li><\/h5>\n<h5><li>BALLET<\/li><\/h5>\n<h5><li>SEVILLANAS<\/li><\/h5>\n<\/ul><br>\n\n<h2>DISCIPLINAS ART\u00cdSTICAS<\/h2>\n<ul>\n<h5><li>CERAMICA<\/li><\/h5>\n<h5><li>MANUALIDADES<\/li><\/h5>\n<h5><li>PINTURA<\/li><\/h5>\n<\/ul><br>\n\n<h2>DISCIPLINAS MUSICALES<\/h2>\n<ul>\n<h5><li>GUITARRA FLAMENCA<\/li><\/h5>\n<h5><li>LENGUAJE MUSICAL<\/li><\/h5>\n<h5><li>PIANO<\/li><\/h5>\n<\/ul><br>\n\n<h2>IDIOMAS<\/h2>\n<ul>\n<h5><li>ESPA\u00d1OL<\/li><\/h5>\n<h5><li>INGL\u00c9S<\/li><\/h5>\n<h5><li>FRANCES<\/li><\/h5>\n<h5><li>RUSO<\/li><\/h5>\n<\/ul><br>\n\n<h2>NUEVAS TECNOLOG\u00cdAS<\/h2>\n<ul>\n<h5><li>INFORM\u00c1TICA<\/li><\/h5>\n<\/ul><br>\n\n<h2>DISCIPLINAS PARA LA SALUD<\/h2>\n<ul>\n<h5><li>TAI &#8211; CHI<\/li><\/h5>\n<h5><li>YOGA<\/li><\/h5><\/ul><br>\n<\/div>\n<div class=\"tab-pane fade\" id=\"diseminado\" role=\"tabpanel\" aria-labelledby=\"diseminado-tab\">\n<br>\n<h2>ENTRERRIOS<\/h2>\n<ul>\n<h5><li type=\"disc\">MANUALIDADES<\/li><\/h5>\n<h5><li>BAILES DE SAL\u00d3N<\/li><\/h5>\n<\/ul><br>\n\n<h2>LA ALQUER\u00cdA<\/h2>\n<ul>\n<h5><li>BAILES DE SAL\u00d3N<\/li><\/h5>\n<\/ul><br>\n\n<h2>VALTOCADO<\/h2>\n<ul>\n<h5><li>INGL\u00c9S<\/li><\/h5>\n<\/ul><br>\n\n<\/div>\n<\/div>\n<\/div>\n\n\n\n<p><\/p>\n","protected":false},"excerpt":{"rendered":"<p>PROGRAMACI\u00d3N UP 2025-2026 (Descarga PDF Programaci\u00f3n) Las Lagunas Mijas La Cala Diseminados DISCIPLINAS DE DANZA Y TEATRO BAILE FLAMENCO BAILE REGIONAL BAILE DE SAL\u00d3N\/BAILES LATINOS BALLET CL\u00c1SICO SEVILLANAS TEATRO DISCIPLINAS ART\u00cdSTICAS CER\u00c1MICA, ESCULTURA, ALFARER\u00cdA Y AZULEJOS MANUALIDADES PINTURA TAPICES ESCRITURA CREATIVA FOTOGRAF\u00cdA DIGITAL DISCIPLINAS MUSICALES CANTO CORAL GUITARRA CL\u00c1SICA y GUITARRA AC\u00daSTICA GUITARRA FLAMENCA GUITARRA [&hellip;]<\/p>\n","protected":false},"author":9,"featured_media":12890,"parent":12854,"menu_order":0,"comment_status":"closed","ping_status":"closed","template":"page-departamental.php","meta":[],"_links":{"self":[{"href":"https:\/\/www.mijas.es\/portal\/wp-json\/wp\/v2\/pages\/32866"}],"collection":[{"href":"https:\/\/www.mijas.es\/portal\/wp-json\/wp\/v2\/pages"}],"about":[{"href":"https:\/\/www.mijas.es\/portal\/wp-json\/wp\/v2\/types\/page"}],"author":[{"embeddable":true,"href":"https:\/\/www.mijas.es\/portal\/wp-json\/wp\/v2\/users\/9"}],"replies":[{"embeddable":true,"href":"https:\/\/www.mijas.es\/portal\/wp-json\/wp\/v2\/comments?post=32866"}],"version-history":[{"count":20,"href":"https:\/\/www.mijas.es\/portal\/wp-json\/wp\/v2\/pages\/32866\/revisions"}],"predecessor-version":[{"id":61580,"href":"https:\/\/www.mijas.es\/portal\/wp-json\/wp\/v2\/pages\/32866\/revisions\/61580"}],"up":[{"embeddable":true,"href":"https:\/\/www.mijas.es\/portal\/wp-json\/wp\/v2\/pages\/12854"}],"wp:featuredmedia":[{"embeddable":true,"href":"https:\/\/www.mijas.es\/portal\/wp-json\/wp\/v2\/media\/12890"}],"wp:attachment":[{"href":"https:\/\/www.mijas.es\/portal\/wp-json\/wp\/v2\/media?parent=32866"}],"curies":[{"name":"wp","href":"https:\/\/api.w.org\/{rel}","templated":true}]}}