{"id":323,"date":"2013-05-21T08:13:34","date_gmt":"2013-05-21T08:13:34","guid":{"rendered":"http:\/\/localhost\/pruebaweb\/?p=323"},"modified":"2019-03-11T13:52:57","modified_gmt":"2019-03-11T13:52:57","slug":"plan-general-de-ordenacion","status":"publish","type":"page","link":"https:\/\/www.mijas.es\/portal\/plan-general-de-ordenacion\/","title":{"rendered":"Plan General de Ordenaci&oacute;n"},"content":{"rendered":"<p class=\"contenidoTitular\">\n\tPlan General De Ordenaci\u00f3n Urbana<\/p>\n<ul>\n<li>\n\t\t01 Plan General de Ordenaci\u00f3n Urbana de Mijas<\/li>\n<li>\n\t\t02 Modificaciones PGOU Mijas<\/li>\n<li>\n\t\t03 Adaptaci\u00f3n Parcial del Plan General de Mijas a la LOUA<\/li>\n<li>\n\t\t04 Modificaciones PGOU Mijas Adaptado LOUA<\/li>\n<li>\n\t\t04 Planes Parciales<\/li>\n<li>\n\t\t05 Correccion Error Area Reparto C-II<\/li>\n<li>\n\t\t06 Expedientes de Regularizacion<\/li>\n<li>\n\t\t07 Planes Especiales<\/li>\n<li>\n\t\t08 Estudios de Detalle<\/li>\n<li>\n\t\t09 Instrumentos de Gestion<\/li>\n<li>\n\t\t10 Delimitaci\u00f3n de Asentamientos Urban\u00edsticos y H\u00e1bitat Rural Diseminado en el SNU<\/li>\n<li>\n\t\t11 Documentacion Complementaria<\/li>\n<\/ul>\n<p><\/p>\n","protected":false},"excerpt":{"rendered":"<p>Plan General De Ordenaci\u00f3n Urbana 01 Plan General de Ordenaci\u00f3n Urbana de Mijas 02 Modificaciones PGOU Mijas 03 Adaptaci\u00f3n Parcial del Plan General de Mijas a la LOUA 04 Modificaciones PGOU Mijas Adaptado LOUA 04 Planes Parciales 05 Correccion Error Area Reparto C-II 06 Expedientes de Regularizacion 07 Planes Especiales 08 Estudios de Detalle 09 [&hellip;]<\/p>\n","protected":false},"author":1,"featured_media":0,"parent":0,"menu_order":0,"comment_status":"closed","ping_status":"open","template":"","meta":[],"_links":{"self":[{"href":"https:\/\/www.mijas.es\/portal\/wp-json\/wp\/v2\/pages\/323"}],"collection":[{"href":"https:\/\/www.mijas.es\/portal\/wp-json\/wp\/v2\/pages"}],"about":[{"href":"https:\/\/www.mijas.es\/portal\/wp-json\/wp\/v2\/types\/page"}],"author":[{"embeddable":true,"href":"https:\/\/www.mijas.es\/portal\/wp-json\/wp\/v2\/users\/1"}],"replies":[{"embeddable":true,"href":"https:\/\/www.mijas.es\/portal\/wp-json\/wp\/v2\/comments?post=323"}],"version-history":[{"count":1,"href":"https:\/\/www.mijas.es\/portal\/wp-json\/wp\/v2\/pages\/323\/revisions"}],"predecessor-version":[{"id":11774,"href":"https:\/\/www.mijas.es\/portal\/wp-json\/wp\/v2\/pages\/323\/revisions\/11774"}],"wp:attachment":[{"href":"https:\/\/www.mijas.es\/portal\/wp-json\/wp\/v2\/media?parent=323"}],"curies":[{"name":"wp","href":"https:\/\/api.w.org\/{rel}","templated":true}]}}