{"id":32233,"date":"2020-08-04T13:45:41","date_gmt":"2020-08-04T13:45:41","guid":{"rendered":"https:\/\/www.mijas.es\/portal\/?page_id=32233"},"modified":"2020-08-04T13:45:41","modified_gmt":"2020-08-04T13:45:41","slug":"programa-agente-tutor","status":"publish","type":"page","link":"https:\/\/www.mijas.es\/portal\/inclusion-social\/programa-agente-tutor\/","title":{"rendered":"PROGRAMA AGENTE TUTOR"},"content":{"rendered":"\n<p>\nServicio de la Polic\u00eda Local especializado en la promoci\u00f3n del\n      respeto a los derechos de la infancia, por lo que su intervenci\u00f3n\n      se concentra en el \u00e1mbito de la protecci\u00f3n del menor y la\n      prevenci\u00f3n en el entorno escolar.<br><br>\n      En el municipio de Mijas combate principalmente:<br><br>\n      &#8211; El Absentismo.<br>\n      &#8211; El consumo de drogas por parte de menores.<br>\n      &#8211; Y el acoso Escolar.<br><br>\n      Dicho programa se lleva desarrollando en Mijas desde marzo de\n      2017, siendo el primer municipio de la provincia de M\u00e1laga en\n      adherirse a Protocolo Marco de la Federaci\u00f3n Espa\u00f1ola de\n      Municipios y Provincias.<br><br>\n      En diciembre de 2019 recibe el Premio a la Excelencia por su\n      Programa contra el Absentismo Escolar, en los I Premios de la\n      Asociaci\u00f3n Nacional de Agentes Tutores.\n\n<\/p>\n","protected":false},"excerpt":{"rendered":"<p>Servicio de la Polic\u00eda Local especializado en la promoci\u00f3n del respeto a los derechos de la infancia, por lo que su intervenci\u00f3n se concentra en el \u00e1mbito de la protecci\u00f3n del menor y la prevenci\u00f3n en el entorno escolar. En el municipio de Mijas combate principalmente: &#8211; El Absentismo. &#8211; El consumo de drogas por [&hellip;]<\/p>\n","protected":false},"author":1,"featured_media":0,"parent":16646,"menu_order":0,"comment_status":"closed","ping_status":"closed","template":"page-departamental.php","meta":[],"_links":{"self":[{"href":"https:\/\/www.mijas.es\/portal\/wp-json\/wp\/v2\/pages\/32233"}],"collection":[{"href":"https:\/\/www.mijas.es\/portal\/wp-json\/wp\/v2\/pages"}],"about":[{"href":"https:\/\/www.mijas.es\/portal\/wp-json\/wp\/v2\/types\/page"}],"author":[{"embeddable":true,"href":"https:\/\/www.mijas.es\/portal\/wp-json\/wp\/v2\/users\/1"}],"replies":[{"embeddable":true,"href":"https:\/\/www.mijas.es\/portal\/wp-json\/wp\/v2\/comments?post=32233"}],"version-history":[{"count":1,"href":"https:\/\/www.mijas.es\/portal\/wp-json\/wp\/v2\/pages\/32233\/revisions"}],"predecessor-version":[{"id":32234,"href":"https:\/\/www.mijas.es\/portal\/wp-json\/wp\/v2\/pages\/32233\/revisions\/32234"}],"up":[{"embeddable":true,"href":"https:\/\/www.mijas.es\/portal\/wp-json\/wp\/v2\/pages\/16646"}],"wp:attachment":[{"href":"https:\/\/www.mijas.es\/portal\/wp-json\/wp\/v2\/media?parent=32233"}],"curies":[{"name":"wp","href":"https:\/\/api.w.org\/{rel}","templated":true}]}}