{"id":322,"date":"2013-05-21T08:12:36","date_gmt":"2013-05-21T08:12:36","guid":{"rendered":"http:\/\/localhost\/pruebaweb\/?p=322"},"modified":"2023-05-08T10:04:51","modified_gmt":"2023-05-08T09:04:51","slug":"planeamiento","status":"publish","type":"page","link":"https:\/\/www.mijas.es\/portal\/urbanismo\/planeamiento\/","title":{"rendered":"Planeamiento"},"content":{"rendered":"<p style=\"text-align: justify;\">Con car\u00e1cter general, el Departamento de Planeamiento y Gesti\u00f3n se encarga de las actuaciones relacionadas con la planificaci\u00f3n y gesti\u00f3n del urbanismo local. Una labor centrada en la creaci\u00f3n de la ciudad sobre el territorio, planificando y gestionando la ordenaci\u00f3n urbana, de tal manera que se preserven los espacios naturales y los bienes del patrimonio hist\u00f3rico, cultural y art\u00edstico, se mejore la calidad del entorno urbano y se promueva el desarrollo econ\u00f3mico y la cohesi\u00f3n social.<\/p>\n<p style=\"text-align: justify;\">Contribuci\u00f3n, con ello y entre otros, a garantizar la disposici\u00f3n de una vivienda digna y adecuada por todos los ciudadanos, mediante la previsi\u00f3n y reserva de suelos necesarios.<\/p>\n<p style=\"text-align: justify;\">Adem\u00e1s, esta \u00e1rea se orienta a la b\u00fasqueda del desarrollo que asegura las necesidades del presente sin comprometer la capacidad de las futuras generaciones para enfrentarse a sus propias necesidades, incorporando tambi\u00e9n pol\u00edticas de sostenibilidad.<\/p>\n<p style=\"text-align: justify;\">De esta manera, el Departamento de Planeamiento y Gesti\u00f3n tiene como actividad principal la redacci\u00f3n del planeamiento general del municipio y su ordenaci\u00f3n urbana, su ejecuci\u00f3n mediante el desarrollo, modificaci\u00f3n y revisi\u00f3n del PGOU; la gesti\u00f3n urban\u00edstica y las obras de infraestructura urbana en el t\u00e9rmino municipal de Mijas. Distinguiendo entre sus funciones:<\/p>\n<ul>\n<li>Se encarga del desarrollo y tramitaci\u00f3n de las figuras de planeamiento previstas y no previstas en el Plan General de Ordenaci\u00f3n Urbana (PGOU), a trav\u00e9s del ejercicio de sus responsabilidades, competencias propias y la coordinaci\u00f3n de sus recursos t\u00e9cnicos y humanos con los otros Departamentos de la Delegaci\u00f3n de Urbanismo.<\/li>\n<li>Control y seguimiento de los objetivos del PGOU y de los ritmos de la iniciativa p\u00fablica y privada en el desarrollo del mismo.<br \/>\nImpulsa las iniciativas p\u00fablicas y privadas de desarrollo de las figuras de planeamiento, as\u00ed como la gesti\u00f3n de la Ejecuci\u00f3n del Planeamiento y urbanizaci\u00f3n seg\u00fan la legislaci\u00f3n vigente.<\/li>\n<\/ul>\n<p>Ofreciendo los siguientes servicios de planeamiento y gesti\u00f3n al ciudadano:<\/p>\n<p>\u00b7 Entidades de conservaci\u00f3n.<br \/>\n\u00b7 Plan Especial de Reforma Interior (PERI).<br \/>\n\u00b7 Planes Especiales.<br \/>\n\u00b7 Planes Parciales.<br \/>\n\u00b7 Plan Especial de Protecci\u00f3n y Reforma Interior. (PEPRI)<br \/>\n\u00b7 Plan General de Ordenaci\u00f3n Urban\u00edstica. (PGOU)<br \/>\n\u00b7 Proyecto urbanizaci\u00f3n.<br \/>\n\u00b7 Estudios de Detalle.<br \/>\n\u00b7 Informaci\u00f3n Urban\u00edstica.<br \/>\n\u00b7 Registro municipal de solares.<br \/>\n\u00b7 Permuta de terrenos o inmuebles.<br \/>\n\u00b7 Proyecto de parcelaci\u00f3n.<br \/>\n\u00b7 Cesiones-Ejecuciones Planes.<\/p>\n<p>Documentos Relacionados<\/p>\n<p style=\"text-align: justify;\">Solicitudes:<\/p>\n<ul>\n<li><a href=\"https:\/\/www.mijas.es\/wp-content\/uploads\/2022\/01\/ESTUDIO%20DE%20DETALLE.pdf\" target=\"_blank\" rel=\"noopener\">Solicitud De Estudio De Detalle <\/a><\/li>\n<li><a href=\"https:\/\/www.mijas.es\/wp-content\/uploads\/2022\/01\/PLAN%20PARCIAL%20DE%20ORDENACI%C3%93N.pdf\" target=\"_blank\" rel=\"noopener\">Solicitud De Plan Parcial\u00a0De Ordenaci\u00f3n <\/a><\/li>\n<li><a href=\"https:\/\/www.mijas.es\/wp-content\/uploads\/2022\/01\/PROYECTO%20DE%20REPARCELACI%C3%93N.pdf\" target=\"_blank\" rel=\"noopener\">Solicitud De Proyecto De Reparcelaci\u00f3n <\/a><\/li>\n<li><a href=\"https:\/\/www.mijas.es\/wp-content\/uploads\/2011\/06\/p4SolicitudProyectoUrbanizacion.pdf\" target=\"_blank\" rel=\"noopener\">Solicitud De Proyecto De Urbanizaci\u00f3n<\/a><\/li>\n<li><a href=\"https:\/\/www.mijas.es\/wp-content\/uploads\/2022\/01\/PLAN%20ESPECIAL.pdf\" target=\"_blank\" rel=\"noopener\">Solicitud de Plan Especial<\/a><\/li>\n<li><a href=\"https:\/\/www.mijas.es\/wp-content\/uploads\/2011\/06\/MODELO_PROYECTO_DE_URBANIZACIN.doc\" target=\"_blank\" rel=\"noopener\">Modelo De Proyecto de Urbanizaci\u00f3n<\/a><\/li>\n<\/ul>\n","protected":false},"excerpt":{"rendered":"<p>Con car\u00e1cter general, el Departamento de Planeamiento y Gesti\u00f3n se encarga de las actuaciones relacionadas con la planificaci\u00f3n y gesti\u00f3n del urbanismo local. Una labor centrada en la creaci\u00f3n de la ciudad sobre el territorio, planificando y gestionando la ordenaci\u00f3n urbana, de tal manera que se preserven los espacios naturales y los bienes del patrimonio [&hellip;]<\/p>\n","protected":false},"author":1,"featured_media":12675,"parent":12090,"menu_order":0,"comment_status":"closed","ping_status":"open","template":"page-departamental.php","meta":[],"_links":{"self":[{"href":"https:\/\/www.mijas.es\/portal\/wp-json\/wp\/v2\/pages\/322"}],"collection":[{"href":"https:\/\/www.mijas.es\/portal\/wp-json\/wp\/v2\/pages"}],"about":[{"href":"https:\/\/www.mijas.es\/portal\/wp-json\/wp\/v2\/types\/page"}],"author":[{"embeddable":true,"href":"https:\/\/www.mijas.es\/portal\/wp-json\/wp\/v2\/users\/1"}],"replies":[{"embeddable":true,"href":"https:\/\/www.mijas.es\/portal\/wp-json\/wp\/v2\/comments?post=322"}],"version-history":[{"count":5,"href":"https:\/\/www.mijas.es\/portal\/wp-json\/wp\/v2\/pages\/322\/revisions"}],"predecessor-version":[{"id":50336,"href":"https:\/\/www.mijas.es\/portal\/wp-json\/wp\/v2\/pages\/322\/revisions\/50336"}],"up":[{"embeddable":true,"href":"https:\/\/www.mijas.es\/portal\/wp-json\/wp\/v2\/pages\/12090"}],"wp:featuredmedia":[{"embeddable":true,"href":"https:\/\/www.mijas.es\/portal\/wp-json\/wp\/v2\/media\/12675"}],"wp:attachment":[{"href":"https:\/\/www.mijas.es\/portal\/wp-json\/wp\/v2\/media?parent=322"}],"curies":[{"name":"wp","href":"https:\/\/api.w.org\/{rel}","templated":true}]}}