{"id":319,"date":"2013-05-21T08:11:00","date_gmt":"2013-05-21T08:11:00","guid":{"rendered":"http:\/\/localhost\/pruebaweb\/?p=319"},"modified":"2023-05-05T09:46:55","modified_gmt":"2023-05-05T08:46:55","slug":"obras-via-publica","status":"publish","type":"page","link":"https:\/\/www.mijas.es\/portal\/urbanismo\/obras-via-publica\/","title":{"rendered":"Obras V&iacute;a P&uacute;blica"},"content":{"rendered":"<p>Normativa, Plantilla<\/p>\n<p><strong>Normativa espec\u00edfica<\/strong><\/p>\n<ul>\n<li style=\"text-align: justify;\"><a href=\"https:\/\/www.mijas.es\/wp-content\/uploads\/2011\/06\/OrdenanzaTasaAperturaCalicatasZanjas.pdf\" target=\"_blank\" rel=\"noopener\">Ordenanza Fiscal Reguladora De La Tasa Por Apertura De Calicatas o Zanjas En Terrenos De Uso P\u00fablico y Cualquier Remoci\u00f3n De Pavimento\u00a0 o Aceras en AA V\u00eda P\u00fablica <\/a><\/li>\n<li><a href=\"https:\/\/www.mijas.es\/wp-content\/uploads\/2011\/06\/OrdenanzaTasaAprovechamiento.pdf\" target=\"_blank\" rel=\"noopener\">Ordenanza de Tasa de Aprovechamiento Especiall o Utilizacion Privatica en Dominio Publico con Tendidos &#8211; Tuberias &#8211; etc<\/a><\/li>\n<li><a href=\"https:\/\/www.mijas.es\/wp-content\/uploads\/2011\/06\/OrdenanzaTasaAlcantarillado.pdf\" target=\"_blank\" rel=\"noopener\">Ordenanza de Tasa De Alcantarillado y Canalizaciones<\/a><\/li>\n<li><a href=\"https:\/\/www.mijas.es\/wp-content\/uploads\/2011\/06\/OrdenanzaTasaSuministroDomiciliarioAguaPotable.pdf\" target=\"_blank\" rel=\"noopener\">Ordenanza de Tasa por Suministro Domiciliario de Agua Potable<\/a><\/li>\n<\/ul>\n<p><strong>Plantillas<\/strong><\/p>\n<ul>\n<li><a href=\"https:\/\/www.mijas.es\/wp-content\/uploads\/2011\/06\/ContenidoMinProyectosCanalizaciones.tif\" target=\"_blank\" rel=\"noopener\">Contenido m\u00ednimo Proyectos de canalizaciones<\/a><\/li>\n<li><a href=\"https:\/\/www.mijas.es\/wp-content\/uploads\/2011\/06\/DorsoGeneralLicenciasObras.pdf\" target=\"_blank\" rel=\"noopener\">Dorso General que acompa\u00f1an a las licencias de obras<\/a><\/li>\n<\/ul>\n","protected":false},"excerpt":{"rendered":"<p>Normativa, Plantilla Normativa espec\u00edfica Ordenanza Fiscal Reguladora De La Tasa Por Apertura De Calicatas o Zanjas En Terrenos De Uso P\u00fablico y Cualquier Remoci\u00f3n De Pavimento\u00a0 o Aceras en AA V\u00eda P\u00fablica Ordenanza de Tasa de Aprovechamiento Especiall o Utilizacion Privatica en Dominio Publico con Tendidos &#8211; Tuberias &#8211; etc Ordenanza de Tasa De Alcantarillado [&hellip;]<\/p>\n","protected":false},"author":1,"featured_media":12675,"parent":12090,"menu_order":0,"comment_status":"closed","ping_status":"open","template":"page-departamental.php","meta":[],"_links":{"self":[{"href":"https:\/\/www.mijas.es\/portal\/wp-json\/wp\/v2\/pages\/319"}],"collection":[{"href":"https:\/\/www.mijas.es\/portal\/wp-json\/wp\/v2\/pages"}],"about":[{"href":"https:\/\/www.mijas.es\/portal\/wp-json\/wp\/v2\/types\/page"}],"author":[{"embeddable":true,"href":"https:\/\/www.mijas.es\/portal\/wp-json\/wp\/v2\/users\/1"}],"replies":[{"embeddable":true,"href":"https:\/\/www.mijas.es\/portal\/wp-json\/wp\/v2\/comments?post=319"}],"version-history":[{"count":5,"href":"https:\/\/www.mijas.es\/portal\/wp-json\/wp\/v2\/pages\/319\/revisions"}],"predecessor-version":[{"id":50304,"href":"https:\/\/www.mijas.es\/portal\/wp-json\/wp\/v2\/pages\/319\/revisions\/50304"}],"up":[{"embeddable":true,"href":"https:\/\/www.mijas.es\/portal\/wp-json\/wp\/v2\/pages\/12090"}],"wp:featuredmedia":[{"embeddable":true,"href":"https:\/\/www.mijas.es\/portal\/wp-json\/wp\/v2\/media\/12675"}],"wp:attachment":[{"href":"https:\/\/www.mijas.es\/portal\/wp-json\/wp\/v2\/media?parent=319"}],"curies":[{"name":"wp","href":"https:\/\/api.w.org\/{rel}","templated":true}]}}