{"id":31807,"date":"2020-06-29T12:15:46","date_gmt":"2020-06-29T12:15:46","guid":{"rendered":"https:\/\/www.mijas.es\/portal\/?page_id=31807"},"modified":"2025-06-06T12:42:39","modified_gmt":"2025-06-06T11:42:39","slug":"desbroces","status":"publish","type":"page","link":"https:\/\/www.mijas.es\/portal\/medio-ambiente\/desbroces\/","title":{"rendered":"Desbroces"},"content":{"rendered":"\n<p><strong>COMUNICACI\u00d3N PREVIA PARA EL DESBROCE DE PARCELAS<\/strong><\/p>\n\n\n\n<figure class=\"wp-block-image is-resized\"><img decoding=\"async\" src=\"https:\/\/www.mijas.es\/wp-content\/uploads\/2020\/06\/desbroceheader-1024x351.jpg\" alt=\"\" class=\"wp-image-31808\" width=\"788\" height=\"269\" srcset=\"https:\/\/www.mijas.es\/wp-content\/uploads\/2020\/06\/desbroceheader-1024x351.jpg 1024w, https:\/\/www.mijas.es\/wp-content\/uploads\/2020\/06\/desbroceheader-300x103.jpg 300w, https:\/\/www.mijas.es\/wp-content\/uploads\/2020\/06\/desbroceheader.jpg 1632w\" sizes=\"(max-width: 788px) 100vw, 788px\" \/><\/figure>\n\n\n\n<p>Las tareas peri\u00f3dicas de desbroce y\nmantenimiento de parcelas y solares no est\u00e1n sujetas a licencia municipal, sino\na una mera comunicaci\u00f3n al Ayuntamiento.<\/p>\n\n\n\n<p><strong>EN UN PLAZO DE DIEZ D\u00cdAS, USTED PODR\u00cdA\nRECIBIR AVISO DE LOS SERVICIOS T\u00c9CNICOS DEL AYUNTAMIENTO INDICANDO QUE EL\nDESBROCE ES CONTRARIO A NORMATIVA O QUE PRECISA DE LICENCIA DE OBRAS O\nAUTORIZACI\u00d3N DE LA ADMINISTRACI\u00d3N COMPETENTE, POR LO QUE SE RECOMIENDA NO\nCOMENZAR LA ACTUACI\u00d3N HASTA PASADO DIEZ D\u00cdAS H\u00c1BILES DESDE LA COMUNICACI\u00d3N, YA\nQUE PODR\u00cdA INCURRIR EN UNA POSIBLE INFRACCI\u00d3N EN ESTE CASO.<\/strong><\/p>\n\n\n\n<p><strong>Excepciones.<\/strong>&#8211; <strong>Siempre precisar\u00e1n licencia de\nobras estas actuaciones<\/strong>:<\/p>\n\n\n\n<p>&#8211; Movimiento de tierras<\/p>\n\n\n\n<p>&#8211; Las que afecten al dominio p\u00fablico<\/p>\n\n\n\n<p>&#8211; Eliminaci\u00f3n de vegetaci\u00f3n de\ncar\u00e1cter forestal<\/p>\n\n\n\n<p><strong>ES OBLIGATORIO CUMPLIR<\/strong> con lo dispuesto en el art. 27 de\nla <em>Ordenanza de planificaci\u00f3n, gesti\u00f3n, uso y protecci\u00f3n de las zonas verdes\ny del patrimonio vegetal del t\u00e9rmino municipal de Mijas<\/em>, que establece lo\nsiguiente:<\/p>\n\n\n\n<p>1. Dado el papel protector de la\ncubierta vegetal ante la erosi\u00f3n y de refugio para la fauna, se proh\u00edben los\ndesbroces de toda la superficie de una parcela, finca o predio fuera del suelo\nurbano, exceptuando los necesarios para la actividad agropecuaria o aquellas\nactuaciones recogidas en un plan de autoprotecci\u00f3n contra incendios forestales,\naprobado en su caso por la administraci\u00f3n competente en la materia<em>.<\/em><\/p>\n\n\n\n<p>2. De forma general, los desbroces\nse realizar\u00e1n siguiendo los siguientes criterios t\u00e9cnicos:<\/p>\n\n\n\n<p>&#8211; Los desbroces mecanizados que\nsupongan remoci\u00f3n del terreno no podr\u00e1n efectuarse en pendientes superiores al\n20%, en cuyo caso, el desbroce tendr\u00e1 que realizarse con herramientas o\ndesbrozadoras que no supongan remoci\u00f3n del terreno.<\/p>\n\n\n\n<p>&#8211; Se tendr\u00e1 que respetar la\nregeneraci\u00f3n natural que exista en la zona a desbrozar.<\/p>\n\n\n\n<p>&#8211; El desbroce ser\u00e1 selectivo,\nrespetando aquellas especies vegetales que por su valor biol\u00f3gico, cultural y\/o\necol\u00f3gico es necesario proteger.<\/p>\n\n\n\n<p>&#8211; Los desbroces mecanizados deber\u00e1n\nhacerse siguiendo curvas de nivel en las zonas en las que la pendiente del\nterreno lo permita.<\/p>\n\n\n\n<p>&#8211; Las labores a desarrollar no\npodr\u00e1n alterar negativamente al suelo, no debiendo producirse procesos erosivos\nirreversibles.<\/p>\n\n\n\n<p>&#8211; El desarrollo de los trabajos no\npodr\u00e1 molestar ni da\u00f1ar a la fauna silvestre, debiendo respetarse las zonas y\n\u00e9pocas de nidificaci\u00f3n de la avifauna.<\/p>\n\n\n\n<p>&#8211; La ejecuci\u00f3n del trabajo\ncontemplar\u00e1 las medidas preventivas contra incendios forestales indicadas en la\nlegislaci\u00f3n vigente.<\/p>\n\n\n\n<p>Queda por tanto <strong>prohibido el desbroce hasta suelo mineral<\/strong> fuera del suelo urbano, para evitar procesos erosivos, recomend\u00e1ndose la utilizaci\u00f3n de motodesbrozadoras manuales o m\u00e1quinas desbrozadorasde martillo o de cadena que triture el material vegetal desbrozado dej\u00e1ndolo sobre el terreno para la mejora de la estructura y calidad del suelo.<\/p>\n\n\n\n<figure class=\"wp-block-image is-resized\"><img decoding=\"async\" src=\"https:\/\/www.mijas.es\/wp-content\/uploads\/2020\/06\/BrozaSi.jpg\" alt=\"\" class=\"wp-image-31830\" width=\"584\" height=\"417\" srcset=\"https:\/\/www.mijas.es\/wp-content\/uploads\/2020\/06\/BrozaSi.jpg 530w, https:\/\/www.mijas.es\/wp-content\/uploads\/2020\/06\/BrozaSi-300x214.jpg 300w\" sizes=\"(max-width: 584px) 100vw, 584px\" \/><\/figure>\n\n\n\n<figure class=\"wp-block-image is-resized\"><img decoding=\"async\" src=\"https:\/\/www.mijas.es\/wp-content\/uploads\/2020\/06\/BrozaNo.jpg\" alt=\"\" class=\"wp-image-31829\" width=\"585\" height=\"340\" srcset=\"https:\/\/www.mijas.es\/wp-content\/uploads\/2020\/06\/BrozaNo.jpg 565w, https:\/\/www.mijas.es\/wp-content\/uploads\/2020\/06\/BrozaNo-300x174.jpg 300w\" sizes=\"(max-width: 585px) 100vw, 585px\" \/><\/figure>\n\n\n\n<p>Asimismo, en virtud de acuerdo por\nel Ayuntamiento Pleno de fecha 29\/04\/2014, <strong>no\nse aconseja el uso de herbicidas ni pesticidas<\/strong> en el medio natural, por sus\nefectos negativos sobre las personas y el medio ambiente.<\/p>\n\n\n\n<p><a rel=\"noreferrer noopener\" href=\"https:\/\/mijas.sedelectronica.es\/?x=t4ha-r7X28-spe5JG5L*3B7itFdaDKZ8rffzgDOKgwVAj9QJMWRRsDPJAIpDWYN2UALZ*q20lbo4DUfypDEo9OLKtNFnEkbHPXV1UswVPYYplu5VSrNc753yfuGxy3KhHZ5ZQLbnlf0bilMjxmEh*0SVhlpADEru5alt10AsOyOGUc3x9xx-5Q15c3QwEWJWfxPezp68cLaIiv6rf9I5yg\" target=\"_blank\">&#8211; Comunicaci\u00f3n Desbroce de parcelas (<\/a><a rel=\"noreferrer noopener\" href=\"https:\/\/mijas.sedelectronica.es\/?x=t4ha-r7X28-spe5JG5L*3B7itFdaDKZ8rffzgDOKgwVAj9QJMWRRsDPJAIpDWYN2UALZ*q20lbo4DUfypDEo9OLKtNFnEkbHPXV1UswVPYYplu5VSrNc753yfuGxy3KhHZ5ZQLbnlf0bilMjxmEh*0SVhlpADEru5alt10AsOyOGUc3x9xx-5Q15c3QwEWJWfxPezp68cLaIiv6rf9I5yg\" target=\"_blank\">S<\/a><a rel=\"noreferrer noopener\" href=\"https:\/\/mijas.sedelectronica.es\/?x=t4ha-r7X28-spe5JG5L*3B7itFdaDKZ8rffzgDOKgwVAj9QJMWRRsDPJAIpDWYN2UALZ*q20lbo4DUfypDEo9OLKtNFnEkbHPXV1UswVPYYplu5VSrNc753yfuGxy3KhHZ5ZQLbnlf0bilMjxmEh*0SVhlpADEru5alt10AsOyOGUc3x9xx-5Q15c3QwEWJWfxPezp68cLaIiv6rf9I5yg\" target=\"_blank\">e<\/a><a rel=\"noreferrer noopener\" href=\"https:\/\/mijas.sedelectronica.es\/?x=t4ha-r7X28-spe5JG5L*3B7itFdaDKZ8rffzgDOKgwVAj9QJMWRRsDPJAIpDWYN2UALZ*q20lbo4DUfypDEo9OLKtNFnEkbHPXV1UswVPYYplu5VSrNc753yfuGxy3KhHZ5ZQLbnlf0bilMjxmEh*0SVhlpADEru5alt10AsOyOGUc3x9xx-5Q15c3QwEWJWfxPezp68cLaIiv6rf9I5yg\" target=\"_blank\">d<\/a><a rel=\"noreferrer noopener\" href=\"https:\/\/mijas.sedelectronica.es\/?x=t4ha-r7X28-spe5JG5L*3B7itFdaDKZ8rffzgDOKgwVAj9QJMWRRsDPJAIpDWYN2UALZ*q20lbo4DUfypDEo9OLKtNFnEkbHPXV1UswVPYYplu5VSrNc753yfuGxy3KhHZ5ZQLbnlf0bilMjxmEh*0SVhlpADEru5alt10AsOyOGUc3x9xx-5Q15c3QwEWJWfxPezp68cLaIiv6rf9I5yg\" target=\"_blank\">e<\/a><a rel=\"noreferrer noopener\" href=\"https:\/\/mijas.sedelectronica.es\/?x=t4ha-r7X28-spe5JG5L*3B7itFdaDKZ8rffzgDOKgwVAj9QJMWRRsDPJAIpDWYN2UALZ*q20lbo4DUfypDEo9OLKtNFnEkbHPXV1UswVPYYplu5VSrNc753yfuGxy3KhHZ5ZQLbnlf0bilMjxmEh*0SVhlpADEru5alt10AsOyOGUc3x9xx-5Q15c3QwEWJWfxPezp68cLaIiv6rf9I5yg\" target=\"_blank\"> <\/a><a rel=\"noreferrer noopener\" href=\"https:\/\/mijas.sedelectronica.es\/?x=t4ha-r7X28-spe5JG5L*3B7itFdaDKZ8rffzgDOKgwVAj9QJMWRRsDPJAIpDWYN2UALZ*q20lbo4DUfypDEo9OLKtNFnEkbHPXV1UswVPYYplu5VSrNc753yfuGxy3KhHZ5ZQLbnlf0bilMjxmEh*0SVhlpADEru5alt10AsOyOGUc3x9xx-5Q15c3QwEWJWfxPezp68cLaIiv6rf9I5yg\" target=\"_blank\">Electr\u00f3nica<\/a><a rel=\"noreferrer noopener\" href=\"https:\/\/mijas.sedelectronica.es\/?x=t4ha-r7X28-spe5JG5L*3B7itFdaDKZ8rffzgDOKgwVAj9QJMWRRsDPJAIpDWYN2UALZ*q20lbo4DUfypDEo9OLKtNFnEkbHPXV1UswVPYYplu5VSrNc753yfuGxy3KhHZ5ZQLbnlf0bilMjxmEh*0SVhlpADEru5alt10AsOyOGUc3x9xx-5Q15c3QwEWJWfxPezp68cLaIiv6rf9I5yg\" target=\"_blank\">)<\/a><\/p>\n","protected":false},"excerpt":{"rendered":"<p>COMUNICACI\u00d3N PREVIA PARA EL DESBROCE DE PARCELAS Las tareas peri\u00f3dicas de desbroce y mantenimiento de parcelas y solares no est\u00e1n sujetas a licencia municipal, sino a una mera comunicaci\u00f3n al Ayuntamiento. EN UN PLAZO DE DIEZ D\u00cdAS, USTED PODR\u00cdA RECIBIR AVISO DE LOS SERVICIOS T\u00c9CNICOS DEL AYUNTAMIENTO INDICANDO QUE EL DESBROCE ES CONTRARIO A NORMATIVA [&hellip;]<\/p>\n","protected":false},"author":1,"featured_media":0,"parent":12115,"menu_order":0,"comment_status":"closed","ping_status":"closed","template":"page-departamental.php","meta":[],"_links":{"self":[{"href":"https:\/\/www.mijas.es\/portal\/wp-json\/wp\/v2\/pages\/31807"}],"collection":[{"href":"https:\/\/www.mijas.es\/portal\/wp-json\/wp\/v2\/pages"}],"about":[{"href":"https:\/\/www.mijas.es\/portal\/wp-json\/wp\/v2\/types\/page"}],"author":[{"embeddable":true,"href":"https:\/\/www.mijas.es\/portal\/wp-json\/wp\/v2\/users\/1"}],"replies":[{"embeddable":true,"href":"https:\/\/www.mijas.es\/portal\/wp-json\/wp\/v2\/comments?post=31807"}],"version-history":[{"count":7,"href":"https:\/\/www.mijas.es\/portal\/wp-json\/wp\/v2\/pages\/31807\/revisions"}],"predecessor-version":[{"id":61527,"href":"https:\/\/www.mijas.es\/portal\/wp-json\/wp\/v2\/pages\/31807\/revisions\/61527"}],"up":[{"embeddable":true,"href":"https:\/\/www.mijas.es\/portal\/wp-json\/wp\/v2\/pages\/12115"}],"wp:attachment":[{"href":"https:\/\/www.mijas.es\/portal\/wp-json\/wp\/v2\/media?parent=31807"}],"curies":[{"name":"wp","href":"https:\/\/api.w.org\/{rel}","templated":true}]}}