{"id":317,"date":"2013-05-21T08:10:24","date_gmt":"2013-05-21T08:10:24","guid":{"rendered":"http:\/\/localhost\/pruebaweb\/?p=317"},"modified":"2023-05-05T09:43:30","modified_gmt":"2023-05-05T08:43:30","slug":"inspeccion-tecnica-de-edificios","status":"publish","type":"page","link":"https:\/\/www.mijas.es\/portal\/urbanismo\/inspeccion-tecnica-de-edificios\/","title":{"rendered":"Inspecci&oacute;n T&eacute;cnica de Edificios"},"content":{"rendered":"<p style=\"text-align: justify;\"><strong>Inspecci\u00f3n T\u00e9cnica de Edificios (I.T.E.)<\/strong><\/p>\n<p style=\"text-align: justify;\">Con la inspecci\u00f3n t\u00e9cnica de edificios (I.T.E.) se persigue facilitar el deber de conservaci\u00f3n que corresponde a los propietarios de construcciones y edificaciones, introduciendo la obligaci\u00f3n de efectuar una inspecci\u00f3n peri\u00f3dica dirigida a determina el estado de conservaci\u00f3n de las mismas y el cumplimiento del deber de conservaci\u00f3n impuesto por la normativa urban\u00edstica y de r\u00e9gimen de suelo.<\/p>\n<p style=\"text-align: justify;\">El deber de conservaci\u00f3n conlleva el mantenimiento de las adecuadas condiciones de seguridad, salubridad y ornato p\u00fablico de la construcci\u00f3n o edificaci\u00f3n en su conjunto para todas aquellas que tengan una antig\u00fcedad superior a 25 a\u00f1os, con independencia de su uso o destino.<\/p>\n<p><strong>solicitudes \/ Formularios \/ Plantillas \/ M\u00e1s Informaci\u00f3n:<\/strong><\/p>\n<ul>\n<li><a href=\"https:\/\/www.mijas.es\/wp-content\/uploads\/2011\/06\/a1802_OrdenanzaUrbansticaConservacinRehabilitacinEstadoRuinoso.pdf\" target=\"_blank\" rel=\"noopener\">Ordenanza Urban\u00edstica sobre conservaci\u00f3n, rehabilitaci\u00f3n y estado ruinoso de las edificaciones en el t\u00e9rmino municipal de Mijas<\/a><\/li>\n<li><a href=\"https:\/\/www.mijas.es\/wp-content\/uploads\/2011\/06\/a6013_InformeTecnicoFinalITEDesfavorableCONIntervencinTcnica.pdf\" target=\"_blank\" rel=\"noopener\">Informe t\u00e9cnico final de obras resultantes de ITE desfavorable que requieren intervenci\u00f3n t\u00e9cnica <\/a><\/li>\n<li><a href=\"https:\/\/www.mijas.es\/wp-content\/uploads\/2011\/06\/a8312_InformeTcnicoFinalITEdesfavorableSINintervencintcnica.pdf\" target=\"_blank\" rel=\"noopener\">Informe t\u00e9cnico final de obras resultantes de ITE desfavorable que no requieren intervenci\u00f3n t\u00e9cnica<\/a>.<\/li>\n<li><a href=\"https:\/\/www.mijas.es\/wp-content\/uploads\/2011\/06\/a3233_CertificadoTcnicoEjecucinObrasConservacinRequierenIntervencinTcnicayActaFavorable.pdf\" target=\"_blank\" rel=\"noopener\">Certificado t\u00e9cnico de ejecuci\u00f3n de obras de conservaci\u00f3n que requieren intervenci\u00f3n t\u00e9cnica y acta favorable <\/a><\/li>\n<li><a href=\"https:\/\/www.mijas.es\/wp-content\/uploads\/2011\/06\/a177_CertificadoTcnicoEjecucinObrasConservacinNO-RequierenIntervencinTcnicayActaFavorable.pdf\" target=\"_blank\" rel=\"noopener\">Certificado t\u00e9cnico de ejecuci\u00f3n de obras de conservaci\u00f3n que no requieren intervenci\u00f3n t\u00e9cnica y acta favorable <\/a><\/li>\n<li><a href=\"https:\/\/www.mijas.es\/wp-content\/uploads\/2011\/06\/a8871_CompromisoEjecucinITE.pdf\" target=\"_blank\" rel=\"noopener\">Compromiso de ejecuci\u00f3n ITE <\/a><\/li>\n<li><a href=\"https:\/\/www.mijas.es\/wp-content\/uploads\/2011\/06\/a8444_InformeTipoITE.pdf\" target=\"_blank\" rel=\"noopener\">Informe tipo de ITE <\/a><\/li>\n<li><a href=\"https:\/\/www.mijas.es\/wp-content\/uploads\/2011\/06\/a1541_DeclaracinResponsableTcnicoRedactorDocumentacinNOVisada.pdf\" target=\"_blank\" rel=\"noopener\">Declaraci\u00f3n responsable del t\u00e9cnico redactor de documentaci\u00f3n t\u00e9cnica no visada con efectos en procedimientos de inspecci\u00f3n t\u00e9cnica de edificios ITE <\/a><\/li>\n<\/ul>\n","protected":false},"excerpt":{"rendered":"<p>Inspecci\u00f3n T\u00e9cnica de Edificios (I.T.E.) Con la inspecci\u00f3n t\u00e9cnica de edificios (I.T.E.) se persigue facilitar el deber de conservaci\u00f3n que corresponde a los propietarios de construcciones y edificaciones, introduciendo la obligaci\u00f3n de efectuar una inspecci\u00f3n peri\u00f3dica dirigida a determina el estado de conservaci\u00f3n de las mismas y el cumplimiento del deber de conservaci\u00f3n impuesto por [&hellip;]<\/p>\n","protected":false},"author":1,"featured_media":12675,"parent":12090,"menu_order":0,"comment_status":"closed","ping_status":"open","template":"page-departamental.php","meta":[],"_links":{"self":[{"href":"https:\/\/www.mijas.es\/portal\/wp-json\/wp\/v2\/pages\/317"}],"collection":[{"href":"https:\/\/www.mijas.es\/portal\/wp-json\/wp\/v2\/pages"}],"about":[{"href":"https:\/\/www.mijas.es\/portal\/wp-json\/wp\/v2\/types\/page"}],"author":[{"embeddable":true,"href":"https:\/\/www.mijas.es\/portal\/wp-json\/wp\/v2\/users\/1"}],"replies":[{"embeddable":true,"href":"https:\/\/www.mijas.es\/portal\/wp-json\/wp\/v2\/comments?post=317"}],"version-history":[{"count":6,"href":"https:\/\/www.mijas.es\/portal\/wp-json\/wp\/v2\/pages\/317\/revisions"}],"predecessor-version":[{"id":50301,"href":"https:\/\/www.mijas.es\/portal\/wp-json\/wp\/v2\/pages\/317\/revisions\/50301"}],"up":[{"embeddable":true,"href":"https:\/\/www.mijas.es\/portal\/wp-json\/wp\/v2\/pages\/12090"}],"wp:featuredmedia":[{"embeddable":true,"href":"https:\/\/www.mijas.es\/portal\/wp-json\/wp\/v2\/media\/12675"}],"wp:attachment":[{"href":"https:\/\/www.mijas.es\/portal\/wp-json\/wp\/v2\/media?parent=317"}],"curies":[{"name":"wp","href":"https:\/\/api.w.org\/{rel}","templated":true}]}}