{"id":316,"date":"2013-05-21T08:10:05","date_gmt":"2013-05-21T08:10:05","guid":{"rendered":"http:\/\/localhost\/pruebaweb\/?p=316"},"modified":"2023-05-05T09:26:19","modified_gmt":"2023-05-05T08:26:19","slug":"licencia-de-apertura-de-piscinas","status":"publish","type":"page","link":"https:\/\/www.mijas.es\/portal\/urbanismo\/licencia-de-apertura-de-piscinas\/","title":{"rendered":"Licencia de apertura de piscinas"},"content":{"rendered":"<p style=\"text-align: justify;\">Licencias de Aperturas de Piscinas Comunitaria<\/p>\n<p style=\"text-align: justify;\">Aquellas recogidas dentro del \u00e1mbito de aplicaci\u00f3n del Decreto 23\/1999 de La Junta de Andaluc\u00eda, por el que se aprueba el Reglamento Sanitario de las Piscinas de Uso Colectivo.<\/p>\n<p style=\"text-align: justify;\">Quedan excluidas las piscinas privadas de uso unifamiliar o plurifamiliar pertenecientes a comunidades de vecinos de menos de veinte viviendas, las de ba\u00f1os termales, centros de tratamiento de hidroterapia y otras dedicadas exclusivamente a usos m\u00e9dicos, as\u00ed como las dedicadas exclusivamente a usos y competiciones deportivas que estar\u00e1n sometidas a su normativa espec\u00edfica<\/p>\n<p style=\"text-align: justify;\">Regulaci\u00f3n: DECRETO 23\/1999, de 23 de febrero, por el que se aprueba el Reglamento Sanitario de las Piscinas de Uso Colectivo.<\/p>\n<p style=\"text-align: justify;\"><strong>Gu\u00edas para solicitar la apertura de piscinas:<\/strong><\/p>\n<ul>\n<li><a href=\"https:\/\/www.mijas.es\/wp-content\/uploads\/2011\/06\/Normativa-andaluza.pdf\">Reglamento andaluz de piscinas (2019)<\/a><\/li>\n<li><a href=\"https:\/\/www.mijas.es\/wp-content\/uploads\/2011\/06\/cierre_de_piscinas.pdf\">Documento SUA (seguridad, utilizacion y accesibilidad)&nbsp;<\/a><\/li>\n<li><a href=\"https:\/\/www.mijas.es\/wp-content\/uploads\/2011\/06\/Reglamentacion_Piscinas_11_octubre_13.pdf\">Reglamento de piscinas 11\/11\/2013, de aplicaci\u00f3n en toda Espa\u00f1a<\/a><\/li>\n<li><a href=\"https:\/\/www.mijas.es\/wp-content\/uploads\/2011\/06\/Solicitudpiscinas.pdf\" target=\"_blank\" rel=\"noopener noreferrer\">Solicitud de inclusi\u00f3n en el Registro Municipal de Piscinas de Uso Comunitario <\/a><\/li>\n<li><a href=\"http:\/\/www.mijas.es\/wp-content\/uploads\/2020\/05\/Comunicaci%C3%B3n%202.pdf\" target=\"_blank\" rel=\"noopener noreferrer\">Declaraci\u00f3n Responsable a efectos de Apertura de Piscina de Uso Comunitario <\/a><\/li>\n<li><a href=\"https:\/\/www.mijas.es\/wp-content\/uploads\/2022\/01\/Soluciones%20para%20Cumplimiento%20Piscinas%202022.pdf\" target=\"_blank\" rel=\"noopener noreferrer\">Soluciones para Cumplimiento de Piscina<\/a><\/li>\n<li><a href=\"https:\/\/www.mijas.es\/wp-content\/uploads\/2011\/06\/Cronologia Normativa Piscinas.pdf\" target=\"_blank\" rel=\"noopener noreferrer\" data-wplink-url-error=\"true\">Cronolog\u00eda de la Normativa de Piscinas<\/a><\/li>\n<\/ul>\n<p style=\"text-align: justify;\">&nbsp;<\/p>\n","protected":false},"excerpt":{"rendered":"<p>Licencias de Aperturas de Piscinas Comunitaria Aquellas recogidas dentro del \u00e1mbito de aplicaci\u00f3n del Decreto 23\/1999 de La Junta de Andaluc\u00eda, por el que se aprueba el Reglamento Sanitario de las Piscinas de Uso Colectivo. Quedan excluidas las piscinas privadas de uso unifamiliar o plurifamiliar pertenecientes a comunidades de vecinos de menos de veinte viviendas, [&hellip;]<\/p>\n","protected":false},"author":1,"featured_media":0,"parent":12090,"menu_order":0,"comment_status":"closed","ping_status":"open","template":"page-departamental.php","meta":[],"_links":{"self":[{"href":"https:\/\/www.mijas.es\/portal\/wp-json\/wp\/v2\/pages\/316"}],"collection":[{"href":"https:\/\/www.mijas.es\/portal\/wp-json\/wp\/v2\/pages"}],"about":[{"href":"https:\/\/www.mijas.es\/portal\/wp-json\/wp\/v2\/types\/page"}],"author":[{"embeddable":true,"href":"https:\/\/www.mijas.es\/portal\/wp-json\/wp\/v2\/users\/1"}],"replies":[{"embeddable":true,"href":"https:\/\/www.mijas.es\/portal\/wp-json\/wp\/v2\/comments?post=316"}],"version-history":[{"count":11,"href":"https:\/\/www.mijas.es\/portal\/wp-json\/wp\/v2\/pages\/316\/revisions"}],"predecessor-version":[{"id":50296,"href":"https:\/\/www.mijas.es\/portal\/wp-json\/wp\/v2\/pages\/316\/revisions\/50296"}],"up":[{"embeddable":true,"href":"https:\/\/www.mijas.es\/portal\/wp-json\/wp\/v2\/pages\/12090"}],"wp:attachment":[{"href":"https:\/\/www.mijas.es\/portal\/wp-json\/wp\/v2\/media?parent=316"}],"curies":[{"name":"wp","href":"https:\/\/api.w.org\/{rel}","templated":true}]}}