{"id":315,"date":"2013-05-21T08:08:34","date_gmt":"2013-05-21T08:08:34","guid":{"rendered":"http:\/\/localhost\/pruebaweb\/?p=315"},"modified":"2025-05-28T12:55:30","modified_gmt":"2025-05-28T11:55:30","slug":"apertura-mediante-declaracion-responsable","status":"publish","type":"page","link":"https:\/\/www.mijas.es\/portal\/urbanismo\/apertura-mediante-declaracion-responsable\/","title":{"rendered":"Apertura mediante declaraci&oacute;n responsable"},"content":{"rendered":"<p>La persona interesada en la apertura de un establecimiento comercial podr\u00e1 hacerlo mediante la presentaci\u00f3n de una DECLARACI\u00d3N RESPONSABLE:<\/p>\n<p style=\"text-align: justify;\">La Ley 12\/12 de 26 de Diciembre ha modificado el sistema de aperturas de comercios, eliminando el tr\u00e1mite de apertura propiamente dicho para la mayor\u00eda de comercios y servicios. Para determinados servicios tales como bares, restaurantes y aquellos relacionados con la salud contin\u00faa el tr\u00e1mite de resoluci\u00f3n de calificaci\u00f3n ambiental y apertura.<\/p>\n<p style=\"text-align: justify;\">As\u00ed, para la apertura de establecimientos e inicio de actividades comerciales incluidas en el Anexo de dicha Ley , se han eliminado todos los tr\u00e1mites por los cuales se solicitaba la apertura. La persona interesada en abrir un negocio o comercio ten\u00eda antes que solicitarlo, aportar la documentaci\u00f3n que se requer\u00eda seg\u00fan ley y esperar a que se otorgara la licencia de apertura. Igualmente solicitaba licencia de obras para el acondicionamiento del local.<\/p>\n<p style=\"text-align: justify;\">Ahora, seg\u00fan la nueva ley y siempre que los locales que no superen los 300 metros cuadrados, el Ayuntamiento no exigir\u00e1 previamente la obtenci\u00f3n de licencia de apertura o de funcionamiento. Tampoco ser\u00e1 necesario solicitar licencia de obras para la realizaci\u00f3n de las obras de acondicionamiento del local siempre que se traten de obras para las que no se exija seg\u00fan ley la redacci\u00f3n de un proyecto. (Se exige proyecto cuando se trate de obras de edificaci\u00f3n de nueva construcci\u00f3n, cuando son obras que alteren la configuraci\u00f3n arquitect\u00f3nica de los edificios o cuando afecte a zonas de especial protecci\u00f3n de car\u00e1cter ambiental o hist\u00f3rico-art\u00edstico, como es el caso de Mijas Pueblo). Igualmente se excluye de la aplicaci\u00f3n de esta ley cuando afecte a dominio p\u00fablico.<\/p>\n<p style=\"text-align: justify;\">Esta licencia previa de apertura o de obras es sustituida en la ley por la PRESENTACI\u00d3N PREVIA DE UNA DECLARACI\u00d3N RESPONSABLE O COMUNICACI\u00d3N .<br \/>\nEl interesado en una apertura deber\u00e1 realizar esta Declaraci\u00f3n responsable antes de comenzar las obras o de abrir el comercio. En dicha declaraci\u00f3n se debe comunicar al Ayuntamiento:<\/p>\n<ul>\n<li>Que cumple las previsiones legales que establece la normativa.<\/li>\n<li>Que posee la documentaci\u00f3n que lo acredita as\u00ed como el proyecto de instalaci\u00f3n cuando sea necesario<\/li>\n<li>Que ha abonado los tributos o tasas exigibles.<\/li>\n<\/ul>\n<p style=\"text-align: justify;\">En todo caso el declarante deber\u00e1 haber abonado previamente los tributos o tasas que le corresponda, tanto por apertura como por las obras a realizar.<\/p>\n<p style=\"text-align: justify;\">El Ayuntamiento, cuando reciba la declaraci\u00f3n responsable proceder\u00e1 a verificar:<\/p>\n<ul>\n<li>Que se cumplen los requerimientos urban\u00edsticos legales en cuanto al tipo de suelo, ya que nunca se podr\u00e1 autorizar la apertura de un establecimiento en un suelo no urbanizable por ejemplo.<\/li>\n<li>Que el uso es compatible, es decir, que el PGOU contemple que dicha actividad se puede instalar en la zona donde se pretende.<\/li>\n<li>Que se cumplen los requerimientos t\u00e9cnicos espec\u00edficos que la normativa urban\u00edstica exige para cada actividad.<\/li>\n<\/ul>\n<p style=\"text-align: justify;\">Hay que aclarar que, aunque no se exija previamente la licencia de apertura, con posterioridad s\u00ed se va a verificar que efectivamente se cumplen los condicionantes y requisitos legales ya que se ha de garantizar las medidas de seguridad y salubridad necesarias. Por tanto, se realizar\u00e1n las inspecciones pertinentes en estos locales, de manera que si no cumplen los requisitos, no se ha abonado las tasas correspondientes o no tienen la documentaci\u00f3n necesaria se proceder\u00e1 a la paralizaci\u00f3n de las obras y no se permitir\u00e1 la apertura o continuidad del negocio.<\/p>\n<p style=\"text-align: justify;\">En cuanto a los expedientes ya abiertos de apertura , seg\u00fan establece la ley se ha de continuar el tr\u00e1mite anterior. Pero las personas interesadas podr\u00e1n desistir de dichos expedientes, presentando la declaraci\u00f3n responsable para acogerse a este nuevo sistema.<\/p>\n<p style=\"text-align: justify;\">Tal como especifica el art. 3 de la Ley referenciada, no ser\u00e1 exigible la obtenci\u00f3n de licencia previa de instalaciones, de funcionamiento o de actividad respecto de los comercio, actividades y servicios indicados en el anexo.<\/p>\n<p style=\"text-align: justify;\">Estas novedades acent\u00faan el control de las normas y condiciones urban\u00edsticas. As\u00ed, una vez que el interesado ha realizado una Declaraci\u00f3n Responsable o la solicitud de apertura en su caso, es el Arquitecto T\u00e9cnico el que comprobar\u00e1 que se cumple la normativa urban\u00edstica en cuanto a tipo de suelo, compatibilidad de uso, adem\u00e1s de las condiciones urban\u00edsticas en cuanto a las obras de acondicionamiento del local.<\/p>\n<ul>\n<li><a href=\"https:\/\/www.mijas.es\/wp-content\/uploads\/2023\/03\/DECLARACION%20RESPONSABLE%20CA%201.pdf\" target=\"_blank\" rel=\"noopener noreferrer\">Formulario \/ Plantilla De Declaraci\u00f3n Responsable Para La Calificaci\u00f3n Ambiental De Actividades<\/a><\/li>\n<li><a href=\"https:\/\/www.mijas.es\/wp-content\/uploads\/2025\/05\/FORMULARIO%20DECLARACION%20RESPONSABLE.pdf\" target=\"_blank\" rel=\"noopener noreferrer\">Formulario Declaraci\u00f3n Responsable<\/a><\/li>\n<li><a href=\"https:\/\/www.mijas.es\/wp-content\/uploads\/2011\/06\/Listado_de_actividades_que_pueden_tramitarse_por_DR.pdf\" target=\"_blank\" rel=\"noopener noreferrer\">Listado de Actividades que podr\u00e1n ser tramitadas mediante Declaraci\u00f3n Responsable y Comunicaci\u00f3n de Obras<\/a><\/li>\n<\/ul>\n","protected":false},"excerpt":{"rendered":"<p>La persona interesada en la apertura de un establecimiento comercial podr\u00e1 hacerlo mediante la presentaci\u00f3n de una DECLARACI\u00d3N RESPONSABLE: La Ley 12\/12 de 26 de Diciembre ha modificado el sistema de aperturas de comercios, eliminando el tr\u00e1mite de apertura propiamente dicho para la mayor\u00eda de comercios y servicios. Para determinados servicios tales como bares, restaurantes [&hellip;]<\/p>\n","protected":false},"author":1,"featured_media":0,"parent":12090,"menu_order":0,"comment_status":"closed","ping_status":"open","template":"page-departamental.php","meta":[],"_links":{"self":[{"href":"https:\/\/www.mijas.es\/portal\/wp-json\/wp\/v2\/pages\/315"}],"collection":[{"href":"https:\/\/www.mijas.es\/portal\/wp-json\/wp\/v2\/pages"}],"about":[{"href":"https:\/\/www.mijas.es\/portal\/wp-json\/wp\/v2\/types\/page"}],"author":[{"embeddable":true,"href":"https:\/\/www.mijas.es\/portal\/wp-json\/wp\/v2\/users\/1"}],"replies":[{"embeddable":true,"href":"https:\/\/www.mijas.es\/portal\/wp-json\/wp\/v2\/comments?post=315"}],"version-history":[{"count":13,"href":"https:\/\/www.mijas.es\/portal\/wp-json\/wp\/v2\/pages\/315\/revisions"}],"predecessor-version":[{"id":61424,"href":"https:\/\/www.mijas.es\/portal\/wp-json\/wp\/v2\/pages\/315\/revisions\/61424"}],"up":[{"embeddable":true,"href":"https:\/\/www.mijas.es\/portal\/wp-json\/wp\/v2\/pages\/12090"}],"wp:attachment":[{"href":"https:\/\/www.mijas.es\/portal\/wp-json\/wp\/v2\/media?parent=315"}],"curies":[{"name":"wp","href":"https:\/\/api.w.org\/{rel}","templated":true}]}}