{"id":314,"date":"2013-05-21T08:07:47","date_gmt":"2013-05-21T08:07:47","guid":{"rendered":"http:\/\/localhost\/pruebaweb\/?p=314"},"modified":"2025-05-28T12:54:13","modified_gmt":"2025-05-28T11:54:13","slug":"licencias-de-apertura-para-establecimientos-industriales-y-comerciales","status":"publish","type":"page","link":"https:\/\/www.mijas.es\/portal\/urbanismo\/licencias-de-apertura-para-establecimientos-industriales-y-comerciales\/","title":{"rendered":"Licencias de apertura para establecimientos industriales y comerciales"},"content":{"rendered":"<p style=\"text-align: justify;\">Las actividades paras las que se precisa licencia de apertura pueden ser:<\/p>\n<p style=\"text-align: justify;\">CALIFICADAS: Son actividades calificadas aquellas que est\u00e1n sometidas al procedimiento de calificaci\u00f3n ambiental, con la finalidad de analizar las posibles consecuencias ambientales de dichas actuaciones, comprobando su adecuaci\u00f3n a la normativa ambiental vigente y determinando las medidas correctoras y condiciones necesarias para prevenir o compensar sus posibles efectos negativos sobre el medio ambiente.<\/p>\n<p style=\"text-align: justify;\">Son aquellas actividades que pueden producir molestias significativas, alterar las condiciones normales de salubridad e higiene del medio ambiente, ocasionar da\u00f1os a bienes p\u00fablicos o privados o entra\u00f1ar riesgos apreciables para las personas. Reguladas en la Ley 7\/2007, de 9 de julio, de Gesti\u00f3n Integrada de la Calidad Ambiental (Junta de Andaluc\u00eda), est\u00e1n sometidas a Calificaci\u00f3n Ambiental. Seg\u00fan el art\u00edculo 41 de la Ley 7\/2007 de 9 de Julio de Gesti\u00f3n integrada de la Calidad Ambiental :<\/p>\n<ol>\n<li>Est\u00e1n sometidas a calificaci\u00f3n ambiental las actuaciones, tanto p\u00fablicas como privadas, as\u00ed se\u00f1aladas en el Anexo I y sus modificaciones sustanciales.<\/li>\n<li>La calificaci\u00f3n ambiental favorable constituye requisito indispensable para el otorgamiento de la licencia municipal correspondiente.<\/li>\n<\/ol>\n<p style=\"text-align: justify;\">INOCUAS: Son actividades inocuas aquellas que, por sus caracter\u00edsticas o mediante sencillas medidas correctoras, se presuponen que no van a producir molestias significativas, alterar las condiciones normales de salubridad e higiene del medio ambiente, ocasionar da\u00f1os a bienes p\u00fablicos o privados, ni entra\u00f1ar riesgos apreciables para las personas.<\/p>\n<p><strong>Documentaci\u00f3n Relacionada:<\/strong><\/p>\n<ul>\n<li><a href=\"https:\/\/www.mijas.es\/wp-content\/uploads\/2011\/06\/a452_DocumentacinObtencinLicenciaMunicipalAperturaEstablecimientos.pdf\" target=\"_blank\" rel=\"noopener\">Documentaci\u00f3n para la obtenci\u00f3n de la licencia municipal de apertura de establecimientos <\/a><\/li>\n<li><a href=\"https:\/\/www.mijas.es\/wp-content\/uploads\/2011\/06\/a1722_DocumentacinObtencionLicenciaAperturaEstablecimientosPorCambioTitularidad.pdf\" target=\"_blank\" rel=\"noopener\">Documentaci\u00f3n para la obtenci\u00f3n de licencia de apertura por cambio de titularidad <\/a><\/li>\n<\/ul>\n<p style=\"text-align: justify;\"><strong>Formularios, plantillas y solicitudes:<\/strong><\/p>\n<ul>\n<li>Certificado De Direcci\u00f3n T\u00e9cnica De Instalaciones &#8211; <a href=\"https:\/\/www.mijas.es\/wp-content\/uploads\/2011\/06\/a9043_CertificadoDireccinTcnicaInstalaciones2.pdf\" target=\"_blank\" rel=\"noopener\">Descargar<\/a> (PDF)<\/li>\n<li>Certificado de Persistencia de Instalaciones &#8211; <a href=\"https:\/\/www.mijas.es\/wp-content\/uploads\/2011\/06\/a7434_CertificadoPersistenciaInstalaciones2.pdf\" target=\"_blank\" rel=\"noopener\">Descargar<\/a> (PDF)<\/li>\n<li>Certificado De Seguridad De Instalaciones &#8211; Contenido M\u00ednimo &#8211; <a href=\"https:\/\/www.mijas.es\/wp-content\/uploads\/2011\/06\/a425_CertificadoSeguridadInstalacionesContenidomnimo2.pdf\">Descargar<\/a> (PDF)<\/li>\n<li>Cesi\u00f3n De Derechos De Expedientes &#8211; <a href=\"https:\/\/www.mijas.es\/wp-content\/uploads\/2011\/06\/a4578_CesionDerechosExpedientes2.pdf\" target=\"_blank\" rel=\"noopener\">Descargar<\/a> (PDF)<\/li>\n<li>Cesi\u00f3n De Derechos De Licencias &#8211; <a href=\"https:\/\/www.mijas.es\/wp-content\/uploads\/2011\/06\/a4437_Cesionderechoslicencias2.pdf\" target=\"_blank\" rel=\"noopener\">Descargar<\/a> (PDF)<\/li>\n<li>Solicitud De Inspecci\u00f3n Higi\u00e9nico Sanitaria\u00a0&#8211; <a href=\"https:\/\/www.mijas.es\/wp-content\/uploads\/2011\/06\/a3168_LA-SolicitudInspeccinHigienicoSanitaria.pdf\" target=\"_blank\" rel=\"noopener\">Descargar<\/a> (PDF)<\/li>\n<li>Solicitud De Licencia De Apertura &#8211; <a href=\"https:\/\/www.mijas.es\/wp-content\/uploads\/2011\/06\/a1624_LA-SolicitudLicenciaApertura2.pdf\" target=\"_blank\" rel=\"noopener\">Descargar<\/a> (PDF)<\/li>\n<li>Comunicaci\u00f3n Cambio De Titularidad De Establecimiento &#8211; <a href=\"https:\/\/www.mijas.es\/wp-content\/uploads\/2025\/05\/COMUNICACION%20CAMBIO%20DE%20TITULARIDAD%20DE%20ESTABLECIMIENTO.pdf\">Descargar<\/a> (PDF)<\/li>\n<\/ul>\n","protected":false},"excerpt":{"rendered":"<p>Las actividades paras las que se precisa licencia de apertura pueden ser: CALIFICADAS: Son actividades calificadas aquellas que est\u00e1n sometidas al procedimiento de calificaci\u00f3n ambiental, con la finalidad de analizar las posibles consecuencias ambientales de dichas actuaciones, comprobando su adecuaci\u00f3n a la normativa ambiental vigente y determinando las medidas correctoras y condiciones necesarias para prevenir [&hellip;]<\/p>\n","protected":false},"author":1,"featured_media":0,"parent":12090,"menu_order":0,"comment_status":"closed","ping_status":"open","template":"page-departamental.php","meta":[],"_links":{"self":[{"href":"https:\/\/www.mijas.es\/portal\/wp-json\/wp\/v2\/pages\/314"}],"collection":[{"href":"https:\/\/www.mijas.es\/portal\/wp-json\/wp\/v2\/pages"}],"about":[{"href":"https:\/\/www.mijas.es\/portal\/wp-json\/wp\/v2\/types\/page"}],"author":[{"embeddable":true,"href":"https:\/\/www.mijas.es\/portal\/wp-json\/wp\/v2\/users\/1"}],"replies":[{"embeddable":true,"href":"https:\/\/www.mijas.es\/portal\/wp-json\/wp\/v2\/comments?post=314"}],"version-history":[{"count":10,"href":"https:\/\/www.mijas.es\/portal\/wp-json\/wp\/v2\/pages\/314\/revisions"}],"predecessor-version":[{"id":61423,"href":"https:\/\/www.mijas.es\/portal\/wp-json\/wp\/v2\/pages\/314\/revisions\/61423"}],"up":[{"embeddable":true,"href":"https:\/\/www.mijas.es\/portal\/wp-json\/wp\/v2\/pages\/12090"}],"wp:attachment":[{"href":"https:\/\/www.mijas.es\/portal\/wp-json\/wp\/v2\/media?parent=314"}],"curies":[{"name":"wp","href":"https:\/\/api.w.org\/{rel}","templated":true}]}}