{"id":313,"date":"2013-05-21T08:07:30","date_gmt":"2013-05-21T08:07:30","guid":{"rendered":"http:\/\/localhost\/pruebaweb\/?p=313"},"modified":"2023-05-05T09:12:56","modified_gmt":"2023-05-05T08:12:56","slug":"licencias-de-apertura","status":"publish","type":"page","link":"https:\/\/www.mijas.es\/portal\/urbanismo\/licencias-de-apertura\/","title":{"rendered":"Licencias de apertura"},"content":{"rendered":"<p style=\"text-align: justify;\">Si Vd. est\u00e1 interesado en la apertura de un negocio, o comercio deber\u00e1 saber, en relaci\u00f3n a la actividad objeto de dicha apertura, si puede hacerlo a trav\u00e9s de una Declaraci\u00f3n Responsable o tendr\u00e1 que solicitar Licencia de Apertura.<\/p>\n<p style=\"text-align: justify;\">Deben solicitar Licencia de Apertura aquellas actividades, no incluidas en el Anexo de la Ley 12\/12 de 26 de Diciembre, que puedan afectar a la protecci\u00f3n del medio ambiente o del patrimonio hist\u00f3rico-art\u00edstico, la seguridad o la salud p\u00fablicas, o que impliquen el uso privativo y ocupaci\u00f3n de los bienes de dominio p\u00fablico. En este sentido se incluyen actividades como Bares, restaurantes, cl\u00ednicas o establecimientos derivados de salud, etc.<\/p>\n<p style=\"text-align: justify;\">Las actividades incluidas en el Anexo de la Ley 12\/12 de 26 de Diciembre s\u00ed pueden iniciarse una vez presentada en el Ayuntamiento la Declaraci\u00f3n Responsable.<\/p>\n<p>M\u00e1s Informaci\u00f3n:<\/p>\n<ul>\n<li><a href=\"https:\/\/www.mijas.es\/wp-content\/uploads\/2011\/06\/GuiatramitacionaperturaPiscinasEstablecimientosIndustrialesyComerciales.pdf\" target=\"_blank\" rel=\"noopener\" data-wplink-edit=\"true\">Guia tramitacion APERTURAS Piscinas + Establecimientos Industriales y Comerciales<\/a><\/li>\n<li><a href=\"https:\/\/www.mijas.es\/files\/adjuntos\/Urbanismo\/a2035_03-05_Ordenanza_de_Apertura_de_Establecimientos.pdf\" target=\"_blank\" rel=\"noopener\">Ordenanza de Apertura de Establecimientos<\/a><\/li>\n<li><a href=\"https:\/\/www.mijas.es\/wp-content\/uploads\/2011\/06\/a9614_03-06_Ordenanza_de_Tasas_de_Licencia_de_Apertura_de_Establecimientos.pdf\" target=\"_blank\" rel=\"noopener\">Ordenanza de Tasas de Licencia de Apertura de Establecimientos<\/a><\/li>\n<\/ul>\n","protected":false},"excerpt":{"rendered":"<p>Si Vd. est\u00e1 interesado en la apertura de un negocio, o comercio deber\u00e1 saber, en relaci\u00f3n a la actividad objeto de dicha apertura, si puede hacerlo a trav\u00e9s de una Declaraci\u00f3n Responsable o tendr\u00e1 que solicitar Licencia de Apertura. Deben solicitar Licencia de Apertura aquellas actividades, no incluidas en el Anexo de la Ley 12\/12 [&hellip;]<\/p>\n","protected":false},"author":1,"featured_media":12675,"parent":12090,"menu_order":0,"comment_status":"closed","ping_status":"open","template":"page-departamental.php","meta":[],"_links":{"self":[{"href":"https:\/\/www.mijas.es\/portal\/wp-json\/wp\/v2\/pages\/313"}],"collection":[{"href":"https:\/\/www.mijas.es\/portal\/wp-json\/wp\/v2\/pages"}],"about":[{"href":"https:\/\/www.mijas.es\/portal\/wp-json\/wp\/v2\/types\/page"}],"author":[{"embeddable":true,"href":"https:\/\/www.mijas.es\/portal\/wp-json\/wp\/v2\/users\/1"}],"replies":[{"embeddable":true,"href":"https:\/\/www.mijas.es\/portal\/wp-json\/wp\/v2\/comments?post=313"}],"version-history":[{"count":4,"href":"https:\/\/www.mijas.es\/portal\/wp-json\/wp\/v2\/pages\/313\/revisions"}],"predecessor-version":[{"id":50290,"href":"https:\/\/www.mijas.es\/portal\/wp-json\/wp\/v2\/pages\/313\/revisions\/50290"}],"up":[{"embeddable":true,"href":"https:\/\/www.mijas.es\/portal\/wp-json\/wp\/v2\/pages\/12090"}],"wp:featuredmedia":[{"embeddable":true,"href":"https:\/\/www.mijas.es\/portal\/wp-json\/wp\/v2\/media\/12675"}],"wp:attachment":[{"href":"https:\/\/www.mijas.es\/portal\/wp-json\/wp\/v2\/media?parent=313"}],"curies":[{"name":"wp","href":"https:\/\/api.w.org\/{rel}","templated":true}]}}