{"id":303,"date":"2013-05-21T07:44:24","date_gmt":"2013-05-21T07:44:24","guid":{"rendered":"http:\/\/localhost\/pruebaweb\/?p=303"},"modified":"2026-04-16T12:20:30","modified_gmt":"2026-04-16T11:20:30","slug":"expediente-de-alineaciones","status":"publish","type":"page","link":"https:\/\/www.mijas.es\/portal\/urbanismo\/expediente-de-alineaciones\/","title":{"rendered":"Expediente de alineaciones"},"content":{"rendered":"<p style=\"text-align: left;\">Mediante el expediente de alineaciones se trata de determinar qu\u00e9 terrenos son destinados a uso p\u00fablico y cu\u00e1les a uso privado.<\/p>\n<p style=\"text-align: left;\">Se exigir\u00e1 expediente de alineaci\u00f3n previo a la obtenci\u00f3n de cualquier tipo de licencias cuando pudiera estar afectado el uso p\u00fablico.<\/p>\n<p style=\"text-align: left;\">Igualmente se requerir\u00e1 para Reconocimientos de situaciones de fuera de ordenaci\u00f3n, de asimilado a fuera de ordenaci\u00f3n.<\/p>\n<p style=\"text-align: left;\">Solicitud de comprobaci\u00f3n de Alineaciones &#8211; <a href=\"https:\/\/mijas.sedelectronica.es\/catalog\/t\/e894ad1d-afd2-45e4-8323-1c6c55a529e5\">Ver en la Sede Electr\u00f3nica<\/a><\/p>\n","protected":false},"excerpt":{"rendered":"<p>Mediante el expediente de alineaciones se trata de determinar qu\u00e9 terrenos son destinados a uso p\u00fablico y cu\u00e1les a uso privado. Se exigir\u00e1 expediente de alineaci\u00f3n previo a la obtenci\u00f3n de cualquier tipo de licencias cuando pudiera estar afectado el uso p\u00fablico. Igualmente se requerir\u00e1 para Reconocimientos de situaciones de fuera de ordenaci\u00f3n, de asimilado [&hellip;]<\/p>\n","protected":false},"author":1,"featured_media":0,"parent":12090,"menu_order":0,"comment_status":"closed","ping_status":"open","template":"page-departamental.php","meta":[],"_links":{"self":[{"href":"https:\/\/www.mijas.es\/portal\/wp-json\/wp\/v2\/pages\/303"}],"collection":[{"href":"https:\/\/www.mijas.es\/portal\/wp-json\/wp\/v2\/pages"}],"about":[{"href":"https:\/\/www.mijas.es\/portal\/wp-json\/wp\/v2\/types\/page"}],"author":[{"embeddable":true,"href":"https:\/\/www.mijas.es\/portal\/wp-json\/wp\/v2\/users\/1"}],"replies":[{"embeddable":true,"href":"https:\/\/www.mijas.es\/portal\/wp-json\/wp\/v2\/comments?post=303"}],"version-history":[{"count":10,"href":"https:\/\/www.mijas.es\/portal\/wp-json\/wp\/v2\/pages\/303\/revisions"}],"predecessor-version":[{"id":64220,"href":"https:\/\/www.mijas.es\/portal\/wp-json\/wp\/v2\/pages\/303\/revisions\/64220"}],"up":[{"embeddable":true,"href":"https:\/\/www.mijas.es\/portal\/wp-json\/wp\/v2\/pages\/12090"}],"wp:attachment":[{"href":"https:\/\/www.mijas.es\/portal\/wp-json\/wp\/v2\/media?parent=303"}],"curies":[{"name":"wp","href":"https:\/\/api.w.org\/{rel}","templated":true}]}}