{"id":30160,"date":"2020-02-13T10:22:48","date_gmt":"2020-02-13T10:22:48","guid":{"rendered":"https:\/\/www.mijas.es\/portal\/?page_id=30160"},"modified":"2020-05-19T16:03:23","modified_gmt":"2020-05-19T16:03:23","slug":"cortes-de-suministro","status":"publish","type":"page","link":"https:\/\/www.mijas.es\/portal\/eficiencia-energetica\/cortes-de-suministro\/","title":{"rendered":"Cortes de Suministro"},"content":{"rendered":"\n<p>Tabl\u00f3n informativo donde se publicar\u00e1n los cortes de suministro:<\/p>\n\n\n\n<p>INTERRUPCI\u00d3N PROGRAMADA DE SUMINISTRO EL\u00c9CTRICO POR TRABAJOS DE\n      MANTENIMIENTO DE LA COMPA\u00d1\u00cdA:<br>\n      D\u00cda: 20\/05\/2020<br>\n      Hora de inicio: 8:00H.<br>\n      Hora estimada de finalizaci\u00f3n: 16:30<\/p>\n\n\n\n<p>Zonas afectadas: C\/ CALVARIO, C\/\n        FRANCISCO RUIZ\n        MARTIN, CR\/ CIRCUNVALACION<\/p>\n\n\n\n<p>&#8212;&#8212;&#8212;&#8212;&#8212;&#8211;<\/p>\n\n\n\n<p>Se est\u00e1 inspeccionando y localizando una posible aver\u00eda en           la Tuber\u00eda 2 de las Conducciones Principales de Abastecimiento           de Agua en Alta junto a la Avda. del Mediterr\u00e1neo (en la zona           verde entre \u00e9sta y la A7), en La Cala de Mijas, TM Mijas.         <br>                  Una vez localizada la aver\u00eda, se prev\u00e9 que el pr\u00f3ximo lunes           18 de mayo de 2020 se comience la reparaci\u00f3n de la tuber\u00eda,           sobre las 8:00 horas, y que se prolonguen 4 \u00f3 5 d\u00edas,           dependiendo de c\u00f3mo discurran los trabajos, afectando al tramo           situado entre las Derivaciones n\u00ba 8 Calahonda y la n\u00ba 9 La           Cortijera (La Cala de Mijas), quedando, por tanto interrumpido           el suministro desde las Conducciones Principales de           Abastecimiento a partir de la Urb. Calahonda, pudiendo afectar           a los siguientes usuarios:<br><br>                  1.- Calahonda, Rivera, Miraflores y Torrenueva.         <br>                  2.- La Cala de Mijas y urbanizaciones colindantes.<br><br>                  3.- Las urbanizaciones entre las derivaciones n\u00ba 9 La           Cortijera y la n\u00ba 10 La Ponderosa (como pueden ser Balcones           del Chaparral, La Farola, Pinares de Mijas, Polarsol, Marina           del Sol, &#8230;)<br><br>                  4.- Desde La Ponderosa (situada en la Urb. La Ponderosa) y           pasando por Las Lagunas de Mijas (Cerros del \u00c1guila, Camino de           Co\u00edn, Los Cuartones y Carretera de Mijas)         <br>           Disculpen las molestias <\/p>\n","protected":false},"excerpt":{"rendered":"<p>Tabl\u00f3n informativo donde se publicar\u00e1n los cortes de suministro: INTERRUPCI\u00d3N PROGRAMADA DE SUMINISTRO EL\u00c9CTRICO POR TRABAJOS DE MANTENIMIENTO DE LA COMPA\u00d1\u00cdA: D\u00cda: 20\/05\/2020 Hora de inicio: 8:00H. Hora estimada de finalizaci\u00f3n: 16:30 Zonas afectadas: C\/ CALVARIO, C\/ FRANCISCO RUIZ MARTIN, CR\/ CIRCUNVALACION &#8212;&#8212;&#8212;&#8212;&#8212;&#8211; Se est\u00e1 inspeccionando y localizando una posible aver\u00eda en la Tuber\u00eda 2 [&hellip;]<\/p>\n","protected":false},"author":6,"featured_media":0,"parent":30108,"menu_order":0,"comment_status":"closed","ping_status":"closed","template":"page-departamental.php","meta":[],"_links":{"self":[{"href":"https:\/\/www.mijas.es\/portal\/wp-json\/wp\/v2\/pages\/30160"}],"collection":[{"href":"https:\/\/www.mijas.es\/portal\/wp-json\/wp\/v2\/pages"}],"about":[{"href":"https:\/\/www.mijas.es\/portal\/wp-json\/wp\/v2\/types\/page"}],"author":[{"embeddable":true,"href":"https:\/\/www.mijas.es\/portal\/wp-json\/wp\/v2\/users\/6"}],"replies":[{"embeddable":true,"href":"https:\/\/www.mijas.es\/portal\/wp-json\/wp\/v2\/comments?post=30160"}],"version-history":[{"count":5,"href":"https:\/\/www.mijas.es\/portal\/wp-json\/wp\/v2\/pages\/30160\/revisions"}],"predecessor-version":[{"id":31183,"href":"https:\/\/www.mijas.es\/portal\/wp-json\/wp\/v2\/pages\/30160\/revisions\/31183"}],"up":[{"embeddable":true,"href":"https:\/\/www.mijas.es\/portal\/wp-json\/wp\/v2\/pages\/30108"}],"wp:attachment":[{"href":"https:\/\/www.mijas.es\/portal\/wp-json\/wp\/v2\/media?parent=30160"}],"curies":[{"name":"wp","href":"https:\/\/api.w.org\/{rel}","templated":true}]}}