{"id":30108,"date":"2020-02-11T15:47:04","date_gmt":"2020-02-11T15:47:04","guid":{"rendered":"https:\/\/www.mijas.es\/portal\/?page_id=30108"},"modified":"2026-03-27T08:20:31","modified_gmt":"2026-03-27T07:20:31","slug":"eficiencia-energetica","status":"publish","type":"page","link":"https:\/\/www.mijas.es\/portal\/eficiencia-energetica\/","title":{"rendered":"Gesti\u00f3n de Instalaciones y Energ\u00eda"},"content":{"rendered":"\n<p>El organigrama actualizado del departamento de GESTI\u00d3N ENERG\u00c9TICA que permite comprender la estructura organizativa e identificar a las  personas responsables y sus respectivas funciones.<\/p>\n\n\n\n<p><strong>Funciones:<\/strong><\/p>\n\n\n\n<ul>\n<li>Evaluaci\u00f3n y ejecuci\u00f3n del potencial ahorro medioambiental y energ\u00e9tico.<\/li>\n\n\n\n<li>Adopci\u00f3n de medidas correctoras que fomenten dicho ahorro.<\/li>\n\n\n\n<li>Dise\u00f1o, gesti\u00f3n y control de instalaciones de aparatos elevadores.<\/li>\n\n\n\n<li>Dise\u00f1o, gesti\u00f3n y control de instalaciones de climatizaci\u00f3n\/calefacci\u00f3n (aires acondicionados).<\/li>\n\n\n\n<li>Dise\u00f1o, gesti\u00f3n y control de instalaciones de grupos electr\u00f3genos, centros de transformaci\u00f3n, bater\u00edas de condensadores, pararrayos\u2026<\/li>\n\n\n\n<li>Dise\u00f1o, gesti\u00f3n y control de instalaciones de agua.<\/li>\n\n\n\n<li>Dise\u00f1o, gesti\u00f3n y control de instalaciones de gas.<\/li>\n\n\n\n<li>Dise\u00f1o, gesti\u00f3n y control de instalaciones t\u00e9rmicas (aerotermia, biomasa, solar, etc.).<\/li>\n\n\n\n<li>Dise\u00f1o, gesti\u00f3n y control de instalaciones fotovolt\u00e1icas.<\/li>\n\n\n\n<li>Trabajo para acercarnos al cumplimiento de los objetivos de sostenibilidad:<br> o Reducci\u00f3n de consumo energ\u00e9tico.<br> o Reducci\u00f3n de emisiones de CO2.<br> o Aumento de generaci\u00f3n de energ\u00eda renovable.<\/li>\n\n\n\n<li>Gestor Energ\u00e9tico. Asesoramiento ciudadano de instalaciones de eficiencia energ\u00e9tica.<\/li>\n\n\n\n<li>Obras de mejora y modernizaci\u00f3n en instalaciones que produzcan ahorro energ\u00e9tico.<\/li>\n\n\n\n<li>Redacci\u00f3n de Planes de Acci\u00f3n de energ\u00eda sostenible.<\/li>\n\n\n\n<li>Informes, diagn\u00f3sticos y estrategias de sostenibilidad energ\u00e9tica.<\/li>\n\n\n\n<li>Participaci\u00f3n en redes y asociaciones energ\u00e9ticas.<\/li>\n\n\n\n<li>Elaboraci\u00f3n de certificaciones energ\u00e9ticas en los edificios.<\/li>\n\n\n\n<li>Gesti\u00f3n Energ\u00e9tica en proyectos de nuevo desarrollo urban\u00edstico.<\/li>\n\n\n\n<li>Promover ordenanzas y modificaciones que fomenten el uso de las energ\u00edas renovables.<\/li>\n\n\n\n<li>Control y seguimiento, as\u00ed como gesti\u00f3n de mejoras en instalaciones de terceros ubicadas en viales del t\u00e9rmino municipal de Mijas:<br> o Soterramiento de cableado.<br> o Mejoras de las infraestructuras en instalaciones existentes en uso.<br> o Seguimiento y control para las mejoras en las instalaciones de las compa\u00f1\u00edas privadas que dan servicios esenciales en el municipio (ACOSOL, TELEF\u00d3NICA, ENDESA\u2026).<\/li>\n<\/ul>\n\n\n\n<p><strong>Misi\u00f3n:<\/strong><\/p>\n\n\n\n<ul>\n<li>Poner la nueva tecnolog\u00eda al servicio del ciudadano para reducir consumos energ\u00e9ticos y mejorar las instalaciones en servicio. <\/li>\n<\/ul>\n\n\n\n<p><strong>Visi\u00f3n:<\/strong><\/p>\n\n\n\n<ul>\n<li>Inventariar las Instalaciones para poder tomar decisiones.<\/li>\n\n\n\n<li>Cumplir la Normativa en materia de eficiencia energ\u00e9tica.<\/li>\n\n\n\n<li>Eliminar la Contaminaci\u00f3n Controlando las emisiones de CO2.<\/li>\n\n\n\n<li>Bajar consumos energ\u00e9ticos para producir un ahorro inmediato.<\/li>\n\n\n\n<li>Concienciaci\u00f3n social para aumentar la implicaci\u00f3n vecinal.<\/li>\n<\/ul>\n\n\n\n<p><strong>Valores:<\/strong><\/p>\n\n\n\n<ul>\n<li>Responsabilidad Social mediante compromiso respecto a los derechos humanos y pr\u00e1cticas que permitan compatibilizar el servicio al ciudadano con el medio ambiente.<\/li>\n\n\n\n<li>Innovaci\u00f3n apostando por el desarrollo continuo de soluciones tecnol\u00f3gicamente m\u00e1s eficientes en las diferentes \u00e1reas que trabajamos.<\/li>\n\n\n\n<li>Excelencia dado que nos comprometemos a tratar con profesionalidad todas las actividades y a desarrollar los mejores servicios mediante personal especializado y empresas homologadas y autorizadas por Industria.<\/li>\n\n\n\n<li>\u00c9tica y Confianza dado que el departamento encuentra, como fundamento de su sostenibilidad, el deseo de equilibrio entre las necesidades econ\u00f3micas, ambientales y sociales.<\/li>\n\n\n\n<li>Las personas que formamos el departamento sentimos una cultura de optimizaci\u00f3n energ\u00e9tica que nos permite desarrollar nuestras capacidades para de forma motivada lograr la satisfacci\u00f3n personal y la del ciudadano a trav\u00e9s del ahorro energ\u00e9tico-econ\u00f3mico y del cuidado del medio ambiente.<\/li>\n<\/ul>\n","protected":false},"excerpt":{"rendered":"<p>El organigrama actualizado del departamento de GESTI\u00d3N ENERG\u00c9TICA que permite comprender la estructura organizativa e identificar a las personas responsables y sus respectivas funciones. Funciones: Misi\u00f3n: Visi\u00f3n: Valores:<\/p>\n","protected":false},"author":6,"featured_media":13852,"parent":0,"menu_order":0,"comment_status":"closed","ping_status":"closed","template":"page-departamental.php","meta":[],"_links":{"self":[{"href":"https:\/\/www.mijas.es\/portal\/wp-json\/wp\/v2\/pages\/30108"}],"collection":[{"href":"https:\/\/www.mijas.es\/portal\/wp-json\/wp\/v2\/pages"}],"about":[{"href":"https:\/\/www.mijas.es\/portal\/wp-json\/wp\/v2\/types\/page"}],"author":[{"embeddable":true,"href":"https:\/\/www.mijas.es\/portal\/wp-json\/wp\/v2\/users\/6"}],"replies":[{"embeddable":true,"href":"https:\/\/www.mijas.es\/portal\/wp-json\/wp\/v2\/comments?post=30108"}],"version-history":[{"count":9,"href":"https:\/\/www.mijas.es\/portal\/wp-json\/wp\/v2\/pages\/30108\/revisions"}],"predecessor-version":[{"id":63975,"href":"https:\/\/www.mijas.es\/portal\/wp-json\/wp\/v2\/pages\/30108\/revisions\/63975"}],"wp:featuredmedia":[{"embeddable":true,"href":"https:\/\/www.mijas.es\/portal\/wp-json\/wp\/v2\/media\/13852"}],"wp:attachment":[{"href":"https:\/\/www.mijas.es\/portal\/wp-json\/wp\/v2\/media?parent=30108"}],"curies":[{"name":"wp","href":"https:\/\/api.w.org\/{rel}","templated":true}]}}