{"id":301,"date":"2013-05-21T07:43:41","date_gmt":"2013-05-21T07:43:41","guid":{"rendered":"http:\/\/localhost\/pruebaweb\/?p=301"},"modified":"2019-03-13T09:39:28","modified_gmt":"2019-03-13T09:39:28","slug":"seguridad-estetica-y-embellecimiento","status":"publish","type":"page","link":"https:\/\/www.mijas.es\/portal\/urbanismo\/seguridad-estetica-y-embellecimiento\/","title":{"rendered":"Seguridad, est&eacute;tica y embellecimiento"},"content":{"rendered":"<p class=\"contenidoTitular\" style=\"text-align: justify;\">\n\tMijas Pueblo se caracteriza por ser un \u00abpueblo blanco\u00bb y desde el a\u00f1o 1969 es considerado como Conjunto Hist\u00f3rico Art\u00edstico. Esto conlleva que miles de turistas se acerquen a disfrutar de tanta belleza cada a\u00f1o, recorriendo sus hermosas calles encaladas y sus maravillosas vistas.<\/p>\n<p style=\"text-align: justify;\">\n\tLas Lagunas de Mijas es la zona de crecimiento urbano de nuestro municipio. Es donde m\u00e1s vivimos, dormimos, estudiamos, trabajamos. Somos miles de laguneros los que a diario usamos esta parte del territorio y merece una atenci\u00f3n especial.<\/p>\n<p style=\"text-align: justify;\">\n\tLa Cala de Mijas se define Marinera y Tur\u00edstica, una ventana al mar de costumbres y tradiciones que mantener a la posteridad. Es el centro de La Costa de Sol, y debemos potenciarlo.<\/p>\n<p style=\"text-align: justify;\">\n\tCalahonda de Mijas, Riviera del Sol de Mijas, Calypso de Mijas \u00bb un sin fin de Urbanizaciones donde se produce nuestra principal industria: el Turismo Residencial, y se nos tiene que diferenciar del resto para que sigan viviendo con nosotros muchos \u00abmije\u00f1os\u00bb que vienen de fuera.<\/p>\n<p style=\"text-align: justify;\">\n\tEntrerrios de Mijas, Valtocado de Mijas, Osunillas de Mijas \u00bb diseminados hist\u00f3ricos que son la gran esencia de nuestro municipio, los or\u00edgenes y la base de nuestra propia historia que debemos mantener y preservar para la posteridad.<\/p>\n<p style=\"text-align: justify;\">\n\tCon la entrada en vigor de la Ordenanza Urban\u00edstica sobre conservaci\u00f3n, rehabilitaci\u00f3n y estado ruinoso de las edificaciones para el t\u00e9rmino de Mijas, se pretende, que en los tres n\u00facleos del mismo, Mijas Pueblo, Las Lagunas de Mijas y La Cala de Mijas, exista cierta unanimidad, en la medida que sea posible, en las construcciones y embelleccimiento de las mismas para que resulten m\u00e1s agradables a la vista de los ciudadanos y as\u00ed mantener una est\u00e9tica acorde con lo que Mijas representa. Y por supuesto hacer extensible esta propuesta a nuestras Urbanizaciones y Diseminados.<\/p>\n<p style=\"text-align: justify;\">\n\tPor ello, desde este Ayuntamiento se pide la m\u00e1xima colaboraci\u00f3n a todos los ciudadanos para que atiendan las peticiones que se hagan desde este organismo y as\u00ed conseguir que Mijas siga siendo ese maravilloso lugar para vivir.<\/p>\n","protected":false},"excerpt":{"rendered":"<p>Mijas Pueblo se caracteriza por ser un \u00abpueblo blanco\u00bb y desde el a\u00f1o 1969 es considerado como Conjunto Hist\u00f3rico Art\u00edstico. Esto conlleva que miles de turistas se acerquen a disfrutar de tanta belleza cada a\u00f1o, recorriendo sus hermosas calles encaladas y sus maravillosas vistas. Las Lagunas de Mijas es la zona de crecimiento urbano de [&hellip;]<\/p>\n","protected":false},"author":1,"featured_media":12675,"parent":12090,"menu_order":0,"comment_status":"closed","ping_status":"open","template":"page-departamental.php","meta":[],"_links":{"self":[{"href":"https:\/\/www.mijas.es\/portal\/wp-json\/wp\/v2\/pages\/301"}],"collection":[{"href":"https:\/\/www.mijas.es\/portal\/wp-json\/wp\/v2\/pages"}],"about":[{"href":"https:\/\/www.mijas.es\/portal\/wp-json\/wp\/v2\/types\/page"}],"author":[{"embeddable":true,"href":"https:\/\/www.mijas.es\/portal\/wp-json\/wp\/v2\/users\/1"}],"replies":[{"embeddable":true,"href":"https:\/\/www.mijas.es\/portal\/wp-json\/wp\/v2\/comments?post=301"}],"version-history":[{"count":2,"href":"https:\/\/www.mijas.es\/portal\/wp-json\/wp\/v2\/pages\/301\/revisions"}],"predecessor-version":[{"id":12386,"href":"https:\/\/www.mijas.es\/portal\/wp-json\/wp\/v2\/pages\/301\/revisions\/12386"}],"up":[{"embeddable":true,"href":"https:\/\/www.mijas.es\/portal\/wp-json\/wp\/v2\/pages\/12090"}],"wp:featuredmedia":[{"embeddable":true,"href":"https:\/\/www.mijas.es\/portal\/wp-json\/wp\/v2\/media\/12675"}],"wp:attachment":[{"href":"https:\/\/www.mijas.es\/portal\/wp-json\/wp\/v2\/media?parent=301"}],"curies":[{"name":"wp","href":"https:\/\/api.w.org\/{rel}","templated":true}]}}