{"id":299,"date":"2013-05-21T07:42:57","date_gmt":"2013-05-21T07:42:57","guid":{"rendered":"http:\/\/localhost\/pruebaweb\/?p=299"},"modified":"2023-04-28T13:05:59","modified_gmt":"2023-04-28T12:05:59","slug":"proyectos-mijas","status":"publish","type":"page","link":"https:\/\/www.mijas.es\/portal\/urbanismo\/proyectos-mijas\/","title":{"rendered":"Proyectos Mijas"},"content":{"rendered":"\n<p>\u00c1REA DE PROYECTOS MUNICIPALES <\/p>\n\n\n\n<p>La toma de decisi\u00f3n de especializaci\u00f3n por temas, del Servicio de Urbanismo, ha posibilitado la creaci\u00f3n del \u00c1rea de Proyectos Municipales.<\/p>\n\n\n\n<p>Hasta la creaci\u00f3n de dicha \u00e1rea, la realizaci\u00f3n de los Proyectos Municipales constitu\u00eda un tema m\u00e1s a tratar en la Oficina T\u00e9cnica existente, y se elaboraban en funci\u00f3n de la carga de trabajo, a medida que exist\u00eda una demanda perentoria.<\/p>\n\n\n\n<p>Tratar los proyectos en un \u00c1rea espec\u00edfica permite la planificaci\u00f3n en el tiempo de los mismos, respondiendo as\u00ed, \u00e1gilmente a las demandas de las necesidades internas del organigrama municipal, as\u00ed como posibilitando la creaci\u00f3n de una biblioteca de proyectos, que puedan optar a ejecutarse mediante subvenciones de otros organismos o con cr\u00e9ditos propios.<\/p>\n\n\n\n<p>En esta \u00c1rea se elaboran:<\/p>\n\n\n\n<ul>\n<li>Los proyectos que, modificando los edificios p\u00fablicos existentes, hacen posible el \u00f3ptimo funcionamiento de las dependencias municipales de manera que se contribuya a mejorar el servicio que se presta a los ciudadanos.<\/li>\n<\/ul>\n\n\n\n<p>Ya se han realizado varias actuaciones en el edificio de la Casa Consistorial en Mijas pueblo, estando pendientes actuaciones en diferentes edificios en Las Lagunas, (antigua guarder\u00eda, antigua biblioteca, multicines, etc.) y en La Cala de Mijas (antiguo consultorio y albergue situado en la playa).<\/p>\n\n\n\n<ul>\n<li>Los proyectos de rehabilitaci\u00f3n y adaptaci\u00f3n para usos comunitarios de edificios municipales sin uso, para poner en valor el patrimonio edilicio y aportar a los habitantes de Mijas nuevas opciones de ocio, que a su vez repercuta en la oferta tur\u00edstica.<\/li>\n<\/ul>\n\n\n\n<p>Se encuadra en estas actuaciones la rehabilitaci\u00f3n del antiguo Matadero, del Cuartel de la Guardia Civil y La Baraka en el n\u00facleo de Mijas, la adaptaci\u00f3n para salones de ensayo de los s\u00f3tanos del Teatro de Las Lagunas y revaloraci\u00f3n de los Cortijos situados en el cruce del Camino de Co\u00edn con la CN-340.<\/p>\n\n\n\n<ul>\n<li>Los proyectos que permiten poner en marcha la Escuela Taller y el Taller de Empleo solicitados por el Ayuntamiento, a trav\u00e9s del \u00c1rea de Fomento del Empleo, a la Consejer\u00eda de Empleo de la Junta de Andaluc\u00eda.<\/li>\n<\/ul>\n\n\n\n<p>Este a\u00f1o se realizar\u00e1n el proyecto paisaj\u00edstico del Camino de las Canteras en Mijas Pueblo y del parque Fluvial en Las Lagunas y un \u00e1rea zool\u00f3gica en la Cantera del Puerto.<\/p>\n\n\n\n<ul>\n<li>Y finalmente los proyectos ex novo que las necesidades de los habitantes de Mijas demanden.<\/li>\n<\/ul>\n\n\n\n<p>El llevar a buen fin los proyectos rese\u00f1ados implica que el \u00c1rea de Proyectos Municipales debe involucrarse en el proceso administrativo necesario para la contrataci\u00f3n de las obras y en la direcci\u00f3n t\u00e9cnica de las mismas, asumiendo su control econ\u00f3mico.<\/p>\n\n\n\n<p>En ese contexto hay que encuadrar el dise\u00f1o de los anteproyectos que acompa\u00f1an los pliegos de condiciones para contratar proyectos y obras municipales.<\/p>\n\n\n\n<p>En este momento se est\u00e1 elaborando el anteproyecto para la contrataci\u00f3n del Proyecto y la Obra de la Remodelaci\u00f3n, Embellecimiento y Peatonalizaci\u00f3n de la Plaza de la Virgen de La Pe\u00f1a en Mijas Pueblo, dentro de las Actuaciones del Plan Qualifica de Modernizaci\u00f3n de Infraestructuras Tur\u00edsticas de la Costa del Sol Occidental (FOMIT 2010) por un importe de 4.850.000\u20ac.<\/p>\n\n\n\n<p>Baste estas resumidas consideraciones como primera presentaci\u00f3n del \u00c1rea de Proyectos Municipales, que se ir\u00e1 ampliando y actualizando peri\u00f3dicamente.<\/p>\n\n\n\n<ul>\n<li><a href=\"https:\/\/www.mijas.es\/wp-content\/uploads\/2011\/06\/P2011-06RemodelacioncallelaUnion.pdf\">2011-06 Remodelaci\u00f3n calle la Uni\u00f3n &#8211; Las Lagunas de Mijas <\/a><\/li>\n\n\n\n<li><a href=\"https:\/\/www.mijas.es\/wp-content\/uploads\/2011\/06\/p2011-11GlorietaUrbElChhaparral.pdf\" target=\"_blank\" rel=\"noreferrer noopener\">2011-11 Creaci\u00f3n de Glorieta en Urb El Chaparral de Mijas <\/a><\/li>\n\n\n\n<li><a href=\"https:\/\/www.mijas.es\/wp-content\/uploads\/2011\/06\/p2011-11ModificacionCurva.pdf\" target=\"_blank\" rel=\"noreferrer noopener\">2011-11 Modificaci\u00f3n Curva Calzado &#8211; Entrerrios de Mijas <\/a><\/li>\n\n\n\n<li><a href=\"https:\/\/www.mijas.es\/wp-content\/uploads\/2011\/06\/p2011-11NuevoAccesoAparcamiento.pdf\" target=\"_blank\" rel=\"noreferrer noopener\">2011-11 Nuevo Acceso a Edificio de Aparcamiento por planta 6 de Mijas Pueblo <\/a><\/li>\n\n\n\n<li><a href=\"https:\/\/www.mijas.es\/wp-content\/uploads\/2011\/06\/p2012-03NuevoAccesoCentroEducativo.pdf\" target=\"_blank\" rel=\"noreferrer noopener\">2012-03 Nuevo Acceso a Centro Educativo en Las Lagunas de Mijas <\/a><\/li>\n\n\n\n<li><a href=\"https:\/\/www.mijas.es\/wp-content\/uploads\/2011\/06\/p2012-03RemodelacionRioBeiro.pdf\" target=\"_blank\" rel=\"noreferrer noopener\">2012-03 Remodelaci\u00f3n calle Rio Beiro &#8211; Las Lagunas de Mijas <\/a><\/li>\n\n\n\n<li><a href=\"https:\/\/www.mijas.es\/wp-content\/uploads\/2011\/06\/p2012-04CreacionRotondaServiciosOperativos.pdf\" target=\"_blank\" rel=\"noreferrer noopener\">2012-04 Creaci\u00f3n de Rotonda en acceso a nave Servicios Operativos &#8211; La Cala de Mijas <\/a><\/li>\n\n\n\n<li><a href=\"https:\/\/www.mijas.es\/wp-content\/uploads\/2011\/06\/p2012-04RotondasAvenidaMediterraneo.pdf\" target=\"_blank\" rel=\"noreferrer noopener\">2012-04 Rotondas de Acceso en Avenida del Mediterr\u00e1neo &#8211; La Cala de Mijas <\/a><\/li>\n\n\n\n<li><a href=\"https:\/\/www.mijas.es\/wp-content\/uploads\/2011\/06\/p2012-05AnteproyectoPlazaVirgendelaPena.pdf\" target=\"_blank\" rel=\"noreferrer noopener\">2012-05 Anteproyecto Remodelaci\u00f3n Plaza Virgen de la Pe\u00f1a y Entorno &#8211; Mijas Pueblo<\/a><\/li>\n\n\n\n<li><a href=\"https:\/\/www.mijas.es\/wp-content\/uploads\/2011\/06\/p2012-06DesdoblamientoAvenidaMediterraneo%281%29.pdf\" target=\"_blank\" rel=\"noreferrer noopener\">2012-06 Desdoblamiento en Avenida del Mediterr\u00e1neo &#8211; La Cala de Mijas <\/a><\/li>\n\n\n\n<li><a href=\"https:\/\/www.mijas.es\/wp-content\/uploads\/2011\/06\/p2012-06EjecucionUrbTorrenueva.pdf\" target=\"_blank\" rel=\"noreferrer noopener\">2012-06 Ejecuci\u00f3n Sistema Local SL.C-13 Urb Torrenueva de Mijas y Urb Miraflores de Mijas <\/a><\/li>\n\n\n\n<li><a href=\"https:\/\/www.mijas.es\/wp-content\/uploads\/2011\/06\/p2012-06RemodelacionRioDilar.pdf\" target=\"_blank\" rel=\"noreferrer noopener\">2012-06 Remodelaci\u00f3n calle R\u00edo Dilar &#8211; Las Lagunas de Mijas <\/a><\/li>\n\n\n\n<li><a href=\"https:\/\/www.mijas.es\/wp-content\/uploads\/2011\/06\/p2012-07PavimentacionCaminoConexion.pdf\" target=\"_blank\" rel=\"noreferrer noopener\">2012-07 Pavimentaci\u00f3n Camino Conexi\u00f3n entre Urb El Chaparral de Mijas y Urb La Farola de Mijas <\/a><\/li>\n\n\n\n<li><a href=\"https:\/\/www.mijas.es\/wp-content\/uploads\/2011\/06\/p2012-08RemodelacioncalleRioBembezar.pdf\" target=\"_blank\" rel=\"noreferrer noopener\">2012-08 Remodelaci\u00f3n calle Rio Bembezar &#8211; Las Lagunas de Mijas <\/a><\/li>\n<\/ul>\n","protected":false},"excerpt":{"rendered":"<p>\u00c1REA DE PROYECTOS MUNICIPALES La toma de decisi\u00f3n de especializaci\u00f3n por temas, del Servicio de Urbanismo, ha posibilitado la creaci\u00f3n del \u00c1rea de Proyectos Municipales. Hasta la creaci\u00f3n de dicha \u00e1rea, la realizaci\u00f3n de los Proyectos Municipales constitu\u00eda un tema m\u00e1s a tratar en la Oficina T\u00e9cnica existente, y se elaboraban en funci\u00f3n de la [&hellip;]<\/p>\n","protected":false},"author":1,"featured_media":12675,"parent":12090,"menu_order":0,"comment_status":"closed","ping_status":"open","template":"page-departamental.php","meta":[],"_links":{"self":[{"href":"https:\/\/www.mijas.es\/portal\/wp-json\/wp\/v2\/pages\/299"}],"collection":[{"href":"https:\/\/www.mijas.es\/portal\/wp-json\/wp\/v2\/pages"}],"about":[{"href":"https:\/\/www.mijas.es\/portal\/wp-json\/wp\/v2\/types\/page"}],"author":[{"embeddable":true,"href":"https:\/\/www.mijas.es\/portal\/wp-json\/wp\/v2\/users\/1"}],"replies":[{"embeddable":true,"href":"https:\/\/www.mijas.es\/portal\/wp-json\/wp\/v2\/comments?post=299"}],"version-history":[{"count":5,"href":"https:\/\/www.mijas.es\/portal\/wp-json\/wp\/v2\/pages\/299\/revisions"}],"predecessor-version":[{"id":50251,"href":"https:\/\/www.mijas.es\/portal\/wp-json\/wp\/v2\/pages\/299\/revisions\/50251"}],"up":[{"embeddable":true,"href":"https:\/\/www.mijas.es\/portal\/wp-json\/wp\/v2\/pages\/12090"}],"wp:featuredmedia":[{"embeddable":true,"href":"https:\/\/www.mijas.es\/portal\/wp-json\/wp\/v2\/media\/12675"}],"wp:attachment":[{"href":"https:\/\/www.mijas.es\/portal\/wp-json\/wp\/v2\/media?parent=299"}],"curies":[{"name":"wp","href":"https:\/\/api.w.org\/{rel}","templated":true}]}}